{"id":8545,"date":"2025-09-24T13:04:38","date_gmt":"2025-09-24T11:04:38","guid":{"rendered":"https:\/\/tempsetor.be\/galerie\/?post_type=product&#038;p=8545"},"modified":"2025-09-24T13:25:52","modified_gmt":"2025-09-24T11:25:52","slug":"montre-hommes-orient-stretto-ra%e2%80%91ac0r04n30b","status":"publish","type":"product","link":"https:\/\/tempsetor.be\/galerie\/produit\/montre-hommes-orient-stretto-ra%e2%80%91ac0r04n30b\/","title":{"rendered":"Montre hommes &#8211; Orient &#8211; Stretto &#8211; RA\u2011AC0R04N30B"},"content":{"rendered":"<p data-start=\"3062\" data-end=\"3376\">Montre Orient RA-AC0R04N30B, \u00e9dition limit\u00e9e 75e anniversaire. Mouvement automatique F6722, r\u00e9serve de marche de 40 h, verre saphir, bo\u00eetier 38,5 mm en acier, fond transparent viss\u00e9, bracelet acier. \u00c9l\u00e9gance et performance r\u00e9unies.<\/p>\n","protected":false},"excerpt":{"rendered":"<p><img loading=\"lazy\" decoding=\"async\" class=\"alignleft wp-image-6593\" src=\"https:\/\/tempsetor.be\/galerie\/wp-content\/uploads\/2022\/11\/Orient-logo.jpg\" alt=\"Orient logo\" width=\"151\" height=\"79\" srcset=\"https:\/\/tempsetor.be\/galerie\/wp-content\/uploads\/2022\/11\/Orient-logo.jpg 191w, https:\/\/tempsetor.be\/galerie\/wp-content\/uploads\/2022\/11\/Orient-logo-50x26.jpg 50w, https:\/\/tempsetor.be\/galerie\/wp-content\/uploads\/2022\/11\/Orient-logo-143x75.jpg 143w\" sizes=\"auto, (max-width:767px) 151px, 151px\" \/><\/p>\n<p data-start=\"2443\" data-end=\"2691\">Orient pr\u00e9sente cette RA-AC0R04N30B, une montre hommage \u00e0 son 75e anniversaire, dans une \u00e9dition limit\u00e9e \u00e0 2\u202f900 exemplaires. Pens\u00e9e pour les amateurs d\u2019horlogerie exigeants, elle conjugue savoir-faire m\u00e9canique, design soign\u00e9 et finitions premium.<\/p>\n<p data-start=\"2693\" data-end=\"3064\">La montre est log\u00e9e dans un bo\u00eetier en acier inoxydable de 38,5 mm de diam\u00e8tre pour une \u00e9paisseur de 11,2 mm, \u00e9quip\u00e9 d\u2019un fond transparent viss\u00e9 permettant d\u2019admirer le mouvement interne. Le cadran arbore une teinte grise \u00e9l\u00e9gante, prot\u00e9g\u00e9e par un verre en saphir r\u00e9sistant aux rayures. Les index et aiguilles sont luminescents pour une lecture optimale dans la p\u00e9nombre.<\/p>\n<p data-start=\"3066\" data-end=\"3305\">Sous le cadran, bat le calibre Orient F6722 : un mouvement automatique avec remontage manuel possible, hacking (arr\u00eat des secondes), 22 rubis et une r\u00e9serve de marche d\u2019environ 40 heures. \u00c0 3 heures, un guichet date compl\u00e8te les fonctions.<\/p>\n<p data-start=\"3307\" data-end=\"3574\">L\u2019\u00e9tanch\u00e9it\u00e9 est assur\u00e9e \u00e0 50 m\u00e8tres (5 ATM), suffisante pour un usage quotidien (pluie, \u00e9claboussures). Le bracelet en acier inoxydable massif (20 mm entre les cornes) s\u2019ouvre par un fermoir d\u00e9ployant \u00e0 boutons poussoirs, garantissant s\u00e9curit\u00e9 et confort au poignet.<\/p>\n<p data-start=\"3576\" data-end=\"3755\">Chaque pi\u00e8ce porte un num\u00e9ro individuel grav\u00e9, soulignant l\u2019aspect \u00e9dition limit\u00e9e. Cette montre est un \u00e9quilibre parfait entre finesse, h\u00e9ritage horloger et l\u00e9gitimit\u00e9 m\u00e9canique.<\/p>\n<p>D\u00e9j\u00e0 garanties 2 ans, le service apr\u00e8s-vente de la bijouterie <strong>Temps &amp; OR<\/strong> vous apporte une confiance suppl\u00e9mentaire pour ces produits. Selon vos besoins, ces montres peuvent \u00eatre par ailleurs r\u00e9serv\u00e9es \u00e0 la bijouterie. La mise \u00e0 mesure offerte ainsi qu&#8217;un emballage cadeau vous y seront propos\u00e9s.<\/p>\n<p><div class=\"alert alert_error\"><div class=\"alert_icon\"><svg viewBox=\"0 0 28 28\"><defs><style>.path{fill:none;stroke:#000;stroke-miterlimit:10;stroke-width:1.5px;}<\/style><\/defs><g><circle cx=\"14\" cy=\"20\" r=\"0.33\" class=\"path\"\/><line x1=\"14\" y1=\"8.72\" x2=\"14\" y2=\"16.72\" class=\"path\"\/><path d=\"M12.6,3.42,1.54,22.58A1.61,1.61,0,0,0,2.93,25H25.07a1.61,1.61,0,0,0,1.39-2.42L15.4,3.42A1.61,1.61,0,0,0,12.6,3.42Z\" class=\"path\"\/><\/g><\/svg><\/div><div class=\"alert_wrapper\">Le montant affich\u00e9 peut \u00eatre modifi\u00e9 par le fournisseur sans que nous en soyons inform\u00e9s. Une diff\u00e9rence entre le prix affich\u00e9 ici et en magasin reste possible.<\/div><a href=\"#\" class=\"close mfn-close-icon\"><span class=\"icon\">\u2715<\/span><\/a><\/div>\n<div class=\"alert alert_info\"><div class=\"alert_icon\"><svg viewBox=\"0 0 28 28\"><defs><style>.path{fill:none;stroke:#000;stroke-miterlimit:10;stroke-width:1.5px;}<\/style><\/defs><g><circle class=\"path\" cx=\"14\" cy=\"14\" r=\"12\"\/><path class=\"path\" d=\"M11.2,9.12a3.4,3.4,0,0,1,3-1.69,2.84,2.84,0,0,1,3,2.76,3.16,3.16,0,0,1-.84,2.23c-.63.74-1.58,1.18-2.19,1.88a1,1,0,0,0-.26.64v2.32\"\/><circle class=\"path\" cx=\"14\" cy=\"20\" r=\"0.33\"\/><\/g><\/svg><\/div><div class=\"alert_wrapper\">Faites vos demandes particuli\u00e8res ou passez votre commande via ce formulaire <\/div><a href=\"#\" class=\"close mfn-close-icon\"><span class=\"icon\">\u2715<\/span><\/a><\/div>\n <a class=\"button  button_size_3\" href=\"https:\/\/tempsetor.be\/galerie\/ma-commande\/\"     target=\"_blank\"    title=\"\"><span class=\"button_label\">&gt; Formulaire<\/span><\/a>\n<\/p>\n","protected":false},"featured_media":8550,"template":"","meta":{"_monsterinsights_skip_tracking":false,"_monsterinsights_sitenote_active":false,"_monsterinsights_sitenote_note":"","_monsterinsights_sitenote_category":0},"product_brand":[],"product_cat":[40,2096,39],"product_tag":[],"class_list":{"0":"post-8545","1":"product","2":"type-product","3":"status-publish","4":"has-post-thumbnail","6":"product_cat-montres-hommes","7":"product_cat-orient-hommes","8":"product_cat-hommes","10":"first","11":"instock","12":"shipping-taxable","13":"purchasable","14":"product-type-simple"},"_links":{"self":[{"href":"https:\/\/tempsetor.be\/galerie\/wp-json\/wp\/v2\/product\/8545","targetHints":{"allow":["GET"]}}],"collection":[{"href":"https:\/\/tempsetor.be\/galerie\/wp-json\/wp\/v2\/product"}],"about":[{"href":"https:\/\/tempsetor.be\/galerie\/wp-json\/wp\/v2\/types\/product"}],"wp:featuredmedia":[{"embeddable":true,"href":"https:\/\/tempsetor.be\/galerie\/wp-json\/wp\/v2\/media\/8550"}],"wp:attachment":[{"href":"https:\/\/tempsetor.be\/galerie\/wp-json\/wp\/v2\/media?parent=8545"}],"wp:term":[{"taxonomy":"product_brand","embeddable":true,"href":"https:\/\/tempsetor.be\/galerie\/wp-json\/wp\/v2\/product_brand?post=8545"},{"taxonomy":"product_cat","embeddable":true,"href":"https:\/\/tempsetor.be\/galerie\/wp-json\/wp\/v2\/product_cat?post=8545"},{"taxonomy":"product_tag","embeddable":true,"href":"https:\/\/tempsetor.be\/galerie\/wp-json\/wp\/v2\/product_tag?post=8545"}],"curies":[{"name":"wp","href":"https:\/\/api.w.org\/{rel}","templated":true}]}}