{"id":8563,"date":"2025-09-26T12:46:37","date_gmt":"2025-09-26T10:46:37","guid":{"rendered":"https:\/\/tempsetor.be\/galerie\/?post_type=product&#038;p=8563"},"modified":"2025-09-26T13:24:14","modified_gmt":"2025-09-26T11:24:14","slug":"montre-hommes-orient-bambino-ra-ac0m11y30b","status":"publish","type":"product","link":"https:\/\/tempsetor.be\/galerie\/produit\/montre-hommes-orient-bambino-ra-ac0m11y30b\/","title":{"rendered":"Montre hommes &#8211; Orient &#8211; Bambino &#8211; RA-AC0M11Y30B"},"content":{"rendered":"<p data-start=\"3062\" data-end=\"3376\">La <strong data-start=\"5116\" data-end=\"5148\">Orient Bambino RA\u2011AC0311Y30B<\/strong> est une montre automatique \u00e9l\u00e9gante au bo\u00eetier de 38,4\u202fmm, dot\u00e9e d\u2019un cadran cuivr\u00e9 bomb\u00e9, d\u2019un mouvement interne F6724 avec remontage manuel et stop\u2011seconde, d\u2019une r\u00e9serve de marche de 40\u202fheures et d\u2019un guichet date \u2014 tout en conservant une \u00e9tanch\u00e9it\u00e9 modeste de 30 m\u00e8tres.<\/p>\n","protected":false},"excerpt":{"rendered":"<p><img loading=\"lazy\" decoding=\"async\" class=\"alignleft wp-image-6593\" src=\"https:\/\/tempsetor.be\/galerie\/wp-content\/uploads\/2022\/11\/Orient-logo.jpg\" alt=\"Orient logo\" width=\"151\" height=\"79\" srcset=\"https:\/\/tempsetor.be\/galerie\/wp-content\/uploads\/2022\/11\/Orient-logo.jpg 191w, https:\/\/tempsetor.be\/galerie\/wp-content\/uploads\/2022\/11\/Orient-logo-50x26.jpg 50w, https:\/\/tempsetor.be\/galerie\/wp-content\/uploads\/2022\/11\/Orient-logo-143x75.jpg 143w\" sizes=\"auto, (max-width:767px) 151px, 151px\" \/><\/p>\n<p data-start=\"5633\" data-end=\"6066\">La montre <strong data-start=\"5643\" data-end=\"5675\">Orient Bambino RA\u2011AC0311Y30B<\/strong> r\u00e9unit le charme classique et l\u2019ing\u00e9nierie horlog\u00e8re japonaise dans un format compact et raffin\u00e9. Avec un bo\u00eetier en acier inoxydable de 38,4\u202fmm de diam\u00e8tre et 12,5\u202fmm d\u2019\u00e9paisseur, elle conserve une pr\u00e9sence \u00e9l\u00e9gante sans \u00eatre imposante. Son cadran cuivr\u00e9 bomb\u00e9 capte la lumi\u00e8re avec gr\u00e2ce, tandis que son verre min\u00e9ral convexe s\u2019inscrit dans la tradition des montres d\u2019inspiration vintage.<\/p>\n<p data-start=\"6068\" data-end=\"6485\">Sous le cadran, le mouvement <strong data-start=\"6097\" data-end=\"6114\">Calibre F6724<\/strong> \u00e0 remontage automatique se distingue par ses 22 rubis, sa fonction de remontage manuel et le stop\u2011seconde pour un r\u00e9glage pr\u00e9cis. Il d\u00e9livre une r\u00e9serve de marche d\u2019environ 40\u202fheures lorsqu\u2019il est compl\u00e8tement remont\u00e9. Le fond transparent (exhibition caseback) offre une fen\u00eatre sur cette m\u00e9canique raffin\u00e9e, offrant au porteur une dimension suppl\u00e9mentaire d\u2019admiration.<\/p>\n<p data-start=\"6487\" data-end=\"6748\">La montre propose un guichet affichant la date du jour, compl\u00e9tant ainsi ses fonctions essentielles sans alourdir l\u2019esth\u00e9tique. L\u2019\u00e9tanch\u00e9it\u00e9 est de 3 bar (30 m\u00e8tres), suffisante pour r\u00e9sister aux \u00e9claboussures et aux usages quotidiens, sans immersion prolong\u00e9e.<\/p>\n<p data-start=\"6750\" data-end=\"7001\">Le bracelet en acier inoxydable de 20\u202fmm (largeur aux cornes) est \u00e9quip\u00e9 d\u2019une fermeture d\u00e9ployante (type papillon) pour plus de s\u00e9curit\u00e9 au poignet. Le syst\u00e8me d\u2019ajustement par maillons permet d\u2019adapter la montre \u00e0 la taille du poignet avec facilit\u00e9.<\/p>\n<p data-start=\"7003\" data-end=\"7234\">\u00c9l\u00e9gante, technique et intemporelle, la <strong data-start=\"7043\" data-end=\"7075\">Orient Bambino RA\u2011AC0311Y30B<\/strong> se positionne comme une pi\u00e8ce de choix pour l\u2019amateur exigeant cherchant une montre automatique classique avec une touche contemporaine.<\/p>\n<p><div class=\"alert alert_error\"><div class=\"alert_icon\"><svg viewBox=\"0 0 28 28\"><defs><style>.path{fill:none;stroke:#000;stroke-miterlimit:10;stroke-width:1.5px;}<\/style><\/defs><g><circle cx=\"14\" cy=\"20\" r=\"0.33\" class=\"path\"\/><line x1=\"14\" y1=\"8.72\" x2=\"14\" y2=\"16.72\" class=\"path\"\/><path d=\"M12.6,3.42,1.54,22.58A1.61,1.61,0,0,0,2.93,25H25.07a1.61,1.61,0,0,0,1.39-2.42L15.4,3.42A1.61,1.61,0,0,0,12.6,3.42Z\" class=\"path\"\/><\/g><\/svg><\/div><div class=\"alert_wrapper\">Le montant affich\u00e9 peut \u00eatre modifi\u00e9 par le fournisseur sans que nous en soyons inform\u00e9s. Une diff\u00e9rence entre le prix affich\u00e9 ici et en magasin reste possible.<\/div><a href=\"#\" class=\"close mfn-close-icon\"><span class=\"icon\">\u2715<\/span><\/a><\/div>\n<div class=\"alert alert_info\"><div class=\"alert_icon\"><svg viewBox=\"0 0 28 28\"><defs><style>.path{fill:none;stroke:#000;stroke-miterlimit:10;stroke-width:1.5px;}<\/style><\/defs><g><circle class=\"path\" cx=\"14\" cy=\"14\" r=\"12\"\/><path class=\"path\" d=\"M11.2,9.12a3.4,3.4,0,0,1,3-1.69,2.84,2.84,0,0,1,3,2.76,3.16,3.16,0,0,1-.84,2.23c-.63.74-1.58,1.18-2.19,1.88a1,1,0,0,0-.26.64v2.32\"\/><circle class=\"path\" cx=\"14\" cy=\"20\" r=\"0.33\"\/><\/g><\/svg><\/div><div class=\"alert_wrapper\">Faites vos demandes particuli\u00e8res ou passez votre commande via ce formulaire <\/div><a href=\"#\" class=\"close mfn-close-icon\"><span class=\"icon\">\u2715<\/span><\/a><\/div>\n <a class=\"button  button_size_3\" href=\"https:\/\/tempsetor.be\/galerie\/ma-commande\/\"     target=\"_blank\"    title=\"\"><span class=\"button_label\">&gt; Formulaire<\/span><\/a>\n<\/p>\n","protected":false},"featured_media":8564,"template":"","meta":{"_monsterinsights_skip_tracking":false,"_monsterinsights_sitenote_active":false,"_monsterinsights_sitenote_note":"","_monsterinsights_sitenote_category":0},"product_brand":[],"product_cat":[40,2096,39],"product_tag":[],"class_list":{"0":"post-8563","1":"product","2":"type-product","3":"status-publish","4":"has-post-thumbnail","6":"product_cat-montres-hommes","7":"product_cat-orient-hommes","8":"product_cat-hommes","10":"first","11":"instock","12":"shipping-taxable","13":"purchasable","14":"product-type-simple"},"_links":{"self":[{"href":"https:\/\/tempsetor.be\/galerie\/wp-json\/wp\/v2\/product\/8563","targetHints":{"allow":["GET"]}}],"collection":[{"href":"https:\/\/tempsetor.be\/galerie\/wp-json\/wp\/v2\/product"}],"about":[{"href":"https:\/\/tempsetor.be\/galerie\/wp-json\/wp\/v2\/types\/product"}],"wp:featuredmedia":[{"embeddable":true,"href":"https:\/\/tempsetor.be\/galerie\/wp-json\/wp\/v2\/media\/8564"}],"wp:attachment":[{"href":"https:\/\/tempsetor.be\/galerie\/wp-json\/wp\/v2\/media?parent=8563"}],"wp:term":[{"taxonomy":"product_brand","embeddable":true,"href":"https:\/\/tempsetor.be\/galerie\/wp-json\/wp\/v2\/product_brand?post=8563"},{"taxonomy":"product_cat","embeddable":true,"href":"https:\/\/tempsetor.be\/galerie\/wp-json\/wp\/v2\/product_cat?post=8563"},{"taxonomy":"product_tag","embeddable":true,"href":"https:\/\/tempsetor.be\/galerie\/wp-json\/wp\/v2\/product_tag?post=8563"}],"curies":[{"name":"wp","href":"https:\/\/api.w.org\/{rel}","templated":true}]}}