{"id":8568,"date":"2025-10-04T17:49:41","date_gmt":"2025-10-04T15:49:41","guid":{"rendered":"https:\/\/tempsetor.be\/galerie\/?post_type=product&#038;p=8568"},"modified":"2025-10-04T17:55:49","modified_gmt":"2025-10-04T15:55:49","slug":"montre-hommes-festina-chrono-bike-f20673-1","status":"publish","type":"product","link":"https:\/\/tempsetor.be\/galerie\/produit\/montre-hommes-festina-chrono-bike-f20673-1\/","title":{"rendered":"Montre hommes &#8211; Festina &#8211; Chrono bike &#8211; F20673\/1"},"content":{"rendered":"<p>La Festina Chrono Bike F20673\/1 allie robustesse et \u00e9l\u00e9gance sportive avec son bo\u00eetier 44,5\u202fmm, son mouvement quartz Miyota 0S20, ses fonctions chronographe et date, ainsi que son \u00e9tanch\u00e9it\u00e9 10\u202fbar. Une pi\u00e8ce marquante pour les passionn\u00e9s d\u2019horlogerie dynamique.<\/p>\n","protected":false},"excerpt":{"rendered":"<p><img loading=\"lazy\" decoding=\"async\" class=\"wp-image-4096 size-full alignleft\" src=\"https:\/\/tempsetor.be\/galerie\/wp-content\/uploads\/2018\/11\/festina.png\" alt=\"logo Festina\" width=\"150\" height=\"92\" srcset=\"https:\/\/tempsetor.be\/galerie\/wp-content\/uploads\/2018\/11\/festina.png 150w, https:\/\/tempsetor.be\/galerie\/wp-content\/uploads\/2018\/11\/festina-50x31.png 50w, https:\/\/tempsetor.be\/galerie\/wp-content\/uploads\/2018\/11\/festina-122x75.png 122w\" sizes=\"auto, (max-width:767px) 150px, 150px\" \/><\/p>\n<p data-start=\"5734\" data-end=\"6343\">La <strong data-start=\"5737\" data-end=\"5769\">Festina Chrono Bike F20673\/1<\/strong> s\u2019impose comme une montre \u00e0 la fois sportive et sophistiqu\u00e9e, destin\u00e9e aux amateurs de design affirm\u00e9 et de performances fiables. Son bo\u00eetier en acier inoxydable avec finition PVD noire, d\u2019un diam\u00e8tre de 44,5\u202fmm et d\u2019une \u00e9paisseur d\u2019environ 12,45\u202fmm, cr\u00e9e une pr\u00e9sence marqu\u00e9e au poignet. Le cadran, d\u00e9clin\u00e9 en nuances bleu et noir, est anim\u00e9 par trois sous\u2011cadrans d\u00e9di\u00e9s au chronographe (60 minutes, 24 heures, petite seconde), ainsi qu\u2019un guichet date bien int\u00e9gr\u00e9. Les aiguilles centrales et les index sont luminescents pour une lecture ais\u00e9e m\u00eame en faible luminosit\u00e9.<\/p>\n<p data-start=\"6345\" data-end=\"6728\">\u00c0 l\u2019int\u00e9rieur, la montre embarque un mouvement quartz calibre <strong data-start=\"6407\" data-end=\"6422\">Miyota 0S20<\/strong>, garantissant une pr\u00e9cision constante. L\u2019\u00e9tanch\u00e9it\u00e9 de 10\u202fbar (100\u202fm) ouvre la porte \u00e0 une utilisation quotidienne et sportive, y compris en milieu aquatique mod\u00e9r\u00e9. Le bracelet en acier avec rev\u00eatement PVD noir est \u00e9quip\u00e9 d\u2019une boucle d\u00e9ployante \u00e0 poussoirs, assurant un maintien confortable et s\u00e9curis\u00e9.<\/p>\n<p data-start=\"6730\" data-end=\"6927\">La Festina F20673\/1 est donc une pi\u00e8ce parfaite pour ceux qui veulent allier style, fiabilit\u00e9 et fonctionnalit\u00e9 dans une montre capable d\u2019accompagner aussi bien la vie urbaine que l\u2019esprit sportif.<\/p>\n<p>D\u00e9j\u00e0 garanties 2 ans, la bijouterie <strong>Temps &amp; OR<\/strong> vous apporte une confiance suppl\u00e9mentaire pour ces produits. Selon vos besoins, ces montres peuvent \u00eatre \u00e9galement r\u00e9serv\u00e9es \u00e0 la bijouterie. La mise \u00e0 mesure offerte ainsi qu&#8217;un emballage cadeau vous y seront propos\u00e9s.<\/p>\n<p><div class=\"alert alert_error\"><div class=\"alert_icon\"><svg viewBox=\"0 0 28 28\"><defs><style>.path{fill:none;stroke:#000;stroke-miterlimit:10;stroke-width:1.5px;}<\/style><\/defs><g><circle cx=\"14\" cy=\"20\" r=\"0.33\" class=\"path\"\/><line x1=\"14\" y1=\"8.72\" x2=\"14\" y2=\"16.72\" class=\"path\"\/><path d=\"M12.6,3.42,1.54,22.58A1.61,1.61,0,0,0,2.93,25H25.07a1.61,1.61,0,0,0,1.39-2.42L15.4,3.42A1.61,1.61,0,0,0,12.6,3.42Z\" class=\"path\"\/><\/g><\/svg><\/div><div class=\"alert_wrapper\">Le montant affich\u00e9 peut \u00eatre modifi\u00e9 par le fournisseur sans que nous en soyons inform\u00e9s. Une diff\u00e9rence entre le prix affich\u00e9 ici et en magasin reste possible.<\/div><a href=\"#\" class=\"close mfn-close-icon\"><span class=\"icon\">\u2715<\/span><\/a><\/div>\n<div class=\"alert alert_info\"><div class=\"alert_icon\"><svg viewBox=\"0 0 28 28\"><defs><style>.path{fill:none;stroke:#000;stroke-miterlimit:10;stroke-width:1.5px;}<\/style><\/defs><g><circle class=\"path\" cx=\"14\" cy=\"14\" r=\"12\"\/><path class=\"path\" d=\"M11.2,9.12a3.4,3.4,0,0,1,3-1.69,2.84,2.84,0,0,1,3,2.76,3.16,3.16,0,0,1-.84,2.23c-.63.74-1.58,1.18-2.19,1.88a1,1,0,0,0-.26.64v2.32\"\/><circle class=\"path\" cx=\"14\" cy=\"20\" r=\"0.33\"\/><\/g><\/svg><\/div><div class=\"alert_wrapper\">Faites vos demandes particuli\u00e8res ou passez votre commande via ce formulaire <\/div><a href=\"#\" class=\"close mfn-close-icon\"><span class=\"icon\">\u2715<\/span><\/a><\/div>\n <a class=\"button  button_size_3\" href=\"https:\/\/tempsetor.be\/galerie\/ma-commande\/\"     target=\"_blank\"    title=\"\"><span class=\"button_label\">&gt; Formulaire<\/span><\/a>\n<\/p>\n","protected":false},"featured_media":8569,"template":"","meta":{"_monsterinsights_skip_tracking":false,"_monsterinsights_sitenote_active":false,"_monsterinsights_sitenote_note":"","_monsterinsights_sitenote_category":0},"product_brand":[],"product_cat":[795,40,39],"product_tag":[],"class_list":{"0":"post-8568","1":"product","2":"type-product","3":"status-publish","4":"has-post-thumbnail","6":"product_cat-festina-hommes","7":"product_cat-montres-hommes","8":"product_cat-hommes","10":"first","11":"instock","12":"shipping-taxable","13":"purchasable","14":"product-type-simple"},"_links":{"self":[{"href":"https:\/\/tempsetor.be\/galerie\/wp-json\/wp\/v2\/product\/8568","targetHints":{"allow":["GET"]}}],"collection":[{"href":"https:\/\/tempsetor.be\/galerie\/wp-json\/wp\/v2\/product"}],"about":[{"href":"https:\/\/tempsetor.be\/galerie\/wp-json\/wp\/v2\/types\/product"}],"wp:featuredmedia":[{"embeddable":true,"href":"https:\/\/tempsetor.be\/galerie\/wp-json\/wp\/v2\/media\/8569"}],"wp:attachment":[{"href":"https:\/\/tempsetor.be\/galerie\/wp-json\/wp\/v2\/media?parent=8568"}],"wp:term":[{"taxonomy":"product_brand","embeddable":true,"href":"https:\/\/tempsetor.be\/galerie\/wp-json\/wp\/v2\/product_brand?post=8568"},{"taxonomy":"product_cat","embeddable":true,"href":"https:\/\/tempsetor.be\/galerie\/wp-json\/wp\/v2\/product_cat?post=8568"},{"taxonomy":"product_tag","embeddable":true,"href":"https:\/\/tempsetor.be\/galerie\/wp-json\/wp\/v2\/product_tag?post=8568"}],"curies":[{"name":"wp","href":"https:\/\/api.w.org\/{rel}","templated":true}]}}