{"id":8575,"date":"2025-10-04T18:15:44","date_gmt":"2025-10-04T16:15:44","guid":{"rendered":"https:\/\/tempsetor.be\/galerie\/?post_type=product&#038;p=8575"},"modified":"2025-10-04T18:37:22","modified_gmt":"2025-10-04T16:37:22","slug":"montre-hommes-festina-chrono-bike-f20695-4","status":"publish","type":"product","link":"https:\/\/tempsetor.be\/galerie\/produit\/montre-hommes-festina-chrono-bike-f20695-4\/","title":{"rendered":"Montre hommes &#8211; Festina &#8211; Chrono bike &#8211; F20695\/4"},"content":{"rendered":"<p>La Festina Chrono Bike <strong data-start=\"2136\" data-end=\"2148\">F20695\/4<\/strong> est une montre pour homme au design sportif et \u00e9l\u00e9gant, dot\u00e9e d\u2019un bo\u00eetier acier de 44\u202fmm, d\u2019un mouvement quartz Miyota OS11, d\u2019un cadran gris \u00e0 fonction chronographe, d\u2019un guichet date et d\u2019une \u00e9tanch\u00e9it\u00e9 de 10\u202fATM (100\u202fm). Elle est livr\u00e9e avec un bracelet cuir noir de 22\u202fmm.<\/p>\n","protected":false},"excerpt":{"rendered":"<p><img loading=\"lazy\" decoding=\"async\" class=\"wp-image-4096 size-full alignleft\" src=\"https:\/\/tempsetor.be\/galerie\/wp-content\/uploads\/2018\/11\/festina.png\" alt=\"logo Festina\" width=\"150\" height=\"92\" srcset=\"https:\/\/tempsetor.be\/galerie\/wp-content\/uploads\/2018\/11\/festina.png 150w, https:\/\/tempsetor.be\/galerie\/wp-content\/uploads\/2018\/11\/festina-50x31.png 50w, https:\/\/tempsetor.be\/galerie\/wp-content\/uploads\/2018\/11\/festina-122x75.png 122w\" sizes=\"auto, (max-width:767px) 150px, 150px\" \/><\/p>\n<p data-start=\"2482\" data-end=\"2868\">Festina pr\u00e9sente la <strong data-start=\"2502\" data-end=\"2514\">F20695\/4<\/strong>, une montre chronographe pour homme au caract\u00e8re affirm\u00e9 alliant performance et \u00e9l\u00e9gance. Son bo\u00eetier en acier inoxydable de 44\u202fmm de diam\u00e8tre (\u2248 11,45\u202fmm d\u2019\u00e9paisseur) abrite un cadran gris soigneusement travaill\u00e9, prot\u00e9g\u00e9 par un verre min\u00e9ral. Les aiguilles et index luminescents assurent une lisibilit\u00e9 optimale m\u00eame en condition de faible luminosit\u00e9.<\/p>\n<p data-start=\"2870\" data-end=\"3185\">Le mouvement quartz Miyota OS11 garantit une pr\u00e9cision fiable jour apr\u00e8s jour, tandis que les fonctions chrono permettent de chronom\u00e9trer des intervalles avec exactitude. Un guichet de date compl\u00e8te les indications utiles du cadran, et l\u2019\u00e9chelle tachym\u00e8tre offre une dimension sportive pour les amateurs de vitesse.<\/p>\n<p data-start=\"3187\" data-end=\"3467\">L\u2019\u00e9tanch\u00e9it\u00e9 de 10\u202fATM (100\u202fm) autorise la baignade en milieu non extr\u00eame, ce qui fait de cette montre un compagnon capable de vous accompagner au quotidien comme lors d\u2019activit\u00e9s aquatiques mod\u00e9r\u00e9es. Le fond est de type plein (solid back), assurant une robustesse suppl\u00e9mentaire.<\/p>\n<p data-start=\"3469\" data-end=\"3710\">Le mod\u00e8le est \u00e9quip\u00e9 d\u2019un bracelet en cuir noir, large de 22\u202fmm, qui se termine par une boucle ardillon en acier assortie. Confortable et classique, ce bracelet accentue le c\u00f4t\u00e9 polyvalent de la montre, tant pour un usage urbain que sportif.<\/p>\n<p>D\u00e9j\u00e0 garanties 2 ans, la bijouterie <strong>Temps &amp; OR<\/strong> vous apporte une confiance suppl\u00e9mentaire pour ces produits. Selon vos besoins, ces montres peuvent \u00eatre \u00e9galement r\u00e9serv\u00e9es \u00e0 la bijouterie. La mise \u00e0 mesure offerte ainsi qu&#8217;un emballage cadeau vous y seront propos\u00e9s.<\/p>\n<p><div class=\"alert alert_error\"><div class=\"alert_icon\"><svg viewBox=\"0 0 28 28\"><defs><style>.path{fill:none;stroke:#000;stroke-miterlimit:10;stroke-width:1.5px;}<\/style><\/defs><g><circle cx=\"14\" cy=\"20\" r=\"0.33\" class=\"path\"\/><line x1=\"14\" y1=\"8.72\" x2=\"14\" y2=\"16.72\" class=\"path\"\/><path d=\"M12.6,3.42,1.54,22.58A1.61,1.61,0,0,0,2.93,25H25.07a1.61,1.61,0,0,0,1.39-2.42L15.4,3.42A1.61,1.61,0,0,0,12.6,3.42Z\" class=\"path\"\/><\/g><\/svg><\/div><div class=\"alert_wrapper\">Le montant affich\u00e9 peut \u00eatre modifi\u00e9 par le fournisseur sans que nous en soyons inform\u00e9s. Une diff\u00e9rence entre le prix affich\u00e9 ici et en magasin reste possible.<\/div><a href=\"#\" class=\"close mfn-close-icon\"><span class=\"icon\">\u2715<\/span><\/a><\/div>\n<div class=\"alert alert_info\"><div class=\"alert_icon\"><svg viewBox=\"0 0 28 28\"><defs><style>.path{fill:none;stroke:#000;stroke-miterlimit:10;stroke-width:1.5px;}<\/style><\/defs><g><circle class=\"path\" cx=\"14\" cy=\"14\" r=\"12\"\/><path class=\"path\" d=\"M11.2,9.12a3.4,3.4,0,0,1,3-1.69,2.84,2.84,0,0,1,3,2.76,3.16,3.16,0,0,1-.84,2.23c-.63.74-1.58,1.18-2.19,1.88a1,1,0,0,0-.26.64v2.32\"\/><circle class=\"path\" cx=\"14\" cy=\"20\" r=\"0.33\"\/><\/g><\/svg><\/div><div class=\"alert_wrapper\">Faites vos demandes particuli\u00e8res ou passez votre commande via ce formulaire <\/div><a href=\"#\" class=\"close mfn-close-icon\"><span class=\"icon\">\u2715<\/span><\/a><\/div>\n <a class=\"button  button_size_3\" href=\"https:\/\/tempsetor.be\/galerie\/ma-commande\/\"     target=\"_blank\"    title=\"\"><span class=\"button_label\">&gt; Formulaire<\/span><\/a>\n<\/p>\n","protected":false},"featured_media":8576,"template":"","meta":{"_monsterinsights_skip_tracking":false,"_monsterinsights_sitenote_active":false,"_monsterinsights_sitenote_note":"","_monsterinsights_sitenote_category":0},"product_brand":[],"product_cat":[795,40,39],"product_tag":[],"class_list":{"0":"post-8575","1":"product","2":"type-product","3":"status-publish","4":"has-post-thumbnail","6":"product_cat-festina-hommes","7":"product_cat-montres-hommes","8":"product_cat-hommes","10":"first","11":"instock","12":"shipping-taxable","13":"purchasable","14":"product-type-simple"},"_links":{"self":[{"href":"https:\/\/tempsetor.be\/galerie\/wp-json\/wp\/v2\/product\/8575","targetHints":{"allow":["GET"]}}],"collection":[{"href":"https:\/\/tempsetor.be\/galerie\/wp-json\/wp\/v2\/product"}],"about":[{"href":"https:\/\/tempsetor.be\/galerie\/wp-json\/wp\/v2\/types\/product"}],"wp:featuredmedia":[{"embeddable":true,"href":"https:\/\/tempsetor.be\/galerie\/wp-json\/wp\/v2\/media\/8576"}],"wp:attachment":[{"href":"https:\/\/tempsetor.be\/galerie\/wp-json\/wp\/v2\/media?parent=8575"}],"wp:term":[{"taxonomy":"product_brand","embeddable":true,"href":"https:\/\/tempsetor.be\/galerie\/wp-json\/wp\/v2\/product_brand?post=8575"},{"taxonomy":"product_cat","embeddable":true,"href":"https:\/\/tempsetor.be\/galerie\/wp-json\/wp\/v2\/product_cat?post=8575"},{"taxonomy":"product_tag","embeddable":true,"href":"https:\/\/tempsetor.be\/galerie\/wp-json\/wp\/v2\/product_tag?post=8575"}],"curies":[{"name":"wp","href":"https:\/\/api.w.org\/{rel}","templated":true}]}}