{"id":8587,"date":"2025-10-10T16:15:39","date_gmt":"2025-10-10T14:15:39","guid":{"rendered":"https:\/\/tempsetor.be\/galerie\/?post_type=product&#038;p=8587"},"modified":"2025-10-10T16:21:06","modified_gmt":"2025-10-10T14:21:06","slug":"montre-hommes-festina-chrono-bike-f20727-1","status":"publish","type":"product","link":"https:\/\/tempsetor.be\/galerie\/produit\/montre-hommes-festina-chrono-bike-f20727-1\/","title":{"rendered":"Montre hommes &#8211; Festina &#8211; Chrono bike &#8211; F20727\/1"},"content":{"rendered":"<p>La Festina F20727\/1 de la collection Chrono Bike combine une allure dynamique et des performances solides : bo\u00eetier acier 45,5\u202fmm, mouvement quartz, chronographe et guichet date, et une \u00e9tanch\u00e9it\u00e9 jusqu\u2019\u00e0 20\u202fATM. Une montre aussi sportive qu\u2019\u00e9l\u00e9gante.<\/p>\n","protected":false},"excerpt":{"rendered":"<p><img loading=\"lazy\" decoding=\"async\" class=\"wp-image-4096 size-full alignleft\" src=\"https:\/\/tempsetor.be\/galerie\/wp-content\/uploads\/2018\/11\/festina.png\" alt=\"logo Festina\" width=\"150\" height=\"92\" srcset=\"https:\/\/tempsetor.be\/galerie\/wp-content\/uploads\/2018\/11\/festina.png 150w, https:\/\/tempsetor.be\/galerie\/wp-content\/uploads\/2018\/11\/festina-50x31.png 50w, https:\/\/tempsetor.be\/galerie\/wp-content\/uploads\/2018\/11\/festina-122x75.png 122w\" sizes=\"auto, (max-width:767px) 150px, 150px\" \/><\/p>\n<p data-start=\"4249\" data-end=\"4733\">La <strong data-start=\"4252\" data-end=\"4272\">Festina F20727\/1<\/strong> s\u2019inscrit dans la prestigieuse collection Chrono Bike, incarnant l\u2019esprit d\u2019aventure et de performance. Son bo\u00eetier en acier inoxydable de 45,5\u202fmm impose une pr\u00e9sence forte au poignet, tandis que le cadran bleu profond, \u00e9quip\u00e9 d\u2019index appliqu\u00e9s et d\u2019aiguilles luminescentes, assure une excellente lisibilit\u00e9 en toutes circonstances. Le verre min\u00e9ral prot\u00e8ge efficacement le cadran contre les rayures. Le fond est viss\u00e9, contribuant \u00e0 une parfaite \u00e9tanch\u00e9it\u00e9.<\/p>\n<p data-start=\"4735\" data-end=\"5036\">Anim\u00e9e par un mouvement \u00e0 quartz (calibre Miyota 0S20 selon certaines sources), cette montre garantit une pr\u00e9cision fiable au quotidien. Ses fonctions incluent un chronographe avec mesure jusqu\u2019\u00e0 60 minutes et affichage sur sous\u2011cadrans, un indicateur 24 heures, ainsi qu\u2019un guichet de date discret.<\/p>\n<p data-start=\"5038\" data-end=\"5284\">L\u2019\u00e9tanch\u00e9it\u00e9 de 20\u202fATM (200 m\u00e8tres) permet une utilisation sereine lors d\u2019activit\u00e9s nautiques ou en immersion superficielle. Le bracelet \u00e0 maillons en acier de 22\u202fmm compl\u00e8te harmonieusement l\u2019ensemble, avec une finition robuste et confortable.<\/p>\n<p>D\u00e9j\u00e0 garanties 2 ans, la bijouterie <strong>Temps &amp; OR<\/strong> vous apporte une confiance suppl\u00e9mentaire pour ces produits. Selon vos besoins, ces montres peuvent \u00eatre \u00e9galement r\u00e9serv\u00e9es \u00e0 la bijouterie. La mise \u00e0 mesure offerte ainsi qu&#8217;un emballage cadeau vous y seront propos\u00e9s.<\/p>\n<p><div class=\"alert alert_error\"><div class=\"alert_icon\"><svg viewBox=\"0 0 28 28\"><defs><style>.path{fill:none;stroke:#000;stroke-miterlimit:10;stroke-width:1.5px;}<\/style><\/defs><g><circle cx=\"14\" cy=\"20\" r=\"0.33\" class=\"path\"\/><line x1=\"14\" y1=\"8.72\" x2=\"14\" y2=\"16.72\" class=\"path\"\/><path d=\"M12.6,3.42,1.54,22.58A1.61,1.61,0,0,0,2.93,25H25.07a1.61,1.61,0,0,0,1.39-2.42L15.4,3.42A1.61,1.61,0,0,0,12.6,3.42Z\" class=\"path\"\/><\/g><\/svg><\/div><div class=\"alert_wrapper\">Le montant affich\u00e9 peut \u00eatre modifi\u00e9 par le fournisseur sans que nous en soyons inform\u00e9s. Une diff\u00e9rence entre le prix affich\u00e9 ici et en magasin reste possible.<\/div><a href=\"#\" class=\"close mfn-close-icon\"><span class=\"icon\">\u2715<\/span><\/a><\/div>\n<div class=\"alert alert_info\"><div class=\"alert_icon\"><svg viewBox=\"0 0 28 28\"><defs><style>.path{fill:none;stroke:#000;stroke-miterlimit:10;stroke-width:1.5px;}<\/style><\/defs><g><circle class=\"path\" cx=\"14\" cy=\"14\" r=\"12\"\/><path class=\"path\" d=\"M11.2,9.12a3.4,3.4,0,0,1,3-1.69,2.84,2.84,0,0,1,3,2.76,3.16,3.16,0,0,1-.84,2.23c-.63.74-1.58,1.18-2.19,1.88a1,1,0,0,0-.26.64v2.32\"\/><circle class=\"path\" cx=\"14\" cy=\"20\" r=\"0.33\"\/><\/g><\/svg><\/div><div class=\"alert_wrapper\">Faites vos demandes particuli\u00e8res ou passez votre commande via ce formulaire <\/div><a href=\"#\" class=\"close mfn-close-icon\"><span class=\"icon\">\u2715<\/span><\/a><\/div>\n <a class=\"button  button_size_3\" href=\"https:\/\/tempsetor.be\/galerie\/ma-commande\/\"     target=\"_blank\"    title=\"\"><span class=\"button_label\">&gt; Formulaire<\/span><\/a>\n<\/p>\n","protected":false},"featured_media":8588,"template":"","meta":{"_monsterinsights_skip_tracking":false,"_monsterinsights_sitenote_active":false,"_monsterinsights_sitenote_note":"","_monsterinsights_sitenote_category":0},"product_brand":[],"product_cat":[795,40,39],"product_tag":[],"class_list":{"0":"post-8587","1":"product","2":"type-product","3":"status-publish","4":"has-post-thumbnail","6":"product_cat-festina-hommes","7":"product_cat-montres-hommes","8":"product_cat-hommes","10":"first","11":"instock","12":"shipping-taxable","13":"purchasable","14":"product-type-simple"},"_links":{"self":[{"href":"https:\/\/tempsetor.be\/galerie\/wp-json\/wp\/v2\/product\/8587","targetHints":{"allow":["GET"]}}],"collection":[{"href":"https:\/\/tempsetor.be\/galerie\/wp-json\/wp\/v2\/product"}],"about":[{"href":"https:\/\/tempsetor.be\/galerie\/wp-json\/wp\/v2\/types\/product"}],"wp:featuredmedia":[{"embeddable":true,"href":"https:\/\/tempsetor.be\/galerie\/wp-json\/wp\/v2\/media\/8588"}],"wp:attachment":[{"href":"https:\/\/tempsetor.be\/galerie\/wp-json\/wp\/v2\/media?parent=8587"}],"wp:term":[{"taxonomy":"product_brand","embeddable":true,"href":"https:\/\/tempsetor.be\/galerie\/wp-json\/wp\/v2\/product_brand?post=8587"},{"taxonomy":"product_cat","embeddable":true,"href":"https:\/\/tempsetor.be\/galerie\/wp-json\/wp\/v2\/product_cat?post=8587"},{"taxonomy":"product_tag","embeddable":true,"href":"https:\/\/tempsetor.be\/galerie\/wp-json\/wp\/v2\/product_tag?post=8587"}],"curies":[{"name":"wp","href":"https:\/\/api.w.org\/{rel}","templated":true}]}}