{"id":8595,"date":"2025-10-14T19:43:51","date_gmt":"2025-10-14T17:43:51","guid":{"rendered":"https:\/\/tempsetor.be\/galerie\/?post_type=product&#038;p=8595"},"modified":"2025-10-14T19:56:21","modified_gmt":"2025-10-14T17:56:21","slug":"montre-hommes-festina-chrono-sport-f20743-5","status":"publish","type":"product","link":"https:\/\/tempsetor.be\/galerie\/produit\/montre-hommes-festina-chrono-sport-f20743-5\/","title":{"rendered":"Montre hommes &#8211; Festina &#8211; Chrono Sport &#8211; Bullhead &#8211; F20743\/5"},"content":{"rendered":"<p>Festina F20743\/5, montre homme au caract\u00e8re affirm\u00e9, associe bo\u00eetier acier de 45 mm, mouvement quartz Seiko VD57, chronographe 1\/10 s et \u00e9tanch\u00e9it\u00e9 10 ATM. Le cadran rouge intense, le bracelet acier 22 mm et la construction robuste en font une pi\u00e8ce aussi performante qu\u2019\u00e9l\u00e9gante, id\u00e9ale pour un usage quotidien.<\/p>\n","protected":false},"excerpt":{"rendered":"<p><img loading=\"lazy\" decoding=\"async\" class=\"wp-image-4096 size-full alignleft\" src=\"https:\/\/tempsetor.be\/galerie\/wp-content\/uploads\/2018\/11\/festina.png\" alt=\"logo Festina\" width=\"150\" height=\"92\" srcset=\"https:\/\/tempsetor.be\/galerie\/wp-content\/uploads\/2018\/11\/festina.png 150w, https:\/\/tempsetor.be\/galerie\/wp-content\/uploads\/2018\/11\/festina-50x31.png 50w, https:\/\/tempsetor.be\/galerie\/wp-content\/uploads\/2018\/11\/festina-122x75.png 122w\" sizes=\"auto, (max-width:767px) 150px, 150px\" \/><\/p>\n<p data-start=\"3979\" data-end=\"4404\">Festina pr\u00e9sente la F20743\/5, une montre pour homme qui conjugue audace et pr\u00e9cision. Son bo\u00eetier en acier inoxydable de 45 mm (\u00e9paisseur ~13,4 mm) accueille un mouvement quartz Seiko VD57, assurant une grande fiabilit\u00e9 et une autonomie d\u2019environ 36 mois. Le cadran rouge vibrant, prot\u00e9g\u00e9 par une glace min\u00e9rale, est ponctu\u00e9 d\u2019index argent\u00e9s et d\u2019une aiguille des secondes rouge, apportant une touche sportive et distinctive.<\/p>\n<p data-start=\"4406\" data-end=\"4665\">La montre int\u00e8gre une fonction chronographe au 1\/10 s, ainsi qu\u2019un guichet de date en position discr\u00e8te pour une lecture simplifi\u00e9e du calendrier. Elle affiche une \u00e9tanch\u00e9it\u00e9 de 10 ATM (100 m), ce qui la rend compatible avec les activit\u00e9s aquatiques mod\u00e9r\u00e9es.<\/p>\n<p data-start=\"4667\" data-end=\"4871\">Son bracelet acier de 22 mm, muni d\u2019un fermoir d\u00e9ployant \u00e0 poussoirs, garantit un ajustement s\u00e9curis\u00e9 pour un poignet allant de 160 \u00e0 210 mm. Le fond de bo\u00eete viss\u00e9 renforce l\u2019assemblage et la durabilit\u00e9.<\/p>\n<p data-start=\"4873\" data-end=\"5050\">En r\u00e9sum\u00e9, la Festina F20743\/5 est une montre \u00e9quilibr\u00e9e entre design affirm\u00e9, fonctionnalit\u00e9s utiles et robustesse id\u00e9ale pour qui cherche une pi\u00e8ce styl\u00e9e, pr\u00eate \u00e0 l\u2019action.<\/p>\n<p><div class=\"alert alert_error\"><div class=\"alert_icon\"><svg viewBox=\"0 0 28 28\"><defs><style>.path{fill:none;stroke:#000;stroke-miterlimit:10;stroke-width:1.5px;}<\/style><\/defs><g><circle cx=\"14\" cy=\"20\" r=\"0.33\" class=\"path\"\/><line x1=\"14\" y1=\"8.72\" x2=\"14\" y2=\"16.72\" class=\"path\"\/><path d=\"M12.6,3.42,1.54,22.58A1.61,1.61,0,0,0,2.93,25H25.07a1.61,1.61,0,0,0,1.39-2.42L15.4,3.42A1.61,1.61,0,0,0,12.6,3.42Z\" class=\"path\"\/><\/g><\/svg><\/div><div class=\"alert_wrapper\">Le montant affich\u00e9 peut \u00eatre modifi\u00e9 par le fournisseur sans que nous en soyons inform\u00e9s. Une diff\u00e9rence entre le prix affich\u00e9 ici et en magasin reste possible.<\/div><a href=\"#\" class=\"close mfn-close-icon\"><span class=\"icon\">\u2715<\/span><\/a><\/div>\n<div class=\"alert alert_info\"><div class=\"alert_icon\"><svg viewBox=\"0 0 28 28\"><defs><style>.path{fill:none;stroke:#000;stroke-miterlimit:10;stroke-width:1.5px;}<\/style><\/defs><g><circle class=\"path\" cx=\"14\" cy=\"14\" r=\"12\"\/><path class=\"path\" d=\"M11.2,9.12a3.4,3.4,0,0,1,3-1.69,2.84,2.84,0,0,1,3,2.76,3.16,3.16,0,0,1-.84,2.23c-.63.74-1.58,1.18-2.19,1.88a1,1,0,0,0-.26.64v2.32\"\/><circle class=\"path\" cx=\"14\" cy=\"20\" r=\"0.33\"\/><\/g><\/svg><\/div><div class=\"alert_wrapper\">Faites vos demandes particuli\u00e8res ou passez votre commande via ce formulaire <\/div><a href=\"#\" class=\"close mfn-close-icon\"><span class=\"icon\">\u2715<\/span><\/a><\/div>\n <a class=\"button  button_size_3\" href=\"https:\/\/tempsetor.be\/galerie\/ma-commande\/\"     target=\"_blank\"    title=\"\"><span class=\"button_label\">&gt; Formulaire<\/span><\/a>\n<\/p>\n","protected":false},"featured_media":8596,"template":"","meta":{"_monsterinsights_skip_tracking":false,"_monsterinsights_sitenote_active":false,"_monsterinsights_sitenote_note":"","_monsterinsights_sitenote_category":0},"product_brand":[],"product_cat":[795,40,39],"product_tag":[],"class_list":{"0":"post-8595","1":"product","2":"type-product","3":"status-publish","4":"has-post-thumbnail","6":"product_cat-festina-hommes","7":"product_cat-montres-hommes","8":"product_cat-hommes","10":"first","11":"instock","12":"shipping-taxable","13":"purchasable","14":"product-type-simple"},"_links":{"self":[{"href":"https:\/\/tempsetor.be\/galerie\/wp-json\/wp\/v2\/product\/8595","targetHints":{"allow":["GET"]}}],"collection":[{"href":"https:\/\/tempsetor.be\/galerie\/wp-json\/wp\/v2\/product"}],"about":[{"href":"https:\/\/tempsetor.be\/galerie\/wp-json\/wp\/v2\/types\/product"}],"wp:featuredmedia":[{"embeddable":true,"href":"https:\/\/tempsetor.be\/galerie\/wp-json\/wp\/v2\/media\/8596"}],"wp:attachment":[{"href":"https:\/\/tempsetor.be\/galerie\/wp-json\/wp\/v2\/media?parent=8595"}],"wp:term":[{"taxonomy":"product_brand","embeddable":true,"href":"https:\/\/tempsetor.be\/galerie\/wp-json\/wp\/v2\/product_brand?post=8595"},{"taxonomy":"product_cat","embeddable":true,"href":"https:\/\/tempsetor.be\/galerie\/wp-json\/wp\/v2\/product_cat?post=8595"},{"taxonomy":"product_tag","embeddable":true,"href":"https:\/\/tempsetor.be\/galerie\/wp-json\/wp\/v2\/product_tag?post=8595"}],"curies":[{"name":"wp","href":"https:\/\/api.w.org\/{rel}","templated":true}]}}