{"id":8604,"date":"2025-10-20T15:30:01","date_gmt":"2025-10-20T13:30:01","guid":{"rendered":"https:\/\/tempsetor.be\/galerie\/?post_type=product&#038;p=8604"},"modified":"2025-10-20T15:34:46","modified_gmt":"2025-10-20T13:34:46","slug":"montre-hommes-zeppelin-hindenburg-moonphase-8076-1","status":"publish","type":"product","link":"https:\/\/tempsetor.be\/galerie\/produit\/montre-hommes-zeppelin-hindenburg-moonphase-8076-1\/","title":{"rendered":"Montre hommes &#8211; Zeppelin &#8211; Hindenburg Moonphase &#8211; 8076-1"},"content":{"rendered":"<p>La Zeppelin\u202fLZ129\u202fHindenburg\u202f8076\u20111 offre un bo\u00eetier acier 41\u202fmm, un mouvement quartz Miyota, affichage jour\/mois et phase de lune, associ\u00e9e \u00e0 un bracelet en cuir et une \u00e9tanch\u00e9it\u00e9 50\u202fm &#8211; une montre \u00e9l\u00e9gante et fonctionnelle pr\u00eate \u00e0 sublimer votre poignet.<\/p>\n","protected":false},"excerpt":{"rendered":"<p><img loading=\"lazy\" decoding=\"async\" class=\"size-full wp-image-5108 alignleft\" src=\"https:\/\/tempsetor.be\/galerie\/wp-content\/uploads\/2018\/01\/zeppelin-e1593511746260.png\" alt=\"logo Zeppelin\" width=\"150\" height=\"63\" \/><\/p>\n<p>La montre Zeppelin\u202fLZ129\u202fHindenburg\u202f8076\u20111 incarne l\u2019alliance entre h\u00e9ritage horloger et design contemporain. Son bo\u00eetier en acier inoxydable de 41\u202fmm de diam\u00e8tre affiche une silhouette \u00e9quilibr\u00e9e sur le poignet. Le cadran blanc lumineux accueille des index et chiffres argent\u00e9s, des aiguilles luminescentes pour une lisibilit\u00e9 ais\u00e9e ainsi qu\u2019un \u00e9l\u00e9gant affichage des phases de lune et du jour et mois. Le verre min\u00e9ral durable prot\u00e8ge cette composition avec soin. Le mouvement \u00e0 quartz Miyota\u202f6P80 garantit une pr\u00e9cision fiable jour apr\u00e8s jour.<\/p>\n<p>\u00c9tanch\u00e9e jusqu\u2019\u00e0 5\u202fATM (50\u202fm), cette montre r\u00e9siste aux \u00e9claboussures et \u00e0 un usage quotidien. Le bracelet en cuir de 20\u202fmm rehausse l\u2019ensemble, apportant un confort raffin\u00e9 et un ajustement adapt\u00e9. Alliant complications utiles et esth\u00e9tisme soign\u00e9, cette montre conviendra \u00e0 celles et ceux qui recherchent une pi\u00e8ce \u00e0 la fois \u00e9l\u00e9gante et dot\u00e9e de fonctionnalit\u00e9s horlog\u00e8res distinctives.<\/p>\n<p><div class=\"alert alert_error\"><div class=\"alert_icon\"><svg viewBox=\"0 0 28 28\"><defs><style>.path{fill:none;stroke:#000;stroke-miterlimit:10;stroke-width:1.5px;}<\/style><\/defs><g><circle cx=\"14\" cy=\"20\" r=\"0.33\" class=\"path\"\/><line x1=\"14\" y1=\"8.72\" x2=\"14\" y2=\"16.72\" class=\"path\"\/><path d=\"M12.6,3.42,1.54,22.58A1.61,1.61,0,0,0,2.93,25H25.07a1.61,1.61,0,0,0,1.39-2.42L15.4,3.42A1.61,1.61,0,0,0,12.6,3.42Z\" class=\"path\"\/><\/g><\/svg><\/div><div class=\"alert_wrapper\">Le montant affich\u00e9 peut \u00eatre modifi\u00e9 par le fournisseur sans que nous en soyons inform\u00e9s. Une diff\u00e9rence entre le prix affich\u00e9 ici et en magasin reste possible.<\/div><a href=\"#\" class=\"close mfn-close-icon\"><span class=\"icon\">\u2715<\/span><\/a><\/div>\n<div class=\"alert alert_info\"><div class=\"alert_icon\"><svg viewBox=\"0 0 28 28\"><defs><style>.path{fill:none;stroke:#000;stroke-miterlimit:10;stroke-width:1.5px;}<\/style><\/defs><g><circle class=\"path\" cx=\"14\" cy=\"14\" r=\"12\"\/><path class=\"path\" d=\"M11.2,9.12a3.4,3.4,0,0,1,3-1.69,2.84,2.84,0,0,1,3,2.76,3.16,3.16,0,0,1-.84,2.23c-.63.74-1.58,1.18-2.19,1.88a1,1,0,0,0-.26.64v2.32\"\/><circle class=\"path\" cx=\"14\" cy=\"20\" r=\"0.33\"\/><\/g><\/svg><\/div><div class=\"alert_wrapper\">Faites vos demandes particuli\u00e8res ou passez votre commande via ce formulaire <\/div><a href=\"#\" class=\"close mfn-close-icon\"><span class=\"icon\">\u2715<\/span><\/a><\/div>\n <a class=\"button  button_size_3\" href=\"https:\/\/tempsetor.be\/galerie\/ma-commande\/\"     target=\"_blank\"    title=\"\"><span class=\"button_label\">&gt; Formulaire<\/span><\/a>\n<\/p>\n","protected":false},"featured_media":8605,"template":"","meta":{"_monsterinsights_skip_tracking":false,"_monsterinsights_sitenote_active":false,"_monsterinsights_sitenote_note":"","_monsterinsights_sitenote_category":0},"product_brand":[],"product_cat":[40,39,75],"product_tag":[],"class_list":{"0":"post-8604","1":"product","2":"type-product","3":"status-publish","4":"has-post-thumbnail","6":"product_cat-montres-hommes","7":"product_cat-hommes","8":"product_cat-zeppelin-hommes","10":"first","11":"instock","12":"shipping-taxable","13":"purchasable","14":"product-type-simple"},"_links":{"self":[{"href":"https:\/\/tempsetor.be\/galerie\/wp-json\/wp\/v2\/product\/8604","targetHints":{"allow":["GET"]}}],"collection":[{"href":"https:\/\/tempsetor.be\/galerie\/wp-json\/wp\/v2\/product"}],"about":[{"href":"https:\/\/tempsetor.be\/galerie\/wp-json\/wp\/v2\/types\/product"}],"wp:featuredmedia":[{"embeddable":true,"href":"https:\/\/tempsetor.be\/galerie\/wp-json\/wp\/v2\/media\/8605"}],"wp:attachment":[{"href":"https:\/\/tempsetor.be\/galerie\/wp-json\/wp\/v2\/media?parent=8604"}],"wp:term":[{"taxonomy":"product_brand","embeddable":true,"href":"https:\/\/tempsetor.be\/galerie\/wp-json\/wp\/v2\/product_brand?post=8604"},{"taxonomy":"product_cat","embeddable":true,"href":"https:\/\/tempsetor.be\/galerie\/wp-json\/wp\/v2\/product_cat?post=8604"},{"taxonomy":"product_tag","embeddable":true,"href":"https:\/\/tempsetor.be\/galerie\/wp-json\/wp\/v2\/product_tag?post=8604"}],"curies":[{"name":"wp","href":"https:\/\/api.w.org\/{rel}","templated":true}]}}