{"id":8613,"date":"2025-10-23T20:37:16","date_gmt":"2025-10-23T18:37:16","guid":{"rendered":"https:\/\/tempsetor.be\/galerie\/?post_type=product&#038;p=8613"},"modified":"2025-10-23T21:08:33","modified_gmt":"2025-10-23T19:08:33","slug":"montre-dames-herbelin-5e-avenue-17037tr21md","status":"publish","type":"product","link":"https:\/\/tempsetor.be\/galerie\/produit\/montre-dames-herbelin-5e-avenue-17037tr21md\/","title":{"rendered":"Montre dames- Herbelin &#8211; 5e avenue &#8211; 17037TR21MD"},"content":{"rendered":"<p>La montre Herbelin V Avenue\u202f17037TR21MD allie finesse et \u00e9l\u00e9gance avec un bo\u00eetier acier 316L de 22,5\u202f\u00d7\u202f17\u202fmm, verre saphir, mouvement quartz suisse Ronda\u202f751, \u00e9tanch\u00e9it\u00e9 \u00e0 30\u202fm et bracelet cuir 14\u202fmm \u2013 un choix raffin\u00e9 pour la femme qui cherche style et qualit\u00e9.<\/p>\n","protected":false},"excerpt":{"rendered":"<p><img loading=\"lazy\" decoding=\"async\" class=\" wp-image-8581\" src=\"https:\/\/tempsetor.be\/galerie\/wp-content\/uploads\/2025\/10\/HERBELIN_LOGO-300x40.png\" alt=\"Herbelin logo\" width=\"203\" height=\"27\" srcset=\"https:\/\/tempsetor.be\/galerie\/wp-content\/uploads\/2025\/10\/HERBELIN_LOGO-300x40.png 300w, https:\/\/tempsetor.be\/galerie\/wp-content\/uploads\/2025\/10\/HERBELIN_LOGO-150x20.png 150w, https:\/\/tempsetor.be\/galerie\/wp-content\/uploads\/2025\/10\/HERBELIN_LOGO-480x65.png 480w, https:\/\/tempsetor.be\/galerie\/wp-content\/uploads\/2025\/10\/HERBELIN_LOGO.png 587w\" sizes=\"auto, (max-width:767px) 203px, 203px\" \/><\/p>\n<p data-start=\"5239\" data-end=\"5525\">La Herbelin V Avenue\u202f17037TR21MD refl\u00e8te l\u2019esprit horloger raffin\u00e9 de la marque Michel Herbelin. Ce mod\u00e8le pour femme pr\u00e9sente un bo\u00eetier en acier 316L aux dimensions de 22,5\u202f\u00d7\u202f17\u202fmm, offrant une silhouette \u00e9l\u00e9gante et adapt\u00e9e aux poignets fins. Le cadran blanc, prot\u00e9g\u00e9 par un verre saphir, diffuse une luminosit\u00e9 douce tandis que les aiguilles et index (dont des chiffres romains selon versions) ajoutent une note classique et lisible.<\/p>\n<p data-start=\"5239\" data-end=\"5525\">Le mouvement \u00e0 quartz suisse Ronda\u202f751 garantit une pr\u00e9cision fiable et un fonctionnement sans contrainte. R\u00e9sistante \u00e0 l\u2019eau jusqu\u2019\u00e0 30\u202fm (3\u202fATM), cette montre convient \u00e0 une vie urbaine quotidienne tout en m\u00e9ritant les regards lors d\u2019occasions sp\u00e9ciales. Le bracelet en cuir de 14\u202fmm compl\u00e8te l\u2019ensemble avec confort et authenticit\u00e9. Cette pi\u00e8ce incarne un \u00e9quilibre subtil entre style intemporel et sophistication technique, parfaite pour la femme qui souhaite une montre \u00e9l\u00e9gante, discr\u00e8te mais marquante.<\/p>\n<p data-start=\"3415\" data-end=\"3816\">D\u00e9j\u00e0 garanties 2 ans, la bijouterie <strong>Temps &amp; OR<\/strong> vous apporte une confiance suppl\u00e9mentaire pour ces produits. Selon vos besoins, ces montres peuvent \u00eatre \u00e9galement r\u00e9serv\u00e9es \u00e0 la bijouterie. La mise \u00e0 mesure offerte ainsi qu&#8217;un emballage cadeau vous y seront propos\u00e9s.<\/p>\n<p><div class=\"alert alert_error\"><div class=\"alert_icon\"><svg viewBox=\"0 0 28 28\"><defs><style>.path{fill:none;stroke:#000;stroke-miterlimit:10;stroke-width:1.5px;}<\/style><\/defs><g><circle cx=\"14\" cy=\"20\" r=\"0.33\" class=\"path\"\/><line x1=\"14\" y1=\"8.72\" x2=\"14\" y2=\"16.72\" class=\"path\"\/><path d=\"M12.6,3.42,1.54,22.58A1.61,1.61,0,0,0,2.93,25H25.07a1.61,1.61,0,0,0,1.39-2.42L15.4,3.42A1.61,1.61,0,0,0,12.6,3.42Z\" class=\"path\"\/><\/g><\/svg><\/div><div class=\"alert_wrapper\">Le montant affich\u00e9 peut \u00eatre modifi\u00e9 par le fournisseur sans que nous en soyons inform\u00e9s. Une diff\u00e9rence entre le prix affich\u00e9 ici et en magasin reste possible.<\/div><a href=\"#\" class=\"close mfn-close-icon\"><span class=\"icon\">\u2715<\/span><\/a><\/div>\n<div class=\"alert alert_info\"><div class=\"alert_icon\"><svg viewBox=\"0 0 28 28\"><defs><style>.path{fill:none;stroke:#000;stroke-miterlimit:10;stroke-width:1.5px;}<\/style><\/defs><g><circle class=\"path\" cx=\"14\" cy=\"14\" r=\"12\"\/><path class=\"path\" d=\"M11.2,9.12a3.4,3.4,0,0,1,3-1.69,2.84,2.84,0,0,1,3,2.76,3.16,3.16,0,0,1-.84,2.23c-.63.74-1.58,1.18-2.19,1.88a1,1,0,0,0-.26.64v2.32\"\/><circle class=\"path\" cx=\"14\" cy=\"20\" r=\"0.33\"\/><\/g><\/svg><\/div><div class=\"alert_wrapper\">Faites vos demandes particuli\u00e8res ou passez votre commande via ce formulaire <\/div><a href=\"#\" class=\"close mfn-close-icon\"><span class=\"icon\">\u2715<\/span><\/a><\/div>\n <a class=\"button  button_size_3\" href=\"https:\/\/tempsetor.be\/galerie\/ma-commande\/\"     target=\"_blank\"    title=\"\"><span class=\"button_label\">&gt; Formulaire<\/span><\/a>\n<\/p>\n","protected":false},"featured_media":8616,"template":"","meta":{"_monsterinsights_skip_tracking":false,"_monsterinsights_sitenote_active":false,"_monsterinsights_sitenote_note":"","_monsterinsights_sitenote_category":0},"product_brand":[],"product_cat":[2607,28,27],"product_tag":[],"class_list":{"0":"post-8613","1":"product","2":"type-product","3":"status-publish","4":"has-post-thumbnail","6":"product_cat-herbelin-dames","7":"product_cat-montres-dames","8":"product_cat-dames","10":"first","11":"instock","12":"shipping-taxable","13":"purchasable","14":"product-type-simple"},"_links":{"self":[{"href":"https:\/\/tempsetor.be\/galerie\/wp-json\/wp\/v2\/product\/8613","targetHints":{"allow":["GET"]}}],"collection":[{"href":"https:\/\/tempsetor.be\/galerie\/wp-json\/wp\/v2\/product"}],"about":[{"href":"https:\/\/tempsetor.be\/galerie\/wp-json\/wp\/v2\/types\/product"}],"wp:featuredmedia":[{"embeddable":true,"href":"https:\/\/tempsetor.be\/galerie\/wp-json\/wp\/v2\/media\/8616"}],"wp:attachment":[{"href":"https:\/\/tempsetor.be\/galerie\/wp-json\/wp\/v2\/media?parent=8613"}],"wp:term":[{"taxonomy":"product_brand","embeddable":true,"href":"https:\/\/tempsetor.be\/galerie\/wp-json\/wp\/v2\/product_brand?post=8613"},{"taxonomy":"product_cat","embeddable":true,"href":"https:\/\/tempsetor.be\/galerie\/wp-json\/wp\/v2\/product_cat?post=8613"},{"taxonomy":"product_tag","embeddable":true,"href":"https:\/\/tempsetor.be\/galerie\/wp-json\/wp\/v2\/product_tag?post=8613"}],"curies":[{"name":"wp","href":"https:\/\/api.w.org\/{rel}","templated":true}]}}