{"id":8618,"date":"2025-10-28T16:06:58","date_gmt":"2025-10-28T15:06:58","guid":{"rendered":"https:\/\/tempsetor.be\/galerie\/?post_type=product&#038;p=8618"},"modified":"2025-10-28T16:24:13","modified_gmt":"2025-10-28T15:24:13","slug":"montre-hommes-zeppelin-new-york-8878-1","status":"publish","type":"product","link":"https:\/\/tempsetor.be\/galerie\/produit\/montre-hommes-zeppelin-new-york-8878-1\/","title":{"rendered":"Montre hommes &#8211; Zeppelin &#8211; New York &#8211; 8878-1"},"content":{"rendered":"<p>La Zeppelin\u202f8878\u20111 marie un bo\u00eetier acier 42\u202fmm, un cadran argent\u00e9 lisible, un mouvement quartz Miyota\u202f6S20, ainsi que chronographe, tachym\u00e8tre et bracelet cuir 22\u202fmm pour une pr\u00e9sence affirm\u00e9e et \u00e9l\u00e9gante.<\/p>\n","protected":false},"excerpt":{"rendered":"<p><img loading=\"lazy\" decoding=\"async\" class=\"size-full wp-image-5108 alignleft\" src=\"https:\/\/tempsetor.be\/galerie\/wp-content\/uploads\/2018\/01\/zeppelin-e1593511746260.png\" alt=\"logo Zeppelin\" width=\"150\" height=\"63\" \/><\/p>\n<p>La montre Zeppelin\u202f8878\u20111 de la collection New\u202fYork est une montre pour homme qui combine fonctionnalit\u00e9 et design contemporain. Son bo\u00eetier en acier inoxydable 316L de 42\u202fmm de diam\u00e8tre et 12\u202fmm d\u2019\u00e9paisseur impose une pr\u00e9sence visible tout en restant \u00e9l\u00e9gante. Le cadran argent\u00e9 est \u00e9quip\u00e9 d\u2019aiguilles et d\u2019index luminescents, prot\u00e9g\u00e9s par un verre min\u00e9ral durable.<\/p>\n<p>Le mouvement \u00e0 quartz japonais de calibre Miyota\u202f6S20 garantit une fiabilit\u00e9 quotidienne. Elle offre les fonctions chronographe (jusqu\u2019\u00e0 60\u202fminutes, pr\u00e9cision 1\/20\u2009s), un tachym\u00e8tre sur la lunette, et un guichet date. L\u2019\u00e9tanch\u00e9it\u00e9 est de 5\u202fATM (50\u202fm), adapt\u00e9e aux usages quotidiens. Le bracelet en cuir bleu de 22\u202fmm d\u2019entre\u2011corne, avec boucle ardillon, confirme le caract\u00e8re masculin de ce garde\u2011temps.<\/p>\n<p>Alliant performance, style urbain et h\u00e9ritage horloger, cette montre est con\u00e7ue pour l\u2019homme contemporain exigeant.<\/p>\n<p><div class=\"alert alert_error\"><div class=\"alert_icon\"><svg viewBox=\"0 0 28 28\"><defs><style>.path{fill:none;stroke:#000;stroke-miterlimit:10;stroke-width:1.5px;}<\/style><\/defs><g><circle cx=\"14\" cy=\"20\" r=\"0.33\" class=\"path\"\/><line x1=\"14\" y1=\"8.72\" x2=\"14\" y2=\"16.72\" class=\"path\"\/><path d=\"M12.6,3.42,1.54,22.58A1.61,1.61,0,0,0,2.93,25H25.07a1.61,1.61,0,0,0,1.39-2.42L15.4,3.42A1.61,1.61,0,0,0,12.6,3.42Z\" class=\"path\"\/><\/g><\/svg><\/div><div class=\"alert_wrapper\">Le montant affich\u00e9 peut \u00eatre modifi\u00e9 par le fournisseur sans que nous en soyons inform\u00e9s. Une diff\u00e9rence entre le prix affich\u00e9 ici et en magasin reste possible.<\/div><a href=\"#\" class=\"close mfn-close-icon\"><span class=\"icon\">\u2715<\/span><\/a><\/div>\n<div class=\"alert alert_info\"><div class=\"alert_icon\"><svg viewBox=\"0 0 28 28\"><defs><style>.path{fill:none;stroke:#000;stroke-miterlimit:10;stroke-width:1.5px;}<\/style><\/defs><g><circle class=\"path\" cx=\"14\" cy=\"14\" r=\"12\"\/><path class=\"path\" d=\"M11.2,9.12a3.4,3.4,0,0,1,3-1.69,2.84,2.84,0,0,1,3,2.76,3.16,3.16,0,0,1-.84,2.23c-.63.74-1.58,1.18-2.19,1.88a1,1,0,0,0-.26.64v2.32\"\/><circle class=\"path\" cx=\"14\" cy=\"20\" r=\"0.33\"\/><\/g><\/svg><\/div><div class=\"alert_wrapper\">Faites vos demandes particuli\u00e8res ou passez votre commande via ce formulaire <\/div><a href=\"#\" class=\"close mfn-close-icon\"><span class=\"icon\">\u2715<\/span><\/a><\/div>\n <a class=\"button  button_size_3\" href=\"https:\/\/tempsetor.be\/galerie\/ma-commande\/\"     target=\"_blank\"    title=\"\"><span class=\"button_label\">&gt; Formulaire<\/span><\/a>\n<\/p>\n","protected":false},"featured_media":8619,"template":"","meta":{"_monsterinsights_skip_tracking":false,"_monsterinsights_sitenote_active":false,"_monsterinsights_sitenote_note":"","_monsterinsights_sitenote_category":0},"product_brand":[],"product_cat":[40,39,75],"product_tag":[],"class_list":{"0":"post-8618","1":"product","2":"type-product","3":"status-publish","4":"has-post-thumbnail","6":"product_cat-montres-hommes","7":"product_cat-hommes","8":"product_cat-zeppelin-hommes","10":"first","11":"instock","12":"shipping-taxable","13":"purchasable","14":"product-type-simple"},"_links":{"self":[{"href":"https:\/\/tempsetor.be\/galerie\/wp-json\/wp\/v2\/product\/8618","targetHints":{"allow":["GET"]}}],"collection":[{"href":"https:\/\/tempsetor.be\/galerie\/wp-json\/wp\/v2\/product"}],"about":[{"href":"https:\/\/tempsetor.be\/galerie\/wp-json\/wp\/v2\/types\/product"}],"wp:featuredmedia":[{"embeddable":true,"href":"https:\/\/tempsetor.be\/galerie\/wp-json\/wp\/v2\/media\/8619"}],"wp:attachment":[{"href":"https:\/\/tempsetor.be\/galerie\/wp-json\/wp\/v2\/media?parent=8618"}],"wp:term":[{"taxonomy":"product_brand","embeddable":true,"href":"https:\/\/tempsetor.be\/galerie\/wp-json\/wp\/v2\/product_brand?post=8618"},{"taxonomy":"product_cat","embeddable":true,"href":"https:\/\/tempsetor.be\/galerie\/wp-json\/wp\/v2\/product_cat?post=8618"},{"taxonomy":"product_tag","embeddable":true,"href":"https:\/\/tempsetor.be\/galerie\/wp-json\/wp\/v2\/product_tag?post=8618"}],"curies":[{"name":"wp","href":"https:\/\/api.w.org\/{rel}","templated":true}]}}