{"id":8620,"date":"2025-10-28T16:18:25","date_gmt":"2025-10-28T15:18:25","guid":{"rendered":"https:\/\/tempsetor.be\/galerie\/?post_type=product&#038;p=8620"},"modified":"2025-10-28T16:47:24","modified_gmt":"2025-10-28T15:47:24","slug":"montre-hommes-zeppelin-new-york-8878mb%e2%80%913","status":"publish","type":"product","link":"https:\/\/tempsetor.be\/galerie\/produit\/montre-hommes-zeppelin-new-york-8878mb%e2%80%913\/","title":{"rendered":"Montre hommes &#8211; Zeppelin &#8211; New York &#8211; 8878MB\u20113"},"content":{"rendered":"<p>La Zeppelin\u202f8878MB\u20113 est une montre homme de 42\u202fmm en acier, dot\u00e9e d\u2019un cadran bleu, d\u2019un bracelet acier et d\u2019un mouvement quartz Miyota\u202f6S20. Elle int\u00e8gre un chronographe, un guichet date et une tachym\u00e9trie, avec une \u00e9tanch\u00e9it\u00e9 de 50\u202fm, parfaite pour allier \u00e9l\u00e9gance et fiabilit\u00e9.<\/p>\n","protected":false},"excerpt":{"rendered":"<p><img loading=\"lazy\" decoding=\"async\" class=\"size-full wp-image-5108 alignleft\" src=\"https:\/\/tempsetor.be\/galerie\/wp-content\/uploads\/2018\/01\/zeppelin-e1593511746260.png\" alt=\"logo Zeppelin\" width=\"150\" height=\"63\" \/><\/p>\n<p>La montre Zeppelin 8878MB\u20113 de la collection New\u202fYork se distingue par un bo\u00eetier en acier inoxydable de 42\u202fmm de diam\u00e8tre et d\u2019une \u00e9paisseur de 12\u202fmm, offrant une pr\u00e9sence affirm\u00e9e au poignet. Son cadran bleu profond accueille des aiguilles et index rev\u00eatus de Super\u2011LumiNova pour une lisibilit\u00e9 optimale m\u00eame en faible lumi\u00e8re, ainsi qu\u2019un verre min\u00e9ral K1 prot\u00e9g\u00e9. Le mouvement utilis\u00e9 est un quartz Miyota\u202f6S20, garantissant pr\u00e9cision et fiabilit\u00e9. \u00c9tanche jusqu\u2019\u00e0 50\u202fm (5\u202fATM), la montre est con\u00e7ue pour un usage quotidien. Elle est mont\u00e9e sur un bracelet acier d\u2019une largeur d\u2019attache de 22\u202fmm, qui assure robustesse et confort. Parmi les fonctions, on retrouve un chronographe \u00e0 trois sous\u2011cadrans, un guichet date et une \u00e9chelle tachym\u00e9trique visible sur le rehaut. Cette pi\u00e8ce s\u2019adresse au passionn\u00e9 d\u2019horlogerie d\u00e9sireux d\u2019une montre technique et \u00e9l\u00e9gante, convenant tant au bureau qu\u2019aux moments de d\u00e9tente.<\/p>\n<p><div class=\"alert alert_error\"><div class=\"alert_icon\"><svg viewBox=\"0 0 28 28\"><defs><style>.path{fill:none;stroke:#000;stroke-miterlimit:10;stroke-width:1.5px;}<\/style><\/defs><g><circle cx=\"14\" cy=\"20\" r=\"0.33\" class=\"path\"\/><line x1=\"14\" y1=\"8.72\" x2=\"14\" y2=\"16.72\" class=\"path\"\/><path d=\"M12.6,3.42,1.54,22.58A1.61,1.61,0,0,0,2.93,25H25.07a1.61,1.61,0,0,0,1.39-2.42L15.4,3.42A1.61,1.61,0,0,0,12.6,3.42Z\" class=\"path\"\/><\/g><\/svg><\/div><div class=\"alert_wrapper\">Le montant affich\u00e9 peut \u00eatre modifi\u00e9 par le fournisseur sans que nous en soyons inform\u00e9s. Une diff\u00e9rence entre le prix affich\u00e9 ici et en magasin reste possible.<\/div><a href=\"#\" class=\"close mfn-close-icon\"><span class=\"icon\">\u2715<\/span><\/a><\/div>\n<div class=\"alert alert_info\"><div class=\"alert_icon\"><svg viewBox=\"0 0 28 28\"><defs><style>.path{fill:none;stroke:#000;stroke-miterlimit:10;stroke-width:1.5px;}<\/style><\/defs><g><circle class=\"path\" cx=\"14\" cy=\"14\" r=\"12\"\/><path class=\"path\" d=\"M11.2,9.12a3.4,3.4,0,0,1,3-1.69,2.84,2.84,0,0,1,3,2.76,3.16,3.16,0,0,1-.84,2.23c-.63.74-1.58,1.18-2.19,1.88a1,1,0,0,0-.26.64v2.32\"\/><circle class=\"path\" cx=\"14\" cy=\"20\" r=\"0.33\"\/><\/g><\/svg><\/div><div class=\"alert_wrapper\">Faites vos demandes particuli\u00e8res ou passez votre commande via ce formulaire <\/div><a href=\"#\" class=\"close mfn-close-icon\"><span class=\"icon\">\u2715<\/span><\/a><\/div>\n <a class=\"button  button_size_3\" href=\"https:\/\/tempsetor.be\/galerie\/ma-commande\/\"     target=\"_blank\"    title=\"\"><span class=\"button_label\">&gt; Formulaire<\/span><\/a>\n<\/p>\n","protected":false},"featured_media":8621,"template":"","meta":{"_monsterinsights_skip_tracking":false,"_monsterinsights_sitenote_active":false,"_monsterinsights_sitenote_note":"","_monsterinsights_sitenote_category":0},"product_brand":[],"product_cat":[40,39,75],"product_tag":[],"class_list":{"0":"post-8620","1":"product","2":"type-product","3":"status-publish","4":"has-post-thumbnail","6":"product_cat-montres-hommes","7":"product_cat-hommes","8":"product_cat-zeppelin-hommes","10":"first","11":"instock","12":"shipping-taxable","13":"purchasable","14":"product-type-simple"},"_links":{"self":[{"href":"https:\/\/tempsetor.be\/galerie\/wp-json\/wp\/v2\/product\/8620","targetHints":{"allow":["GET"]}}],"collection":[{"href":"https:\/\/tempsetor.be\/galerie\/wp-json\/wp\/v2\/product"}],"about":[{"href":"https:\/\/tempsetor.be\/galerie\/wp-json\/wp\/v2\/types\/product"}],"wp:featuredmedia":[{"embeddable":true,"href":"https:\/\/tempsetor.be\/galerie\/wp-json\/wp\/v2\/media\/8621"}],"wp:attachment":[{"href":"https:\/\/tempsetor.be\/galerie\/wp-json\/wp\/v2\/media?parent=8620"}],"wp:term":[{"taxonomy":"product_brand","embeddable":true,"href":"https:\/\/tempsetor.be\/galerie\/wp-json\/wp\/v2\/product_brand?post=8620"},{"taxonomy":"product_cat","embeddable":true,"href":"https:\/\/tempsetor.be\/galerie\/wp-json\/wp\/v2\/product_cat?post=8620"},{"taxonomy":"product_tag","embeddable":true,"href":"https:\/\/tempsetor.be\/galerie\/wp-json\/wp\/v2\/product_tag?post=8620"}],"curies":[{"name":"wp","href":"https:\/\/api.w.org\/{rel}","templated":true}]}}