{"id":8625,"date":"2025-10-28T19:14:36","date_gmt":"2025-10-28T18:14:36","guid":{"rendered":"https:\/\/tempsetor.be\/galerie\/?post_type=product&#038;p=8625"},"modified":"2025-10-28T19:23:40","modified_gmt":"2025-10-28T18:23:40","slug":"montre-dames-zeppelin-friedrichshafen-8537-2","status":"publish","type":"product","link":"https:\/\/tempsetor.be\/galerie\/produit\/montre-dames-zeppelin-friedrichshafen-8537-2\/","title":{"rendered":"Montre dames &#8211; Zeppelin &#8211; Friedrichshafen &#8211; 8537-2"},"content":{"rendered":"<p>La montre Zeppelin\u202fNew\u202fYork\u202f8878MB\u20115 allie \u00e9l\u00e9gance et pr\u00e9cision\u202f: bo\u00eetier acier de 42\u202fmm, mouvement quartz Miyota\u202f6S20, chronographe, tachym\u00e8tre, guichet date et \u00e9tanch\u00e9it\u00e9 50\u202fm. Bracelet acier, cadran raffin\u00e9, id\u00e9ale pour l\u2019homme moderne qui recherche style et performance.<\/p>\n","protected":false},"excerpt":{"rendered":"<p><img loading=\"lazy\" decoding=\"async\" class=\"size-full wp-image-5108 alignleft\" src=\"https:\/\/tempsetor.be\/galerie\/wp-content\/uploads\/2018\/01\/zeppelin-e1593511746260.png\" alt=\"logo Zeppelin\" width=\"150\" height=\"63\" \/><\/p>\n<p data-start=\"3430\" data-end=\"3788\">La Zeppelin\u202fNew\u202fYork\u202f8878MB\u20115 est une montre d\u2019homme con\u00e7ue pour conjuguer un design raffin\u00e9 \u00e0 des fonctionnalit\u00e9s techniques pointues. Le bo\u00eetier en acier inoxydable de 42\u202fmm de diam\u00e8tre abrite un cadran \u00e9l\u00e9gant prot\u00e9g\u00e9 par un verre min\u00e9ral. Les aiguilles et index b\u00e9n\u00e9ficient du traitement Super\u2011LumiNova pour une visibilit\u00e9 optimale de jour comme de nuit.<\/p>\n<p data-start=\"3790\" data-end=\"4134\">Le mouvement quartz Miyota\u202f6S20 garantit une grande fiabilit\u00e9 et pr\u00e9cision. Les fonctions sont compl\u00e8tes\u202f: chronographe pour mesurer les intervalles, guichet date pour un usage quotidien pratique, et \u00e9chelle tachym\u00e9trique pour calculer la vitesse moyenne. L\u2019\u00e9tanch\u00e9it\u00e9 \u00e0 50\u202fm (5\u202fATM) prot\u00e8ge la montre des \u00e9claboussures et de l\u2019usage quotidien.<\/p>\n<p data-start=\"4136\" data-end=\"4489\">Le bracelet en acier compl\u00e8te le bo\u00eetier, offrant une finition soign\u00e9e et une robustesse adapt\u00e9e. La largeur d\u2019attache de 22\u202fmm permet d\u2019assurer un rendu harmonieux au poignet. Cette montre offre un bel \u00e9quilibre entre look chic et performance m\u00e9canique, id\u00e9ale pour une montre homme aussi bien en contexte professionnel que pour les moments de d\u00e9tente.<\/p>\n<p><div class=\"alert alert_error\"><div class=\"alert_icon\"><svg viewBox=\"0 0 28 28\"><defs><style>.path{fill:none;stroke:#000;stroke-miterlimit:10;stroke-width:1.5px;}<\/style><\/defs><g><circle cx=\"14\" cy=\"20\" r=\"0.33\" class=\"path\"\/><line x1=\"14\" y1=\"8.72\" x2=\"14\" y2=\"16.72\" class=\"path\"\/><path d=\"M12.6,3.42,1.54,22.58A1.61,1.61,0,0,0,2.93,25H25.07a1.61,1.61,0,0,0,1.39-2.42L15.4,3.42A1.61,1.61,0,0,0,12.6,3.42Z\" class=\"path\"\/><\/g><\/svg><\/div><div class=\"alert_wrapper\">Le montant affich\u00e9 peut \u00eatre modifi\u00e9 par le fournisseur sans que nous en soyons inform\u00e9s. Une diff\u00e9rence entre le prix affich\u00e9 ici et en magasin reste possible.<\/div><a href=\"#\" class=\"close mfn-close-icon\"><span class=\"icon\">\u2715<\/span><\/a><\/div>\n<div class=\"alert alert_info\"><div class=\"alert_icon\"><svg viewBox=\"0 0 28 28\"><defs><style>.path{fill:none;stroke:#000;stroke-miterlimit:10;stroke-width:1.5px;}<\/style><\/defs><g><circle class=\"path\" cx=\"14\" cy=\"14\" r=\"12\"\/><path class=\"path\" d=\"M11.2,9.12a3.4,3.4,0,0,1,3-1.69,2.84,2.84,0,0,1,3,2.76,3.16,3.16,0,0,1-.84,2.23c-.63.74-1.58,1.18-2.19,1.88a1,1,0,0,0-.26.64v2.32\"\/><circle class=\"path\" cx=\"14\" cy=\"20\" r=\"0.33\"\/><\/g><\/svg><\/div><div class=\"alert_wrapper\">Faites vos demandes particuli\u00e8res ou passez votre commande via ce formulaire <\/div><a href=\"#\" class=\"close mfn-close-icon\"><span class=\"icon\">\u2715<\/span><\/a><\/div>\n <a class=\"button  button_size_3\" href=\"https:\/\/tempsetor.be\/galerie\/ma-commande\/\"     target=\"_blank\"    title=\"\"><span class=\"button_label\">&gt; Formulaire<\/span><\/a>\n<\/p>\n","protected":false},"featured_media":8626,"template":"","meta":{"_monsterinsights_skip_tracking":false,"_monsterinsights_sitenote_active":false,"_monsterinsights_sitenote_note":"","_monsterinsights_sitenote_category":0},"product_brand":[],"product_cat":[28,27,36],"product_tag":[],"class_list":{"0":"post-8625","1":"product","2":"type-product","3":"status-publish","4":"has-post-thumbnail","6":"product_cat-montres-dames","7":"product_cat-dames","8":"product_cat-zeppelin-dames","10":"first","11":"instock","12":"shipping-taxable","13":"purchasable","14":"product-type-simple"},"_links":{"self":[{"href":"https:\/\/tempsetor.be\/galerie\/wp-json\/wp\/v2\/product\/8625","targetHints":{"allow":["GET"]}}],"collection":[{"href":"https:\/\/tempsetor.be\/galerie\/wp-json\/wp\/v2\/product"}],"about":[{"href":"https:\/\/tempsetor.be\/galerie\/wp-json\/wp\/v2\/types\/product"}],"wp:featuredmedia":[{"embeddable":true,"href":"https:\/\/tempsetor.be\/galerie\/wp-json\/wp\/v2\/media\/8626"}],"wp:attachment":[{"href":"https:\/\/tempsetor.be\/galerie\/wp-json\/wp\/v2\/media?parent=8625"}],"wp:term":[{"taxonomy":"product_brand","embeddable":true,"href":"https:\/\/tempsetor.be\/galerie\/wp-json\/wp\/v2\/product_brand?post=8625"},{"taxonomy":"product_cat","embeddable":true,"href":"https:\/\/tempsetor.be\/galerie\/wp-json\/wp\/v2\/product_cat?post=8625"},{"taxonomy":"product_tag","embeddable":true,"href":"https:\/\/tempsetor.be\/galerie\/wp-json\/wp\/v2\/product_tag?post=8625"}],"curies":[{"name":"wp","href":"https:\/\/api.w.org\/{rel}","templated":true}]}}