{"id":8627,"date":"2025-10-28T19:42:04","date_gmt":"2025-10-28T18:42:04","guid":{"rendered":"https:\/\/tempsetor.be\/galerie\/?post_type=product&#038;p=8627"},"modified":"2025-10-28T19:59:12","modified_gmt":"2025-10-28T18:59:12","slug":"montre-dames-zeppelin-friedrichshafen-8569-5","status":"publish","type":"product","link":"https:\/\/tempsetor.be\/galerie\/produit\/montre-dames-zeppelin-friedrichshafen-8569-5\/","title":{"rendered":"Montre dames &#8211; Zeppelin &#8211; Friedrichshafen &#8211; 8569-5"},"content":{"rendered":"<p>La montre Zeppelin\u202fFriedrichshafen\u202f8569\u20115 allie \u00e9l\u00e9gance f\u00e9minine et m\u00e9canique automatique\u202f: bo\u00eetier acier de 36\u202fmm, mouvement Miyota\u202f90S5, cadran rose avec ouverture open\u2011heart, verre min\u00e9ral, \u00e9tanch\u00e9it\u00e9 50\u202fm et bracelet cuir.<\/p>\n","protected":false},"excerpt":{"rendered":"<p><img loading=\"lazy\" decoding=\"async\" class=\"size-full wp-image-5108 alignleft\" src=\"https:\/\/tempsetor.be\/galerie\/wp-content\/uploads\/2018\/01\/zeppelin-e1593511746260.png\" alt=\"logo Zeppelin\" width=\"150\" height=\"63\" \/><\/p>\n<p data-start=\"365\" data-end=\"774\">La montre Zeppelin Friedrichshafen\u202f8569\u20115 incarne avec finesse l\u2019alliance entre \u00e9l\u00e9gance et pr\u00e9cision m\u00e9canique. Cette montre pour dames se distingue par un bo\u00eetier en acier inoxydable de 36\u202fmm de diam\u00e8tre, qui \u00e9pouse harmonieusement le poignet. Le cadran, vaste et clair, int\u00e8gre une ouverture \u00ab\u202fopen\u2011heart\u202f\u00bb qui d\u00e9voile un fragment visible du mouvement automatique, ajoutant une dimension vivante au design.<\/p>\n<p data-start=\"776\" data-end=\"1241\">Anim\u00e9e par le calibre Miyota\u202f90S5, cette montre offre 24\u202frubis, une fr\u00e9quence de 28\u202f800\u202fvibrations par heure et une r\u00e9serve de marche d\u2019environ 42\u202fheures. Le verre est en min\u00e9ral, garantissant une bonne lisibilit\u00e9. L\u2019\u00e9tanch\u00e9it\u00e9 5\u202fATM (50\u202fm) permet un port serein au quotidien et lors d\u2019activit\u00e9s l\u00e9g\u00e8res. Le bracelet en cuir, d\u2019une largeur de 18\u202fmm \u00e0 l\u2019emplacement pompes et se r\u00e9duisant \u00e0 16\u202fmm, compl\u00e8te l\u2019\u00e9l\u00e9gance de ce mod\u00e8le tout en offrant un confort optimal.<\/p>\n<p data-start=\"1243\" data-end=\"1371\">Cette montre ne se contente pas d\u2019afficher l\u2019heure\u202f: elle attire le regard sur la m\u00e9canique interne et affirme un style raffin\u00e9.<\/p>\n<p><div class=\"alert alert_error\"><div class=\"alert_icon\"><svg viewBox=\"0 0 28 28\"><defs><style>.path{fill:none;stroke:#000;stroke-miterlimit:10;stroke-width:1.5px;}<\/style><\/defs><g><circle cx=\"14\" cy=\"20\" r=\"0.33\" class=\"path\"\/><line x1=\"14\" y1=\"8.72\" x2=\"14\" y2=\"16.72\" class=\"path\"\/><path d=\"M12.6,3.42,1.54,22.58A1.61,1.61,0,0,0,2.93,25H25.07a1.61,1.61,0,0,0,1.39-2.42L15.4,3.42A1.61,1.61,0,0,0,12.6,3.42Z\" class=\"path\"\/><\/g><\/svg><\/div><div class=\"alert_wrapper\">Le montant affich\u00e9 peut \u00eatre modifi\u00e9 par le fournisseur sans que nous en soyons inform\u00e9s. Une diff\u00e9rence entre le prix affich\u00e9 ici et en magasin reste possible.<\/div><a href=\"#\" class=\"close mfn-close-icon\"><span class=\"icon\">\u2715<\/span><\/a><\/div>\n<div class=\"alert alert_info\"><div class=\"alert_icon\"><svg viewBox=\"0 0 28 28\"><defs><style>.path{fill:none;stroke:#000;stroke-miterlimit:10;stroke-width:1.5px;}<\/style><\/defs><g><circle class=\"path\" cx=\"14\" cy=\"14\" r=\"12\"\/><path class=\"path\" d=\"M11.2,9.12a3.4,3.4,0,0,1,3-1.69,2.84,2.84,0,0,1,3,2.76,3.16,3.16,0,0,1-.84,2.23c-.63.74-1.58,1.18-2.19,1.88a1,1,0,0,0-.26.64v2.32\"\/><circle class=\"path\" cx=\"14\" cy=\"20\" r=\"0.33\"\/><\/g><\/svg><\/div><div class=\"alert_wrapper\">Faites vos demandes particuli\u00e8res ou passez votre commande via ce formulaire <\/div><a href=\"#\" class=\"close mfn-close-icon\"><span class=\"icon\">\u2715<\/span><\/a><\/div>\n <a class=\"button  button_size_3\" href=\"https:\/\/tempsetor.be\/galerie\/ma-commande\/\"     target=\"_blank\"    title=\"\"><span class=\"button_label\">&gt; Formulaire<\/span><\/a>\n<\/p>\n","protected":false},"featured_media":8628,"template":"","meta":{"_monsterinsights_skip_tracking":false,"_monsterinsights_sitenote_active":false,"_monsterinsights_sitenote_note":"","_monsterinsights_sitenote_category":0},"product_brand":[],"product_cat":[28,27,36],"product_tag":[],"class_list":{"0":"post-8627","1":"product","2":"type-product","3":"status-publish","4":"has-post-thumbnail","6":"product_cat-montres-dames","7":"product_cat-dames","8":"product_cat-zeppelin-dames","10":"first","11":"instock","12":"shipping-taxable","13":"purchasable","14":"product-type-simple"},"_links":{"self":[{"href":"https:\/\/tempsetor.be\/galerie\/wp-json\/wp\/v2\/product\/8627","targetHints":{"allow":["GET"]}}],"collection":[{"href":"https:\/\/tempsetor.be\/galerie\/wp-json\/wp\/v2\/product"}],"about":[{"href":"https:\/\/tempsetor.be\/galerie\/wp-json\/wp\/v2\/types\/product"}],"wp:featuredmedia":[{"embeddable":true,"href":"https:\/\/tempsetor.be\/galerie\/wp-json\/wp\/v2\/media\/8628"}],"wp:attachment":[{"href":"https:\/\/tempsetor.be\/galerie\/wp-json\/wp\/v2\/media?parent=8627"}],"wp:term":[{"taxonomy":"product_brand","embeddable":true,"href":"https:\/\/tempsetor.be\/galerie\/wp-json\/wp\/v2\/product_brand?post=8627"},{"taxonomy":"product_cat","embeddable":true,"href":"https:\/\/tempsetor.be\/galerie\/wp-json\/wp\/v2\/product_cat?post=8627"},{"taxonomy":"product_tag","embeddable":true,"href":"https:\/\/tempsetor.be\/galerie\/wp-json\/wp\/v2\/product_tag?post=8627"}],"curies":[{"name":"wp","href":"https:\/\/api.w.org\/{rel}","templated":true}]}}