{"id":8635,"date":"2025-11-03T13:47:40","date_gmt":"2025-11-03T12:47:40","guid":{"rendered":"https:\/\/tempsetor.be\/galerie\/?post_type=product&#038;p=8635"},"modified":"2025-11-03T13:56:31","modified_gmt":"2025-11-03T12:56:31","slug":"montre-hommes-citizen-eco-drive-sky-ca4664-60w","status":"publish","type":"product","link":"https:\/\/tempsetor.be\/galerie\/produit\/montre-hommes-citizen-eco-drive-sky-ca4664-60w\/","title":{"rendered":"Montre hommes &#8211; Citizen &#8211; Eco-Drive Sky &#8211; CA4664-60W"},"content":{"rendered":"<p>La Citizen\u202fCA4664\u201160W est une montre homme de 40\u202fmm en acier, \u00e9quip\u00e9e du mouvement solaire Eco\u2011Drive calibre\u202fB620, chronographe, guichet date, verre saphir et \u00e9tanch\u00e9it\u00e9 200\u202fm. Allure technique et pr\u00e9cision assur\u00e9es.<\/p>\n","protected":false},"excerpt":{"rendered":"<p><img loading=\"lazy\" decoding=\"async\" class=\"alignleft wp-image-8633\" src=\"https:\/\/tempsetor.be\/galerie\/wp-content\/uploads\/2025\/11\/citizen-logo-300x63.png\" alt=\"logo Citizen\" width=\"151\" height=\"32\" srcset=\"https:\/\/tempsetor.be\/galerie\/wp-content\/uploads\/2025\/11\/citizen-logo-300x63.png 300w, https:\/\/tempsetor.be\/galerie\/wp-content\/uploads\/2025\/11\/citizen-logo-150x32.png 150w, https:\/\/tempsetor.be\/galerie\/wp-content\/uploads\/2025\/11\/citizen-logo-480x101.png 480w, https:\/\/tempsetor.be\/galerie\/wp-content\/uploads\/2025\/11\/citizen-logo.png 568w\" sizes=\"auto, (max-width:767px) 151px, 151px\" \/><\/p>\n<p data-start=\"2682\" data-end=\"3052\">La Citizen\u202fCA4664\u201160W s\u2019impose comme une montre \u00e0 la fois technique et raffin\u00e9e. Son bo\u00eetier acier de 40\u202fmm de diam\u00e8tre et environ 13\u202fmm d\u2019\u00e9paisseur lui conf\u00e8re une pr\u00e9sence affirm\u00e9e sans exc\u00e8s. Le cadran vert brillant, ponctu\u00e9 d\u2019index lumineux et d\u2019aiguilles visibles m\u00eame dans l\u2019obscurit\u00e9, est prot\u00e9g\u00e9 par un verre saphir anti\u2011reflets assurant une lisibilit\u00e9 optimale.<\/p>\n<p data-start=\"3054\" data-end=\"3431\">Ce mod\u00e8le embarque le calibre\u202fB620, une m\u00e9canique solaire Eco\u2011Drive aliment\u00e9e par la lumi\u00e8re et dot\u00e9e d\u2019une r\u00e9serve de marche d\u2019environ 270\u202fjours. Vous b\u00e9n\u00e9ficiez ainsi d\u2019une montre performante sans souci de pile. La fonction chronographe (1\/5 de seconde, jusqu\u2019\u00e0 60 minutes), l\u2019affichage 12\/24h et le guichet date \u00e0 3\u202fh compl\u00e8tent l\u2019ensemble des fonctions utiles au quotidien.<\/p>\n<p data-start=\"3433\" data-end=\"3750\">L\u2019\u00e9tanch\u00e9it\u00e9 de 20\u202fbar (200\u202fm) permet une utilisation aquatique ma\u00eetris\u00e9e, tandis que le bracelet en acier inoxydable associ\u00e9 \u00e0 un bo\u00eetier robuste accentue le sentiment de qualit\u00e9 durable. Cette montre conviendra parfaitement \u00e0 l\u2019homme recherchant une pi\u00e8ce \u00e0 la crois\u00e9e entre design \u00e9l\u00e9gant et performance horlog\u00e8re.<\/p>\n<p><div class=\"alert alert_error\"><div class=\"alert_icon\"><svg viewBox=\"0 0 28 28\"><defs><style>.path{fill:none;stroke:#000;stroke-miterlimit:10;stroke-width:1.5px;}<\/style><\/defs><g><circle cx=\"14\" cy=\"20\" r=\"0.33\" class=\"path\"\/><line x1=\"14\" y1=\"8.72\" x2=\"14\" y2=\"16.72\" class=\"path\"\/><path d=\"M12.6,3.42,1.54,22.58A1.61,1.61,0,0,0,2.93,25H25.07a1.61,1.61,0,0,0,1.39-2.42L15.4,3.42A1.61,1.61,0,0,0,12.6,3.42Z\" class=\"path\"\/><\/g><\/svg><\/div><div class=\"alert_wrapper\">Le montant affich\u00e9 peut \u00eatre modifi\u00e9 par le fournisseur sans que nous en soyons inform\u00e9s. Une diff\u00e9rence entre le prix affich\u00e9 ici et en magasin reste possible.<\/div><a href=\"#\" class=\"close mfn-close-icon\"><span class=\"icon\">\u2715<\/span><\/a><\/div>\n<div class=\"alert alert_info\"><div class=\"alert_icon\"><svg viewBox=\"0 0 28 28\"><defs><style>.path{fill:none;stroke:#000;stroke-miterlimit:10;stroke-width:1.5px;}<\/style><\/defs><g><circle class=\"path\" cx=\"14\" cy=\"14\" r=\"12\"\/><path class=\"path\" d=\"M11.2,9.12a3.4,3.4,0,0,1,3-1.69,2.84,2.84,0,0,1,3,2.76,3.16,3.16,0,0,1-.84,2.23c-.63.74-1.58,1.18-2.19,1.88a1,1,0,0,0-.26.64v2.32\"\/><circle class=\"path\" cx=\"14\" cy=\"20\" r=\"0.33\"\/><\/g><\/svg><\/div><div class=\"alert_wrapper\">Faites vos demandes particuli\u00e8res ou passez votre commande via ce formulaire <\/div><a href=\"#\" class=\"close mfn-close-icon\"><span class=\"icon\">\u2715<\/span><\/a><\/div>\n <a class=\"button  button_size_3\" href=\"https:\/\/tempsetor.be\/galerie\/ma-commande\/\"     target=\"_blank\"    title=\"\"><span class=\"button_label\">&gt; Formulaire<\/span><\/a>\n<\/p>\n","protected":false},"featured_media":8636,"template":"","meta":{"_monsterinsights_skip_tracking":false,"_monsterinsights_sitenote_active":false,"_monsterinsights_sitenote_note":"","_monsterinsights_sitenote_category":0},"product_brand":[],"product_cat":[2616,40,39],"product_tag":[],"class_list":{"0":"post-8635","1":"product","2":"type-product","3":"status-publish","4":"has-post-thumbnail","6":"product_cat-citizen-hommes","7":"product_cat-montres-hommes","8":"product_cat-hommes","10":"first","11":"instock","12":"shipping-taxable","13":"purchasable","14":"product-type-simple"},"_links":{"self":[{"href":"https:\/\/tempsetor.be\/galerie\/wp-json\/wp\/v2\/product\/8635","targetHints":{"allow":["GET"]}}],"collection":[{"href":"https:\/\/tempsetor.be\/galerie\/wp-json\/wp\/v2\/product"}],"about":[{"href":"https:\/\/tempsetor.be\/galerie\/wp-json\/wp\/v2\/types\/product"}],"wp:featuredmedia":[{"embeddable":true,"href":"https:\/\/tempsetor.be\/galerie\/wp-json\/wp\/v2\/media\/8636"}],"wp:attachment":[{"href":"https:\/\/tempsetor.be\/galerie\/wp-json\/wp\/v2\/media?parent=8635"}],"wp:term":[{"taxonomy":"product_brand","embeddable":true,"href":"https:\/\/tempsetor.be\/galerie\/wp-json\/wp\/v2\/product_brand?post=8635"},{"taxonomy":"product_cat","embeddable":true,"href":"https:\/\/tempsetor.be\/galerie\/wp-json\/wp\/v2\/product_cat?post=8635"},{"taxonomy":"product_tag","embeddable":true,"href":"https:\/\/tempsetor.be\/galerie\/wp-json\/wp\/v2\/product_tag?post=8635"}],"curies":[{"name":"wp","href":"https:\/\/api.w.org\/{rel}","templated":true}]}}