{"id":8640,"date":"2025-11-03T17:56:18","date_gmt":"2025-11-03T16:56:18","guid":{"rendered":"https:\/\/tempsetor.be\/galerie\/?post_type=product&#038;p=8640"},"modified":"2025-11-03T18:11:35","modified_gmt":"2025-11-03T17:11:35","slug":"montre-hommes-citizen-promaster-nb6021%e2%80%9117e","status":"publish","type":"product","link":"https:\/\/tempsetor.be\/galerie\/produit\/montre-hommes-citizen-promaster-nb6021%e2%80%9117e\/","title":{"rendered":"Montre hommes &#8211; Citizen &#8211; Promaster &#8211; NB6021\u201117E"},"content":{"rendered":"<p>La Citizen NB6021\u201117E est une montre de plong\u00e9e automatique de 41\u202fmm en Super\u202fTitanium\u2122, dot\u00e9e d\u2019un calibre 9051 \u00e0 42\u202fh de r\u00e9serve de marche, d\u2019une \u00e9tanch\u00e9it\u00e9 200\u202fm et d\u2019un bracelet en polyur\u00e9thane noir. Un concentr\u00e9 de technicit\u00e9 et de style pour l\u2019homme exigeant.<\/p>\n","protected":false},"excerpt":{"rendered":"<p><img loading=\"lazy\" decoding=\"async\" class=\"alignleft wp-image-8633\" src=\"https:\/\/tempsetor.be\/galerie\/wp-content\/uploads\/2025\/11\/citizen-logo-300x63.png\" alt=\"logo Citizen\" width=\"151\" height=\"32\" srcset=\"https:\/\/tempsetor.be\/galerie\/wp-content\/uploads\/2025\/11\/citizen-logo-300x63.png 300w, https:\/\/tempsetor.be\/galerie\/wp-content\/uploads\/2025\/11\/citizen-logo-150x32.png 150w, https:\/\/tempsetor.be\/galerie\/wp-content\/uploads\/2025\/11\/citizen-logo-480x101.png 480w, https:\/\/tempsetor.be\/galerie\/wp-content\/uploads\/2025\/11\/citizen-logo.png 568w\" sizes=\"auto, (max-width:767px) 151px, 151px\" \/><\/p>\n<p data-start=\"3730\" data-end=\"4212\">La Citizen NB6021\u201117E, issue de la collection Promaster, incarne la fusion parfaite entre esprit vintage et technologie moderne. Inspir\u00e9e du mod\u00e8le Challenge Diver de 1977, elle revisite ce design embl\u00e9matique avec une construction contemporaine en Super\u202fTitanium\u2122 dot\u00e9e du traitement Duratect, assurant une l\u00e9g\u00e8ret\u00e9 remarquable et une r\u00e9sistance exceptionnelle aux rayures. Le bo\u00eetier de 41\u202fmm de diam\u00e8tre et environ 12,3\u202fmm d\u2019\u00e9paisseur se pose avec \u00e9l\u00e9gance et confort au poignet.<\/p>\n<p data-start=\"4214\" data-end=\"4648\">Le cadran noir profond met en valeur des index appliqu\u00e9s et des aiguilles g\u00e9n\u00e9reuses, rev\u00eatus d\u2019une mati\u00e8re luminescente vert vintage assurant une lisibilit\u00e9 optimale m\u00eame dans l\u2019obscurit\u00e9. Le verre saphir, plat sur le dessus et bomb\u00e9 sur la partie inf\u00e9rieure, ajoute une touche de sophistication tout en garantissant une excellente protection. La lunette unidirectionnelle, quant \u00e0 elle, permet le suivi pr\u00e9cis des temps d\u2019immersion.<\/p>\n<p data-start=\"4650\" data-end=\"5080\">\u00c0 l\u2019int\u00e9rieur de ce bo\u00eetier se loge le calibre automatique 9051, battant \u00e0 4\u202fHz, dot\u00e9 de 24 rubis, d\u2019une r\u00e9serve de marche de 42\u202fheures et d\u2019un r\u00e9glage usine de -10\/+20\u202fs\/jour. Plus notable encore\u202f: ce mouvement dispose d\u2019une excellente r\u00e9sistance aux champs magn\u00e9tiques (jusqu\u2019\u00e0 16\u202f000\u202fA\/m), un atout dans notre environnement moderne. Cette montre est \u00e9galement conforme \u00e0 la norme ISO pour plongeurs avec ses 200\u202fm d\u2019\u00e9tanch\u00e9it\u00e9.<\/p>\n<p><div class=\"alert alert_error\"><div class=\"alert_icon\"><svg viewBox=\"0 0 28 28\"><defs><style>.path{fill:none;stroke:#000;stroke-miterlimit:10;stroke-width:1.5px;}<\/style><\/defs><g><circle cx=\"14\" cy=\"20\" r=\"0.33\" class=\"path\"\/><line x1=\"14\" y1=\"8.72\" x2=\"14\" y2=\"16.72\" class=\"path\"\/><path d=\"M12.6,3.42,1.54,22.58A1.61,1.61,0,0,0,2.93,25H25.07a1.61,1.61,0,0,0,1.39-2.42L15.4,3.42A1.61,1.61,0,0,0,12.6,3.42Z\" class=\"path\"\/><\/g><\/svg><\/div><div class=\"alert_wrapper\">Le montant affich\u00e9 peut \u00eatre modifi\u00e9 par le fournisseur sans que nous en soyons inform\u00e9s. Une diff\u00e9rence entre le prix affich\u00e9 ici et en magasin reste possible.<\/div><a href=\"#\" class=\"close mfn-close-icon\"><span class=\"icon\">\u2715<\/span><\/a><\/div>\n<div class=\"alert alert_info\"><div class=\"alert_icon\"><svg viewBox=\"0 0 28 28\"><defs><style>.path{fill:none;stroke:#000;stroke-miterlimit:10;stroke-width:1.5px;}<\/style><\/defs><g><circle class=\"path\" cx=\"14\" cy=\"14\" r=\"12\"\/><path class=\"path\" d=\"M11.2,9.12a3.4,3.4,0,0,1,3-1.69,2.84,2.84,0,0,1,3,2.76,3.16,3.16,0,0,1-.84,2.23c-.63.74-1.58,1.18-2.19,1.88a1,1,0,0,0-.26.64v2.32\"\/><circle class=\"path\" cx=\"14\" cy=\"20\" r=\"0.33\"\/><\/g><\/svg><\/div><div class=\"alert_wrapper\">Faites vos demandes particuli\u00e8res ou passez votre commande via ce formulaire <\/div><a href=\"#\" class=\"close mfn-close-icon\"><span class=\"icon\">\u2715<\/span><\/a><\/div>\n <a class=\"button  button_size_3\" href=\"https:\/\/tempsetor.be\/galerie\/ma-commande\/\"     target=\"_blank\"    title=\"\"><span class=\"button_label\">&gt; Formulaire<\/span><\/a>\n<\/p>\n","protected":false},"featured_media":8641,"template":"","meta":{"_monsterinsights_skip_tracking":false,"_monsterinsights_sitenote_active":false,"_monsterinsights_sitenote_note":"","_monsterinsights_sitenote_category":0},"product_brand":[],"product_cat":[2616,40,39],"product_tag":[],"class_list":{"0":"post-8640","1":"product","2":"type-product","3":"status-publish","4":"has-post-thumbnail","6":"product_cat-citizen-hommes","7":"product_cat-montres-hommes","8":"product_cat-hommes","10":"first","11":"instock","12":"shipping-taxable","13":"purchasable","14":"product-type-simple"},"_links":{"self":[{"href":"https:\/\/tempsetor.be\/galerie\/wp-json\/wp\/v2\/product\/8640","targetHints":{"allow":["GET"]}}],"collection":[{"href":"https:\/\/tempsetor.be\/galerie\/wp-json\/wp\/v2\/product"}],"about":[{"href":"https:\/\/tempsetor.be\/galerie\/wp-json\/wp\/v2\/types\/product"}],"wp:featuredmedia":[{"embeddable":true,"href":"https:\/\/tempsetor.be\/galerie\/wp-json\/wp\/v2\/media\/8641"}],"wp:attachment":[{"href":"https:\/\/tempsetor.be\/galerie\/wp-json\/wp\/v2\/media?parent=8640"}],"wp:term":[{"taxonomy":"product_brand","embeddable":true,"href":"https:\/\/tempsetor.be\/galerie\/wp-json\/wp\/v2\/product_brand?post=8640"},{"taxonomy":"product_cat","embeddable":true,"href":"https:\/\/tempsetor.be\/galerie\/wp-json\/wp\/v2\/product_cat?post=8640"},{"taxonomy":"product_tag","embeddable":true,"href":"https:\/\/tempsetor.be\/galerie\/wp-json\/wp\/v2\/product_tag?post=8640"}],"curies":[{"name":"wp","href":"https:\/\/api.w.org\/{rel}","templated":true}]}}