{"id":8648,"date":"2025-11-03T18:16:29","date_gmt":"2025-11-03T17:16:29","guid":{"rendered":"https:\/\/tempsetor.be\/galerie\/?post_type=product&#038;p=8648"},"modified":"2025-11-03T18:24:09","modified_gmt":"2025-11-03T17:24:09","slug":"montre-hommes-citizen-nh8390-20lc","status":"publish","type":"product","link":"https:\/\/tempsetor.be\/galerie\/produit\/montre-hommes-citizen-nh8390-20lc\/","title":{"rendered":"Montre hommes &#8211; Citizen &#8211; NH8390-20LC"},"content":{"rendered":"<p>La Citizen\u202fNH8390\u201120LC s\u2019impose comme une montre automatique d\u2019exception\u2009: bo\u00eetier acier 40,2\u202fmm, cadran bleu avec jour et date, mouvement calibre\u202f8200 automatique (~40\u202fh de r\u00e9serve), bracelet cuir noir, \u00e9tanch\u00e9it\u00e9 5\u202fbar. \u00c9l\u00e9gante, fiable et pr\u00eate \u00e0 vous accompagner au quotidien.<\/p>\n","protected":false},"excerpt":{"rendered":"<p><img loading=\"lazy\" decoding=\"async\" class=\"alignleft wp-image-8633\" src=\"https:\/\/tempsetor.be\/galerie\/wp-content\/uploads\/2025\/11\/citizen-logo-300x63.png\" alt=\"logo Citizen\" width=\"151\" height=\"32\" srcset=\"https:\/\/tempsetor.be\/galerie\/wp-content\/uploads\/2025\/11\/citizen-logo-300x63.png 300w, https:\/\/tempsetor.be\/galerie\/wp-content\/uploads\/2025\/11\/citizen-logo-150x32.png 150w, https:\/\/tempsetor.be\/galerie\/wp-content\/uploads\/2025\/11\/citizen-logo-480x101.png 480w, https:\/\/tempsetor.be\/galerie\/wp-content\/uploads\/2025\/11\/citizen-logo.png 568w\" sizes=\"auto, (max-width:767px) 151px, 151px\" \/><\/p>\n<p data-start=\"3191\" data-end=\"3671\">La Citizen\u202fNH8390\u201120LC incarne l\u2019alliance parfaite entre \u00e9l\u00e9gance classique et technologie horlog\u00e8re s\u00e9rieuse. Avec son bo\u00eetier en acier inoxydable de 40,2\u202fmm de diam\u00e8tre et 13,1\u202fmm d\u2019\u00e9paisseur, elle impose une pr\u00e9sence \u00e9quilibr\u00e9e au poignet tout en restant sobre. Le cadran bleu, sur lequel apparaissent les index en traits et les aiguilles acier, se distingue par un guichet jour et date parfaitement int\u00e9gr\u00e9. Le verre min\u00e9ral (Crystal glass) prot\u00e8ge avec efficacit\u00e9 l\u2019ensemble.<\/p>\n<p data-start=\"3673\" data-end=\"4148\">Au c\u0153ur de la montre bat le calibre\u202f8200, un mouvement automatique de la marque Citizen, disposant de 21\u202frubis, oscillant \u00e0 21\u202f600 alternances\/heure et offrant une r\u00e9serve de marche d\u2019environ 40\u202f\u00e0\u202f42\u202fheures. L\u2019\u00e9tanch\u00e9it\u00e9 de 5\u202fbar (50\u202fm) lui permet d\u2019affronter les \u00e9claboussures et le port quotidien sans contrainte. Le bracelet en cuir noir, largeur 20\u202fmm entre les anses, assure un maintien confortable, tout en finition avec une boucle classique qui s\u2019harmonise au bo\u00eetier.<\/p>\n<p data-start=\"4150\" data-end=\"4429\">Cette montre s\u2019adresse \u00e0 l\u2019homme soucieux d\u2019un style affirm\u00e9 mais non ostentatoire, recherchant la fiabilit\u00e9 d\u2019un mouvement automatique et la sophistication d\u2019une esth\u00e9tique intemporelle. Une pi\u00e8ce horlog\u00e8re qui pourra vous accompagner de la salle de r\u00e9union \u00e0 la sortie du soir.<\/p>\n<p><div class=\"alert alert_error\"><div class=\"alert_icon\"><svg viewBox=\"0 0 28 28\"><defs><style>.path{fill:none;stroke:#000;stroke-miterlimit:10;stroke-width:1.5px;}<\/style><\/defs><g><circle cx=\"14\" cy=\"20\" r=\"0.33\" class=\"path\"\/><line x1=\"14\" y1=\"8.72\" x2=\"14\" y2=\"16.72\" class=\"path\"\/><path d=\"M12.6,3.42,1.54,22.58A1.61,1.61,0,0,0,2.93,25H25.07a1.61,1.61,0,0,0,1.39-2.42L15.4,3.42A1.61,1.61,0,0,0,12.6,3.42Z\" class=\"path\"\/><\/g><\/svg><\/div><div class=\"alert_wrapper\">Le montant affich\u00e9 peut \u00eatre modifi\u00e9 par le fournisseur sans que nous en soyons inform\u00e9s. Une diff\u00e9rence entre le prix affich\u00e9 ici et en magasin reste possible.<\/div><a href=\"#\" class=\"close mfn-close-icon\"><span class=\"icon\">\u2715<\/span><\/a><\/div>\n<div class=\"alert alert_info\"><div class=\"alert_icon\"><svg viewBox=\"0 0 28 28\"><defs><style>.path{fill:none;stroke:#000;stroke-miterlimit:10;stroke-width:1.5px;}<\/style><\/defs><g><circle class=\"path\" cx=\"14\" cy=\"14\" r=\"12\"\/><path class=\"path\" d=\"M11.2,9.12a3.4,3.4,0,0,1,3-1.69,2.84,2.84,0,0,1,3,2.76,3.16,3.16,0,0,1-.84,2.23c-.63.74-1.58,1.18-2.19,1.88a1,1,0,0,0-.26.64v2.32\"\/><circle class=\"path\" cx=\"14\" cy=\"20\" r=\"0.33\"\/><\/g><\/svg><\/div><div class=\"alert_wrapper\">Faites vos demandes particuli\u00e8res ou passez votre commande via ce formulaire <\/div><a href=\"#\" class=\"close mfn-close-icon\"><span class=\"icon\">\u2715<\/span><\/a><\/div>\n <a class=\"button  button_size_3\" href=\"https:\/\/tempsetor.be\/galerie\/ma-commande\/\"     target=\"_blank\"    title=\"\"><span class=\"button_label\">&gt; Formulaire<\/span><\/a>\n<\/p>\n","protected":false},"featured_media":8649,"template":"","meta":{"_monsterinsights_skip_tracking":false,"_monsterinsights_sitenote_active":false,"_monsterinsights_sitenote_note":"","_monsterinsights_sitenote_category":0},"product_brand":[],"product_cat":[2616,40,39],"product_tag":[],"class_list":{"0":"post-8648","1":"product","2":"type-product","3":"status-publish","4":"has-post-thumbnail","6":"product_cat-citizen-hommes","7":"product_cat-montres-hommes","8":"product_cat-hommes","10":"first","11":"instock","12":"shipping-taxable","13":"purchasable","14":"product-type-simple"},"_links":{"self":[{"href":"https:\/\/tempsetor.be\/galerie\/wp-json\/wp\/v2\/product\/8648","targetHints":{"allow":["GET"]}}],"collection":[{"href":"https:\/\/tempsetor.be\/galerie\/wp-json\/wp\/v2\/product"}],"about":[{"href":"https:\/\/tempsetor.be\/galerie\/wp-json\/wp\/v2\/types\/product"}],"wp:featuredmedia":[{"embeddable":true,"href":"https:\/\/tempsetor.be\/galerie\/wp-json\/wp\/v2\/media\/8649"}],"wp:attachment":[{"href":"https:\/\/tempsetor.be\/galerie\/wp-json\/wp\/v2\/media?parent=8648"}],"wp:term":[{"taxonomy":"product_brand","embeddable":true,"href":"https:\/\/tempsetor.be\/galerie\/wp-json\/wp\/v2\/product_brand?post=8648"},{"taxonomy":"product_cat","embeddable":true,"href":"https:\/\/tempsetor.be\/galerie\/wp-json\/wp\/v2\/product_cat?post=8648"},{"taxonomy":"product_tag","embeddable":true,"href":"https:\/\/tempsetor.be\/galerie\/wp-json\/wp\/v2\/product_tag?post=8648"}],"curies":[{"name":"wp","href":"https:\/\/api.w.org\/{rel}","templated":true}]}}