{"id":8652,"date":"2025-11-04T15:33:15","date_gmt":"2025-11-04T14:33:15","guid":{"rendered":"https:\/\/tempsetor.be\/galerie\/?post_type=product&#038;p=8652"},"modified":"2025-11-04T16:28:34","modified_gmt":"2025-11-04T15:28:34","slug":"montre-hommes-citizen-nj0180-80x","status":"publish","type":"product","link":"https:\/\/tempsetor.be\/galerie\/produit\/montre-hommes-citizen-nj0180-80x\/","title":{"rendered":"Montre hommes &#8211; Citizen &#8211; NJ0180-80X"},"content":{"rendered":"<p>La Citizen Zenshin\u202fNJ0180\u201180X est une montre automatique de 40,5\u202fmm confectionn\u00e9e en Super\u202fTitanium\u2122, \u00e9quip\u00e9e d\u2019un cadran vert textur\u00e9, d\u2019un petit compteur des secondes d\u00e9centr\u00e9 et d\u2019un verre saphir. \u00c9tanche \u00e0 10\u202fATM, elle associe mat\u00e9riaux haut de gamme et design int\u00e9gr\u00e9 pour une polyvalence remarquable.<\/p>\n","protected":false},"excerpt":{"rendered":"<p><img loading=\"lazy\" decoding=\"async\" class=\"alignleft wp-image-8633\" src=\"https:\/\/tempsetor.be\/galerie\/wp-content\/uploads\/2025\/11\/citizen-logo-300x63.png\" alt=\"logo Citizen\" width=\"151\" height=\"32\" srcset=\"https:\/\/tempsetor.be\/galerie\/wp-content\/uploads\/2025\/11\/citizen-logo-300x63.png 300w, https:\/\/tempsetor.be\/galerie\/wp-content\/uploads\/2025\/11\/citizen-logo-150x32.png 150w, https:\/\/tempsetor.be\/galerie\/wp-content\/uploads\/2025\/11\/citizen-logo-480x101.png 480w, https:\/\/tempsetor.be\/galerie\/wp-content\/uploads\/2025\/11\/citizen-logo.png 568w\" sizes=\"auto, (max-width:767px) 151px, 151px\" \/><\/p>\n<p data-start=\"3191\" data-end=\"3671\">La Citizen Zenshin\u202fNJ0180\u201180X est une montre automatique d\u2019exception con\u00e7ue pour l\u2019homme moderne recherchant l\u2019\u00e9quilibre entre robustesse, finesse et style affirm\u00e9. Le bo\u00eetier de 40,5\u202fmm en Super\u202fTitanium\u2122 trait\u00e9 Duratect\u202fTIC offre une r\u00e9sistance \u00e0 toute \u00e9preuve tout en conservant une l\u00e9g\u00e8ret\u00e9 remarquable. Le cadran vert textur\u00e9 capte la lumi\u00e8re de mani\u00e8re subtile et dynamique. Les index appliqu\u00e9s et les aiguilles luminescentes assurent une lisibilit\u00e9 optimale, tandis que le petit compteur des secondes d\u00e9centr\u00e9 apporte une touche technique distinctive.<\/p>\n<p data-start=\"3191\" data-end=\"3671\">Prot\u00e9g\u00e9 par un verre saphir, ce cadran r\u00e9v\u00e8le un fond transparent permettant d\u2019admirer le calibre automatique 8213, offrant environ 40\u202fheures de r\u00e9serve de marche. Le bracelet int\u00e9gr\u00e9 en Super\u202fTitanium\u2122 prolonge les lignes du bo\u00eetier pour une continuit\u00e9 visuelle et un confort renforc\u00e9. Avec une \u00e9tanch\u00e9it\u00e9 de 10\u202fATM (100\u202fm), cette montre est parfaitement capable d\u2019accompagner vos activit\u00e9s quotidiennes, tout en se distinguant lors de vos tenues habill\u00e9es. La Zenshin\u202fNJ0180\u201180X incarne l\u2019alliance r\u00e9ussie d\u2019un design contemporain, d\u2019un mat\u00e9riau de pointe et d\u2019un savoir\u2011faire horloger.<\/p>\n<p><div class=\"alert alert_error\"><div class=\"alert_icon\"><svg viewBox=\"0 0 28 28\"><defs><style>.path{fill:none;stroke:#000;stroke-miterlimit:10;stroke-width:1.5px;}<\/style><\/defs><g><circle cx=\"14\" cy=\"20\" r=\"0.33\" class=\"path\"\/><line x1=\"14\" y1=\"8.72\" x2=\"14\" y2=\"16.72\" class=\"path\"\/><path d=\"M12.6,3.42,1.54,22.58A1.61,1.61,0,0,0,2.93,25H25.07a1.61,1.61,0,0,0,1.39-2.42L15.4,3.42A1.61,1.61,0,0,0,12.6,3.42Z\" class=\"path\"\/><\/g><\/svg><\/div><div class=\"alert_wrapper\">Le montant affich\u00e9 peut \u00eatre modifi\u00e9 par le fournisseur sans que nous en soyons inform\u00e9s. Une diff\u00e9rence entre le prix affich\u00e9 ici et en magasin reste possible.<\/div><a href=\"#\" class=\"close mfn-close-icon\"><span class=\"icon\">\u2715<\/span><\/a><\/div>\n<div class=\"alert alert_info\"><div class=\"alert_icon\"><svg viewBox=\"0 0 28 28\"><defs><style>.path{fill:none;stroke:#000;stroke-miterlimit:10;stroke-width:1.5px;}<\/style><\/defs><g><circle class=\"path\" cx=\"14\" cy=\"14\" r=\"12\"\/><path class=\"path\" d=\"M11.2,9.12a3.4,3.4,0,0,1,3-1.69,2.84,2.84,0,0,1,3,2.76,3.16,3.16,0,0,1-.84,2.23c-.63.74-1.58,1.18-2.19,1.88a1,1,0,0,0-.26.64v2.32\"\/><circle class=\"path\" cx=\"14\" cy=\"20\" r=\"0.33\"\/><\/g><\/svg><\/div><div class=\"alert_wrapper\">Faites vos demandes particuli\u00e8res ou passez votre commande via ce formulaire <\/div><a href=\"#\" class=\"close mfn-close-icon\"><span class=\"icon\">\u2715<\/span><\/a><\/div>\n <a class=\"button  button_size_3\" href=\"https:\/\/tempsetor.be\/galerie\/ma-commande\/\"     target=\"_blank\"    title=\"\"><span class=\"button_label\">&gt; Formulaire<\/span><\/a>\n<\/p>\n","protected":false},"featured_media":8653,"template":"","meta":{"_monsterinsights_skip_tracking":false,"_monsterinsights_sitenote_active":false,"_monsterinsights_sitenote_note":"","_monsterinsights_sitenote_category":0},"product_brand":[],"product_cat":[2616,40,39],"product_tag":[],"class_list":{"0":"post-8652","1":"product","2":"type-product","3":"status-publish","4":"has-post-thumbnail","6":"product_cat-citizen-hommes","7":"product_cat-montres-hommes","8":"product_cat-hommes","10":"first","11":"instock","12":"shipping-taxable","13":"purchasable","14":"product-type-simple"},"_links":{"self":[{"href":"https:\/\/tempsetor.be\/galerie\/wp-json\/wp\/v2\/product\/8652","targetHints":{"allow":["GET"]}}],"collection":[{"href":"https:\/\/tempsetor.be\/galerie\/wp-json\/wp\/v2\/product"}],"about":[{"href":"https:\/\/tempsetor.be\/galerie\/wp-json\/wp\/v2\/types\/product"}],"wp:featuredmedia":[{"embeddable":true,"href":"https:\/\/tempsetor.be\/galerie\/wp-json\/wp\/v2\/media\/8653"}],"wp:attachment":[{"href":"https:\/\/tempsetor.be\/galerie\/wp-json\/wp\/v2\/media?parent=8652"}],"wp:term":[{"taxonomy":"product_brand","embeddable":true,"href":"https:\/\/tempsetor.be\/galerie\/wp-json\/wp\/v2\/product_brand?post=8652"},{"taxonomy":"product_cat","embeddable":true,"href":"https:\/\/tempsetor.be\/galerie\/wp-json\/wp\/v2\/product_cat?post=8652"},{"taxonomy":"product_tag","embeddable":true,"href":"https:\/\/tempsetor.be\/galerie\/wp-json\/wp\/v2\/product_tag?post=8652"}],"curies":[{"name":"wp","href":"https:\/\/api.w.org\/{rel}","templated":true}]}}