{"id":8657,"date":"2025-11-04T16:18:53","date_gmt":"2025-11-04T15:18:53","guid":{"rendered":"https:\/\/tempsetor.be\/galerie\/?post_type=product&#038;p=8657"},"modified":"2026-02-25T13:15:07","modified_gmt":"2026-02-25T12:15:07","slug":"montre-hommes-citizen-nj0200-50z","status":"publish","type":"product","link":"https:\/\/tempsetor.be\/galerie\/produit\/montre-hommes-citizen-nj0200-50z\/","title":{"rendered":"Montre hommes &#8211; Citizen &#8211; NJ0200-50Z"},"content":{"rendered":"<p>La Citizen TSUYOSA\u202fNJ0200\u201150Z est une montre automatique 37\u202fmm en acier inoxydable dot\u00e9e d\u2019un cadran rose pastel, d\u2019un verre saphir, d\u2019une r\u00e9serve de marche d\u2019environ 42\u202fh et d\u2019une \u00e9tanch\u00e9it\u00e9 5\u202fATM, alliant style compact et m\u00e9canique fiable pour un port quotidien \u00e9l\u00e9gant.<\/p>\n","protected":false},"excerpt":{"rendered":"<p><img loading=\"lazy\" decoding=\"async\" class=\"alignleft wp-image-8633\" src=\"https:\/\/tempsetor.be\/galerie\/wp-content\/uploads\/2025\/11\/citizen-logo-300x63.png\" alt=\"logo Citizen\" width=\"151\" height=\"32\" srcset=\"https:\/\/tempsetor.be\/galerie\/wp-content\/uploads\/2025\/11\/citizen-logo-300x63.png 300w, https:\/\/tempsetor.be\/galerie\/wp-content\/uploads\/2025\/11\/citizen-logo-150x32.png 150w, https:\/\/tempsetor.be\/galerie\/wp-content\/uploads\/2025\/11\/citizen-logo-480x101.png 480w, https:\/\/tempsetor.be\/galerie\/wp-content\/uploads\/2025\/11\/citizen-logo.png 568w\" sizes=\"auto, (max-width:767px) 151px, 151px\" \/><\/p>\n<p data-start=\"3191\" data-end=\"3671\">La Citizen TSUYOSA\u202fNJ0200\u201150Z s\u2019adresse \u00e0 l\u2019homme qui recherche une montre automatique compacte mais techniquement aboutie. Son bo\u00eetier en acier inoxydable de 37\u202fmm de diam\u00e8tre offre un port confortable et une pr\u00e9sence ma\u00eetris\u00e9e au poignet. Le cadran rose pastel sun\u2011ray est prot\u00e9g\u00e9 par un verre saphir d\u2019une excellente r\u00e9sistance aux rayures. Les index appliqu\u00e9s et les aiguilles luminescentes assurent une lecture claire, tandis qu\u2019un guichet date \u00e0 3\u202fh apporte une touche pratique. Le mouvement automatique calibre\u202f8210, visible \u00e0 travers un fond transparent, garantit une r\u00e9serve de marche d\u2019environ 42\u202fheures. Le bracelet en acier, d\u2019inspiration int\u00e9gr\u00e9e, offre une finition soign\u00e9e avec boucle d\u00e9ployante \u00e0 poussoirs. Avec une \u00e9tanch\u00e9it\u00e9 de 5\u202fATM, cette montre est adapt\u00e9e aux usages quotidiens. La TSUYOSA\u202fNJ0200\u201150Z combine esth\u00e9tique contemporaine, taille contenue et performances m\u00e9caniques pour un r\u00e9sultat raffin\u00e9 et polyvalent.<\/p>\n<p><div class=\"alert alert_error\"><div class=\"alert_icon\"><svg viewBox=\"0 0 28 28\"><defs><style>.path{fill:none;stroke:#000;stroke-miterlimit:10;stroke-width:1.5px;}<\/style><\/defs><g><circle cx=\"14\" cy=\"20\" r=\"0.33\" class=\"path\"\/><line x1=\"14\" y1=\"8.72\" x2=\"14\" y2=\"16.72\" class=\"path\"\/><path d=\"M12.6,3.42,1.54,22.58A1.61,1.61,0,0,0,2.93,25H25.07a1.61,1.61,0,0,0,1.39-2.42L15.4,3.42A1.61,1.61,0,0,0,12.6,3.42Z\" class=\"path\"\/><\/g><\/svg><\/div><div class=\"alert_wrapper\">Le montant affich\u00e9 peut \u00eatre modifi\u00e9 par le fournisseur sans que nous en soyons inform\u00e9s. Une diff\u00e9rence entre le prix affich\u00e9 ici et en magasin reste possible.<\/div><a href=\"#\" class=\"close mfn-close-icon\"><span class=\"icon\">\u2715<\/span><\/a><\/div>\n<div class=\"alert alert_info\"><div class=\"alert_icon\"><svg viewBox=\"0 0 28 28\"><defs><style>.path{fill:none;stroke:#000;stroke-miterlimit:10;stroke-width:1.5px;}<\/style><\/defs><g><circle class=\"path\" cx=\"14\" cy=\"14\" r=\"12\"\/><path class=\"path\" d=\"M11.2,9.12a3.4,3.4,0,0,1,3-1.69,2.84,2.84,0,0,1,3,2.76,3.16,3.16,0,0,1-.84,2.23c-.63.74-1.58,1.18-2.19,1.88a1,1,0,0,0-.26.64v2.32\"\/><circle class=\"path\" cx=\"14\" cy=\"20\" r=\"0.33\"\/><\/g><\/svg><\/div><div class=\"alert_wrapper\">Faites vos demandes particuli\u00e8res ou passez votre commande via ce formulaire <\/div><a href=\"#\" class=\"close mfn-close-icon\"><span class=\"icon\">\u2715<\/span><\/a><\/div>\n <a class=\"button  button_size_3\" href=\"https:\/\/tempsetor.be\/galerie\/ma-commande\/\"     target=\"_blank\"    title=\"\"><span class=\"button_label\">&gt; Formulaire<\/span><\/a>\n<\/p>\n","protected":false},"featured_media":8658,"template":"","meta":{"_monsterinsights_skip_tracking":false,"_monsterinsights_sitenote_active":false,"_monsterinsights_sitenote_note":"","_monsterinsights_sitenote_category":0},"product_brand":[],"product_cat":[2616,40,39],"product_tag":[],"class_list":{"0":"post-8657","1":"product","2":"type-product","3":"status-publish","4":"has-post-thumbnail","6":"product_cat-citizen-hommes","7":"product_cat-montres-hommes","8":"product_cat-hommes","10":"first","11":"instock","12":"shipping-taxable","13":"purchasable","14":"product-type-simple"},"_links":{"self":[{"href":"https:\/\/tempsetor.be\/galerie\/wp-json\/wp\/v2\/product\/8657","targetHints":{"allow":["GET"]}}],"collection":[{"href":"https:\/\/tempsetor.be\/galerie\/wp-json\/wp\/v2\/product"}],"about":[{"href":"https:\/\/tempsetor.be\/galerie\/wp-json\/wp\/v2\/types\/product"}],"wp:featuredmedia":[{"embeddable":true,"href":"https:\/\/tempsetor.be\/galerie\/wp-json\/wp\/v2\/media\/8658"}],"wp:attachment":[{"href":"https:\/\/tempsetor.be\/galerie\/wp-json\/wp\/v2\/media?parent=8657"}],"wp:term":[{"taxonomy":"product_brand","embeddable":true,"href":"https:\/\/tempsetor.be\/galerie\/wp-json\/wp\/v2\/product_brand?post=8657"},{"taxonomy":"product_cat","embeddable":true,"href":"https:\/\/tempsetor.be\/galerie\/wp-json\/wp\/v2\/product_cat?post=8657"},{"taxonomy":"product_tag","embeddable":true,"href":"https:\/\/tempsetor.be\/galerie\/wp-json\/wp\/v2\/product_tag?post=8657"}],"curies":[{"name":"wp","href":"https:\/\/api.w.org\/{rel}","templated":true}]}}