{"id":8666,"date":"2025-11-04T17:11:30","date_gmt":"2025-11-04T16:11:30","guid":{"rendered":"https:\/\/tempsetor.be\/galerie\/?post_type=product&#038;p=8666"},"modified":"2025-11-04T17:21:13","modified_gmt":"2025-11-04T16:21:13","slug":"montre-hommes-citizen-nk5010-01h","status":"publish","type":"product","link":"https:\/\/tempsetor.be\/galerie\/produit\/montre-hommes-citizen-nk5010-01h\/","title":{"rendered":"Montre hommes &#8211; Citizen &#8211; NK5010-01H"},"content":{"rendered":"<p>La Citizen\u202fTSUYOSA\u202fNK5010\u201101H est une montre automatique pour homme de 40\u202fmm, dot\u00e9e d\u2019un mouvement calibre\u202f8322 avec 60\u202fh de r\u00e9serve de marche, d\u2019un cadran gris textur\u00e9, d\u2019un verre saphir et d\u2019un bracelet cuir noir. \u00c9tanch\u00e9it\u00e9\u202f5\u202fbar.<\/p>\n","protected":false},"excerpt":{"rendered":"<p><img loading=\"lazy\" decoding=\"async\" class=\"alignleft wp-image-8633\" src=\"https:\/\/tempsetor.be\/galerie\/wp-content\/uploads\/2025\/11\/citizen-logo-300x63.png\" alt=\"logo Citizen\" width=\"151\" height=\"32\" srcset=\"https:\/\/tempsetor.be\/galerie\/wp-content\/uploads\/2025\/11\/citizen-logo-300x63.png 300w, https:\/\/tempsetor.be\/galerie\/wp-content\/uploads\/2025\/11\/citizen-logo-150x32.png 150w, https:\/\/tempsetor.be\/galerie\/wp-content\/uploads\/2025\/11\/citizen-logo-480x101.png 480w, https:\/\/tempsetor.be\/galerie\/wp-content\/uploads\/2025\/11\/citizen-logo.png 568w\" sizes=\"auto, (max-width:767px) 151px, 151px\" \/><\/p>\n<p data-start=\"3191\" data-end=\"3671\">D\u00e9couvrez la Citizen TSUYOSA NK5010\u201101H, une montre homme qui incarne l\u2019alliance parfaite entre design raffin\u00e9 et m\u00e9canique automatique. Le bo\u00eetier en acier inoxydable de 40\u202fmm de diam\u00e8tre pr\u00e9sente une finition soign\u00e9e alliant surfaces polies et bross\u00e9es, pour un rendu \u00e0 la fois robuste et \u00e9l\u00e9gant. Le cadran gris, subtilement textur\u00e9, accueille les index et aiguilles luminescentes ainsi qu\u2019un sous\u2011cadran petite seconde \u00e0 6\u202fh, le tout prot\u00e9g\u00e9 par un verre saphir ultra\u2011r\u00e9sistant aux rayures. Equip\u00e9e du calibre automatique 8322, cette montre offre une r\u00e9serve de marche d\u2019environ 60\u202fheures, garantissant une fiabilit\u00e9 durable. L\u2019\u00e9tanch\u00e9it\u00e9 de 5\u202fbar permet une r\u00e9sistance aux \u00e9claboussures et \u00e0 l\u2019usage quotidien.<\/p>\n<p data-start=\"3191\" data-end=\"3671\">Le bracelet en cuir noir vient parfaire l\u2019ensemble avec confort et raffinement, soulignant le profil de la montre sur le poignet. La couronne positionn\u00e9e \u00e0 4\u202fh et le fond transparent offrent une belle touche technique. Voici un garde\u2011temps pr\u00eat \u00e0 vous accompagner en toute occasion, de la r\u00e9union professionnelle au rendez\u2011vous informel, avec \u00e9l\u00e9gance et performance.<\/p>\n<p><div class=\"alert alert_error\"><div class=\"alert_icon\"><svg viewBox=\"0 0 28 28\"><defs><style>.path{fill:none;stroke:#000;stroke-miterlimit:10;stroke-width:1.5px;}<\/style><\/defs><g><circle cx=\"14\" cy=\"20\" r=\"0.33\" class=\"path\"\/><line x1=\"14\" y1=\"8.72\" x2=\"14\" y2=\"16.72\" class=\"path\"\/><path d=\"M12.6,3.42,1.54,22.58A1.61,1.61,0,0,0,2.93,25H25.07a1.61,1.61,0,0,0,1.39-2.42L15.4,3.42A1.61,1.61,0,0,0,12.6,3.42Z\" class=\"path\"\/><\/g><\/svg><\/div><div class=\"alert_wrapper\">Le montant affich\u00e9 peut \u00eatre modifi\u00e9 par le fournisseur sans que nous en soyons inform\u00e9s. Une diff\u00e9rence entre le prix affich\u00e9 ici et en magasin reste possible.<\/div><a href=\"#\" class=\"close mfn-close-icon\"><span class=\"icon\">\u2715<\/span><\/a><\/div>\n<div class=\"alert alert_info\"><div class=\"alert_icon\"><svg viewBox=\"0 0 28 28\"><defs><style>.path{fill:none;stroke:#000;stroke-miterlimit:10;stroke-width:1.5px;}<\/style><\/defs><g><circle class=\"path\" cx=\"14\" cy=\"14\" r=\"12\"\/><path class=\"path\" d=\"M11.2,9.12a3.4,3.4,0,0,1,3-1.69,2.84,2.84,0,0,1,3,2.76,3.16,3.16,0,0,1-.84,2.23c-.63.74-1.58,1.18-2.19,1.88a1,1,0,0,0-.26.64v2.32\"\/><circle class=\"path\" cx=\"14\" cy=\"20\" r=\"0.33\"\/><\/g><\/svg><\/div><div class=\"alert_wrapper\">Faites vos demandes particuli\u00e8res ou passez votre commande via ce formulaire <\/div><a href=\"#\" class=\"close mfn-close-icon\"><span class=\"icon\">\u2715<\/span><\/a><\/div>\n <a class=\"button  button_size_3\" href=\"https:\/\/tempsetor.be\/galerie\/ma-commande\/\"     target=\"_blank\"    title=\"\"><span class=\"button_label\">&gt; Formulaire<\/span><\/a>\n<\/p>\n","protected":false},"featured_media":8667,"template":"","meta":{"_monsterinsights_skip_tracking":false,"_monsterinsights_sitenote_active":false,"_monsterinsights_sitenote_note":"","_monsterinsights_sitenote_category":0},"product_brand":[],"product_cat":[2616,40,39],"product_tag":[],"class_list":{"0":"post-8666","1":"product","2":"type-product","3":"status-publish","4":"has-post-thumbnail","6":"product_cat-citizen-hommes","7":"product_cat-montres-hommes","8":"product_cat-hommes","10":"first","11":"instock","12":"shipping-taxable","13":"purchasable","14":"product-type-simple"},"_links":{"self":[{"href":"https:\/\/tempsetor.be\/galerie\/wp-json\/wp\/v2\/product\/8666","targetHints":{"allow":["GET"]}}],"collection":[{"href":"https:\/\/tempsetor.be\/galerie\/wp-json\/wp\/v2\/product"}],"about":[{"href":"https:\/\/tempsetor.be\/galerie\/wp-json\/wp\/v2\/types\/product"}],"wp:featuredmedia":[{"embeddable":true,"href":"https:\/\/tempsetor.be\/galerie\/wp-json\/wp\/v2\/media\/8667"}],"wp:attachment":[{"href":"https:\/\/tempsetor.be\/galerie\/wp-json\/wp\/v2\/media?parent=8666"}],"wp:term":[{"taxonomy":"product_brand","embeddable":true,"href":"https:\/\/tempsetor.be\/galerie\/wp-json\/wp\/v2\/product_brand?post=8666"},{"taxonomy":"product_cat","embeddable":true,"href":"https:\/\/tempsetor.be\/galerie\/wp-json\/wp\/v2\/product_cat?post=8666"},{"taxonomy":"product_tag","embeddable":true,"href":"https:\/\/tempsetor.be\/galerie\/wp-json\/wp\/v2\/product_tag?post=8666"}],"curies":[{"name":"wp","href":"https:\/\/api.w.org\/{rel}","templated":true}]}}