{"id":8670,"date":"2025-11-10T16:56:08","date_gmt":"2025-11-10T15:56:08","guid":{"rendered":"https:\/\/tempsetor.be\/galerie\/?post_type=product&#038;p=8670"},"modified":"2025-11-10T17:58:32","modified_gmt":"2025-11-10T16:58:32","slug":"montre-hommes-victorinox-i-n-o-x-automatic-242017-1","status":"publish","type":"product","link":"https:\/\/tempsetor.be\/galerie\/produit\/montre-hommes-victorinox-i-n-o-x-automatic-242017-1\/","title":{"rendered":"Montre hommes Victorinox &#8211; I.N.O.X. Automatic 242017.1."},"content":{"rendered":"<p class=\"font-primary h4-semi-bold h4 mb-[25px]\">La Victorinox\u202fI.N.O.X. Automatic\u202f242017.1 est une montre automatique suisse de 41\u202fmm au bo\u00eetier acier, cadran vert guilloch\u00e9, \u00e9quip\u00e9e d\u2019un bracelet caoutchouc vert, \u00e9tanche \u00e0 200\u202fm et conforme \u00e0 la norme ISO\u202f1413 de r\u00e9sistance aux chocs. Une pi\u00e8ce masculine robuste et raffin\u00e9e pour les amateurs de performance.<\/p>\n","protected":false},"excerpt":{"rendered":"<p><img loading=\"lazy\" decoding=\"async\" class=\"alignleft wp-image-2745 size-full\" src=\"https:\/\/tempsetor.be\/galerie\/wp-content\/uploads\/2015\/04\/victorinox.jpg\" alt=\"Logo Victorinox\" width=\"150\" height=\"75\" srcset=\"https:\/\/tempsetor.be\/galerie\/wp-content\/uploads\/2015\/04\/victorinox.jpg 150w, https:\/\/tempsetor.be\/galerie\/wp-content\/uploads\/2015\/04\/victorinox-50x25.jpg 50w\" sizes=\"auto, (max-width:767px) 150px, 150px\" \/><\/p>\n<p class=\"font-light font-primary text-m-large mb-[20px]\">La Victorinox\u202fI.N.O.X. Automatic\u202f242017.1 incarne l\u2019alliance parfaite entre robustesse technique et \u00e9l\u00e9gance contemporaine. Con\u00e7ue pour r\u00e9sister aux conditions les plus exigeantes, cette montre affiche un bo\u00eetier en acier inoxydable poli\u2011bross\u00e9 de 41\u202fmm d\u2019un diam\u00e8tre avec une \u00e9paisseur de 12\u202fmm. Le cadran vert guilloch\u00e9 offre une texture raffin\u00e9e, sublim\u00e9e par un verre saphir antireflets qui prot\u00e8ge l\u2019ensemble.<\/p>\n<p class=\"font-light font-primary text-m-large mb-[20px]\">Les aiguilles et index luminescents garantissent une lisibilit\u00e9 optimale m\u00eame dans l\u2019obscurit\u00e9. Le fond est viss\u00e9 pour assurer une \u00e9tanch\u00e9it\u00e9 de 200\u202fm (20\u202fATM). Le mouvement automatique (calibre Sellita SW\u202f200\u20111) assure une pr\u00e9cision fiable. Le bracelet caoutchouc vert de 21\u202fmm de large ajoute une touche sportive tout en restant \u00e9l\u00e9gant, et se pr\u00eate \u00e0 une utilisation quotidienne intense.<\/p>\n<p class=\"font-light font-primary text-m-large mb-[20px]\">La montre dispose \u00e9galement d\u2019un guichet date et d\u2019une certification de r\u00e9sistance aux chocs ISO\u202f1413. Elle convient aux hommes recherchant une montre versatile : capable d\u2019accompagner aussi bien une tenue professionnelle qu\u2019une sortie active.<\/p>\n<p>D\u00e9j\u00e0 garanties 2 ans, le service apr\u00e8s-vente de la bijouterie <strong>Temps &amp; OR<\/strong> vous apporte une confiance suppl\u00e9mentaire pour ces produits. Selon vos besoins, ces montres peuvent \u00eatre par ailleurs r\u00e9serv\u00e9es \u00e0 la bijouterie. La mise \u00e0 mesure offerte ainsi qu&#8217;un emballage cadeau vous y seront propos\u00e9s.<\/p>\n<p><div class=\"alert alert_error\"><div class=\"alert_icon\"><svg viewBox=\"0 0 28 28\"><defs><style>.path{fill:none;stroke:#000;stroke-miterlimit:10;stroke-width:1.5px;}<\/style><\/defs><g><circle cx=\"14\" cy=\"20\" r=\"0.33\" class=\"path\"\/><line x1=\"14\" y1=\"8.72\" x2=\"14\" y2=\"16.72\" class=\"path\"\/><path d=\"M12.6,3.42,1.54,22.58A1.61,1.61,0,0,0,2.93,25H25.07a1.61,1.61,0,0,0,1.39-2.42L15.4,3.42A1.61,1.61,0,0,0,12.6,3.42Z\" class=\"path\"\/><\/g><\/svg><\/div><div class=\"alert_wrapper\">Le montant affich\u00e9 peut \u00eatre modifi\u00e9 par le fournisseur sans que nous en soyons inform\u00e9s. Une diff\u00e9rence entre le prix affich\u00e9 ici et en magasin reste possible.<\/div><a href=\"#\" class=\"close mfn-close-icon\"><span class=\"icon\">\u2715<\/span><\/a><\/div>\n<div class=\"alert alert_info\"><div class=\"alert_icon\"><svg viewBox=\"0 0 28 28\"><defs><style>.path{fill:none;stroke:#000;stroke-miterlimit:10;stroke-width:1.5px;}<\/style><\/defs><g><circle class=\"path\" cx=\"14\" cy=\"14\" r=\"12\"\/><path class=\"path\" d=\"M11.2,9.12a3.4,3.4,0,0,1,3-1.69,2.84,2.84,0,0,1,3,2.76,3.16,3.16,0,0,1-.84,2.23c-.63.74-1.58,1.18-2.19,1.88a1,1,0,0,0-.26.64v2.32\"\/><circle class=\"path\" cx=\"14\" cy=\"20\" r=\"0.33\"\/><\/g><\/svg><\/div><div class=\"alert_wrapper\">Faites vos demandes particuli\u00e8res ou passez votre commande via ce formulaire <\/div><a href=\"#\" class=\"close mfn-close-icon\"><span class=\"icon\">\u2715<\/span><\/a><\/div>\n <a class=\"button  button_size_3\" href=\"https:\/\/tempsetor.be\/galerie\/ma-commande\/\"     target=\"_blank\"    title=\"\"><span class=\"button_label\">&gt; Formulaire<\/span><\/a>\n<\/p>\n","protected":false},"featured_media":8674,"template":"","meta":{"_monsterinsights_skip_tracking":false,"_monsterinsights_sitenote_active":false,"_monsterinsights_sitenote_note":"","_monsterinsights_sitenote_category":0},"product_brand":[],"product_cat":[40,39,73],"product_tag":[],"class_list":{"0":"post-8670","1":"product","2":"type-product","3":"status-publish","4":"has-post-thumbnail","6":"product_cat-montres-hommes","7":"product_cat-hommes","8":"product_cat-victorinox-montre-hommes","10":"first","11":"instock","12":"shipping-taxable","13":"purchasable","14":"product-type-simple"},"_links":{"self":[{"href":"https:\/\/tempsetor.be\/galerie\/wp-json\/wp\/v2\/product\/8670","targetHints":{"allow":["GET"]}}],"collection":[{"href":"https:\/\/tempsetor.be\/galerie\/wp-json\/wp\/v2\/product"}],"about":[{"href":"https:\/\/tempsetor.be\/galerie\/wp-json\/wp\/v2\/types\/product"}],"wp:featuredmedia":[{"embeddable":true,"href":"https:\/\/tempsetor.be\/galerie\/wp-json\/wp\/v2\/media\/8674"}],"wp:attachment":[{"href":"https:\/\/tempsetor.be\/galerie\/wp-json\/wp\/v2\/media?parent=8670"}],"wp:term":[{"taxonomy":"product_brand","embeddable":true,"href":"https:\/\/tempsetor.be\/galerie\/wp-json\/wp\/v2\/product_brand?post=8670"},{"taxonomy":"product_cat","embeddable":true,"href":"https:\/\/tempsetor.be\/galerie\/wp-json\/wp\/v2\/product_cat?post=8670"},{"taxonomy":"product_tag","embeddable":true,"href":"https:\/\/tempsetor.be\/galerie\/wp-json\/wp\/v2\/product_tag?post=8670"}],"curies":[{"name":"wp","href":"https:\/\/api.w.org\/{rel}","templated":true}]}}