{"id":8678,"date":"2025-11-10T17:55:23","date_gmt":"2025-11-10T16:55:23","guid":{"rendered":"https:\/\/tempsetor.be\/galerie\/?post_type=product&#038;p=8678"},"modified":"2025-11-10T18:00:51","modified_gmt":"2025-11-10T17:00:51","slug":"montre-hommes-victorinox-i-n-o-x-242029","status":"publish","type":"product","link":"https:\/\/tempsetor.be\/galerie\/produit\/montre-hommes-victorinox-i-n-o-x-242029\/","title":{"rendered":"Montre hommes Victorinox &#8211; I.N.O.X. &#8211; 242029"},"content":{"rendered":"<p class=\"font-primary h4-semi-bold h4 mb-[25px]\">La Victorinox\u202fI.N.O.X.\u202fQuartz\u202f242029 allie robustesse suisse et design audacieux avec un bo\u00eetier acier 41\u202fmm, un cadran rouge mat, une \u00e9tanch\u00e9it\u00e9 200\u202fm et un bracelet caoutchouc rouge dynamique.<\/p>\n","protected":false},"excerpt":{"rendered":"<p><img loading=\"lazy\" decoding=\"async\" class=\"alignleft wp-image-2745 size-full\" src=\"https:\/\/tempsetor.be\/galerie\/wp-content\/uploads\/2015\/04\/victorinox.jpg\" alt=\"Logo Victorinox\" width=\"150\" height=\"75\" srcset=\"https:\/\/tempsetor.be\/galerie\/wp-content\/uploads\/2015\/04\/victorinox.jpg 150w, https:\/\/tempsetor.be\/galerie\/wp-content\/uploads\/2015\/04\/victorinox-50x25.jpg 50w\" sizes=\"auto, (max-width:767px) 150px, 150px\" \/><\/p>\n<p class=\"font-light font-primary text-m-large mb-[20px]\">La Victorinox I.N.O.X. Quartz 242029 incarne l\u2019\u00e9quilibre parfait entre \u00e9l\u00e9gance sportive et fiabilit\u00e9 extr\u00eame, fid\u00e8le \u00e0 l\u2019ADN de la marque. Le bo\u00eetier en acier inoxydable de 41\u202fmm de diam\u00e8tre et 10\u202fmm d\u2019\u00e9paisseur offre une pr\u00e9sence affirm\u00e9e sans exc\u00e8s. Son cadran rouge mat \u00e0 finition grain\u00e9e se distingue par des index sur\u00e9lev\u00e9s et des aiguilles luminescentes, tandis que le guichet date \u00e0 6\u202fh apporte une fonction utile. Le verre saphir trait\u00e9 anti\u2011reflets garantit une excellente lisibilit\u00e9 et une r\u00e9sistance aux rayures, et le fond viss\u00e9 assure l\u2019\u00e9tanch\u00e9it\u00e9 \u00e0 20\u202fATM (200\u202fm).<\/p>\n<p class=\"font-light font-primary text-m-large mb-[20px]\">Le mouvement quartz suisse assure une pr\u00e9cision fiable. Le bracelet en caoutchouc rouge, largeur 21\u202fmm, s\u2019accorde harmonieusement au cadran et assure un confort durable au poignet. En mati\u00e8re de sp\u00e9cificit\u00e9s, cette montre est con\u00e7ue pour r\u00e9sister aux contraintes (antichoc, antimagnetique), dot\u00e9e d\u2019une lunette fixe finition polie\/bross\u00e9e et d\u2019un syst\u00e8me de bracelet interchangeable. Un mod\u00e8le qui se pr\u00eate aussi bien \u00e0 une tenue urbaine qu\u2019\u00e0 des escapades plus actives.<\/p>\n<p>D\u00e9j\u00e0 garanties 2 ans, le service apr\u00e8s-vente de la bijouterie <strong>Temps &amp; OR<\/strong> vous apporte une confiance suppl\u00e9mentaire pour ces produits. Selon vos besoins, ces montres peuvent \u00eatre par ailleurs r\u00e9serv\u00e9es \u00e0 la bijouterie. La mise \u00e0 mesure offerte ainsi qu&#8217;un emballage cadeau vous y seront propos\u00e9s.<\/p>\n<p><div class=\"alert alert_error\"><div class=\"alert_icon\"><svg viewBox=\"0 0 28 28\"><defs><style>.path{fill:none;stroke:#000;stroke-miterlimit:10;stroke-width:1.5px;}<\/style><\/defs><g><circle cx=\"14\" cy=\"20\" r=\"0.33\" class=\"path\"\/><line x1=\"14\" y1=\"8.72\" x2=\"14\" y2=\"16.72\" class=\"path\"\/><path d=\"M12.6,3.42,1.54,22.58A1.61,1.61,0,0,0,2.93,25H25.07a1.61,1.61,0,0,0,1.39-2.42L15.4,3.42A1.61,1.61,0,0,0,12.6,3.42Z\" class=\"path\"\/><\/g><\/svg><\/div><div class=\"alert_wrapper\">Le montant affich\u00e9 peut \u00eatre modifi\u00e9 par le fournisseur sans que nous en soyons inform\u00e9s. Une diff\u00e9rence entre le prix affich\u00e9 ici et en magasin reste possible.<\/div><a href=\"#\" class=\"close mfn-close-icon\"><span class=\"icon\">\u2715<\/span><\/a><\/div>\n<div class=\"alert alert_info\"><div class=\"alert_icon\"><svg viewBox=\"0 0 28 28\"><defs><style>.path{fill:none;stroke:#000;stroke-miterlimit:10;stroke-width:1.5px;}<\/style><\/defs><g><circle class=\"path\" cx=\"14\" cy=\"14\" r=\"12\"\/><path class=\"path\" d=\"M11.2,9.12a3.4,3.4,0,0,1,3-1.69,2.84,2.84,0,0,1,3,2.76,3.16,3.16,0,0,1-.84,2.23c-.63.74-1.58,1.18-2.19,1.88a1,1,0,0,0-.26.64v2.32\"\/><circle class=\"path\" cx=\"14\" cy=\"20\" r=\"0.33\"\/><\/g><\/svg><\/div><div class=\"alert_wrapper\">Faites vos demandes particuli\u00e8res ou passez votre commande via ce formulaire <\/div><a href=\"#\" class=\"close mfn-close-icon\"><span class=\"icon\">\u2715<\/span><\/a><\/div>\n <a class=\"button  button_size_3\" href=\"https:\/\/tempsetor.be\/galerie\/ma-commande\/\"     target=\"_blank\"    title=\"\"><span class=\"button_label\">&gt; Formulaire<\/span><\/a>\n<\/p>\n","protected":false},"featured_media":8682,"template":"","meta":{"_monsterinsights_skip_tracking":false,"_monsterinsights_sitenote_active":false,"_monsterinsights_sitenote_note":"","_monsterinsights_sitenote_category":0},"product_brand":[],"product_cat":[40,39,73],"product_tag":[],"class_list":{"0":"post-8678","1":"product","2":"type-product","3":"status-publish","4":"has-post-thumbnail","6":"product_cat-montres-hommes","7":"product_cat-hommes","8":"product_cat-victorinox-montre-hommes","10":"first","11":"instock","12":"shipping-taxable","13":"purchasable","14":"product-type-simple"},"_links":{"self":[{"href":"https:\/\/tempsetor.be\/galerie\/wp-json\/wp\/v2\/product\/8678","targetHints":{"allow":["GET"]}}],"collection":[{"href":"https:\/\/tempsetor.be\/galerie\/wp-json\/wp\/v2\/product"}],"about":[{"href":"https:\/\/tempsetor.be\/galerie\/wp-json\/wp\/v2\/types\/product"}],"wp:featuredmedia":[{"embeddable":true,"href":"https:\/\/tempsetor.be\/galerie\/wp-json\/wp\/v2\/media\/8682"}],"wp:attachment":[{"href":"https:\/\/tempsetor.be\/galerie\/wp-json\/wp\/v2\/media?parent=8678"}],"wp:term":[{"taxonomy":"product_brand","embeddable":true,"href":"https:\/\/tempsetor.be\/galerie\/wp-json\/wp\/v2\/product_brand?post=8678"},{"taxonomy":"product_cat","embeddable":true,"href":"https:\/\/tempsetor.be\/galerie\/wp-json\/wp\/v2\/product_cat?post=8678"},{"taxonomy":"product_tag","embeddable":true,"href":"https:\/\/tempsetor.be\/galerie\/wp-json\/wp\/v2\/product_tag?post=8678"}],"curies":[{"name":"wp","href":"https:\/\/api.w.org\/{rel}","templated":true}]}}