{"id":8684,"date":"2025-11-10T18:10:22","date_gmt":"2025-11-10T17:10:22","guid":{"rendered":"https:\/\/tempsetor.be\/galerie\/?post_type=product&#038;p=8684"},"modified":"2025-11-10T18:20:27","modified_gmt":"2025-11-10T17:20:27","slug":"montre-hommes-victorinox-i-n-o-x-automatique-242023-1","status":"publish","type":"product","link":"https:\/\/tempsetor.be\/galerie\/produit\/montre-hommes-victorinox-i-n-o-x-automatique-242023-1\/","title":{"rendered":"Montre hommes Victorinox &#8211; I.N.O.X. AUTOMATIQUE &#8211; 242023.1"},"content":{"rendered":"<p class=\"font-primary h4-semi-bold h4 mb-[25px]\">Mod\u00e8le iconique con\u00e7u pour r\u00e9sister aux conditions extr\u00eames, cette montre automatique de 41\u202fmm en carbone de la collection I.N.O.X., \u00e9tanche \u00e0 200\u202fm, combine robustesse et style urbain\u2011aventureux.<\/p>\n","protected":false},"excerpt":{"rendered":"<p><img loading=\"lazy\" decoding=\"async\" class=\"alignleft wp-image-2745 size-full\" src=\"https:\/\/tempsetor.be\/galerie\/wp-content\/uploads\/2015\/04\/victorinox.jpg\" alt=\"Logo Victorinox\" width=\"150\" height=\"75\" srcset=\"https:\/\/tempsetor.be\/galerie\/wp-content\/uploads\/2015\/04\/victorinox.jpg 150w, https:\/\/tempsetor.be\/galerie\/wp-content\/uploads\/2015\/04\/victorinox-50x25.jpg 50w\" sizes=\"auto, (max-width:767px) 150px, 150px\" \/><\/p>\n<p data-start=\"2811\" data-end=\"3256\">La Victorinox I.N.O.X.\u202fAutomatic\u202fr\u00e9f\u00e9rence\u202f242023.1 est une montre masculine de 41\u202fmm alliant mat\u00e9riaux d\u2019exception et ing\u00e9nierie suisse. Le bo\u00eetier en carbone composite offre une l\u00e9g\u00e8ret\u00e9 et une r\u00e9sistance remarquable, tandis que la lunette fixe en carbone affirme une esth\u00e9tique technique et affirm\u00e9e. Le cadran noir \u00e0 finition mate, dot\u00e9 d\u2019aiguilles et d\u2019index luminescents, garantit une excellente lisibilit\u00e9 m\u00eame en conditions difficiles.<\/p>\n<p data-start=\"3258\" data-end=\"3671\">Mouvement automatique suisse pour un fonctionnement fluide et pr\u00e9cis. \u00c9tanchie jusqu\u2019\u00e0 200\u202fm (20\u202fATM), et certifi\u00e9e contre les chocs selon la norme ISO\u202f1413, cette montre se destine \u00e0 un usage actif sans compromis. Le bracelet en caoutchouc noir, confortable et sport, est assorti d\u2019un fermoir d\u00e9ployant ergonomique. Le fond viss\u00e9 en titane compl\u00e8te le dispositif, assurant robustesse et finition haut de gamme.<\/p>\n<p data-start=\"3673\" data-end=\"3851\">Cette montre incarne l\u2019esprit Victorinox\u202f: fiabilit\u00e9, pr\u00e9cision et esth\u00e9tique moderne. Une pi\u00e8ce con\u00e7ue pour accompagner un quotidien exigeant tout en affichant un style affirm\u00e9.<\/p>\n<p>D\u00e9j\u00e0 garanties 2 ans, le service apr\u00e8s-vente de la bijouterie <strong>Temps &amp; OR<\/strong> vous apporte une confiance suppl\u00e9mentaire pour ces produits. Selon vos besoins, ces montres peuvent \u00eatre par ailleurs r\u00e9serv\u00e9es \u00e0 la bijouterie. La mise \u00e0 mesure offerte ainsi qu&#8217;un emballage cadeau vous y seront propos\u00e9s.<\/p>\n<p><div class=\"alert alert_error\"><div class=\"alert_icon\"><svg viewBox=\"0 0 28 28\"><defs><style>.path{fill:none;stroke:#000;stroke-miterlimit:10;stroke-width:1.5px;}<\/style><\/defs><g><circle cx=\"14\" cy=\"20\" r=\"0.33\" class=\"path\"\/><line x1=\"14\" y1=\"8.72\" x2=\"14\" y2=\"16.72\" class=\"path\"\/><path d=\"M12.6,3.42,1.54,22.58A1.61,1.61,0,0,0,2.93,25H25.07a1.61,1.61,0,0,0,1.39-2.42L15.4,3.42A1.61,1.61,0,0,0,12.6,3.42Z\" class=\"path\"\/><\/g><\/svg><\/div><div class=\"alert_wrapper\">Le montant affich\u00e9 peut \u00eatre modifi\u00e9 par le fournisseur sans que nous en soyons inform\u00e9s. Une diff\u00e9rence entre le prix affich\u00e9 ici et en magasin reste possible.<\/div><a href=\"#\" class=\"close mfn-close-icon\"><span class=\"icon\">\u2715<\/span><\/a><\/div>\n<div class=\"alert alert_info\"><div class=\"alert_icon\"><svg viewBox=\"0 0 28 28\"><defs><style>.path{fill:none;stroke:#000;stroke-miterlimit:10;stroke-width:1.5px;}<\/style><\/defs><g><circle class=\"path\" cx=\"14\" cy=\"14\" r=\"12\"\/><path class=\"path\" d=\"M11.2,9.12a3.4,3.4,0,0,1,3-1.69,2.84,2.84,0,0,1,3,2.76,3.16,3.16,0,0,1-.84,2.23c-.63.74-1.58,1.18-2.19,1.88a1,1,0,0,0-.26.64v2.32\"\/><circle class=\"path\" cx=\"14\" cy=\"20\" r=\"0.33\"\/><\/g><\/svg><\/div><div class=\"alert_wrapper\">Faites vos demandes particuli\u00e8res ou passez votre commande via ce formulaire <\/div><a href=\"#\" class=\"close mfn-close-icon\"><span class=\"icon\">\u2715<\/span><\/a><\/div>\n <a class=\"button  button_size_3\" href=\"https:\/\/tempsetor.be\/galerie\/ma-commande\/\"     target=\"_blank\"    title=\"\"><span class=\"button_label\">&gt; Formulaire<\/span><\/a>\n<\/p>\n","protected":false},"featured_media":8686,"template":"","meta":{"_monsterinsights_skip_tracking":false,"_monsterinsights_sitenote_active":false,"_monsterinsights_sitenote_note":"","_monsterinsights_sitenote_category":0},"product_brand":[],"product_cat":[40,39,73],"product_tag":[],"class_list":{"0":"post-8684","1":"product","2":"type-product","3":"status-publish","4":"has-post-thumbnail","6":"product_cat-montres-hommes","7":"product_cat-hommes","8":"product_cat-victorinox-montre-hommes","10":"first","11":"instock","12":"shipping-taxable","13":"purchasable","14":"product-type-simple"},"_links":{"self":[{"href":"https:\/\/tempsetor.be\/galerie\/wp-json\/wp\/v2\/product\/8684","targetHints":{"allow":["GET"]}}],"collection":[{"href":"https:\/\/tempsetor.be\/galerie\/wp-json\/wp\/v2\/product"}],"about":[{"href":"https:\/\/tempsetor.be\/galerie\/wp-json\/wp\/v2\/types\/product"}],"wp:featuredmedia":[{"embeddable":true,"href":"https:\/\/tempsetor.be\/galerie\/wp-json\/wp\/v2\/media\/8686"}],"wp:attachment":[{"href":"https:\/\/tempsetor.be\/galerie\/wp-json\/wp\/v2\/media?parent=8684"}],"wp:term":[{"taxonomy":"product_brand","embeddable":true,"href":"https:\/\/tempsetor.be\/galerie\/wp-json\/wp\/v2\/product_brand?post=8684"},{"taxonomy":"product_cat","embeddable":true,"href":"https:\/\/tempsetor.be\/galerie\/wp-json\/wp\/v2\/product_cat?post=8684"},{"taxonomy":"product_tag","embeddable":true,"href":"https:\/\/tempsetor.be\/galerie\/wp-json\/wp\/v2\/product_tag?post=8684"}],"curies":[{"name":"wp","href":"https:\/\/api.w.org\/{rel}","templated":true}]}}