{"id":8694,"date":"2025-11-10T18:28:30","date_gmt":"2025-11-10T17:28:30","guid":{"rendered":"https:\/\/tempsetor.be\/galerie\/?post_type=product&#038;p=8694"},"modified":"2025-11-10T18:36:11","modified_gmt":"2025-11-10T17:36:11","slug":"montre-hommes-victorinox-air-pro-automatic-242005","status":"publish","type":"product","link":"https:\/\/tempsetor.be\/galerie\/produit\/montre-hommes-victorinox-air-pro-automatic-242005\/","title":{"rendered":"Montre hommes Victorinox\u202f- Air\u202fPro\u202fAutomatic\u202f- 242005"},"content":{"rendered":"<p class=\"font-primary h4-semi-bold h4 mb-[25px]\">La montre Victorinox Air\u202fPro Automatic 242005 combine un bo\u00eetier en acier de 43\u202fmm, un mouvement automatique suisse Sellita\u202fSW330\u20112 avec r\u00e9serve de marche de 56h, une \u00e9tanch\u00e9it\u00e9 \u00e0 200\u202fm et une fonction GMT pour suivre un second fuseau horaire, l\u2019alliance parfaite de l\u2019\u00e9l\u00e9gance \u00ab pilote \u00bb et de la performance.<\/p>\n","protected":false},"excerpt":{"rendered":"<p><img loading=\"lazy\" decoding=\"async\" class=\"alignleft wp-image-2745 size-full\" src=\"https:\/\/tempsetor.be\/galerie\/wp-content\/uploads\/2015\/04\/victorinox.jpg\" alt=\"Logo Victorinox\" width=\"150\" height=\"75\" srcset=\"https:\/\/tempsetor.be\/galerie\/wp-content\/uploads\/2015\/04\/victorinox.jpg 150w, https:\/\/tempsetor.be\/galerie\/wp-content\/uploads\/2015\/04\/victorinox-50x25.jpg 50w\" sizes=\"auto, (max-width:767px) 150px, 150px\" \/><\/p>\n<p data-start=\"2811\" data-end=\"3256\">La montre Victorinox Air\u202fPro Automatic 242005 se pr\u00e9sente avec un bo\u00eetier robuste en acier inoxydable de 43\u202fmm de diam\u00e8tre, d\u2019une hauteur d\u2019environ 13\u202fmm, la lunette \u00e9tant sabl\u00e9e pour un rendu subtil. Le cadran noir profond affiche des index et aiguilles g\u00e9n\u00e9reusement rev\u00eatus de Super\u2011LumiNova\u00ae assurant une lisibilit\u00e9 optimale dans toutes les conditions. Le verre est en saphir trait\u00e9 anti\u2011reflets, et le fond de bo\u00eetier est viss\u00e9, gage de fiabilit\u00e9.<br data-start=\"1899\" data-end=\"1902\" \/>Sous le capot rythme un mouvement automatique suisse Sellita\u202fSW330\u20112, offrant une r\u00e9serve de marche estim\u00e9e \u00e0 56 heures. L\u2019affichage GMT et la couronne secondaire permettent de suivre un second fuseau horaire sans compromis. L\u2019\u00e9tanch\u00e9it\u00e9 atteint 20\u202fATM (200 m\u00e8tres), permettant aux amateurs d\u2019activit\u00e9 nautique ou sportive de la porter en toute confiance.<\/p>\n<p data-start=\"2811\" data-end=\"3256\">Le bracelet en caoutchouc noir, largeur 21\u202fmm, garantit confort et adaptabilit\u00e9 au poignet, tout en soulignant le caract\u00e8re sportif chic de la montre. Enfin, cette pi\u00e8ce s\u2019adresse \u00e0 celles et ceux qui recherchent un instrument m\u00ealant pr\u00e9cision horlog\u00e8re, design clair et capacit\u00e9 fonctionnelle pour le quotidien ou les voyages.<\/p>\n<p>D\u00e9j\u00e0 garanties 2 ans, le service apr\u00e8s-vente de la bijouterie <strong>Temps &amp; OR<\/strong> vous apporte une confiance suppl\u00e9mentaire pour ces produits. Selon vos besoins, ces montres peuvent \u00eatre par ailleurs r\u00e9serv\u00e9es \u00e0 la bijouterie. La mise \u00e0 mesure offerte ainsi qu&#8217;un emballage cadeau vous y seront propos\u00e9s.<\/p>\n<p><div class=\"alert alert_error\"><div class=\"alert_icon\"><svg viewBox=\"0 0 28 28\"><defs><style>.path{fill:none;stroke:#000;stroke-miterlimit:10;stroke-width:1.5px;}<\/style><\/defs><g><circle cx=\"14\" cy=\"20\" r=\"0.33\" class=\"path\"\/><line x1=\"14\" y1=\"8.72\" x2=\"14\" y2=\"16.72\" class=\"path\"\/><path d=\"M12.6,3.42,1.54,22.58A1.61,1.61,0,0,0,2.93,25H25.07a1.61,1.61,0,0,0,1.39-2.42L15.4,3.42A1.61,1.61,0,0,0,12.6,3.42Z\" class=\"path\"\/><\/g><\/svg><\/div><div class=\"alert_wrapper\">Le montant affich\u00e9 peut \u00eatre modifi\u00e9 par le fournisseur sans que nous en soyons inform\u00e9s. Une diff\u00e9rence entre le prix affich\u00e9 ici et en magasin reste possible.<\/div><a href=\"#\" class=\"close mfn-close-icon\"><span class=\"icon\">\u2715<\/span><\/a><\/div>\n<div class=\"alert alert_info\"><div class=\"alert_icon\"><svg viewBox=\"0 0 28 28\"><defs><style>.path{fill:none;stroke:#000;stroke-miterlimit:10;stroke-width:1.5px;}<\/style><\/defs><g><circle class=\"path\" cx=\"14\" cy=\"14\" r=\"12\"\/><path class=\"path\" d=\"M11.2,9.12a3.4,3.4,0,0,1,3-1.69,2.84,2.84,0,0,1,3,2.76,3.16,3.16,0,0,1-.84,2.23c-.63.74-1.58,1.18-2.19,1.88a1,1,0,0,0-.26.64v2.32\"\/><circle class=\"path\" cx=\"14\" cy=\"20\" r=\"0.33\"\/><\/g><\/svg><\/div><div class=\"alert_wrapper\">Faites vos demandes particuli\u00e8res ou passez votre commande via ce formulaire <\/div><a href=\"#\" class=\"close mfn-close-icon\"><span class=\"icon\">\u2715<\/span><\/a><\/div>\n <a class=\"button  button_size_3\" href=\"https:\/\/tempsetor.be\/galerie\/ma-commande\/\"     target=\"_blank\"    title=\"\"><span class=\"button_label\">&gt; Formulaire<\/span><\/a>\n<\/p>\n","protected":false},"featured_media":8699,"template":"","meta":{"_monsterinsights_skip_tracking":false,"_monsterinsights_sitenote_active":false,"_monsterinsights_sitenote_note":"","_monsterinsights_sitenote_category":0},"product_brand":[],"product_cat":[40,39,73],"product_tag":[],"class_list":{"0":"post-8694","1":"product","2":"type-product","3":"status-publish","4":"has-post-thumbnail","6":"product_cat-montres-hommes","7":"product_cat-hommes","8":"product_cat-victorinox-montre-hommes","10":"first","11":"instock","12":"shipping-taxable","13":"purchasable","14":"product-type-simple"},"_links":{"self":[{"href":"https:\/\/tempsetor.be\/galerie\/wp-json\/wp\/v2\/product\/8694","targetHints":{"allow":["GET"]}}],"collection":[{"href":"https:\/\/tempsetor.be\/galerie\/wp-json\/wp\/v2\/product"}],"about":[{"href":"https:\/\/tempsetor.be\/galerie\/wp-json\/wp\/v2\/types\/product"}],"wp:featuredmedia":[{"embeddable":true,"href":"https:\/\/tempsetor.be\/galerie\/wp-json\/wp\/v2\/media\/8699"}],"wp:attachment":[{"href":"https:\/\/tempsetor.be\/galerie\/wp-json\/wp\/v2\/media?parent=8694"}],"wp:term":[{"taxonomy":"product_brand","embeddable":true,"href":"https:\/\/tempsetor.be\/galerie\/wp-json\/wp\/v2\/product_brand?post=8694"},{"taxonomy":"product_cat","embeddable":true,"href":"https:\/\/tempsetor.be\/galerie\/wp-json\/wp\/v2\/product_cat?post=8694"},{"taxonomy":"product_tag","embeddable":true,"href":"https:\/\/tempsetor.be\/galerie\/wp-json\/wp\/v2\/product_tag?post=8694"}],"curies":[{"name":"wp","href":"https:\/\/api.w.org\/{rel}","templated":true}]}}