{"id":8700,"date":"2025-11-13T15:46:31","date_gmt":"2025-11-13T14:46:31","guid":{"rendered":"https:\/\/tempsetor.be\/galerie\/?post_type=product&#038;p=8700"},"modified":"2025-11-13T15:51:36","modified_gmt":"2025-11-13T14:51:36","slug":"montre-hommes-festina-timeless-f20735-1","status":"publish","type":"product","link":"https:\/\/tempsetor.be\/galerie\/produit\/montre-hommes-festina-timeless-f20735-1\/","title":{"rendered":"Montre hommes &#8211; Festina &#8211; Timeless &#8211; F20735\/1"},"content":{"rendered":"<p>La Festina\u202fF20735\/1 allie pr\u00e9sence technique et \u00e9l\u00e9gance affirm\u00e9e. Avec un bo\u00eetier acier \u00d8\u202f47\u202fmm, cadran bleu profond\u00e9ment contrast\u00e9, mouvement quartz Miyota\u202fJS15, chronographe 1\/1\u202fseconde et une \u00e9tanch\u00e9it\u00e9 20\u202fATM, cette montre se distingue par sa performance et son style. Bracelet acier noir, conception dynamique : une pi\u00e8ce id\u00e9ale pour l\u2019homme actif et exigeant.<\/p>\n","protected":false},"excerpt":{"rendered":"<p><img loading=\"lazy\" decoding=\"async\" class=\"wp-image-4096 size-full alignleft\" src=\"https:\/\/tempsetor.be\/galerie\/wp-content\/uploads\/2018\/11\/festina.png\" alt=\"logo Festina\" width=\"150\" height=\"92\" srcset=\"https:\/\/tempsetor.be\/galerie\/wp-content\/uploads\/2018\/11\/festina.png 150w, https:\/\/tempsetor.be\/galerie\/wp-content\/uploads\/2018\/11\/festina-50x31.png 50w, https:\/\/tempsetor.be\/galerie\/wp-content\/uploads\/2018\/11\/festina-122x75.png 122w\" sizes=\"auto, (max-width:767px) 150px, 150px\" \/><\/p>\n<p data-start=\"4441\" data-end=\"4912\">Cette montre pour homme \u00e9voque un esprit \u00e0 la fois sportif et raffin\u00e9. Le bo\u00eetier en acier inoxydable de \u00d8\u202f47\u202fmm et de 13,4\u202fmm d\u2019\u00e9paisseur impose une pr\u00e9sence manifeste tout en conservant une \u00e9l\u00e9gance ma\u00eetris\u00e9e. Le cadran bleu, anim\u00e9 par des aiguilles argent\u00e9es et une trotteuse orange, s\u2019encadre sous un verre min\u00e9ral d\u2019une grande clart\u00e9. Le fond viss\u00e9 contribue \u00e0 l\u2019excellente \u00e9tanch\u00e9it\u00e9 de 20\u202fATM, permettant une utilisation sans contrainte m\u00eame en milieu aquatique.<\/p>\n<p data-start=\"4919\" data-end=\"5243\">Le mouvement quartz Miyota\u202fJS15 garantit une pr\u00e9cision fiable, et la fonction chronographe 1\/1\u202fseconde jusqu\u2019\u00e0 30\u202fminutes ajoute une dimension fonctionnelle bienvenue. Le bracelet en acier noir, d\u2019une largeur de 24\u202fmm entre les cornes, s\u2019associe \u00e0 une boucle d\u00e9ployante avec poussoirs pour un port s\u00e9curis\u00e9 et confortable.<\/p>\n<p data-start=\"5250\" data-end=\"5396\">R\u00e9sultat\u202f: une montre qui combine robustesse, utilit\u00e9 et style contemporain, parfaitement adapt\u00e9e \u00e0 l\u2019homme actif qui ne laisse rien au hasard.<\/p>\n<p><div class=\"alert alert_error\"><div class=\"alert_icon\"><svg viewBox=\"0 0 28 28\"><defs><style>.path{fill:none;stroke:#000;stroke-miterlimit:10;stroke-width:1.5px;}<\/style><\/defs><g><circle cx=\"14\" cy=\"20\" r=\"0.33\" class=\"path\"\/><line x1=\"14\" y1=\"8.72\" x2=\"14\" y2=\"16.72\" class=\"path\"\/><path d=\"M12.6,3.42,1.54,22.58A1.61,1.61,0,0,0,2.93,25H25.07a1.61,1.61,0,0,0,1.39-2.42L15.4,3.42A1.61,1.61,0,0,0,12.6,3.42Z\" class=\"path\"\/><\/g><\/svg><\/div><div class=\"alert_wrapper\">Le montant affich\u00e9 peut \u00eatre modifi\u00e9 par le fournisseur sans que nous en soyons inform\u00e9s. Une diff\u00e9rence entre le prix affich\u00e9 ici et en magasin reste possible.<\/div><a href=\"#\" class=\"close mfn-close-icon\"><span class=\"icon\">\u2715<\/span><\/a><\/div>\n<div class=\"alert alert_info\"><div class=\"alert_icon\"><svg viewBox=\"0 0 28 28\"><defs><style>.path{fill:none;stroke:#000;stroke-miterlimit:10;stroke-width:1.5px;}<\/style><\/defs><g><circle class=\"path\" cx=\"14\" cy=\"14\" r=\"12\"\/><path class=\"path\" d=\"M11.2,9.12a3.4,3.4,0,0,1,3-1.69,2.84,2.84,0,0,1,3,2.76,3.16,3.16,0,0,1-.84,2.23c-.63.74-1.58,1.18-2.19,1.88a1,1,0,0,0-.26.64v2.32\"\/><circle class=\"path\" cx=\"14\" cy=\"20\" r=\"0.33\"\/><\/g><\/svg><\/div><div class=\"alert_wrapper\">Faites vos demandes particuli\u00e8res ou passez votre commande via ce formulaire <\/div><a href=\"#\" class=\"close mfn-close-icon\"><span class=\"icon\">\u2715<\/span><\/a><\/div>\n <a class=\"button  button_size_3\" href=\"https:\/\/tempsetor.be\/galerie\/ma-commande\/\"     target=\"_blank\"    title=\"\"><span class=\"button_label\">&gt; Formulaire<\/span><\/a>\n<\/p>\n","protected":false},"featured_media":8701,"template":"","meta":{"_monsterinsights_skip_tracking":false,"_monsterinsights_sitenote_active":false,"_monsterinsights_sitenote_note":"","_monsterinsights_sitenote_category":0},"product_brand":[],"product_cat":[795,40,39],"product_tag":[],"class_list":{"0":"post-8700","1":"product","2":"type-product","3":"status-publish","4":"has-post-thumbnail","6":"product_cat-festina-hommes","7":"product_cat-montres-hommes","8":"product_cat-hommes","10":"first","11":"instock","12":"shipping-taxable","13":"purchasable","14":"product-type-simple"},"_links":{"self":[{"href":"https:\/\/tempsetor.be\/galerie\/wp-json\/wp\/v2\/product\/8700","targetHints":{"allow":["GET"]}}],"collection":[{"href":"https:\/\/tempsetor.be\/galerie\/wp-json\/wp\/v2\/product"}],"about":[{"href":"https:\/\/tempsetor.be\/galerie\/wp-json\/wp\/v2\/types\/product"}],"wp:featuredmedia":[{"embeddable":true,"href":"https:\/\/tempsetor.be\/galerie\/wp-json\/wp\/v2\/media\/8701"}],"wp:attachment":[{"href":"https:\/\/tempsetor.be\/galerie\/wp-json\/wp\/v2\/media?parent=8700"}],"wp:term":[{"taxonomy":"product_brand","embeddable":true,"href":"https:\/\/tempsetor.be\/galerie\/wp-json\/wp\/v2\/product_brand?post=8700"},{"taxonomy":"product_cat","embeddable":true,"href":"https:\/\/tempsetor.be\/galerie\/wp-json\/wp\/v2\/product_cat?post=8700"},{"taxonomy":"product_tag","embeddable":true,"href":"https:\/\/tempsetor.be\/galerie\/wp-json\/wp\/v2\/product_tag?post=8700"}],"curies":[{"name":"wp","href":"https:\/\/api.w.org\/{rel}","templated":true}]}}