{"id":8702,"date":"2025-11-13T15:55:09","date_gmt":"2025-11-13T14:55:09","guid":{"rendered":"https:\/\/tempsetor.be\/galerie\/?post_type=product&#038;p=8702"},"modified":"2025-11-13T15:58:29","modified_gmt":"2025-11-13T14:58:29","slug":"montre-hommes-festina-timeless-f20735-3","status":"publish","type":"product","link":"https:\/\/tempsetor.be\/galerie\/produit\/montre-hommes-festina-timeless-f20735-3\/","title":{"rendered":"Montre hommes &#8211; Festina &#8211; Timeless &#8211; F20735\/3"},"content":{"rendered":"<p>La Festina\u202fF20735\/3 conjugue robustesse et style avec son bo\u00eetier acier noir de 47\u202fmm, son bracelet imposant, son mouvement quartz Miyota\u202fJS15 et une \u00e9tanch\u00e9it\u00e9 20\u202fATM. Un chronographe polyvalent pour homme, con\u00e7u pour affirmer sa pr\u00e9sence au poignet.<\/p>\n","protected":false},"excerpt":{"rendered":"<p><img loading=\"lazy\" decoding=\"async\" class=\"wp-image-4096 size-full alignleft\" src=\"https:\/\/tempsetor.be\/galerie\/wp-content\/uploads\/2018\/11\/festina.png\" alt=\"logo Festina\" width=\"150\" height=\"92\" srcset=\"https:\/\/tempsetor.be\/galerie\/wp-content\/uploads\/2018\/11\/festina.png 150w, https:\/\/tempsetor.be\/galerie\/wp-content\/uploads\/2018\/11\/festina-50x31.png 50w, https:\/\/tempsetor.be\/galerie\/wp-content\/uploads\/2018\/11\/festina-122x75.png 122w\" sizes=\"auto, (max-width:767px) 150px, 150px\" \/><\/p>\n<p data-start=\"4441\" data-end=\"4912\">La marque Festina pr\u00e9sente le mod\u00e8le F20735\/3 de la collection Timeless : une montre pour homme au design puissant et contemporain. Le bo\u00eetier rond en acier inoxydable noir affiche un diam\u00e8tre de 47\u202fmm et une \u00e9paisseur de 13,4\u202fmm, offrant une forte pr\u00e9sence. Le cadran noir est prot\u00e9g\u00e9 par un verre min\u00e9ral et anim\u00e9 par des aiguilles et des index luminescents, facilitant la lecture dans l\u2019obscurit\u00e9. Le fond de bo\u00eetier est viss\u00e9 et la couronne est \u00e9galement viss\u00e9e pour garantir une excellente \u00e9tanch\u00e9it\u00e9. Le mouvement quartz Miyota\u202fJS15 assure une fiabilit\u00e9 reconnue.<\/p>\n<p data-start=\"4441\" data-end=\"4912\">Cette montre est \u00e9tanche 20\u202fATM (200\u202fm) et s\u2019\u00e9quipe des fonctions chronographe (1\/1 seconde jusqu\u2019\u00e0 30 minutes), affichage 24\u202fheures, tachym\u00e8tre et guichet date. Le bracelet en acier inoxydable noir, d\u2019entrecorne 24\u202fmm, se ferme par une boucle d\u00e9ployante \u00e0 double poussoir, assurant confort et s\u00e9curit\u00e9. Ce mod\u00e8le s\u2019adresse \u00e0 l\u2019homme qui recherche \u00e0 la fois l\u2019esth\u00e9tique affirm\u00e9e et les fonctionnalit\u00e9s d\u2019un instrument solide.<\/p>\n<p><div class=\"alert alert_error\"><div class=\"alert_icon\"><svg viewBox=\"0 0 28 28\"><defs><style>.path{fill:none;stroke:#000;stroke-miterlimit:10;stroke-width:1.5px;}<\/style><\/defs><g><circle cx=\"14\" cy=\"20\" r=\"0.33\" class=\"path\"\/><line x1=\"14\" y1=\"8.72\" x2=\"14\" y2=\"16.72\" class=\"path\"\/><path d=\"M12.6,3.42,1.54,22.58A1.61,1.61,0,0,0,2.93,25H25.07a1.61,1.61,0,0,0,1.39-2.42L15.4,3.42A1.61,1.61,0,0,0,12.6,3.42Z\" class=\"path\"\/><\/g><\/svg><\/div><div class=\"alert_wrapper\">Le montant affich\u00e9 peut \u00eatre modifi\u00e9 par le fournisseur sans que nous en soyons inform\u00e9s. Une diff\u00e9rence entre le prix affich\u00e9 ici et en magasin reste possible.<\/div><a href=\"#\" class=\"close mfn-close-icon\"><span class=\"icon\">\u2715<\/span><\/a><\/div>\n<div class=\"alert alert_info\"><div class=\"alert_icon\"><svg viewBox=\"0 0 28 28\"><defs><style>.path{fill:none;stroke:#000;stroke-miterlimit:10;stroke-width:1.5px;}<\/style><\/defs><g><circle class=\"path\" cx=\"14\" cy=\"14\" r=\"12\"\/><path class=\"path\" d=\"M11.2,9.12a3.4,3.4,0,0,1,3-1.69,2.84,2.84,0,0,1,3,2.76,3.16,3.16,0,0,1-.84,2.23c-.63.74-1.58,1.18-2.19,1.88a1,1,0,0,0-.26.64v2.32\"\/><circle class=\"path\" cx=\"14\" cy=\"20\" r=\"0.33\"\/><\/g><\/svg><\/div><div class=\"alert_wrapper\">Faites vos demandes particuli\u00e8res ou passez votre commande via ce formulaire <\/div><a href=\"#\" class=\"close mfn-close-icon\"><span class=\"icon\">\u2715<\/span><\/a><\/div>\n <a class=\"button  button_size_3\" href=\"https:\/\/tempsetor.be\/galerie\/ma-commande\/\"     target=\"_blank\"    title=\"\"><span class=\"button_label\">&gt; Formulaire<\/span><\/a>\n<\/p>\n","protected":false},"featured_media":8703,"template":"","meta":{"_monsterinsights_skip_tracking":false,"_monsterinsights_sitenote_active":false,"_monsterinsights_sitenote_note":"","_monsterinsights_sitenote_category":0},"product_brand":[],"product_cat":[795,40,39],"product_tag":[],"class_list":{"0":"post-8702","1":"product","2":"type-product","3":"status-publish","4":"has-post-thumbnail","6":"product_cat-festina-hommes","7":"product_cat-montres-hommes","8":"product_cat-hommes","10":"first","11":"instock","12":"shipping-taxable","13":"purchasable","14":"product-type-simple"},"_links":{"self":[{"href":"https:\/\/tempsetor.be\/galerie\/wp-json\/wp\/v2\/product\/8702","targetHints":{"allow":["GET"]}}],"collection":[{"href":"https:\/\/tempsetor.be\/galerie\/wp-json\/wp\/v2\/product"}],"about":[{"href":"https:\/\/tempsetor.be\/galerie\/wp-json\/wp\/v2\/types\/product"}],"wp:featuredmedia":[{"embeddable":true,"href":"https:\/\/tempsetor.be\/galerie\/wp-json\/wp\/v2\/media\/8703"}],"wp:attachment":[{"href":"https:\/\/tempsetor.be\/galerie\/wp-json\/wp\/v2\/media?parent=8702"}],"wp:term":[{"taxonomy":"product_brand","embeddable":true,"href":"https:\/\/tempsetor.be\/galerie\/wp-json\/wp\/v2\/product_brand?post=8702"},{"taxonomy":"product_cat","embeddable":true,"href":"https:\/\/tempsetor.be\/galerie\/wp-json\/wp\/v2\/product_cat?post=8702"},{"taxonomy":"product_tag","embeddable":true,"href":"https:\/\/tempsetor.be\/galerie\/wp-json\/wp\/v2\/product_tag?post=8702"}],"curies":[{"name":"wp","href":"https:\/\/api.w.org\/{rel}","templated":true}]}}