{"id":8704,"date":"2025-11-18T14:12:31","date_gmt":"2025-11-18T13:12:31","guid":{"rendered":"https:\/\/tempsetor.be\/galerie\/?post_type=product&#038;p=8704"},"modified":"2025-11-18T14:25:00","modified_gmt":"2025-11-18T13:25:00","slug":"montre-hommes-hamilton-khaki-field-call-of-duty-black-ops-7-h70475930","status":"publish","type":"product","link":"https:\/\/tempsetor.be\/galerie\/produit\/montre-hommes-hamilton-khaki-field-call-of-duty-black-ops-7-h70475930\/","title":{"rendered":"Montre hommes Hamilton &#8211;  Khaki Field &#8211; Call of Duty: Black Ops 7 &#8211; H70475930"},"content":{"rendered":"<p>Inspir\u00e9e de l\u2019univers de Call of Duty: Black Ops 7, la Hamilton Khaki Field Automatic 38mm allie robustesse militaire et pr\u00e9cision horlog\u00e8re. \u00c9dition limit\u00e9e \u00e0 5 000 pi\u00e8ces, avec fond grav\u00e9 exclusif, mouvement automatique H-10 et r\u00e9serve de marche de 80 heures.<\/p>\n","protected":false},"excerpt":{"rendered":"<p><img loading=\"lazy\" decoding=\"async\" class=\"size-full wp-image-5425 alignleft\" src=\"https:\/\/www.tempsetor.be\/galerie\/wp-content\/uploads\/2020\/12\/Hamilton.png\" alt=\"logo Hamilton\" width=\"150\" height=\"29\" srcset=\"https:\/\/tempsetor.be\/galerie\/wp-content\/uploads\/2020\/12\/Hamilton.png 150w, https:\/\/tempsetor.be\/galerie\/wp-content\/uploads\/2020\/12\/Hamilton-50x10.png 50w\" sizes=\"auto, (max-width:767px) 150px, 150px\" \/><\/p>\n<h1 class=\"page-title large\"><\/h1>\n<div class=\"product-main-attributes\">\n<p data-start=\"3205\" data-end=\"3678\">Issue d\u2019une collaboration exclusive entre Hamilton et Call of Duty\u00ae: Black Ops 7, la Khaki Field Automatic 38mm incarne la robustesse tactique et la pr\u00e9cision Swiss Made. Con\u00e7ue pour les environnements extr\u00eames, cette montre arbore un bo\u00eetier en acier inoxydable de 38 mm, une hauteur de 10,9 mm et une \u00e9tanch\u00e9it\u00e9 jusqu\u2019\u00e0 100 m\u00e8tres. Son cadran noir textur\u00e9 offre une excellente lisibilit\u00e9, renforc\u00e9e par des aiguilles des heures et des minutes rev\u00eatues de Super-LumiNova\u00ae.<\/p>\n<p data-start=\"3680\" data-end=\"3999\">Elle est propuls\u00e9e par le mouvement automatique H-10, offrant une r\u00e9serve de marche exceptionnelle de 80 heures, id\u00e9ale pour les longues missions ou les escapades du week-end. Son bracelet NATO vert kaki ajoute une touche utilitaire et confortable, tandis que le verre saphir assure une r\u00e9sistance optimale aux rayures.<\/p>\n<p data-start=\"4001\" data-end=\"4262\">Chaque pi\u00e8ce est grav\u00e9e du sceau Black Ops 7 au dos du bo\u00eetier et pr\u00e9sent\u00e9e dans un coffret exclusif. Produite en \u00e9dition limit\u00e9e \u00e0 seulement 5 000 exemplaires dans le monde, cette montre est \u00e0 la fois un objet de collection et un compagnon fiable au quotidien.<\/p>\n<\/div>\n<p><div class=\"alert alert_error\"><div class=\"alert_icon\"><svg viewBox=\"0 0 28 28\"><defs><style>.path{fill:none;stroke:#000;stroke-miterlimit:10;stroke-width:1.5px;}<\/style><\/defs><g><circle cx=\"14\" cy=\"20\" r=\"0.33\" class=\"path\"\/><line x1=\"14\" y1=\"8.72\" x2=\"14\" y2=\"16.72\" class=\"path\"\/><path d=\"M12.6,3.42,1.54,22.58A1.61,1.61,0,0,0,2.93,25H25.07a1.61,1.61,0,0,0,1.39-2.42L15.4,3.42A1.61,1.61,0,0,0,12.6,3.42Z\" class=\"path\"\/><\/g><\/svg><\/div><div class=\"alert_wrapper\">Le montant affich\u00e9 peut \u00eatre modifi\u00e9 par le fournisseur sans que nous en soyons inform\u00e9s. Une diff\u00e9rence entre le prix affich\u00e9 ici et en magasin reste possible.<\/div><a href=\"#\" class=\"close mfn-close-icon\"><span class=\"icon\">\u2715<\/span><\/a><\/div>\n<div class=\"alert alert_info\"><div class=\"alert_icon\"><svg viewBox=\"0 0 28 28\"><defs><style>.path{fill:none;stroke:#000;stroke-miterlimit:10;stroke-width:1.5px;}<\/style><\/defs><g><circle class=\"path\" cx=\"14\" cy=\"14\" r=\"12\"\/><path class=\"path\" d=\"M11.2,9.12a3.4,3.4,0,0,1,3-1.69,2.84,2.84,0,0,1,3,2.76,3.16,3.16,0,0,1-.84,2.23c-.63.74-1.58,1.18-2.19,1.88a1,1,0,0,0-.26.64v2.32\"\/><circle class=\"path\" cx=\"14\" cy=\"20\" r=\"0.33\"\/><\/g><\/svg><\/div><div class=\"alert_wrapper\">Faites vos demandes particuli\u00e8res ou passez votre commande via ce formulaire <\/div><a href=\"#\" class=\"close mfn-close-icon\"><span class=\"icon\">\u2715<\/span><\/a><\/div>\n <a class=\"button  button_size_3\" href=\"https:\/\/tempsetor.be\/galerie\/ma-commande\/\"     target=\"_blank\"    title=\"\"><span class=\"button_label\">&gt; Formulaire<\/span><\/a>\n<\/p>\n","protected":false},"featured_media":8705,"template":"","meta":{"_monsterinsights_skip_tracking":false,"_monsterinsights_sitenote_active":false,"_monsterinsights_sitenote_note":"","_monsterinsights_sitenote_category":0},"product_brand":[],"product_cat":[1628,40,39],"product_tag":[],"class_list":{"0":"post-8704","1":"product","2":"type-product","3":"status-publish","4":"has-post-thumbnail","6":"product_cat-hamilton-hommes","7":"product_cat-montres-hommes","8":"product_cat-hommes","10":"first","11":"instock","12":"shipping-taxable","13":"purchasable","14":"product-type-simple"},"_links":{"self":[{"href":"https:\/\/tempsetor.be\/galerie\/wp-json\/wp\/v2\/product\/8704","targetHints":{"allow":["GET"]}}],"collection":[{"href":"https:\/\/tempsetor.be\/galerie\/wp-json\/wp\/v2\/product"}],"about":[{"href":"https:\/\/tempsetor.be\/galerie\/wp-json\/wp\/v2\/types\/product"}],"wp:featuredmedia":[{"embeddable":true,"href":"https:\/\/tempsetor.be\/galerie\/wp-json\/wp\/v2\/media\/8705"}],"wp:attachment":[{"href":"https:\/\/tempsetor.be\/galerie\/wp-json\/wp\/v2\/media?parent=8704"}],"wp:term":[{"taxonomy":"product_brand","embeddable":true,"href":"https:\/\/tempsetor.be\/galerie\/wp-json\/wp\/v2\/product_brand?post=8704"},{"taxonomy":"product_cat","embeddable":true,"href":"https:\/\/tempsetor.be\/galerie\/wp-json\/wp\/v2\/product_cat?post=8704"},{"taxonomy":"product_tag","embeddable":true,"href":"https:\/\/tempsetor.be\/galerie\/wp-json\/wp\/v2\/product_tag?post=8704"}],"curies":[{"name":"wp","href":"https:\/\/api.w.org\/{rel}","templated":true}]}}