{"id":8714,"date":"2025-11-20T16:46:52","date_gmt":"2025-11-20T15:46:52","guid":{"rendered":"https:\/\/tempsetor.be\/galerie\/?post_type=product&#038;p=8714"},"modified":"2025-11-20T17:23:56","modified_gmt":"2025-11-20T16:23:56","slug":"montre-hommes-bulova-maquina-98a319","status":"publish","type":"product","link":"https:\/\/tempsetor.be\/galerie\/produit\/montre-hommes-bulova-maquina-98a319\/","title":{"rendered":"Montre hommes Bulova\u202f- Maquina\u202f- 98A319"},"content":{"rendered":"<p>La Bulova Maquina 98A319 est une montre automatique de 40 mm en acier, avec cadran bleu squelette, verre saphir antireflets et \u00e9tanch\u00e9it\u00e9 50 m, une pi\u00e8ce technique et \u00e9l\u00e9gante pour homme.<\/p>\n","protected":false},"excerpt":{"rendered":"<p><img loading=\"lazy\" decoding=\"async\" class=\"wp-image-4746 size-full alignleft\" src=\"https:\/\/tempsetor.be\/galerie\/wp-content\/uploads\/2019\/07\/Bulova-150px.png\" alt=\"Bulova logo\" width=\"150\" height=\"28\" srcset=\"https:\/\/tempsetor.be\/galerie\/wp-content\/uploads\/2019\/07\/Bulova-150px.png 150w, https:\/\/tempsetor.be\/galerie\/wp-content\/uploads\/2019\/07\/Bulova-150px-50x9.png 50w\" sizes=\"auto, (max-width:767px) 150px, 150px\" \/><\/p>\n<p data-start=\"2697\" data-end=\"3193\">La Bulova Maquina 98A319 incarne l\u2019alliance parfaite entre esth\u00e9tique contemporaine et m\u00e9canique horlog\u00e8re traditionnelle. Son bo\u00eetier acier de 40 mm accueille un cadran bleu \u00e0 ouverture \u00ab squelette \u00bb qui met en lumi\u00e8re le mouvement automatique Miyota 8N26. Le verre saphir antireflets assure une lisibilit\u00e9 optimale et une \u00e9l\u00e9gance durable.<\/p>\n<p data-start=\"2697\" data-end=\"3193\">Les aiguilles et index or-rose, dot\u00e9s d\u2019un remplissage luminescent, apportent une subtile touche de raffinement. Gr\u00e2ce \u00e0 son \u00e9tanch\u00e9it\u00e9 50 m, cette montre vous accompagne \u00e0 chaque instant avec fiabilit\u00e9. Le bracelet acier argent\u00e9 avec fermoir d\u00e9ployant compl\u00e8te l\u2019ensemble et garantit un ajustement soign\u00e9. Le fond transparent permet d\u2019admirer les rouages en mouvement, affirmant la dimension m\u00e9canique de cette montre. La Maquina 98A319 s\u2019adresse \u00e0 l\u2019homme qui appr\u00e9cie la pr\u00e9cision visible et le style ma\u00eetris\u00e9.<\/p>\n<p>D\u00e9j\u00e0 garanties 2 ans, la bijouterie <strong>Temps &amp; OR<\/strong> vous apporte une confiance suppl\u00e9mentaire pour ces produits. Selon vos besoins, ces montres peuvent \u00eatre \u00e9galement r\u00e9serv\u00e9es \u00e0 la bijouterie. La mise \u00e0 mesure offerte ainsi qu&#8217;un emballage cadeau vous y seront propos\u00e9s.<\/p>\n<p><div class=\"alert alert_error\"><div class=\"alert_icon\"><svg viewBox=\"0 0 28 28\"><defs><style>.path{fill:none;stroke:#000;stroke-miterlimit:10;stroke-width:1.5px;}<\/style><\/defs><g><circle cx=\"14\" cy=\"20\" r=\"0.33\" class=\"path\"\/><line x1=\"14\" y1=\"8.72\" x2=\"14\" y2=\"16.72\" class=\"path\"\/><path d=\"M12.6,3.42,1.54,22.58A1.61,1.61,0,0,0,2.93,25H25.07a1.61,1.61,0,0,0,1.39-2.42L15.4,3.42A1.61,1.61,0,0,0,12.6,3.42Z\" class=\"path\"\/><\/g><\/svg><\/div><div class=\"alert_wrapper\">Le montant affich\u00e9 peut \u00eatre modifi\u00e9 par le fournisseur sans que nous en soyons inform\u00e9s. Une diff\u00e9rence entre le prix affich\u00e9 ici et en magasin reste possible.<\/div><a href=\"#\" class=\"close mfn-close-icon\"><span class=\"icon\">\u2715<\/span><\/a><\/div>\n<div class=\"alert alert_info\"><div class=\"alert_icon\"><svg viewBox=\"0 0 28 28\"><defs><style>.path{fill:none;stroke:#000;stroke-miterlimit:10;stroke-width:1.5px;}<\/style><\/defs><g><circle class=\"path\" cx=\"14\" cy=\"14\" r=\"12\"\/><path class=\"path\" d=\"M11.2,9.12a3.4,3.4,0,0,1,3-1.69,2.84,2.84,0,0,1,3,2.76,3.16,3.16,0,0,1-.84,2.23c-.63.74-1.58,1.18-2.19,1.88a1,1,0,0,0-.26.64v2.32\"\/><circle class=\"path\" cx=\"14\" cy=\"20\" r=\"0.33\"\/><\/g><\/svg><\/div><div class=\"alert_wrapper\">Faites vos demandes particuli\u00e8res ou passez votre commande via ce formulaire <\/div><a href=\"#\" class=\"close mfn-close-icon\"><span class=\"icon\">\u2715<\/span><\/a><\/div>\n <a class=\"button  button_size_3\" href=\"https:\/\/tempsetor.be\/galerie\/ma-commande\/\"     target=\"_blank\"    title=\"\"><span class=\"button_label\">&gt; Formulaire<\/span><\/a>\n<\/p>\n","protected":false},"featured_media":8715,"template":"","meta":{"_monsterinsights_skip_tracking":false,"_monsterinsights_sitenote_active":false,"_monsterinsights_sitenote_note":"","_monsterinsights_sitenote_category":0},"product_brand":[],"product_cat":[1216,40,39],"product_tag":[],"class_list":{"0":"post-8714","1":"product","2":"type-product","3":"status-publish","4":"has-post-thumbnail","6":"product_cat-bulova-hommes","7":"product_cat-montres-hommes","8":"product_cat-hommes","10":"first","11":"instock","12":"shipping-taxable","13":"purchasable","14":"product-type-simple"},"_links":{"self":[{"href":"https:\/\/tempsetor.be\/galerie\/wp-json\/wp\/v2\/product\/8714","targetHints":{"allow":["GET"]}}],"collection":[{"href":"https:\/\/tempsetor.be\/galerie\/wp-json\/wp\/v2\/product"}],"about":[{"href":"https:\/\/tempsetor.be\/galerie\/wp-json\/wp\/v2\/types\/product"}],"wp:featuredmedia":[{"embeddable":true,"href":"https:\/\/tempsetor.be\/galerie\/wp-json\/wp\/v2\/media\/8715"}],"wp:attachment":[{"href":"https:\/\/tempsetor.be\/galerie\/wp-json\/wp\/v2\/media?parent=8714"}],"wp:term":[{"taxonomy":"product_brand","embeddable":true,"href":"https:\/\/tempsetor.be\/galerie\/wp-json\/wp\/v2\/product_brand?post=8714"},{"taxonomy":"product_cat","embeddable":true,"href":"https:\/\/tempsetor.be\/galerie\/wp-json\/wp\/v2\/product_cat?post=8714"},{"taxonomy":"product_tag","embeddable":true,"href":"https:\/\/tempsetor.be\/galerie\/wp-json\/wp\/v2\/product_tag?post=8714"}],"curies":[{"name":"wp","href":"https:\/\/api.w.org\/{rel}","templated":true}]}}