{"id":8718,"date":"2025-11-20T17:29:10","date_gmt":"2025-11-20T16:29:10","guid":{"rendered":"https:\/\/tempsetor.be\/galerie\/?post_type=product&#038;p=8718"},"modified":"2025-11-20T17:37:00","modified_gmt":"2025-11-20T16:37:00","slug":"montre-hommes-bulova-surveyor-96b469","status":"publish","type":"product","link":"https:\/\/tempsetor.be\/galerie\/produit\/montre-hommes-bulova-surveyor-96b469\/","title":{"rendered":"Montre hommes Bulova\u202f- Surveyor &#8211; 96B469"},"content":{"rendered":"<p>La Bulova\u202f96B469 de la collection Surveyor : bo\u00eetier acier 39\u202fmm, cadran bleu clair sunray, mouvement automatique \u00e0 r\u00e9serve de marche 42\u202fh, verre saphir et bracelet acier argent, une montre \u00e9l\u00e9gante et performante au quotidien.<\/p>\n","protected":false},"excerpt":{"rendered":"<p><img loading=\"lazy\" decoding=\"async\" class=\"wp-image-4746 size-full alignleft\" src=\"https:\/\/tempsetor.be\/galerie\/wp-content\/uploads\/2019\/07\/Bulova-150px.png\" alt=\"Bulova logo\" width=\"150\" height=\"28\" srcset=\"https:\/\/tempsetor.be\/galerie\/wp-content\/uploads\/2019\/07\/Bulova-150px.png 150w, https:\/\/tempsetor.be\/galerie\/wp-content\/uploads\/2019\/07\/Bulova-150px-50x9.png 50w\" sizes=\"auto, (max-width:767px) 150px, 150px\" \/><\/p>\n<p data-start=\"3808\" data-end=\"4277\">La montre Bulova 96B469, issue de la collection Surveyor, s\u2019impose comme une alliance subtile entre design moderne et excellence m\u00e9canique. Son bo\u00eetier en acier inoxydable de 39\u202fmm h\u00e9berge un cadran bleu clair \u00e0 finition soleil, habill\u00e9 d\u2019aiguilles et d\u2019index argent\u00e9s luminescents pour garantir lisibilit\u00e9 et \u00e9l\u00e9gance. Le verre saphir anti\u2011rayures assure une protection optimale, tandis que le fond transparent invite \u00e0 contempler le mouvement automatique en action.<\/p>\n<p data-start=\"4279\" data-end=\"4591\">Ce mouvement automatique (calibre Miyota\u202f8215\/8215\u201133E) dispose d\u2019une r\u00e9serve de marche d\u2019environ 42 heures, assurant une performance horlog\u00e8re fiable. Le bracelet en acier argent compl\u00e8te la silhouette, alliant confort et finesse, et se marie parfaitement avec le bo\u00eetier pour un ensemble coh\u00e9rent et raffin\u00e9.<\/p>\n<p data-start=\"4593\" data-end=\"4848\">\u00c9tanche jusqu\u2019\u00e0 3\u202fbar (30\u202fm), cette montre est adapt\u00e9e aux activit\u00e9s quotidiennes en toute sobri\u00e9t\u00e9. Avec ses lignes \u00e9pur\u00e9es, sa finition soign\u00e9e et son \u00e9quilibre dimensionnel, elle convient tant \u00e0 un usage professionnel qu\u2019\u00e0 un moment de d\u00e9tente styl\u00e9.<\/p>\n<p data-start=\"4850\" data-end=\"4996\">Un excellent choix pour l\u2019amateur de belle horlogerie qui recherche une pi\u00e8ce distinctive sans exc\u00e8s, incarnant \u00e0 la fois discr\u00e9tion et caract\u00e8re.<\/p>\n<p>D\u00e9j\u00e0 garanties 2 ans, la bijouterie <strong>Temps &amp; OR<\/strong> vous apporte une confiance suppl\u00e9mentaire pour ces produits. Selon vos besoins, ces montres peuvent \u00eatre \u00e9galement r\u00e9serv\u00e9es \u00e0 la bijouterie. La mise \u00e0 mesure offerte ainsi qu&#8217;un emballage cadeau vous y seront propos\u00e9s.<\/p>\n<p><div class=\"alert alert_error\"><div class=\"alert_icon\"><svg viewBox=\"0 0 28 28\"><defs><style>.path{fill:none;stroke:#000;stroke-miterlimit:10;stroke-width:1.5px;}<\/style><\/defs><g><circle cx=\"14\" cy=\"20\" r=\"0.33\" class=\"path\"\/><line x1=\"14\" y1=\"8.72\" x2=\"14\" y2=\"16.72\" class=\"path\"\/><path d=\"M12.6,3.42,1.54,22.58A1.61,1.61,0,0,0,2.93,25H25.07a1.61,1.61,0,0,0,1.39-2.42L15.4,3.42A1.61,1.61,0,0,0,12.6,3.42Z\" class=\"path\"\/><\/g><\/svg><\/div><div class=\"alert_wrapper\">Le montant affich\u00e9 peut \u00eatre modifi\u00e9 par le fournisseur sans que nous en soyons inform\u00e9s. Une diff\u00e9rence entre le prix affich\u00e9 ici et en magasin reste possible.<\/div><a href=\"#\" class=\"close mfn-close-icon\"><span class=\"icon\">\u2715<\/span><\/a><\/div>\n<div class=\"alert alert_info\"><div class=\"alert_icon\"><svg viewBox=\"0 0 28 28\"><defs><style>.path{fill:none;stroke:#000;stroke-miterlimit:10;stroke-width:1.5px;}<\/style><\/defs><g><circle class=\"path\" cx=\"14\" cy=\"14\" r=\"12\"\/><path class=\"path\" d=\"M11.2,9.12a3.4,3.4,0,0,1,3-1.69,2.84,2.84,0,0,1,3,2.76,3.16,3.16,0,0,1-.84,2.23c-.63.74-1.58,1.18-2.19,1.88a1,1,0,0,0-.26.64v2.32\"\/><circle class=\"path\" cx=\"14\" cy=\"20\" r=\"0.33\"\/><\/g><\/svg><\/div><div class=\"alert_wrapper\">Faites vos demandes particuli\u00e8res ou passez votre commande via ce formulaire <\/div><a href=\"#\" class=\"close mfn-close-icon\"><span class=\"icon\">\u2715<\/span><\/a><\/div>\n <a class=\"button  button_size_3\" href=\"https:\/\/tempsetor.be\/galerie\/ma-commande\/\"     target=\"_blank\"    title=\"\"><span class=\"button_label\">&gt; Formulaire<\/span><\/a>\n<\/p>\n","protected":false},"featured_media":8719,"template":"","meta":{"_monsterinsights_skip_tracking":false,"_monsterinsights_sitenote_active":false,"_monsterinsights_sitenote_note":"","_monsterinsights_sitenote_category":0},"product_brand":[],"product_cat":[1216,40,39],"product_tag":[],"class_list":{"0":"post-8718","1":"product","2":"type-product","3":"status-publish","4":"has-post-thumbnail","6":"product_cat-bulova-hommes","7":"product_cat-montres-hommes","8":"product_cat-hommes","10":"first","11":"instock","12":"shipping-taxable","13":"purchasable","14":"product-type-simple"},"_links":{"self":[{"href":"https:\/\/tempsetor.be\/galerie\/wp-json\/wp\/v2\/product\/8718","targetHints":{"allow":["GET"]}}],"collection":[{"href":"https:\/\/tempsetor.be\/galerie\/wp-json\/wp\/v2\/product"}],"about":[{"href":"https:\/\/tempsetor.be\/galerie\/wp-json\/wp\/v2\/types\/product"}],"wp:featuredmedia":[{"embeddable":true,"href":"https:\/\/tempsetor.be\/galerie\/wp-json\/wp\/v2\/media\/8719"}],"wp:attachment":[{"href":"https:\/\/tempsetor.be\/galerie\/wp-json\/wp\/v2\/media?parent=8718"}],"wp:term":[{"taxonomy":"product_brand","embeddable":true,"href":"https:\/\/tempsetor.be\/galerie\/wp-json\/wp\/v2\/product_brand?post=8718"},{"taxonomy":"product_cat","embeddable":true,"href":"https:\/\/tempsetor.be\/galerie\/wp-json\/wp\/v2\/product_cat?post=8718"},{"taxonomy":"product_tag","embeddable":true,"href":"https:\/\/tempsetor.be\/galerie\/wp-json\/wp\/v2\/product_tag?post=8718"}],"curies":[{"name":"wp","href":"https:\/\/api.w.org\/{rel}","templated":true}]}}