{"id":8724,"date":"2025-11-25T18:11:25","date_gmt":"2025-11-25T17:11:25","guid":{"rendered":"https:\/\/tempsetor.be\/galerie\/?post_type=product&#038;p=8724"},"modified":"2025-11-25T19:42:17","modified_gmt":"2025-11-25T18:42:17","slug":"montre-hommes-vostok-europe-batiscafos-nh35-511e767","status":"publish","type":"product","link":"https:\/\/tempsetor.be\/galerie\/produit\/montre-hommes-vostok-europe-batiscafos-nh35-511e767\/","title":{"rendered":"Montre hommes Vostok Europe &#8211; Batiscafos &#8211; NH35-511E767"},"content":{"rendered":"<p>La Vostok Europe Batiscafos Automatic\u202fNH35\u2011511E767 allie bo\u00eetier acier 49,7\u202fmm, mouvement automatique NH35, verre K1 anti\u2011reflets et \u00e9tanch\u00e9it\u00e9 jusqu\u2019\u00e0 300\u202fm, pour imposer un style robuste et technique \u00e0 votre poignet.<\/p>\n","protected":false},"excerpt":{"rendered":"<h3><img loading=\"lazy\" decoding=\"async\" class=\"wp-image-4711 size-full alignleft\" src=\"https:\/\/tempsetor.be\/galerie\/wp-content\/uploads\/2019\/06\/vostok-e1561723260858.png\" alt=\"Logo Vostok Europe\" width=\"149\" height=\"94\" \/><\/h3>\n<p>La montre Vostok Europe Batiscafos Automatic\u202fNH35\u2011511E767 est un mod\u00e8le masculin alliant design affirm\u00e9 et performances techniques. Son bo\u00eetier en acier inoxydable de 49,7\u202fmm de diam\u00e8tre et 17,2\u202fmm d\u2019\u00e9paisseur impose une pr\u00e9sence forte au poignet. Le cadran noir est prot\u00e9g\u00e9 par un verre K1 durci trait\u00e9 anti\u2011reflets, et les aiguilles et index argent\u00e9s sont illumin\u00e9s par Super\u2011LumiNova et tubes de tritium (GTLS) pour une lisibilit\u00e9 excellente m\u00eame en basse lumi\u00e8re. Le mouvement automatique japonais SII\/Seiko NH35, dot\u00e9 de 24\u202frubis et d\u2019une r\u00e9serve de marche d\u2019environ 41\u202fheures, permet remontage manuel et pr\u00e9cision fiable.<\/p>\n<p>L\u2019\u00e9tanch\u00e9it\u00e9 garantie jusqu\u2019\u00e0 30\u202fATM (300\u202fm) ainsi que la lunette unidirectionnelle 60\u202fclics font de cette montre un v\u00e9ritable instrument de plong\u00e9e. Le bracelet d\u2019une largeur de 24\u202fmm, disponible en version cuir ou silicone selon mod\u00e8le, assure un maintien confortable. Cette montre se distingue \u00e9galement par son guichet de date, son fond transparent permettant d\u2019admirer le rotor d\u00e9cor\u00e9 et son style audacieux issu de la collection Batiscafos, inspir\u00e9e des bathyscaphes con\u00e7us pour les grandes profondeurs.<\/p>\n<p>D\u00e9j\u00e0 garanties 2 ans, le service apr\u00e8s-vente de la bijouterie <strong>Temps &amp; OR<\/strong> vous apporte une confiance suppl\u00e9mentaire pour ces produits. Selon vos besoins, ces montres peuvent \u00eatre \u00e9galement r\u00e9serv\u00e9es \u00e0 la bijouterie. La mise \u00e0 mesure offerte ainsi qu&#8217;un emballage cadeau vous y seront propos\u00e9s.<\/p>\n<p><div class=\"alert alert_error\"><div class=\"alert_icon\"><svg viewBox=\"0 0 28 28\"><defs><style>.path{fill:none;stroke:#000;stroke-miterlimit:10;stroke-width:1.5px;}<\/style><\/defs><g><circle cx=\"14\" cy=\"20\" r=\"0.33\" class=\"path\"\/><line x1=\"14\" y1=\"8.72\" x2=\"14\" y2=\"16.72\" class=\"path\"\/><path d=\"M12.6,3.42,1.54,22.58A1.61,1.61,0,0,0,2.93,25H25.07a1.61,1.61,0,0,0,1.39-2.42L15.4,3.42A1.61,1.61,0,0,0,12.6,3.42Z\" class=\"path\"\/><\/g><\/svg><\/div><div class=\"alert_wrapper\">Le montant affich\u00e9 peut \u00eatre modifi\u00e9 par le fournisseur sans que nous en soyons inform\u00e9s. Une diff\u00e9rence entre le prix affich\u00e9 ici et en magasin reste possible.<\/div><a href=\"#\" class=\"close mfn-close-icon\"><span class=\"icon\">\u2715<\/span><\/a><\/div>\n<div class=\"alert alert_info\"><div class=\"alert_icon\"><svg viewBox=\"0 0 28 28\"><defs><style>.path{fill:none;stroke:#000;stroke-miterlimit:10;stroke-width:1.5px;}<\/style><\/defs><g><circle class=\"path\" cx=\"14\" cy=\"14\" r=\"12\"\/><path class=\"path\" d=\"M11.2,9.12a3.4,3.4,0,0,1,3-1.69,2.84,2.84,0,0,1,3,2.76,3.16,3.16,0,0,1-.84,2.23c-.63.74-1.58,1.18-2.19,1.88a1,1,0,0,0-.26.64v2.32\"\/><circle class=\"path\" cx=\"14\" cy=\"20\" r=\"0.33\"\/><\/g><\/svg><\/div><div class=\"alert_wrapper\">Faites vos demandes particuli\u00e8res ou passez votre commande via ce formulaire <\/div><a href=\"#\" class=\"close mfn-close-icon\"><span class=\"icon\">\u2715<\/span><\/a><\/div>\n <a class=\"button  button_size_3\" href=\"https:\/\/tempsetor.be\/galerie\/ma-commande\/\"     target=\"_blank\"    title=\"\"><span class=\"button_label\">&gt; Formulaire<\/span><\/a>\n<\/p>\n","protected":false},"featured_media":8725,"template":"","meta":{"_monsterinsights_skip_tracking":false,"_monsterinsights_sitenote_active":false,"_monsterinsights_sitenote_note":"","_monsterinsights_sitenote_category":0},"product_brand":[],"product_cat":[40,39,1186],"product_tag":[],"class_list":{"0":"post-8724","1":"product","2":"type-product","3":"status-publish","4":"has-post-thumbnail","6":"product_cat-montres-hommes","7":"product_cat-hommes","8":"product_cat-vostok-europe-hommes","10":"first","11":"instock","12":"shipping-taxable","13":"purchasable","14":"product-type-simple"},"_links":{"self":[{"href":"https:\/\/tempsetor.be\/galerie\/wp-json\/wp\/v2\/product\/8724","targetHints":{"allow":["GET"]}}],"collection":[{"href":"https:\/\/tempsetor.be\/galerie\/wp-json\/wp\/v2\/product"}],"about":[{"href":"https:\/\/tempsetor.be\/galerie\/wp-json\/wp\/v2\/types\/product"}],"wp:featuredmedia":[{"embeddable":true,"href":"https:\/\/tempsetor.be\/galerie\/wp-json\/wp\/v2\/media\/8725"}],"wp:attachment":[{"href":"https:\/\/tempsetor.be\/galerie\/wp-json\/wp\/v2\/media?parent=8724"}],"wp:term":[{"taxonomy":"product_brand","embeddable":true,"href":"https:\/\/tempsetor.be\/galerie\/wp-json\/wp\/v2\/product_brand?post=8724"},{"taxonomy":"product_cat","embeddable":true,"href":"https:\/\/tempsetor.be\/galerie\/wp-json\/wp\/v2\/product_cat?post=8724"},{"taxonomy":"product_tag","embeddable":true,"href":"https:\/\/tempsetor.be\/galerie\/wp-json\/wp\/v2\/product_tag?post=8724"}],"curies":[{"name":"wp","href":"https:\/\/api.w.org\/{rel}","templated":true}]}}