{"id":8727,"date":"2025-11-25T19:37:44","date_gmt":"2025-11-25T18:37:44","guid":{"rendered":"https:\/\/tempsetor.be\/galerie\/?post_type=product&#038;p=8727"},"modified":"2025-11-25T19:43:22","modified_gmt":"2025-11-25T18:43:22","slug":"montre-hommes-vostok-europe-batiscafos-nh35-511e768","status":"publish","type":"product","link":"https:\/\/tempsetor.be\/galerie\/produit\/montre-hommes-vostok-europe-batiscafos-nh35-511e768\/","title":{"rendered":"Montre hommes Vostok Europe &#8211; Batiscafos &#8211; NH35-511E768"},"content":{"rendered":"<p>La Vostok Europe Batiscafos Automatic\u202fNH35\u2011511E768 allie bo\u00eetier acier 49,7\u202fmm, mouvement automatique NH35, verre K1 anti\u2011reflets et \u00e9tanch\u00e9it\u00e9 300\u202fm pour un style audacieux et technique \u00e0 votre poignet.<\/p>\n","protected":false},"excerpt":{"rendered":"<h3><img loading=\"lazy\" decoding=\"async\" class=\"wp-image-4711 size-full alignleft\" src=\"https:\/\/tempsetor.be\/galerie\/wp-content\/uploads\/2019\/06\/vostok-e1561723260858.png\" alt=\"Logo Vostok Europe\" width=\"149\" height=\"94\" \/><\/h3>\n<p>La montre Vostok Europe Batiscafos Automatic\u202fNH35\u2011511E768 s\u2019impose comme un mod\u00e8le masculin m\u00ealant robustesse et grand format. Son bo\u00eetier en acier inoxydable de 49,7\u202fmm de diam\u00e8tre et 17,2\u202fmm d\u2019\u00e9paisseur offre une pr\u00e9sence marqu\u00e9e au poignet. Le cadran bleu est prot\u00e9g\u00e9 par un verre K1 durci trait\u00e9 anti\u2011reflets, tandis que les aiguilles et index b\u00e9n\u00e9ficient d\u2019un \u00e9clairage hybride Super\u2011LumiNova et tritium pour une lisibilit\u00e9 maximale dans l\u2019obscurit\u00e9.<\/p>\n<p>Le mouvement automatique japonais SII\/Seiko NH35, avec remontage manuel possible, 24\u202frubis et r\u00e9serve de marche d\u2019environ 41\u202fheures, garantit performance et fiabilit\u00e9. Avec une \u00e9tanch\u00e9it\u00e9 jusqu\u2019\u00e0 30\u202fATM (300\u202fm) et une lunette unidirectionnelle \u00e0 60\u202fclics, cette montre est con\u00e7ue pour la plong\u00e9e tout comme pour un style affirm\u00e9 en usage quotidien.<\/p>\n<p>Elle est livr\u00e9e avec bracelet 24\u202fmm en cuir et un bracelet silicone, permettant de varier les styles selon les occasions. Le guichet date \u00e0 3\u202fh, le fond transparent et l\u2019\u00e9dition limit\u00e9e ajoutent \u00e0 son caract\u00e8re unique.<\/p>\n<p>D\u00e9j\u00e0 garanties 2 ans, le service apr\u00e8s-vente de la bijouterie <strong>Temps &amp; OR<\/strong> vous apporte une confiance suppl\u00e9mentaire pour ces produits. Selon vos besoins, ces montres peuvent \u00eatre \u00e9galement r\u00e9serv\u00e9es \u00e0 la bijouterie. La mise \u00e0 mesure offerte ainsi qu&#8217;un emballage cadeau vous y seront propos\u00e9s.<\/p>\n<p><div class=\"alert alert_error\"><div class=\"alert_icon\"><svg viewBox=\"0 0 28 28\"><defs><style>.path{fill:none;stroke:#000;stroke-miterlimit:10;stroke-width:1.5px;}<\/style><\/defs><g><circle cx=\"14\" cy=\"20\" r=\"0.33\" class=\"path\"\/><line x1=\"14\" y1=\"8.72\" x2=\"14\" y2=\"16.72\" class=\"path\"\/><path d=\"M12.6,3.42,1.54,22.58A1.61,1.61,0,0,0,2.93,25H25.07a1.61,1.61,0,0,0,1.39-2.42L15.4,3.42A1.61,1.61,0,0,0,12.6,3.42Z\" class=\"path\"\/><\/g><\/svg><\/div><div class=\"alert_wrapper\">Le montant affich\u00e9 peut \u00eatre modifi\u00e9 par le fournisseur sans que nous en soyons inform\u00e9s. Une diff\u00e9rence entre le prix affich\u00e9 ici et en magasin reste possible.<\/div><a href=\"#\" class=\"close mfn-close-icon\"><span class=\"icon\">\u2715<\/span><\/a><\/div>\n<div class=\"alert alert_info\"><div class=\"alert_icon\"><svg viewBox=\"0 0 28 28\"><defs><style>.path{fill:none;stroke:#000;stroke-miterlimit:10;stroke-width:1.5px;}<\/style><\/defs><g><circle class=\"path\" cx=\"14\" cy=\"14\" r=\"12\"\/><path class=\"path\" d=\"M11.2,9.12a3.4,3.4,0,0,1,3-1.69,2.84,2.84,0,0,1,3,2.76,3.16,3.16,0,0,1-.84,2.23c-.63.74-1.58,1.18-2.19,1.88a1,1,0,0,0-.26.64v2.32\"\/><circle class=\"path\" cx=\"14\" cy=\"20\" r=\"0.33\"\/><\/g><\/svg><\/div><div class=\"alert_wrapper\">Faites vos demandes particuli\u00e8res ou passez votre commande via ce formulaire <\/div><a href=\"#\" class=\"close mfn-close-icon\"><span class=\"icon\">\u2715<\/span><\/a><\/div>\n <a class=\"button  button_size_3\" href=\"https:\/\/tempsetor.be\/galerie\/ma-commande\/\"     target=\"_blank\"    title=\"\"><span class=\"button_label\">&gt; Formulaire<\/span><\/a>\n<\/p>\n","protected":false},"featured_media":8728,"template":"","meta":{"_monsterinsights_skip_tracking":false,"_monsterinsights_sitenote_active":false,"_monsterinsights_sitenote_note":"","_monsterinsights_sitenote_category":0},"product_brand":[],"product_cat":[40,39,1186],"product_tag":[],"class_list":{"0":"post-8727","1":"product","2":"type-product","3":"status-publish","4":"has-post-thumbnail","6":"product_cat-montres-hommes","7":"product_cat-hommes","8":"product_cat-vostok-europe-hommes","10":"first","11":"instock","12":"shipping-taxable","13":"purchasable","14":"product-type-simple"},"_links":{"self":[{"href":"https:\/\/tempsetor.be\/galerie\/wp-json\/wp\/v2\/product\/8727","targetHints":{"allow":["GET"]}}],"collection":[{"href":"https:\/\/tempsetor.be\/galerie\/wp-json\/wp\/v2\/product"}],"about":[{"href":"https:\/\/tempsetor.be\/galerie\/wp-json\/wp\/v2\/types\/product"}],"wp:featuredmedia":[{"embeddable":true,"href":"https:\/\/tempsetor.be\/galerie\/wp-json\/wp\/v2\/media\/8728"}],"wp:attachment":[{"href":"https:\/\/tempsetor.be\/galerie\/wp-json\/wp\/v2\/media?parent=8727"}],"wp:term":[{"taxonomy":"product_brand","embeddable":true,"href":"https:\/\/tempsetor.be\/galerie\/wp-json\/wp\/v2\/product_brand?post=8727"},{"taxonomy":"product_cat","embeddable":true,"href":"https:\/\/tempsetor.be\/galerie\/wp-json\/wp\/v2\/product_cat?post=8727"},{"taxonomy":"product_tag","embeddable":true,"href":"https:\/\/tempsetor.be\/galerie\/wp-json\/wp\/v2\/product_tag?post=8727"}],"curies":[{"name":"wp","href":"https:\/\/api.w.org\/{rel}","templated":true}]}}