{"id":8730,"date":"2025-11-25T20:06:22","date_gmt":"2025-11-25T19:06:22","guid":{"rendered":"https:\/\/tempsetor.be\/galerie\/?post_type=product&#038;p=8730"},"modified":"2025-11-25T20:16:28","modified_gmt":"2025-11-25T19:16:28","slug":"montre-hommes-vostok-europe-expedition-nordpol-595d737-b","status":"publish","type":"product","link":"https:\/\/tempsetor.be\/galerie\/produit\/montre-hommes-vostok-europe-expedition-nordpol-595d737-b\/","title":{"rendered":"Montre hommes Vostok Europe &#8211; Expedition Nordpol &#8211; 595D737-B"},"content":{"rendered":"<p>Vostok\u202fEurope\u202fExpedition\u202fNordpol\u202f1 \u00ab\u202fPolar\u202fSunrice\u202f\u00bb VR42\u2011595D737\u2011B\u202f: bo\u00eetier acier 47\u202fmm PVD multicolore, \u00e9tanch\u00e9it\u00e9 20\u202fATM, mouvement solaire S.\u202fEpson\u202fVS57, bracelet cuir bleu + silicone\u202f; une montre masculine robuste et \u00e9l\u00e9gante pr\u00eate pour l\u2019aventure.<\/p>\n","protected":false},"excerpt":{"rendered":"<h3><img loading=\"lazy\" decoding=\"async\" class=\"wp-image-4711 size-full alignleft\" src=\"https:\/\/tempsetor.be\/galerie\/wp-content\/uploads\/2019\/06\/vostok-e1561723260858.png\" alt=\"Logo Vostok Europe\" width=\"149\" height=\"94\" \/><\/h3>\n<p>La Vostok\u202fEurope\u202fExpedition\u202fNordpol\u202f1 \u00ab\u202fPolar\u202fSunrice\u202f\u00bb VR42\u2011595D737\u2011B incarne \u00e0 la fois la performance horlog\u00e8re et l\u2019esprit d\u2019exploration polaire. Le bo\u00eetier acier inoxydable 316L de 47\u202fmm au traitement multicolore PVD affiche un diam\u00e8tre affirm\u00e9 et une pr\u00e9sence marquante au poignet. Le cadran multicolore, prot\u00e9g\u00e9 par un verre min\u00e9ral K1 extra\u2011durci, met en sc\u00e8ne des aiguilles et index rev\u00eatus de Super\u2011LumiNova pour garantir une lisibilit\u00e9 parfaite m\u00eame dans les environnements sombres. Le fond viss\u00e9 et la couronne viss\u00e9e assurent une \u00e9tanch\u00e9it\u00e9 jusqu\u2019\u00e0 20\u202fATM, id\u00e9ale pour les activit\u00e9s nautiques ou les conditions extr\u00eames.<\/p>\n<p>Le mouvement solaire S.\u202fEpson\u202fVS57 permet une recharge continue via la lumi\u00e8re et une autonomie pouvant aller jusqu\u2019\u00e0 quatre mois sans exposition. Le bracelet de 24\u202fmm, en cuir bleu fonc\u00e9, est assorti d\u2019un second bracelet en silicone pour maximiser confort et polyvalence. Parmi les sp\u00e9cificit\u00e9s, on rel\u00e8ve l\u2019indicateur de niveau de charge, un affichage 24\u202fh et une \u00e9chelle \u00ab\u202fPolar Daylight\u202f\u00bb indiquant la dur\u00e9e du jour dans les r\u00e9gions polaires. Cette montre s\u2019adresse \u00e0 l\u2019homme recherchant un mod\u00e8le au design audacieux, conjuguant robustesse technique, \u00e9l\u00e9gance et histoire d\u2019aventure.<\/p>\n<p>D\u00e9j\u00e0 garanties 2 ans, le service apr\u00e8s-vente de la bijouterie <strong>Temps &amp; OR<\/strong> vous apporte une confiance suppl\u00e9mentaire pour ces produits. Selon vos besoins, ces montres peuvent \u00eatre \u00e9galement r\u00e9serv\u00e9es \u00e0 la bijouterie. La mise \u00e0 mesure offerte ainsi qu&#8217;un emballage cadeau vous y seront propos\u00e9s.<\/p>\n<p><div class=\"alert alert_error\"><div class=\"alert_icon\"><svg viewBox=\"0 0 28 28\"><defs><style>.path{fill:none;stroke:#000;stroke-miterlimit:10;stroke-width:1.5px;}<\/style><\/defs><g><circle cx=\"14\" cy=\"20\" r=\"0.33\" class=\"path\"\/><line x1=\"14\" y1=\"8.72\" x2=\"14\" y2=\"16.72\" class=\"path\"\/><path d=\"M12.6,3.42,1.54,22.58A1.61,1.61,0,0,0,2.93,25H25.07a1.61,1.61,0,0,0,1.39-2.42L15.4,3.42A1.61,1.61,0,0,0,12.6,3.42Z\" class=\"path\"\/><\/g><\/svg><\/div><div class=\"alert_wrapper\">Le montant affich\u00e9 peut \u00eatre modifi\u00e9 par le fournisseur sans que nous en soyons inform\u00e9s. Une diff\u00e9rence entre le prix affich\u00e9 ici et en magasin reste possible.<\/div><a href=\"#\" class=\"close mfn-close-icon\"><span class=\"icon\">\u2715<\/span><\/a><\/div>\n<div class=\"alert alert_info\"><div class=\"alert_icon\"><svg viewBox=\"0 0 28 28\"><defs><style>.path{fill:none;stroke:#000;stroke-miterlimit:10;stroke-width:1.5px;}<\/style><\/defs><g><circle class=\"path\" cx=\"14\" cy=\"14\" r=\"12\"\/><path class=\"path\" d=\"M11.2,9.12a3.4,3.4,0,0,1,3-1.69,2.84,2.84,0,0,1,3,2.76,3.16,3.16,0,0,1-.84,2.23c-.63.74-1.58,1.18-2.19,1.88a1,1,0,0,0-.26.64v2.32\"\/><circle class=\"path\" cx=\"14\" cy=\"20\" r=\"0.33\"\/><\/g><\/svg><\/div><div class=\"alert_wrapper\">Faites vos demandes particuli\u00e8res ou passez votre commande via ce formulaire <\/div><a href=\"#\" class=\"close mfn-close-icon\"><span class=\"icon\">\u2715<\/span><\/a><\/div>\n <a class=\"button  button_size_3\" href=\"https:\/\/tempsetor.be\/galerie\/ma-commande\/\"     target=\"_blank\"    title=\"\"><span class=\"button_label\">&gt; Formulaire<\/span><\/a>\n<\/p>\n","protected":false},"featured_media":8731,"template":"","meta":{"_monsterinsights_skip_tracking":false,"_monsterinsights_sitenote_active":false,"_monsterinsights_sitenote_note":"","_monsterinsights_sitenote_category":0},"product_brand":[],"product_cat":[40,39,1186],"product_tag":[],"class_list":{"0":"post-8730","1":"product","2":"type-product","3":"status-publish","4":"has-post-thumbnail","6":"product_cat-montres-hommes","7":"product_cat-hommes","8":"product_cat-vostok-europe-hommes","10":"first","11":"instock","12":"shipping-taxable","13":"purchasable","14":"product-type-simple"},"_links":{"self":[{"href":"https:\/\/tempsetor.be\/galerie\/wp-json\/wp\/v2\/product\/8730","targetHints":{"allow":["GET"]}}],"collection":[{"href":"https:\/\/tempsetor.be\/galerie\/wp-json\/wp\/v2\/product"}],"about":[{"href":"https:\/\/tempsetor.be\/galerie\/wp-json\/wp\/v2\/types\/product"}],"wp:featuredmedia":[{"embeddable":true,"href":"https:\/\/tempsetor.be\/galerie\/wp-json\/wp\/v2\/media\/8731"}],"wp:attachment":[{"href":"https:\/\/tempsetor.be\/galerie\/wp-json\/wp\/v2\/media?parent=8730"}],"wp:term":[{"taxonomy":"product_brand","embeddable":true,"href":"https:\/\/tempsetor.be\/galerie\/wp-json\/wp\/v2\/product_brand?post=8730"},{"taxonomy":"product_cat","embeddable":true,"href":"https:\/\/tempsetor.be\/galerie\/wp-json\/wp\/v2\/product_cat?post=8730"},{"taxonomy":"product_tag","embeddable":true,"href":"https:\/\/tempsetor.be\/galerie\/wp-json\/wp\/v2\/product_tag?post=8730"}],"curies":[{"name":"wp","href":"https:\/\/api.w.org\/{rel}","templated":true}]}}