{"id":8732,"date":"2025-11-25T20:20:49","date_gmt":"2025-11-25T19:20:49","guid":{"rendered":"https:\/\/tempsetor.be\/galerie\/?post_type=product&#038;p=8732"},"modified":"2025-11-25T20:26:53","modified_gmt":"2025-11-25T19:26:53","slug":"montre-hommes-vostok-europe-expedition-south-pole-vr42-592a761","status":"publish","type":"product","link":"https:\/\/tempsetor.be\/galerie\/produit\/montre-hommes-vostok-europe-expedition-south-pole-vr42-592a761\/","title":{"rendered":"Montre hommes Vostok Europe &#8211; Expedition South Pole &#8211; VR42-592A761"},"content":{"rendered":"<p>La Vostok\u202fEurope\u202fExpedition\u202fSouth\u202fPole\u202fSolar\u202fChrono\u202fVR42\u2011592A761 allie technologie solaire et robustesse extr\u00eame : bo\u00eetier acier 43\u202fmm, verre K1 anti\u2011reflets, chronographe 30\u202fminutes, indicateur 24\u202fh, \u00e9tanch\u00e9it\u00e9 jusqu\u2019\u00e0 200\u202fm.<\/p>\n","protected":false},"excerpt":{"rendered":"<h3><img loading=\"lazy\" decoding=\"async\" class=\"wp-image-4711 size-full alignleft\" src=\"https:\/\/tempsetor.be\/galerie\/wp-content\/uploads\/2019\/06\/vostok-e1561723260858.png\" alt=\"Logo Vostok Europe\" width=\"149\" height=\"94\" \/><\/h3>\n<p data-start=\"3176\" data-end=\"3777\">La montre Vostok\u202fEurope\u202fExpedition\u202fSouth\u202fPole\u202fSolar\u202fChrono\u202fVR42\u2011592A761 s\u2019impose par son caract\u00e8re technique et son design affirm\u00e9. Elle est dot\u00e9e d\u2019un bo\u00eetier en acier inoxydable 316L de 43\u202fmm de diam\u00e8tre et environ 15,5\u202fmm d\u2019\u00e9paisseur, con\u00e7u pour r\u00e9sister aux conditions extr\u00eames. Le cadran, de fond noir, est prot\u00e9g\u00e9 par un verre min\u00e9ral K1 extra\u2011durci avec traitement anti\u2011reflets, et pr\u00e9sente des aiguilles et index recouverts de Super\u2011LumiNova pour garantir une lisibilit\u00e9 parfaite dans l\u2019obscurit\u00e9. Le bo\u00eetier est compl\u00e9t\u00e9 par une couronne viss\u00e9e et un fond viss\u00e9 pour renforcer la fiabilit\u00e9.<\/p>\n<p data-start=\"3779\" data-end=\"4142\">Il assure la fonction heures, minutes, secondes, chronographe 30\u202fminutes, indicateur 24\u202fh, guichet date et indicateur de niveau de charge.<\/p>\n<p data-start=\"4144\" data-end=\"4441\">L\u2019\u00e9tanch\u00e9it\u00e9 est certifi\u00e9e \u00e0 20\u202fATM (200\u202fm), ce qui en fait un mod\u00e8le adapt\u00e9 \u00e0 des usages vari\u00e9s allant de la vie urbaine aux environnements aquatiques. Le bracelet de 22\u202fmm est propos\u00e9 en versions cuir ou silicone selon choix, avec boucle ardillon en acier inoxydable, offrant confort et style.<\/p>\n<p>D\u00e9j\u00e0 garanties 2 ans, le service apr\u00e8s-vente de la bijouterie <strong>Temps &amp; OR<\/strong> vous apporte une confiance suppl\u00e9mentaire pour ces produits. Selon vos besoins, ces montres peuvent \u00eatre \u00e9galement r\u00e9serv\u00e9es \u00e0 la bijouterie. La mise \u00e0 mesure offerte ainsi qu&#8217;un emballage cadeau vous y seront propos\u00e9s.<\/p>\n<p><div class=\"alert alert_error\"><div class=\"alert_icon\"><svg viewBox=\"0 0 28 28\"><defs><style>.path{fill:none;stroke:#000;stroke-miterlimit:10;stroke-width:1.5px;}<\/style><\/defs><g><circle cx=\"14\" cy=\"20\" r=\"0.33\" class=\"path\"\/><line x1=\"14\" y1=\"8.72\" x2=\"14\" y2=\"16.72\" class=\"path\"\/><path d=\"M12.6,3.42,1.54,22.58A1.61,1.61,0,0,0,2.93,25H25.07a1.61,1.61,0,0,0,1.39-2.42L15.4,3.42A1.61,1.61,0,0,0,12.6,3.42Z\" class=\"path\"\/><\/g><\/svg><\/div><div class=\"alert_wrapper\">Le montant affich\u00e9 peut \u00eatre modifi\u00e9 par le fournisseur sans que nous en soyons inform\u00e9s. Une diff\u00e9rence entre le prix affich\u00e9 ici et en magasin reste possible.<\/div><a href=\"#\" class=\"close mfn-close-icon\"><span class=\"icon\">\u2715<\/span><\/a><\/div>\n<div class=\"alert alert_info\"><div class=\"alert_icon\"><svg viewBox=\"0 0 28 28\"><defs><style>.path{fill:none;stroke:#000;stroke-miterlimit:10;stroke-width:1.5px;}<\/style><\/defs><g><circle class=\"path\" cx=\"14\" cy=\"14\" r=\"12\"\/><path class=\"path\" d=\"M11.2,9.12a3.4,3.4,0,0,1,3-1.69,2.84,2.84,0,0,1,3,2.76,3.16,3.16,0,0,1-.84,2.23c-.63.74-1.58,1.18-2.19,1.88a1,1,0,0,0-.26.64v2.32\"\/><circle class=\"path\" cx=\"14\" cy=\"20\" r=\"0.33\"\/><\/g><\/svg><\/div><div class=\"alert_wrapper\">Faites vos demandes particuli\u00e8res ou passez votre commande via ce formulaire <\/div><a href=\"#\" class=\"close mfn-close-icon\"><span class=\"icon\">\u2715<\/span><\/a><\/div>\n <a class=\"button  button_size_3\" href=\"https:\/\/tempsetor.be\/galerie\/ma-commande\/\"     target=\"_blank\"    title=\"\"><span class=\"button_label\">&gt; Formulaire<\/span><\/a>\n<\/p>\n","protected":false},"featured_media":8733,"template":"","meta":{"_monsterinsights_skip_tracking":false,"_monsterinsights_sitenote_active":false,"_monsterinsights_sitenote_note":"","_monsterinsights_sitenote_category":0},"product_brand":[],"product_cat":[40,39,1186],"product_tag":[],"class_list":{"0":"post-8732","1":"product","2":"type-product","3":"status-publish","4":"has-post-thumbnail","6":"product_cat-montres-hommes","7":"product_cat-hommes","8":"product_cat-vostok-europe-hommes","10":"first","11":"instock","12":"shipping-taxable","13":"purchasable","14":"product-type-simple"},"_links":{"self":[{"href":"https:\/\/tempsetor.be\/galerie\/wp-json\/wp\/v2\/product\/8732","targetHints":{"allow":["GET"]}}],"collection":[{"href":"https:\/\/tempsetor.be\/galerie\/wp-json\/wp\/v2\/product"}],"about":[{"href":"https:\/\/tempsetor.be\/galerie\/wp-json\/wp\/v2\/types\/product"}],"wp:featuredmedia":[{"embeddable":true,"href":"https:\/\/tempsetor.be\/galerie\/wp-json\/wp\/v2\/media\/8733"}],"wp:attachment":[{"href":"https:\/\/tempsetor.be\/galerie\/wp-json\/wp\/v2\/media?parent=8732"}],"wp:term":[{"taxonomy":"product_brand","embeddable":true,"href":"https:\/\/tempsetor.be\/galerie\/wp-json\/wp\/v2\/product_brand?post=8732"},{"taxonomy":"product_cat","embeddable":true,"href":"https:\/\/tempsetor.be\/galerie\/wp-json\/wp\/v2\/product_cat?post=8732"},{"taxonomy":"product_tag","embeddable":true,"href":"https:\/\/tempsetor.be\/galerie\/wp-json\/wp\/v2\/product_tag?post=8732"}],"curies":[{"name":"wp","href":"https:\/\/api.w.org\/{rel}","templated":true}]}}