{"id":8734,"date":"2025-11-26T15:27:37","date_gmt":"2025-11-26T14:27:37","guid":{"rendered":"https:\/\/tempsetor.be\/galerie\/?post_type=product&#038;p=8734"},"modified":"2025-11-26T15:40:27","modified_gmt":"2025-11-26T14:40:27","slug":"montre-hommes-vostok-europe-space-race-chronographe-6s20-325a742","status":"publish","type":"product","link":"https:\/\/tempsetor.be\/galerie\/produit\/montre-hommes-vostok-europe-space-race-chronographe-6s20-325a742\/","title":{"rendered":"Montre hommes Vostok &#8211; Europe Space Race &#8211; Chronographe 6S20-325A742"},"content":{"rendered":"<p>Vostok Europe Space Race Chronograph 6S20-325A742 allie bo\u00eetier robuste en acier 46\u202fmm, mouvement quartz Miyota pr\u00e9cis, chronographe, tachym\u00e8tre, date, et \u00e9tanch\u00e9it\u00e9 20\u202fATM. Son cadran bleu, rehauss\u00e9 de Super\u2011LumiNova, offre une lisibilit\u00e9 parfaite de jour comme de nuit. Bracelet cuir bleu et design affirm\u00e9 : c\u2019est une montre aux lignes sportives et \u00e9l\u00e9gantes, pens\u00e9e pour les hommes actifs.<\/p>\n","protected":false},"excerpt":{"rendered":"<h3><img loading=\"lazy\" decoding=\"async\" class=\"wp-image-4711 size-full alignleft\" src=\"https:\/\/tempsetor.be\/galerie\/wp-content\/uploads\/2019\/06\/vostok-e1561723260858.png\" alt=\"Logo Vostok Europe\" width=\"149\" height=\"94\" \/><\/h3>\n<p data-start=\"3176\" data-end=\"3777\">La Space Race Chronograph 6S20-325A742 de Vostok Europe combine robustesse, style et pr\u00e9cision. Son bo\u00eetier en acier inoxydable de 46\u202fmm de diam\u00e8tre lui conf\u00e8re une pr\u00e9sence affirm\u00e9e au poignet, accentu\u00e9e par un cadran bleu profond prot\u00e9g\u00e9 par un cristal min\u00e9ral K1 tremp\u00e9 et anti\u2011reflets. Le mouvement quartz Miyota 6S20 garantit une mesure du temps fiable avec chronographe central, chronographe 60 minutes, 1\/20 de seconde, petite seconde et affichage de la date. Les aiguilles et index recouverts de Super\u2011LumiNova assurent une lisibilit\u00e9 optimale m\u00eame dans l\u2019obscurit\u00e9.<\/p>\n<p data-start=\"3176\" data-end=\"3777\">\u00c9tanche jusqu\u2019\u00e0 20 ATM, cette montre est con\u00e7ue pour r\u00e9sister aux al\u00e9as d\u2019un quotidien actif et accompagner les activit\u00e9s nautiques ou de plein air. Son bracelet cuir bleu (22\u202fmm) donne un style \u00e9l\u00e9gant et polyvalent, tandis qu\u2019il est possible d\u2019opter pour un bracelet silicone pour un look plus sportif. Cette \u00e9dition limit\u00e9e, num\u00e9rot\u00e9e, conf\u00e8re \u00e0 ce mod\u00e8le un caract\u00e8re exclusif, \u00e0 la fois chic et aventureux.<\/p>\n<p>D\u00e9j\u00e0 garanties 2 ans, le service apr\u00e8s-vente de la bijouterie <strong>Temps &amp; OR<\/strong> vous apporte une confiance suppl\u00e9mentaire pour ces produits. Selon vos besoins, ces montres peuvent \u00eatre \u00e9galement r\u00e9serv\u00e9es \u00e0 la bijouterie. La mise \u00e0 mesure offerte ainsi qu&#8217;un emballage cadeau vous y seront propos\u00e9s.<\/p>\n<p><div class=\"alert alert_error\"><div class=\"alert_icon\"><svg viewBox=\"0 0 28 28\"><defs><style>.path{fill:none;stroke:#000;stroke-miterlimit:10;stroke-width:1.5px;}<\/style><\/defs><g><circle cx=\"14\" cy=\"20\" r=\"0.33\" class=\"path\"\/><line x1=\"14\" y1=\"8.72\" x2=\"14\" y2=\"16.72\" class=\"path\"\/><path d=\"M12.6,3.42,1.54,22.58A1.61,1.61,0,0,0,2.93,25H25.07a1.61,1.61,0,0,0,1.39-2.42L15.4,3.42A1.61,1.61,0,0,0,12.6,3.42Z\" class=\"path\"\/><\/g><\/svg><\/div><div class=\"alert_wrapper\">Le montant affich\u00e9 peut \u00eatre modifi\u00e9 par le fournisseur sans que nous en soyons inform\u00e9s. Une diff\u00e9rence entre le prix affich\u00e9 ici et en magasin reste possible.<\/div><a href=\"#\" class=\"close mfn-close-icon\"><span class=\"icon\">\u2715<\/span><\/a><\/div>\n<div class=\"alert alert_info\"><div class=\"alert_icon\"><svg viewBox=\"0 0 28 28\"><defs><style>.path{fill:none;stroke:#000;stroke-miterlimit:10;stroke-width:1.5px;}<\/style><\/defs><g><circle class=\"path\" cx=\"14\" cy=\"14\" r=\"12\"\/><path class=\"path\" d=\"M11.2,9.12a3.4,3.4,0,0,1,3-1.69,2.84,2.84,0,0,1,3,2.76,3.16,3.16,0,0,1-.84,2.23c-.63.74-1.58,1.18-2.19,1.88a1,1,0,0,0-.26.64v2.32\"\/><circle class=\"path\" cx=\"14\" cy=\"20\" r=\"0.33\"\/><\/g><\/svg><\/div><div class=\"alert_wrapper\">Faites vos demandes particuli\u00e8res ou passez votre commande via ce formulaire <\/div><a href=\"#\" class=\"close mfn-close-icon\"><span class=\"icon\">\u2715<\/span><\/a><\/div>\n <a class=\"button  button_size_3\" href=\"https:\/\/tempsetor.be\/galerie\/ma-commande\/\"     target=\"_blank\"    title=\"\"><span class=\"button_label\">&gt; Formulaire<\/span><\/a>\n<\/p>\n","protected":false},"featured_media":8735,"template":"","meta":{"_monsterinsights_skip_tracking":false,"_monsterinsights_sitenote_active":false,"_monsterinsights_sitenote_note":"","_monsterinsights_sitenote_category":0},"product_brand":[],"product_cat":[40,39,1186],"product_tag":[],"class_list":{"0":"post-8734","1":"product","2":"type-product","3":"status-publish","4":"has-post-thumbnail","6":"product_cat-montres-hommes","7":"product_cat-hommes","8":"product_cat-vostok-europe-hommes","10":"first","11":"instock","12":"shipping-taxable","13":"purchasable","14":"product-type-simple"},"_links":{"self":[{"href":"https:\/\/tempsetor.be\/galerie\/wp-json\/wp\/v2\/product\/8734","targetHints":{"allow":["GET"]}}],"collection":[{"href":"https:\/\/tempsetor.be\/galerie\/wp-json\/wp\/v2\/product"}],"about":[{"href":"https:\/\/tempsetor.be\/galerie\/wp-json\/wp\/v2\/types\/product"}],"wp:featuredmedia":[{"embeddable":true,"href":"https:\/\/tempsetor.be\/galerie\/wp-json\/wp\/v2\/media\/8735"}],"wp:attachment":[{"href":"https:\/\/tempsetor.be\/galerie\/wp-json\/wp\/v2\/media?parent=8734"}],"wp:term":[{"taxonomy":"product_brand","embeddable":true,"href":"https:\/\/tempsetor.be\/galerie\/wp-json\/wp\/v2\/product_brand?post=8734"},{"taxonomy":"product_cat","embeddable":true,"href":"https:\/\/tempsetor.be\/galerie\/wp-json\/wp\/v2\/product_cat?post=8734"},{"taxonomy":"product_tag","embeddable":true,"href":"https:\/\/tempsetor.be\/galerie\/wp-json\/wp\/v2\/product_tag?post=8734"}],"curies":[{"name":"wp","href":"https:\/\/api.w.org\/{rel}","templated":true}]}}