{"id":8740,"date":"2025-11-26T16:06:20","date_gmt":"2025-11-26T15:06:20","guid":{"rendered":"https:\/\/tempsetor.be\/galerie\/?post_type=product&#038;p=8740"},"modified":"2025-11-26T16:15:48","modified_gmt":"2025-11-26T15:15:48","slug":"montre-hommes-vostok-europe-expedition-north-pole-polar-day-solar-24h-vs57-595a735","status":"publish","type":"product","link":"https:\/\/tempsetor.be\/galerie\/produit\/montre-hommes-vostok-europe-expedition-north-pole-polar-day-solar-24h-vs57-595a735\/","title":{"rendered":"Montre hommes Vostok &#8211; Europe Expedition North Pole &#8211; &#8216;Polar Day&#8217; Solar 24h &#8211; VS57-595A735"},"content":{"rendered":"<p>Vostok Europe Expedition North Pole 1 Solar \u2018Polar Day\u2019 VS57\u2011595A735 combine bo\u00eetier acier 47\u202fmm, verre min\u00e9ral K1 durci, mouvement \u00e0 \u00e9nergie solaire japonais S.\u202fEpson VS57, et \u00e9tanch\u00e9it\u00e9 20\u202fATM. Son double bracelet (cuir + silicone), son affichage 24\u202fh, son indicateur de niveau d\u2019\u00e9nergie et sa fonction \u00ab Polar Daylight \u00bb en font un garde\u2011temps \u00e0 la fois robuste, polyvalent et id\u00e9al pour l\u2019aventure. Un mod\u00e8le solaire moderne et audacieux.<\/p>\n","protected":false},"excerpt":{"rendered":"<h3><img loading=\"lazy\" decoding=\"async\" class=\"wp-image-4711 size-full alignleft\" src=\"https:\/\/tempsetor.be\/galerie\/wp-content\/uploads\/2019\/06\/vostok-e1561723260858.png\" alt=\"Logo Vostok Europe\" width=\"149\" height=\"94\" \/><\/h3>\n<p data-start=\"531\" data-end=\"1092\">La Vostok Europe Expedition North Pole 1 Solar \u2018Polar Day\u2019 VS57\u2011595A735 est con\u00e7ue pour r\u00e9sister aux conditions les plus extr\u00eames. Son bo\u00eetier en acier inoxydable 316L de 47 mm de diam\u00e8tre et 17 mm d&#8217;\u00e9paisseur lui conf\u00e8re une solidit\u00e9 remarquable, tandis que son verre min\u00e9ral K1 durci avec traitement antireflets garantit une lisibilit\u00e9 optimale en toutes circonstances. Le cadran multicolore, rehauss\u00e9 d\u2019aiguilles et d\u2019index recouverts de Super\u2011LumiNova, offre une lecture claire de jour comme de nuit. Le fond est viss\u00e9 pour assurer une protection renforc\u00e9e.<\/p>\n<p data-start=\"1094\" data-end=\"1525\">Elle est anim\u00e9e par un mouvement solaire japonais S. Epson VS57, qui se recharge par la lumi\u00e8re naturelle ou artificielle et offre une autonomie pouvant atteindre 4 mois sans exposition. La montre dispose d\u2019un affichage 24 heures, d\u2019un indicateur de niveau de charge, d\u2019un guichet de date ainsi que d\u2019une fonction originale d\u2019\u00e9chelle &#8220;Polar Daylight&#8221;, illustrant la dur\u00e9e du jour selon la saison, inspir\u00e9e des conditions polaires.<\/p>\n<p data-start=\"1527\" data-end=\"1897\">La montre est livr\u00e9e avec deux bracelets interchangeables sans outil : un en cuir et un en silicone, chacun adapt\u00e9 \u00e0 des usages diff\u00e9rents. La largeur entre-cornes est de 24 mm. Gr\u00e2ce \u00e0 son \u00e9tanch\u00e9it\u00e9 de 20 ATM, elle est pr\u00eate pour la natation, les sports nautiques ou les activit\u00e9s intenses. Chaque exemplaire est num\u00e9rot\u00e9, car ce mod\u00e8le est produit en \u00e9dition limit\u00e9e.<\/p>\n<p>D\u00e9j\u00e0 garanties 2 ans, le service apr\u00e8s-vente de la bijouterie <strong>Temps &amp; OR<\/strong> vous apporte une confiance suppl\u00e9mentaire pour ces produits. Selon vos besoins, ces montres peuvent \u00eatre \u00e9galement r\u00e9serv\u00e9es \u00e0 la bijouterie. La mise \u00e0 mesure offerte ainsi qu&#8217;un emballage cadeau vous y seront propos\u00e9s.<\/p>\n<p><div class=\"alert alert_error\"><div class=\"alert_icon\"><svg viewBox=\"0 0 28 28\"><defs><style>.path{fill:none;stroke:#000;stroke-miterlimit:10;stroke-width:1.5px;}<\/style><\/defs><g><circle cx=\"14\" cy=\"20\" r=\"0.33\" class=\"path\"\/><line x1=\"14\" y1=\"8.72\" x2=\"14\" y2=\"16.72\" class=\"path\"\/><path d=\"M12.6,3.42,1.54,22.58A1.61,1.61,0,0,0,2.93,25H25.07a1.61,1.61,0,0,0,1.39-2.42L15.4,3.42A1.61,1.61,0,0,0,12.6,3.42Z\" class=\"path\"\/><\/g><\/svg><\/div><div class=\"alert_wrapper\">Le montant affich\u00e9 peut \u00eatre modifi\u00e9 par le fournisseur sans que nous en soyons inform\u00e9s. Une diff\u00e9rence entre le prix affich\u00e9 ici et en magasin reste possible.<\/div><a href=\"#\" class=\"close mfn-close-icon\"><span class=\"icon\">\u2715<\/span><\/a><\/div>\n<div class=\"alert alert_info\"><div class=\"alert_icon\"><svg viewBox=\"0 0 28 28\"><defs><style>.path{fill:none;stroke:#000;stroke-miterlimit:10;stroke-width:1.5px;}<\/style><\/defs><g><circle class=\"path\" cx=\"14\" cy=\"14\" r=\"12\"\/><path class=\"path\" d=\"M11.2,9.12a3.4,3.4,0,0,1,3-1.69,2.84,2.84,0,0,1,3,2.76,3.16,3.16,0,0,1-.84,2.23c-.63.74-1.58,1.18-2.19,1.88a1,1,0,0,0-.26.64v2.32\"\/><circle class=\"path\" cx=\"14\" cy=\"20\" r=\"0.33\"\/><\/g><\/svg><\/div><div class=\"alert_wrapper\">Faites vos demandes particuli\u00e8res ou passez votre commande via ce formulaire <\/div><a href=\"#\" class=\"close mfn-close-icon\"><span class=\"icon\">\u2715<\/span><\/a><\/div>\n <a class=\"button  button_size_3\" href=\"https:\/\/tempsetor.be\/galerie\/ma-commande\/\"     target=\"_blank\"    title=\"\"><span class=\"button_label\">&gt; Formulaire<\/span><\/a>\n<\/p>\n","protected":false},"featured_media":8742,"template":"","meta":{"_monsterinsights_skip_tracking":false,"_monsterinsights_sitenote_active":false,"_monsterinsights_sitenote_note":"","_monsterinsights_sitenote_category":0},"product_brand":[],"product_cat":[40,39,1186],"product_tag":[],"class_list":{"0":"post-8740","1":"product","2":"type-product","3":"status-publish","4":"has-post-thumbnail","6":"product_cat-montres-hommes","7":"product_cat-hommes","8":"product_cat-vostok-europe-hommes","10":"first","11":"instock","12":"shipping-taxable","13":"purchasable","14":"product-type-simple"},"_links":{"self":[{"href":"https:\/\/tempsetor.be\/galerie\/wp-json\/wp\/v2\/product\/8740","targetHints":{"allow":["GET"]}}],"collection":[{"href":"https:\/\/tempsetor.be\/galerie\/wp-json\/wp\/v2\/product"}],"about":[{"href":"https:\/\/tempsetor.be\/galerie\/wp-json\/wp\/v2\/types\/product"}],"wp:featuredmedia":[{"embeddable":true,"href":"https:\/\/tempsetor.be\/galerie\/wp-json\/wp\/v2\/media\/8742"}],"wp:attachment":[{"href":"https:\/\/tempsetor.be\/galerie\/wp-json\/wp\/v2\/media?parent=8740"}],"wp:term":[{"taxonomy":"product_brand","embeddable":true,"href":"https:\/\/tempsetor.be\/galerie\/wp-json\/wp\/v2\/product_brand?post=8740"},{"taxonomy":"product_cat","embeddable":true,"href":"https:\/\/tempsetor.be\/galerie\/wp-json\/wp\/v2\/product_cat?post=8740"},{"taxonomy":"product_tag","embeddable":true,"href":"https:\/\/tempsetor.be\/galerie\/wp-json\/wp\/v2\/product_tag?post=8740"}],"curies":[{"name":"wp","href":"https:\/\/api.w.org\/{rel}","templated":true}]}}