{"id":8745,"date":"2025-11-26T16:51:39","date_gmt":"2025-11-26T15:51:39","guid":{"rendered":"https:\/\/tempsetor.be\/galerie\/?post_type=product&#038;p=8745"},"modified":"2025-11-26T17:02:26","modified_gmt":"2025-11-26T16:02:26","slug":"montre-hommes-vostok-europe-limousine-automatic-nh35-560a688","status":"publish","type":"product","link":"https:\/\/tempsetor.be\/galerie\/produit\/montre-hommes-vostok-europe-limousine-automatic-nh35-560a688\/","title":{"rendered":"Montre hommes Vostok &#8211; Europe Limousine Automatic &#8211; NH35-560A688"},"content":{"rendered":"<p>La Vostok Europe GAZ-14 Limousine Automatik 560A688 est une montre homme au style \u00e9l\u00e9gant et intemporel, dot\u00e9e d\u2019un bo\u00eetier acier 43 mm, d\u2019un mouvement automatique Seiko NH35A, d\u2019un guichet date et d\u2019un verre min\u00e9ral antireflet, un choix parfait pour allier raffinement et functionalit\u00e9 au quotidien.<\/p>\n","protected":false},"excerpt":{"rendered":"<h3><img loading=\"lazy\" decoding=\"async\" class=\"wp-image-4711 size-full alignleft\" src=\"https:\/\/tempsetor.be\/galerie\/wp-content\/uploads\/2019\/06\/vostok-e1561723260858.png\" alt=\"Logo Vostok Europe\" width=\"149\" height=\"94\" \/><\/h3>\n<p data-start=\"3350\" data-end=\"3725\">La montre Vostok Europe GAZ-14 Limousine Automatik 560A688 allie \u00e9l\u00e9gance classique et m\u00e9canique fiable. Son bo\u00eetier en acier inoxydable 316L de 43 mm s\u2019accorde parfaitement \u00e0 une tenue chic ou d\u00e9contract\u00e9e. Le cadran, prot\u00e9g\u00e9 par un verre min\u00e9ral K1 antireflet, offre des aiguilles et index recouverts de Super-LumiNova pour une lisibilit\u00e9 optimale, m\u00eame dans l\u2019obscurit\u00e9.<\/p>\n<p data-start=\"3727\" data-end=\"4011\">\u00c0 l\u2019int\u00e9rieur, un calibre automatique Seiko \/ TMI NH35A \u00e0 remontage automatique (avec option de remontage manuel) assure une r\u00e9serve de marche d\u2019environ 41 heures et une grande r\u00e9gularit\u00e9. La montre affiche les heures, les minutes, les secondes, ainsi qu\u2019un guichet de date discret.<\/p>\n<p data-start=\"4013\" data-end=\"4290\">Son bracelet en cuir (22 mm) lui conf\u00e8re une touche de raffinement et un confort agr\u00e9able au poignet. Tr\u00e8s pratique au quotidien, la GAZ-14 Limousine r\u00e9siste \u00e0 l\u2019eau jusqu\u2019\u00e0 5 ATM (50 m), ce qui la rend adapt\u00e9e aux contraintes courantes comme la pluie ou le lavage des mains.<\/p>\n<p data-start=\"4292\" data-end=\"4452\">Cette montre est con\u00e7ue pour ceux qui recherchent une montre automatique robuste, \u00e9l\u00e9gante et polyvalente \u2014 pr\u00eate \u00e0 les accompagner tant au bureau qu\u2019en soir\u00e9e.<\/p>\n<p>D\u00e9j\u00e0 garanties 2 ans, le service apr\u00e8s-vente de la bijouterie <strong>Temps &amp; OR<\/strong> vous apporte une confiance suppl\u00e9mentaire pour ces produits. Selon vos besoins, ces montres peuvent \u00eatre \u00e9galement r\u00e9serv\u00e9es \u00e0 la bijouterie. La mise \u00e0 mesure offerte ainsi qu&#8217;un emballage cadeau vous y seront propos\u00e9s.<\/p>\n<p><div class=\"alert alert_error\"><div class=\"alert_icon\"><svg viewBox=\"0 0 28 28\"><defs><style>.path{fill:none;stroke:#000;stroke-miterlimit:10;stroke-width:1.5px;}<\/style><\/defs><g><circle cx=\"14\" cy=\"20\" r=\"0.33\" class=\"path\"\/><line x1=\"14\" y1=\"8.72\" x2=\"14\" y2=\"16.72\" class=\"path\"\/><path d=\"M12.6,3.42,1.54,22.58A1.61,1.61,0,0,0,2.93,25H25.07a1.61,1.61,0,0,0,1.39-2.42L15.4,3.42A1.61,1.61,0,0,0,12.6,3.42Z\" class=\"path\"\/><\/g><\/svg><\/div><div class=\"alert_wrapper\">Le montant affich\u00e9 peut \u00eatre modifi\u00e9 par le fournisseur sans que nous en soyons inform\u00e9s. Une diff\u00e9rence entre le prix affich\u00e9 ici et en magasin reste possible.<\/div><a href=\"#\" class=\"close mfn-close-icon\"><span class=\"icon\">\u2715<\/span><\/a><\/div>\n<div class=\"alert alert_info\"><div class=\"alert_icon\"><svg viewBox=\"0 0 28 28\"><defs><style>.path{fill:none;stroke:#000;stroke-miterlimit:10;stroke-width:1.5px;}<\/style><\/defs><g><circle class=\"path\" cx=\"14\" cy=\"14\" r=\"12\"\/><path class=\"path\" d=\"M11.2,9.12a3.4,3.4,0,0,1,3-1.69,2.84,2.84,0,0,1,3,2.76,3.16,3.16,0,0,1-.84,2.23c-.63.74-1.58,1.18-2.19,1.88a1,1,0,0,0-.26.64v2.32\"\/><circle class=\"path\" cx=\"14\" cy=\"20\" r=\"0.33\"\/><\/g><\/svg><\/div><div class=\"alert_wrapper\">Faites vos demandes particuli\u00e8res ou passez votre commande via ce formulaire <\/div><a href=\"#\" class=\"close mfn-close-icon\"><span class=\"icon\">\u2715<\/span><\/a><\/div>\n <a class=\"button  button_size_3\" href=\"https:\/\/tempsetor.be\/galerie\/ma-commande\/\"     target=\"_blank\"    title=\"\"><span class=\"button_label\">&gt; Formulaire<\/span><\/a>\n<\/p>\n","protected":false},"featured_media":8746,"template":"","meta":{"_monsterinsights_skip_tracking":false,"_monsterinsights_sitenote_active":false,"_monsterinsights_sitenote_note":"","_monsterinsights_sitenote_category":0},"product_brand":[],"product_cat":[40,39,1186],"product_tag":[],"class_list":{"0":"post-8745","1":"product","2":"type-product","3":"status-publish","4":"has-post-thumbnail","6":"product_cat-montres-hommes","7":"product_cat-hommes","8":"product_cat-vostok-europe-hommes","10":"first","11":"instock","12":"shipping-taxable","13":"purchasable","14":"product-type-simple"},"_links":{"self":[{"href":"https:\/\/tempsetor.be\/galerie\/wp-json\/wp\/v2\/product\/8745","targetHints":{"allow":["GET"]}}],"collection":[{"href":"https:\/\/tempsetor.be\/galerie\/wp-json\/wp\/v2\/product"}],"about":[{"href":"https:\/\/tempsetor.be\/galerie\/wp-json\/wp\/v2\/types\/product"}],"wp:featuredmedia":[{"embeddable":true,"href":"https:\/\/tempsetor.be\/galerie\/wp-json\/wp\/v2\/media\/8746"}],"wp:attachment":[{"href":"https:\/\/tempsetor.be\/galerie\/wp-json\/wp\/v2\/media?parent=8745"}],"wp:term":[{"taxonomy":"product_brand","embeddable":true,"href":"https:\/\/tempsetor.be\/galerie\/wp-json\/wp\/v2\/product_brand?post=8745"},{"taxonomy":"product_cat","embeddable":true,"href":"https:\/\/tempsetor.be\/galerie\/wp-json\/wp\/v2\/product_cat?post=8745"},{"taxonomy":"product_tag","embeddable":true,"href":"https:\/\/tempsetor.be\/galerie\/wp-json\/wp\/v2\/product_tag?post=8745"}],"curies":[{"name":"wp","href":"https:\/\/api.w.org\/{rel}","templated":true}]}}