{"id":8751,"date":"2025-12-01T20:10:02","date_gmt":"2025-12-01T19:10:02","guid":{"rendered":"https:\/\/tempsetor.be\/galerie\/?post_type=product&#038;p=8751"},"modified":"2025-12-01T20:19:28","modified_gmt":"2025-12-01T19:19:28","slug":"bougie-baobab-coffret-duo-de-bougies-pearls","status":"publish","type":"product","link":"https:\/\/tempsetor.be\/galerie\/produit\/bougie-baobab-coffret-duo-de-bougies-pearls\/","title":{"rendered":"Bougie Baobab &#8211; COFFRET DUO DE BOUGIES PEARLS"},"content":{"rendered":"<p>Un coffret raffin\u00e9 r\u00e9unissant les deux parfums iconiques de la collection Pearls : Black Pearls et White Pearls. Deux bougies en verre souffl\u00e9 bouche, m\u00ealant \u00e9l\u00e9gance visuelle et signatures olfactives uniques.<\/p>\n","protected":false},"excerpt":{"rendered":"<h3><img loading=\"lazy\" decoding=\"async\" class=\"size-full wp-image-4311 alignleft\" src=\"https:\/\/tempsetor.be\/galerie\/wp-content\/uploads\/2019\/03\/baobab.jpg\" alt=\"logo Baobab\" width=\"128\" height=\"142\" srcset=\"https:\/\/tempsetor.be\/galerie\/wp-content\/uploads\/2019\/03\/baobab.jpg 128w, https:\/\/tempsetor.be\/galerie\/wp-content\/uploads\/2019\/03\/baobab-45x50.jpg 45w, https:\/\/tempsetor.be\/galerie\/wp-content\/uploads\/2019\/03\/baobab-68x75.jpg 68w\" sizes=\"auto, (max-width:767px) 128px, 128px\" \/><\/h3>\n<h3 data-start=\"2565\" data-end=\"2601\">Gift Box <em data-start=\"2574\" data-end=\"2601\">My First Baobab Marrakech<\/em><\/h3>\n<p data-start=\"1192\" data-end=\"1425\">Le Coffret Duo de Bougies Pearls de Baobab Collection est une invitation \u00e0 la d\u00e9couverte sensorielle \u00e0 travers deux cr\u00e9ations embl\u00e9matiques. Pr\u00e9sent\u00e9 dans un \u00e9l\u00e9gant \u00e9crin, ce coffret contient deux bougies parfum\u00e9es en format Max 08.<\/p>\n<p data-start=\"1427\" data-end=\"1690\"><strong data-start=\"1427\" data-end=\"1443\">Black Pearls<\/strong> d\u00e9voile une fragrance envo\u00fbtante o\u00f9 le gingembre \u00e9pic\u00e9 se marie \u00e0 la fra\u00eecheur du pamplemousse, sublim\u00e9e par une touche florale de rose. <strong data-start=\"1581\" data-end=\"1597\">White Pearls<\/strong>, plus d\u00e9licate, associe la douceur de l\u2019orchid\u00e9e et du freesia \u00e0 l\u2019\u00e9l\u00e9gance poudr\u00e9e du musc.<\/p>\n<p data-start=\"1692\" data-end=\"1927\">Coul\u00e9es dans des verres souffl\u00e9s bouche aux reflets d\u00e9licats, ces bougies sont fabriqu\u00e9es de mani\u00e8re artisanale en Europe. Chaque pi\u00e8ce exprime un savoir-faire d\u2019exception et s\u2019int\u00e8gre harmonieusement dans tous les int\u00e9rieurs raffin\u00e9s.<\/p>\n<p data-start=\"3360\" data-end=\"3576\"><div class=\"alert alert_error\"><div class=\"alert_icon\"><svg viewBox=\"0 0 28 28\"><defs><style>.path{fill:none;stroke:#000;stroke-miterlimit:10;stroke-width:1.5px;}<\/style><\/defs><g><circle cx=\"14\" cy=\"20\" r=\"0.33\" class=\"path\"\/><line x1=\"14\" y1=\"8.72\" x2=\"14\" y2=\"16.72\" class=\"path\"\/><path d=\"M12.6,3.42,1.54,22.58A1.61,1.61,0,0,0,2.93,25H25.07a1.61,1.61,0,0,0,1.39-2.42L15.4,3.42A1.61,1.61,0,0,0,12.6,3.42Z\" class=\"path\"\/><\/g><\/svg><\/div><div class=\"alert_wrapper\">Le montant affich\u00e9 peut \u00eatre modifi\u00e9 par le fournisseur sans que nous en soyons inform\u00e9s. Une diff\u00e9rence entre le prix affich\u00e9 ici et en magasin reste possible.<\/div><a href=\"#\" class=\"close mfn-close-icon\"><span class=\"icon\">\u2715<\/span><\/a><\/div>\n<div class=\"alert alert_info\"><div class=\"alert_icon\"><svg viewBox=\"0 0 28 28\"><defs><style>.path{fill:none;stroke:#000;stroke-miterlimit:10;stroke-width:1.5px;}<\/style><\/defs><g><circle class=\"path\" cx=\"14\" cy=\"14\" r=\"12\"\/><path class=\"path\" d=\"M11.2,9.12a3.4,3.4,0,0,1,3-1.69,2.84,2.84,0,0,1,3,2.76,3.16,3.16,0,0,1-.84,2.23c-.63.74-1.58,1.18-2.19,1.88a1,1,0,0,0-.26.64v2.32\"\/><circle class=\"path\" cx=\"14\" cy=\"20\" r=\"0.33\"\/><\/g><\/svg><\/div><div class=\"alert_wrapper\">Faites vos demandes particuli\u00e8res ou passez votre commande via ce formulaire <\/div><a href=\"#\" class=\"close mfn-close-icon\"><span class=\"icon\">\u2715<\/span><\/a><\/div>\n <a class=\"button  button_size_3\" href=\"https:\/\/tempsetor.be\/galerie\/ma-commande\/\"     target=\"_blank\"    title=\"\"><span class=\"button_label\">&gt; Formulaire<\/span><\/a>\n<\/p>\n","protected":false},"featured_media":8752,"template":"","meta":{"_monsterinsights_skip_tracking":false,"_monsterinsights_sitenote_active":false,"_monsterinsights_sitenote_note":"","_monsterinsights_sitenote_category":0},"product_brand":[],"product_cat":[1070,903,1005],"product_tag":[],"class_list":{"0":"post-8751","1":"product","2":"type-product","3":"status-publish","4":"has-post-thumbnail","6":"product_cat-accessoirelifestyle","7":"product_cat-baobab","8":"product_cat-baobab-bougies","10":"first","11":"instock","12":"shipping-taxable","13":"purchasable","14":"product-type-simple"},"_links":{"self":[{"href":"https:\/\/tempsetor.be\/galerie\/wp-json\/wp\/v2\/product\/8751","targetHints":{"allow":["GET"]}}],"collection":[{"href":"https:\/\/tempsetor.be\/galerie\/wp-json\/wp\/v2\/product"}],"about":[{"href":"https:\/\/tempsetor.be\/galerie\/wp-json\/wp\/v2\/types\/product"}],"wp:featuredmedia":[{"embeddable":true,"href":"https:\/\/tempsetor.be\/galerie\/wp-json\/wp\/v2\/media\/8752"}],"wp:attachment":[{"href":"https:\/\/tempsetor.be\/galerie\/wp-json\/wp\/v2\/media?parent=8751"}],"wp:term":[{"taxonomy":"product_brand","embeddable":true,"href":"https:\/\/tempsetor.be\/galerie\/wp-json\/wp\/v2\/product_brand?post=8751"},{"taxonomy":"product_cat","embeddable":true,"href":"https:\/\/tempsetor.be\/galerie\/wp-json\/wp\/v2\/product_cat?post=8751"},{"taxonomy":"product_tag","embeddable":true,"href":"https:\/\/tempsetor.be\/galerie\/wp-json\/wp\/v2\/product_tag?post=8751"}],"curies":[{"name":"wp","href":"https:\/\/api.w.org\/{rel}","templated":true}]}}