{"id":8768,"date":"2025-12-01T21:13:20","date_gmt":"2025-12-01T20:13:20","guid":{"rendered":"https:\/\/tempsetor.be\/galerie\/?post_type=product&#038;p=8768"},"modified":"2025-12-01T21:17:08","modified_gmt":"2025-12-01T20:17:08","slug":"bougie-baobab-bougie-parfumee-heritage-cernay","status":"publish","type":"product","link":"https:\/\/tempsetor.be\/galerie\/produit\/bougie-baobab-bougie-parfumee-heritage-cernay\/","title":{"rendered":"Bougie Baobab &#8211; Bougie parfum\u00e9e H\u00e9ritage  &#8211; Cernay"},"content":{"rendered":"<p>Bougie parfum\u00e9e d\u2019exception au design grav\u00e9 \u00e0 la main, Baobab Heritage Cernay r\u00e9v\u00e8le un parfum floral et l\u00e9g\u00e8rement sucr\u00e9, alliant baies, jasmin et f\u00e8ve tonka. Une pi\u00e8ce raffin\u00e9e et chaleureuse pour sublimer votre int\u00e9rieur.<\/p>\n","protected":false},"excerpt":{"rendered":"<p><img loading=\"lazy\" decoding=\"async\" class=\"size-full wp-image-4311 alignleft\" src=\"https:\/\/tempsetor.be\/galerie\/wp-content\/uploads\/2019\/03\/baobab.jpg\" alt=\"logo Baobab\" width=\"128\" height=\"142\" srcset=\"https:\/\/tempsetor.be\/galerie\/wp-content\/uploads\/2019\/03\/baobab.jpg 128w, https:\/\/tempsetor.be\/galerie\/wp-content\/uploads\/2019\/03\/baobab-45x50.jpg 45w, https:\/\/tempsetor.be\/galerie\/wp-content\/uploads\/2019\/03\/baobab-68x75.jpg 68w\" sizes=\"auto, (max-width:767px) 128px, 128px\" \/><\/p>\n<p data-start=\"902\" data-end=\"1174\">La bougie parfum\u00e9e Baobab Heritage Cernay incarne l\u2019alliance parfaite entre artisanat et \u00e9l\u00e9gance olfactive. Fabriqu\u00e9e \u00e0 la main en Europe, cette pi\u00e8ce unique appartient \u00e0 la collection Heritage, caract\u00e9ris\u00e9e par son verre souffl\u00e9 et grav\u00e9 \u00e0 la main dans un rouge profond.<\/p>\n<p data-start=\"1176\" data-end=\"1440\">Son parfum subtil s\u2019ouvre sur des notes de baies, fruit\u00e9es et enveloppantes, suivies d\u2019un c\u0153ur floral de jasmin, pur et lumineux. En fond, la f\u00e8ve tonka apporte une chaleur douce et l\u00e9g\u00e8rement sucr\u00e9e, parfaite pour cr\u00e9er une ambiance r\u00e9confortante et sophistiqu\u00e9e.<\/p>\n<p data-start=\"1442\" data-end=\"1739\">Disponible en plusieurs tailles, cette version MAX 10 est id\u00e9ale pour offrir ou sublimer une pi\u00e8ce de vie avec discr\u00e9tion et raffinement. Chaque bougie Baobab est con\u00e7ue avec une m\u00e8che en coton et une cire de haute qualit\u00e9 pour garantir une combustion optimale et une diffusion parfaite du parfum.<\/p>\n<p data-start=\"2779\" data-end=\"2813\"><span style=\"font-size: 21px;\">Tailles disponibles en magasin (en cm)<\/span><\/p>\n<div class=\"icon_box_jmn\">\n<p><div class=\"column one-fourth mobile-one\"><div class=\"mcb-column-inner\"><div class=\"icon_box icon_position_top has_border\"><div class=\"icon_wrapper\"><div class=\"icon\"><i class=\"icon-bitbucket\" aria-hidden=\"true\"><\/i><\/div><\/div><div class=\"desc_wrapper\"><h4 class=\"title \">Max 10<\/h4><div class=\"desc\">105\u20ac<\/div><\/div><\/div>\n<\/div><\/div>\n<div class=\"column one-fourth mobile-one\"><div class=\"mcb-column-inner\"><div class=\"icon_box icon_position_top has_border\"><div class=\"icon_wrapper\"><div class=\"icon\"><i class=\"icon-bitbucket\" aria-hidden=\"true\"><\/i><\/div><\/div><div class=\"desc_wrapper\"><h4 class=\"title \">Max 16<\/h4><div class=\"desc\">165<\/div><\/div><\/div>\n<\/div><\/div>\n<div class=\"column one-fourth mobile-one\"><div class=\"mcb-column-inner\"><div class=\"icon_box icon_position_top has_border\"><div class=\"icon_wrapper\"><div class=\"icon\"><i class=\"icon-bitbucket\" aria-hidden=\"true\"><\/i><\/div><\/div><div class=\"desc_wrapper\"><h4 class=\"title \">Max 24<\/h4><div class=\"desc\">325\u20ac<\/div><\/div><\/div>\n<\/div><\/div>\n<div class=\"column one-fourth mobile-one\"><div class=\"mcb-column-inner\"><div class=\"icon_box icon_position_top has_border\"><div class=\"icon_wrapper\"><div class=\"icon\"><i class=\"icon-bitbucket\" aria-hidden=\"true\"><\/i><\/div><\/div><div class=\"desc_wrapper\"><h4 class=\"title \">Maxi Max<\/h4><div class=\"desc\">635\u20ac<\/div><\/div><\/div>\n<\/div><\/div>\n<\/p>\n<p><div class=\"alert alert_error\"><div class=\"alert_icon\"><svg viewBox=\"0 0 28 28\"><defs><style>.path{fill:none;stroke:#000;stroke-miterlimit:10;stroke-width:1.5px;}<\/style><\/defs><g><circle cx=\"14\" cy=\"20\" r=\"0.33\" class=\"path\"\/><line x1=\"14\" y1=\"8.72\" x2=\"14\" y2=\"16.72\" class=\"path\"\/><path d=\"M12.6,3.42,1.54,22.58A1.61,1.61,0,0,0,2.93,25H25.07a1.61,1.61,0,0,0,1.39-2.42L15.4,3.42A1.61,1.61,0,0,0,12.6,3.42Z\" class=\"path\"\/><\/g><\/svg><\/div><div class=\"alert_wrapper\">Le montant affich\u00e9 peut \u00eatre modifi\u00e9 par le fournisseur sans que nous en soyons inform\u00e9s. Une diff\u00e9rence entre le prix affich\u00e9 ici et en magasin reste possible.<\/div><a href=\"#\" class=\"close mfn-close-icon\"><span class=\"icon\">\u2715<\/span><\/a><\/div>\n<div class=\"alert alert_info\"><div class=\"alert_icon\"><svg viewBox=\"0 0 28 28\"><defs><style>.path{fill:none;stroke:#000;stroke-miterlimit:10;stroke-width:1.5px;}<\/style><\/defs><g><circle class=\"path\" cx=\"14\" cy=\"14\" r=\"12\"\/><path class=\"path\" d=\"M11.2,9.12a3.4,3.4,0,0,1,3-1.69,2.84,2.84,0,0,1,3,2.76,3.16,3.16,0,0,1-.84,2.23c-.63.74-1.58,1.18-2.19,1.88a1,1,0,0,0-.26.64v2.32\"\/><circle class=\"path\" cx=\"14\" cy=\"20\" r=\"0.33\"\/><\/g><\/svg><\/div><div class=\"alert_wrapper\">Faites vos demandes particuli\u00e8res ou passez votre commande via ce formulaire <\/div><a href=\"#\" class=\"close mfn-close-icon\"><span class=\"icon\">\u2715<\/span><\/a><\/div>\n <a class=\"button  button_size_3\" href=\"https:\/\/tempsetor.be\/galerie\/ma-commande\/\"     target=\"_blank\"    title=\"\"><span class=\"button_label\">&gt; Formulaire<\/span><\/a>\n<\/p>\n<\/div>\n","protected":false},"featured_media":8772,"template":"","meta":{"_monsterinsights_skip_tracking":false,"_monsterinsights_sitenote_active":false,"_monsterinsights_sitenote_note":"","_monsterinsights_sitenote_category":0},"product_brand":[],"product_cat":[1070,903,1005],"product_tag":[],"class_list":{"0":"post-8768","1":"product","2":"type-product","3":"status-publish","4":"has-post-thumbnail","6":"product_cat-accessoirelifestyle","7":"product_cat-baobab","8":"product_cat-baobab-bougies","10":"first","11":"instock","12":"shipping-taxable","13":"purchasable","14":"product-type-simple"},"_links":{"self":[{"href":"https:\/\/tempsetor.be\/galerie\/wp-json\/wp\/v2\/product\/8768","targetHints":{"allow":["GET"]}}],"collection":[{"href":"https:\/\/tempsetor.be\/galerie\/wp-json\/wp\/v2\/product"}],"about":[{"href":"https:\/\/tempsetor.be\/galerie\/wp-json\/wp\/v2\/types\/product"}],"wp:featuredmedia":[{"embeddable":true,"href":"https:\/\/tempsetor.be\/galerie\/wp-json\/wp\/v2\/media\/8772"}],"wp:attachment":[{"href":"https:\/\/tempsetor.be\/galerie\/wp-json\/wp\/v2\/media?parent=8768"}],"wp:term":[{"taxonomy":"product_brand","embeddable":true,"href":"https:\/\/tempsetor.be\/galerie\/wp-json\/wp\/v2\/product_brand?post=8768"},{"taxonomy":"product_cat","embeddable":true,"href":"https:\/\/tempsetor.be\/galerie\/wp-json\/wp\/v2\/product_cat?post=8768"},{"taxonomy":"product_tag","embeddable":true,"href":"https:\/\/tempsetor.be\/galerie\/wp-json\/wp\/v2\/product_tag?post=8768"}],"curies":[{"name":"wp","href":"https:\/\/api.w.org\/{rel}","templated":true}]}}