{"id":8796,"date":"2025-12-11T15:15:29","date_gmt":"2025-12-11T14:15:29","guid":{"rendered":"https:\/\/tempsetor.be\/galerie\/?post_type=product&#038;p=8796"},"modified":"2025-12-11T15:18:48","modified_gmt":"2025-12-11T14:18:48","slug":"montre-hommes-citizen-tsuyosa-nj0150-81x","status":"publish","type":"product","link":"https:\/\/tempsetor.be\/galerie\/produit\/montre-hommes-citizen-tsuyosa-nj0150-81x\/","title":{"rendered":"Montre hommes &#8211; Citizen &#8211; TSUYOSA &#8211; NJ0150-81X"},"content":{"rendered":"<p>La <strong data-start=\"3838\" data-end=\"3876\">Citizen Tsuyosa Auto\u202f40\u202fNJ0150\u201181X<\/strong> est une montre automatique pour homme dot\u00e9e d\u2019un bo\u00eetier acier de 40\u202fmm, d\u2019un cadran vert sunray sous verre saphir, d\u2019un mouvement automatique <strong data-start=\"4020\" data-end=\"4036\">Calibre\u202f8210<\/strong> avec environ 40\u202fh de r\u00e9serve de marche, d\u2019un guichet date \u00e0 3\u202fh et d\u2019une \u00e9tanch\u00e9it\u00e9 jusqu\u2019\u00e0 50\u202fm. Sa combinaison de design raffin\u00e9 et de m\u00e9canique fiable en fait une pi\u00e8ce \u00e9l\u00e9gante et polyvalente.<\/p>\n","protected":false},"excerpt":{"rendered":"<p><img loading=\"lazy\" decoding=\"async\" class=\"alignleft wp-image-8633\" src=\"https:\/\/tempsetor.be\/galerie\/wp-content\/uploads\/2025\/11\/citizen-logo-300x63.png\" alt=\"logo Citizen\" width=\"151\" height=\"32\" srcset=\"https:\/\/tempsetor.be\/galerie\/wp-content\/uploads\/2025\/11\/citizen-logo-300x63.png 300w, https:\/\/tempsetor.be\/galerie\/wp-content\/uploads\/2025\/11\/citizen-logo-150x32.png 150w, https:\/\/tempsetor.be\/galerie\/wp-content\/uploads\/2025\/11\/citizen-logo-480x101.png 480w, https:\/\/tempsetor.be\/galerie\/wp-content\/uploads\/2025\/11\/citizen-logo.png 568w\" sizes=\"auto, (max-width:767px) 151px, 151px\" \/><\/p>\n<p data-start=\"4291\" data-end=\"4769\">La Citizen Tsuyosa Auto\u202f40\u202fNJ0150\u201181X est l\u2019expression d\u2019une horlogerie m\u00e9canique accessible et raffin\u00e9e. Pr\u00e9sent\u00e9e dans un bo\u00eetier rond en acier inoxydable de 40\u202fmm, cette montre pour homme s\u00e9duit par son cadran vert sunray riche en nuances et prot\u00e9g\u00e9 par un verre saphir r\u00e9sistant aux rayures. \u00c9quip\u00e9e du mouvement automatique <strong data-start=\"4620\" data-end=\"4636\">Calibre\u202f8210<\/strong>, elle offre une r\u00e9serve de marche d\u2019environ 40\u202fheures ainsi qu\u2019un guichet date positionn\u00e9 \u00e0 3\u202fh pour un usage pratique au quotidien.<\/p>\n<p data-start=\"4771\" data-end=\"5217\">Les aiguilles et index luminescents assurent une lisibilit\u00e9 agr\u00e9able, tandis que le fond de bo\u00eete transparent d\u00e9voile la m\u00e9canique soign\u00e9e du mouvement. \u00c9tanche jusqu\u2019\u00e0 50\u202fm, cette montre est adapt\u00e9e \u00e0 la vie de tous les jours, alliant \u00e9l\u00e9gance, fiabilit\u00e9 et performance. Son bracelet en acier inoxydable compl\u00e8te le design avec une finition harmonieuse et durable, faisant de cette Tsuyosa une pi\u00e8ce horlog\u00e8re incontournable \u00e0 ce niveau de prix.<\/p>\n<p><div class=\"alert alert_error\"><div class=\"alert_icon\"><svg viewBox=\"0 0 28 28\"><defs><style>.path{fill:none;stroke:#000;stroke-miterlimit:10;stroke-width:1.5px;}<\/style><\/defs><g><circle cx=\"14\" cy=\"20\" r=\"0.33\" class=\"path\"\/><line x1=\"14\" y1=\"8.72\" x2=\"14\" y2=\"16.72\" class=\"path\"\/><path d=\"M12.6,3.42,1.54,22.58A1.61,1.61,0,0,0,2.93,25H25.07a1.61,1.61,0,0,0,1.39-2.42L15.4,3.42A1.61,1.61,0,0,0,12.6,3.42Z\" class=\"path\"\/><\/g><\/svg><\/div><div class=\"alert_wrapper\">Le montant affich\u00e9 peut \u00eatre modifi\u00e9 par le fournisseur sans que nous en soyons inform\u00e9s. Une diff\u00e9rence entre le prix affich\u00e9 ici et en magasin reste possible.<\/div><a href=\"#\" class=\"close mfn-close-icon\"><span class=\"icon\">\u2715<\/span><\/a><\/div>\n<div class=\"alert alert_info\"><div class=\"alert_icon\"><svg viewBox=\"0 0 28 28\"><defs><style>.path{fill:none;stroke:#000;stroke-miterlimit:10;stroke-width:1.5px;}<\/style><\/defs><g><circle class=\"path\" cx=\"14\" cy=\"14\" r=\"12\"\/><path class=\"path\" d=\"M11.2,9.12a3.4,3.4,0,0,1,3-1.69,2.84,2.84,0,0,1,3,2.76,3.16,3.16,0,0,1-.84,2.23c-.63.74-1.58,1.18-2.19,1.88a1,1,0,0,0-.26.64v2.32\"\/><circle class=\"path\" cx=\"14\" cy=\"20\" r=\"0.33\"\/><\/g><\/svg><\/div><div class=\"alert_wrapper\">Faites vos demandes particuli\u00e8res ou passez votre commande via ce formulaire <\/div><a href=\"#\" class=\"close mfn-close-icon\"><span class=\"icon\">\u2715<\/span><\/a><\/div>\n <a class=\"button  button_size_3\" href=\"https:\/\/tempsetor.be\/galerie\/ma-commande\/\"     target=\"_blank\"    title=\"\"><span class=\"button_label\">&gt; Formulaire<\/span><\/a>\n<\/p>\n","protected":false},"featured_media":8797,"template":"","meta":{"_monsterinsights_skip_tracking":false,"_monsterinsights_sitenote_active":false,"_monsterinsights_sitenote_note":"","_monsterinsights_sitenote_category":0},"product_brand":[],"product_cat":[2616,40,39],"product_tag":[],"class_list":{"0":"post-8796","1":"product","2":"type-product","3":"status-publish","4":"has-post-thumbnail","6":"product_cat-citizen-hommes","7":"product_cat-montres-hommes","8":"product_cat-hommes","10":"first","11":"instock","12":"shipping-taxable","13":"purchasable","14":"product-type-simple"},"_links":{"self":[{"href":"https:\/\/tempsetor.be\/galerie\/wp-json\/wp\/v2\/product\/8796","targetHints":{"allow":["GET"]}}],"collection":[{"href":"https:\/\/tempsetor.be\/galerie\/wp-json\/wp\/v2\/product"}],"about":[{"href":"https:\/\/tempsetor.be\/galerie\/wp-json\/wp\/v2\/types\/product"}],"wp:featuredmedia":[{"embeddable":true,"href":"https:\/\/tempsetor.be\/galerie\/wp-json\/wp\/v2\/media\/8797"}],"wp:attachment":[{"href":"https:\/\/tempsetor.be\/galerie\/wp-json\/wp\/v2\/media?parent=8796"}],"wp:term":[{"taxonomy":"product_brand","embeddable":true,"href":"https:\/\/tempsetor.be\/galerie\/wp-json\/wp\/v2\/product_brand?post=8796"},{"taxonomy":"product_cat","embeddable":true,"href":"https:\/\/tempsetor.be\/galerie\/wp-json\/wp\/v2\/product_cat?post=8796"},{"taxonomy":"product_tag","embeddable":true,"href":"https:\/\/tempsetor.be\/galerie\/wp-json\/wp\/v2\/product_tag?post=8796"}],"curies":[{"name":"wp","href":"https:\/\/api.w.org\/{rel}","templated":true}]}}