{"id":8800,"date":"2025-12-11T15:30:03","date_gmt":"2025-12-11T14:30:03","guid":{"rendered":"https:\/\/tempsetor.be\/galerie\/?post_type=product&#038;p=8800"},"modified":"2025-12-11T15:39:53","modified_gmt":"2025-12-11T14:39:53","slug":"montre-hommes-citizen-tsuyosa-nj0151-88m","status":"publish","type":"product","link":"https:\/\/tempsetor.be\/galerie\/produit\/montre-hommes-citizen-tsuyosa-nj0151-88m\/","title":{"rendered":"Montre hommes &#8211; Citizen &#8211; TSUYOSA &#8211; NJ0151-88M"},"content":{"rendered":"<p>La <strong data-start=\"4015\" data-end=\"4045\">Citizen Tsuyosa NJ0151\u201188M<\/strong> est une montre homme automatique de 40\u202fmm au design sport\u2011chic. Dot\u00e9e d\u2019un mouvement automatique Calibre 8210 avec 40\u202fheures de r\u00e9serve de marche, d\u2019un cadran bleu sous verre saphir, d\u2019un guichet de date et d\u2019un bo\u00eetier en acier inoxydable, elle allie \u00e9l\u00e9gance et fiabilit\u00e9 pour accompagner tous les jours.<\/p>\n","protected":false},"excerpt":{"rendered":"<p><img loading=\"lazy\" decoding=\"async\" class=\"alignleft wp-image-8633\" src=\"https:\/\/tempsetor.be\/galerie\/wp-content\/uploads\/2025\/11\/citizen-logo-300x63.png\" alt=\"logo Citizen\" width=\"151\" height=\"32\" srcset=\"https:\/\/tempsetor.be\/galerie\/wp-content\/uploads\/2025\/11\/citizen-logo-300x63.png 300w, https:\/\/tempsetor.be\/galerie\/wp-content\/uploads\/2025\/11\/citizen-logo-150x32.png 150w, https:\/\/tempsetor.be\/galerie\/wp-content\/uploads\/2025\/11\/citizen-logo-480x101.png 480w, https:\/\/tempsetor.be\/galerie\/wp-content\/uploads\/2025\/11\/citizen-logo.png 568w\" sizes=\"auto, (max-width:767px) 151px, 151px\" \/><\/p>\n<p data-start=\"4407\" data-end=\"4909\">La Citizen Tsuyosa NJ0151\u201188M est une montre automatique homme qui se distingue par son design \u00e9l\u00e9gant et ses performances techniques fiables. Son bo\u00eetier rond en acier inoxydable de 40\u202fmm abrite un cadran bleu clair prot\u00e9g\u00e9 par un verre saphir r\u00e9sistant aux rayures, garantissant une lisibilit\u00e9 optimale dans toutes les situations. Les aiguilles et index b\u00e2tons argent\u00e9s offrent un contraste subtil et raffin\u00e9, tandis qu\u2019un guichet de date \u00e0 3\u202fheures apporte une fonctionnalit\u00e9 quotidienne pratique.<\/p>\n<p data-start=\"4911\" data-end=\"5391\">Anim\u00e9e par un mouvement m\u00e9canique automatique Calibre 8210, cette montre dispose d\u2019une r\u00e9serve de marche d\u2019environ 40\u202fheures, assurant pr\u00e9cision et autonomie sans pile. L\u2019\u00e9tanch\u00e9it\u00e9 jusqu\u2019\u00e0 5\u202fATM permet de porter la montre au quotidien sans souci. Le bracelet en acier inoxydable int\u00e9gr\u00e9 avec boucle d\u00e9ployante compl\u00e8te l\u2019ensemble avec confort et style, faisant de cette Citizen Tsuyosa une pi\u00e8ce polyvalente adapt\u00e9e aussi bien \u00e0 un look professionnel qu\u2019\u00e0 une tenue d\u00e9contract\u00e9e.<\/p>\n<p><div class=\"alert alert_error\"><div class=\"alert_icon\"><svg viewBox=\"0 0 28 28\"><defs><style>.path{fill:none;stroke:#000;stroke-miterlimit:10;stroke-width:1.5px;}<\/style><\/defs><g><circle cx=\"14\" cy=\"20\" r=\"0.33\" class=\"path\"\/><line x1=\"14\" y1=\"8.72\" x2=\"14\" y2=\"16.72\" class=\"path\"\/><path d=\"M12.6,3.42,1.54,22.58A1.61,1.61,0,0,0,2.93,25H25.07a1.61,1.61,0,0,0,1.39-2.42L15.4,3.42A1.61,1.61,0,0,0,12.6,3.42Z\" class=\"path\"\/><\/g><\/svg><\/div><div class=\"alert_wrapper\">Le montant affich\u00e9 peut \u00eatre modifi\u00e9 par le fournisseur sans que nous en soyons inform\u00e9s. Une diff\u00e9rence entre le prix affich\u00e9 ici et en magasin reste possible.<\/div><a href=\"#\" class=\"close mfn-close-icon\"><span class=\"icon\">\u2715<\/span><\/a><\/div>\n<div class=\"alert alert_info\"><div class=\"alert_icon\"><svg viewBox=\"0 0 28 28\"><defs><style>.path{fill:none;stroke:#000;stroke-miterlimit:10;stroke-width:1.5px;}<\/style><\/defs><g><circle class=\"path\" cx=\"14\" cy=\"14\" r=\"12\"\/><path class=\"path\" d=\"M11.2,9.12a3.4,3.4,0,0,1,3-1.69,2.84,2.84,0,0,1,3,2.76,3.16,3.16,0,0,1-.84,2.23c-.63.74-1.58,1.18-2.19,1.88a1,1,0,0,0-.26.64v2.32\"\/><circle class=\"path\" cx=\"14\" cy=\"20\" r=\"0.33\"\/><\/g><\/svg><\/div><div class=\"alert_wrapper\">Faites vos demandes particuli\u00e8res ou passez votre commande via ce formulaire <\/div><a href=\"#\" class=\"close mfn-close-icon\"><span class=\"icon\">\u2715<\/span><\/a><\/div>\n <a class=\"button  button_size_3\" href=\"https:\/\/tempsetor.be\/galerie\/ma-commande\/\"     target=\"_blank\"    title=\"\"><span class=\"button_label\">&gt; Formulaire<\/span><\/a>\n<\/p>\n","protected":false},"featured_media":8801,"template":"","meta":{"_monsterinsights_skip_tracking":false,"_monsterinsights_sitenote_active":false,"_monsterinsights_sitenote_note":"","_monsterinsights_sitenote_category":0},"product_brand":[],"product_cat":[2616,40,39],"product_tag":[],"class_list":{"0":"post-8800","1":"product","2":"type-product","3":"status-publish","4":"has-post-thumbnail","6":"product_cat-citizen-hommes","7":"product_cat-montres-hommes","8":"product_cat-hommes","10":"first","11":"instock","12":"shipping-taxable","13":"purchasable","14":"product-type-simple"},"_links":{"self":[{"href":"https:\/\/tempsetor.be\/galerie\/wp-json\/wp\/v2\/product\/8800","targetHints":{"allow":["GET"]}}],"collection":[{"href":"https:\/\/tempsetor.be\/galerie\/wp-json\/wp\/v2\/product"}],"about":[{"href":"https:\/\/tempsetor.be\/galerie\/wp-json\/wp\/v2\/types\/product"}],"wp:featuredmedia":[{"embeddable":true,"href":"https:\/\/tempsetor.be\/galerie\/wp-json\/wp\/v2\/media\/8801"}],"wp:attachment":[{"href":"https:\/\/tempsetor.be\/galerie\/wp-json\/wp\/v2\/media?parent=8800"}],"wp:term":[{"taxonomy":"product_brand","embeddable":true,"href":"https:\/\/tempsetor.be\/galerie\/wp-json\/wp\/v2\/product_brand?post=8800"},{"taxonomy":"product_cat","embeddable":true,"href":"https:\/\/tempsetor.be\/galerie\/wp-json\/wp\/v2\/product_cat?post=8800"},{"taxonomy":"product_tag","embeddable":true,"href":"https:\/\/tempsetor.be\/galerie\/wp-json\/wp\/v2\/product_tag?post=8800"}],"curies":[{"name":"wp","href":"https:\/\/api.w.org\/{rel}","templated":true}]}}