{"id":8803,"date":"2025-12-11T15:40:07","date_gmt":"2025-12-11T14:40:07","guid":{"rendered":"https:\/\/tempsetor.be\/galerie\/?post_type=product&#038;p=8803"},"modified":"2025-12-11T21:39:37","modified_gmt":"2025-12-11T20:39:37","slug":"montre-hommes-citizen-super-titanium-zenshin-60-nk5020-58p","status":"publish","type":"product","link":"https:\/\/tempsetor.be\/galerie\/produit\/montre-hommes-citizen-super-titanium-zenshin-60-nk5020-58p\/","title":{"rendered":"Montre hommes &#8211; Citizen &#8211; Super Titanium Zenshin 60 &#8211; NK5020-58P"},"content":{"rendered":"<p>La Citizen NK5020\u201158P Zenshin 60 est une montre automatique pour homme dot\u00e9e d\u2019un bo\u00eetier et d\u2019un bracelet en Super Titanium\u2122, d\u2019un cadran d\u00e9grad\u00e9 cuivr\u00e9 prot\u00e9g\u00e9 par verre saphir et anim\u00e9e par le calibre 8322 avec r\u00e9serve de marche d\u2019environ 60 heures. Elle offre une \u00e9tanch\u00e9it\u00e9 jusqu\u2019\u00e0 100 m et une petite seconde d\u00e9centr\u00e9e pour un style \u00e9l\u00e9gant et technique.<\/p>\n","protected":false},"excerpt":{"rendered":"<p><img loading=\"lazy\" decoding=\"async\" class=\"alignleft wp-image-8633\" src=\"https:\/\/tempsetor.be\/galerie\/wp-content\/uploads\/2025\/11\/citizen-logo-300x63.png\" alt=\"logo Citizen\" width=\"151\" height=\"32\" srcset=\"https:\/\/tempsetor.be\/galerie\/wp-content\/uploads\/2025\/11\/citizen-logo-300x63.png 300w, https:\/\/tempsetor.be\/galerie\/wp-content\/uploads\/2025\/11\/citizen-logo-150x32.png 150w, https:\/\/tempsetor.be\/galerie\/wp-content\/uploads\/2025\/11\/citizen-logo-480x101.png 480w, https:\/\/tempsetor.be\/galerie\/wp-content\/uploads\/2025\/11\/citizen-logo.png 568w\" sizes=\"auto, (max-width:767px) 151px, 151px\" \/><\/p>\n<p data-start=\"4269\" data-end=\"4852\">La Citizen NK5020\u201158P Zenshin 60 est une montre automatique con\u00e7ue pour l\u2019homme moderne qui appr\u00e9cie la fusion entre technologie et esth\u00e9tique japonaise. Le bo\u00eetier de 40,5 mm en Super Titanium\u2122, trait\u00e9 Duratect pour une r\u00e9sistance accrue aux rayures, est associ\u00e9 \u00e0 un bracelet assorti offrant une l\u00e9g\u00e8ret\u00e9 incomparable au poignet. Prot\u00e9g\u00e9 par un verre saphir anti\u2011rayures, le cadran pr\u00e9sente un magnifique d\u00e9grad\u00e9 cuivr\u00e9 avec des index et des aiguilles luminescents pour une lisibilit\u00e9 optimale. La petite seconde d\u00e9centr\u00e9e \u00e0 4h30 ajoute une touche de sophistication \u00e0 l\u2019ensemble.<\/p>\n<p data-start=\"4854\" data-end=\"5250\">Au c\u0153ur de cette montre bat le calibre 8322, un mouvement m\u00e9canique \u00e0 remontage automatique avec arr\u00eat seconde, offrant une r\u00e9serve de marche d\u2019environ 60 heures. La transparence du fond permet d\u2019admirer le mouvement en action, renfor\u00e7ant l\u2019exp\u00e9rience horlog\u00e8re. L\u2019\u00e9tanch\u00e9it\u00e9 jusqu\u2019\u00e0 10 bar (100 m) rend cette montre adapt\u00e9e \u00e0 une vari\u00e9t\u00e9 d\u2019activit\u00e9s quotidiennes, y compris la natation l\u00e9g\u00e8re.<\/p>\n<p data-start=\"5252\" data-end=\"5601\">Le bracelet en Super Titanium\u2122 est \u00e9quip\u00e9 d\u2019une boucle d\u00e9ployante \u00e0 poussoirs pour une s\u00e9curit\u00e9 et un confort sup\u00e9rieurs. Avec sa lunette \u00e0 12 c\u00f4t\u00e9s et son design raffin\u00e9, la Citizen NK5020\u201158P Zenshin 60 incarne une \u00e9l\u00e9gance technique et durable pour ceux qui recherchent un garde\u2011temps fiable et distinctif.<\/p>\n<p><div class=\"alert alert_error\"><div class=\"alert_icon\"><svg viewBox=\"0 0 28 28\"><defs><style>.path{fill:none;stroke:#000;stroke-miterlimit:10;stroke-width:1.5px;}<\/style><\/defs><g><circle cx=\"14\" cy=\"20\" r=\"0.33\" class=\"path\"\/><line x1=\"14\" y1=\"8.72\" x2=\"14\" y2=\"16.72\" class=\"path\"\/><path d=\"M12.6,3.42,1.54,22.58A1.61,1.61,0,0,0,2.93,25H25.07a1.61,1.61,0,0,0,1.39-2.42L15.4,3.42A1.61,1.61,0,0,0,12.6,3.42Z\" class=\"path\"\/><\/g><\/svg><\/div><div class=\"alert_wrapper\">Le montant affich\u00e9 peut \u00eatre modifi\u00e9 par le fournisseur sans que nous en soyons inform\u00e9s. Une diff\u00e9rence entre le prix affich\u00e9 ici et en magasin reste possible.<\/div><a href=\"#\" class=\"close mfn-close-icon\"><span class=\"icon\">\u2715<\/span><\/a><\/div>\n<div class=\"alert alert_info\"><div class=\"alert_icon\"><svg viewBox=\"0 0 28 28\"><defs><style>.path{fill:none;stroke:#000;stroke-miterlimit:10;stroke-width:1.5px;}<\/style><\/defs><g><circle class=\"path\" cx=\"14\" cy=\"14\" r=\"12\"\/><path class=\"path\" d=\"M11.2,9.12a3.4,3.4,0,0,1,3-1.69,2.84,2.84,0,0,1,3,2.76,3.16,3.16,0,0,1-.84,2.23c-.63.74-1.58,1.18-2.19,1.88a1,1,0,0,0-.26.64v2.32\"\/><circle class=\"path\" cx=\"14\" cy=\"20\" r=\"0.33\"\/><\/g><\/svg><\/div><div class=\"alert_wrapper\">Faites vos demandes particuli\u00e8res ou passez votre commande via ce formulaire <\/div><a href=\"#\" class=\"close mfn-close-icon\"><span class=\"icon\">\u2715<\/span><\/a><\/div>\n <a class=\"button  button_size_3\" href=\"https:\/\/tempsetor.be\/galerie\/ma-commande\/\"     target=\"_blank\"    title=\"\"><span class=\"button_label\">&gt; Formulaire<\/span><\/a>\n<\/p>\n","protected":false},"featured_media":8804,"template":"","meta":{"_monsterinsights_skip_tracking":false,"_monsterinsights_sitenote_active":false,"_monsterinsights_sitenote_note":"","_monsterinsights_sitenote_category":0},"product_brand":[],"product_cat":[2616,40,39],"product_tag":[],"class_list":{"0":"post-8803","1":"product","2":"type-product","3":"status-publish","4":"has-post-thumbnail","6":"product_cat-citizen-hommes","7":"product_cat-montres-hommes","8":"product_cat-hommes","10":"first","11":"instock","12":"shipping-taxable","13":"purchasable","14":"product-type-simple"},"_links":{"self":[{"href":"https:\/\/tempsetor.be\/galerie\/wp-json\/wp\/v2\/product\/8803","targetHints":{"allow":["GET"]}}],"collection":[{"href":"https:\/\/tempsetor.be\/galerie\/wp-json\/wp\/v2\/product"}],"about":[{"href":"https:\/\/tempsetor.be\/galerie\/wp-json\/wp\/v2\/types\/product"}],"wp:featuredmedia":[{"embeddable":true,"href":"https:\/\/tempsetor.be\/galerie\/wp-json\/wp\/v2\/media\/8804"}],"wp:attachment":[{"href":"https:\/\/tempsetor.be\/galerie\/wp-json\/wp\/v2\/media?parent=8803"}],"wp:term":[{"taxonomy":"product_brand","embeddable":true,"href":"https:\/\/tempsetor.be\/galerie\/wp-json\/wp\/v2\/product_brand?post=8803"},{"taxonomy":"product_cat","embeddable":true,"href":"https:\/\/tempsetor.be\/galerie\/wp-json\/wp\/v2\/product_cat?post=8803"},{"taxonomy":"product_tag","embeddable":true,"href":"https:\/\/tempsetor.be\/galerie\/wp-json\/wp\/v2\/product_tag?post=8803"}],"curies":[{"name":"wp","href":"https:\/\/api.w.org\/{rel}","templated":true}]}}