{"id":8818,"date":"2026-02-06T07:40:33","date_gmt":"2026-02-06T06:40:33","guid":{"rendered":"https:\/\/tempsetor.be\/galerie\/?post_type=product&#038;p=8818"},"modified":"2026-02-07T10:01:38","modified_gmt":"2026-02-07T09:01:38","slug":"montre-hommes-citizen-promaster-sky-pilote-blue-at8300-58l","status":"publish","type":"product","link":"https:\/\/tempsetor.be\/galerie\/produit\/montre-hommes-citizen-promaster-sky-pilote-blue-at8300-58l\/","title":{"rendered":"Montre hommes &#8211; Citizen &#8211; Promaster Sky Pilote Blue &#8211; AT8300-58L"},"content":{"rendered":"<p>La Citizen Promaster Sky Eco\u2011Drive AT8300\u201158L est une montre pour homme \u00e9l\u00e9gante et performante, dot\u00e9e d\u2019un mouvement solaire Eco\u2011Drive avec technologie radio\u2011contr\u00f4l\u00e9e, chronographe jusqu\u2019\u00e0 60\u202fmin, calendrier perp\u00e9tuel et affichage 24\u202fh. Son bo\u00eetier acier de 41\u202fmm et son cadran bleu sont prot\u00e9g\u00e9s par un verre saphir anti\u2011reflets, tandis que son \u00e9tanch\u00e9it\u00e9 20\u202fbar la rend id\u00e9ale pour le quotidien et les voyages.<\/p>\n","protected":false},"excerpt":{"rendered":"<p><img loading=\"lazy\" decoding=\"async\" class=\"alignleft wp-image-8633\" src=\"https:\/\/tempsetor.be\/galerie\/wp-content\/uploads\/2025\/11\/citizen-logo-300x63.png\" alt=\"logo Citizen\" width=\"151\" height=\"32\" srcset=\"https:\/\/tempsetor.be\/galerie\/wp-content\/uploads\/2025\/11\/citizen-logo-300x63.png 300w, https:\/\/tempsetor.be\/galerie\/wp-content\/uploads\/2025\/11\/citizen-logo-150x32.png 150w, https:\/\/tempsetor.be\/galerie\/wp-content\/uploads\/2025\/11\/citizen-logo-480x101.png 480w, https:\/\/tempsetor.be\/galerie\/wp-content\/uploads\/2025\/11\/citizen-logo.png 568w\" sizes=\"auto, (max-width:767px) 151px, 151px\" \/><\/p>\n<p data-start=\"4269\" data-end=\"4852\">La Citizen Promaster Sky Eco\u2011Drive AT8300\u201158L est une montre homme d\u2019une pr\u00e9cision remarquable, con\u00e7ue pour ceux qui recherchent technologie et design dans un seul garde\u2011temps. Elle est anim\u00e9e par le mouvement solaire Eco\u2011Drive calibre H800, qui convertit toute source de lumi\u00e8re en \u00e9nergie, \u00e9liminant ainsi le besoin de changement de pile.<\/p>\n<p data-start=\"4269\" data-end=\"4852\">Cette montre int\u00e8gre une fonction radio\u2011contr\u00f4l\u00e9e qui synchronise automatiquement l\u2019heure dans plusieurs r\u00e9gions du monde, offrant une fiabilit\u00e9 horlog\u00e8re exceptionnelle. Son cadran bleu profond est prot\u00e9g\u00e9 par un verre saphir anti\u2011reflets, garantissant une lisibilit\u00e9 optimale en toutes conditions. D\u2019un diam\u00e8tre de 41\u202fmm, le bo\u00eetier en acier inoxydable s\u2019accorde parfaitement avec le bracelet en acier dot\u00e9 d\u2019un fermoir s\u00e9curis\u00e9.<\/p>\n<p data-start=\"4269\" data-end=\"4852\">Parmi ses fonctions pratiques, on retrouve un chronographe jusqu\u2019\u00e0 60\u202fminutes avec pr\u00e9cision au 1\/20\u202fde seconde, un calendrier perp\u00e9tuel, l\u2019affichage 24\u202fh et un indicateur de r\u00e9serve d\u2019\u00e9nergie. Avec une \u00e9tanch\u00e9it\u00e9 de 20\u202fbar, cette montre est pr\u00eate \u00e0 vous accompagner dans vos aventures quotidiennes comme lors de vos activit\u00e9s sportives.<\/p>\n<p><div class=\"alert alert_error\"><div class=\"alert_icon\"><svg viewBox=\"0 0 28 28\"><defs><style>.path{fill:none;stroke:#000;stroke-miterlimit:10;stroke-width:1.5px;}<\/style><\/defs><g><circle cx=\"14\" cy=\"20\" r=\"0.33\" class=\"path\"\/><line x1=\"14\" y1=\"8.72\" x2=\"14\" y2=\"16.72\" class=\"path\"\/><path d=\"M12.6,3.42,1.54,22.58A1.61,1.61,0,0,0,2.93,25H25.07a1.61,1.61,0,0,0,1.39-2.42L15.4,3.42A1.61,1.61,0,0,0,12.6,3.42Z\" class=\"path\"\/><\/g><\/svg><\/div><div class=\"alert_wrapper\">Le montant affich\u00e9 peut \u00eatre modifi\u00e9 par le fournisseur sans que nous en soyons inform\u00e9s. Une diff\u00e9rence entre le prix affich\u00e9 ici et en magasin reste possible.<\/div><a href=\"#\" class=\"close mfn-close-icon\"><span class=\"icon\">\u2715<\/span><\/a><\/div>\n<div class=\"alert alert_info\"><div class=\"alert_icon\"><svg viewBox=\"0 0 28 28\"><defs><style>.path{fill:none;stroke:#000;stroke-miterlimit:10;stroke-width:1.5px;}<\/style><\/defs><g><circle class=\"path\" cx=\"14\" cy=\"14\" r=\"12\"\/><path class=\"path\" d=\"M11.2,9.12a3.4,3.4,0,0,1,3-1.69,2.84,2.84,0,0,1,3,2.76,3.16,3.16,0,0,1-.84,2.23c-.63.74-1.58,1.18-2.19,1.88a1,1,0,0,0-.26.64v2.32\"\/><circle class=\"path\" cx=\"14\" cy=\"20\" r=\"0.33\"\/><\/g><\/svg><\/div><div class=\"alert_wrapper\">Faites vos demandes particuli\u00e8res ou passez votre commande via ce formulaire <\/div><a href=\"#\" class=\"close mfn-close-icon\"><span class=\"icon\">\u2715<\/span><\/a><\/div>\n <a class=\"button  button_size_3\" href=\"https:\/\/tempsetor.be\/galerie\/ma-commande\/\"     target=\"_blank\"    title=\"\"><span class=\"button_label\">&gt; Formulaire<\/span><\/a>\n<\/p>\n","protected":false},"featured_media":8819,"template":"","meta":{"_monsterinsights_skip_tracking":false,"_monsterinsights_sitenote_active":false,"_monsterinsights_sitenote_note":"","_monsterinsights_sitenote_category":0},"product_brand":[],"product_cat":[2616,40,39],"product_tag":[],"class_list":{"0":"post-8818","1":"product","2":"type-product","3":"status-publish","4":"has-post-thumbnail","6":"product_cat-citizen-hommes","7":"product_cat-montres-hommes","8":"product_cat-hommes","10":"first","11":"instock","12":"shipping-taxable","13":"purchasable","14":"product-type-simple"},"_links":{"self":[{"href":"https:\/\/tempsetor.be\/galerie\/wp-json\/wp\/v2\/product\/8818","targetHints":{"allow":["GET"]}}],"collection":[{"href":"https:\/\/tempsetor.be\/galerie\/wp-json\/wp\/v2\/product"}],"about":[{"href":"https:\/\/tempsetor.be\/galerie\/wp-json\/wp\/v2\/types\/product"}],"wp:featuredmedia":[{"embeddable":true,"href":"https:\/\/tempsetor.be\/galerie\/wp-json\/wp\/v2\/media\/8819"}],"wp:attachment":[{"href":"https:\/\/tempsetor.be\/galerie\/wp-json\/wp\/v2\/media?parent=8818"}],"wp:term":[{"taxonomy":"product_brand","embeddable":true,"href":"https:\/\/tempsetor.be\/galerie\/wp-json\/wp\/v2\/product_brand?post=8818"},{"taxonomy":"product_cat","embeddable":true,"href":"https:\/\/tempsetor.be\/galerie\/wp-json\/wp\/v2\/product_cat?post=8818"},{"taxonomy":"product_tag","embeddable":true,"href":"https:\/\/tempsetor.be\/galerie\/wp-json\/wp\/v2\/product_tag?post=8818"}],"curies":[{"name":"wp","href":"https:\/\/api.w.org\/{rel}","templated":true}]}}