{"id":8822,"date":"2026-02-07T10:05:18","date_gmt":"2026-02-07T09:05:18","guid":{"rendered":"https:\/\/tempsetor.be\/galerie\/?post_type=product&#038;p=8822"},"modified":"2026-02-07T10:39:59","modified_gmt":"2026-02-07T09:39:59","slug":"montre-hommes-citizen-super-titanium-chronographe-ca4610-85l","status":"publish","type":"product","link":"https:\/\/tempsetor.be\/galerie\/produit\/montre-hommes-citizen-super-titanium-chronographe-ca4610-85l\/","title":{"rendered":"Montre hommes &#8211; Citizen &#8211; Super Titanium &#8211; chronographe &#8211; CA4610-85L"},"content":{"rendered":"<p>La <strong data-start=\"4519\" data-end=\"4557\">Citizen CA4610\u201185L Super Titanium\u2122<\/strong> est une montre homme au design sport\u2011chic. Anim\u00e9e par la technologie Eco\u2011Drive (solaire), elle dispose d\u2019un chronographe pr\u00e9cis, d\u2019un affichage 12\/24\u202fh et d\u2019un guichet date. Son bo\u00eetier l\u00e9ger en Super Titanium\u2122 (42,5\u202fmm) avec verre saphir et bracelet assorti offre durabilit\u00e9 et confort, tandis que son \u00e9tanch\u00e9it\u00e9 jusqu\u2019\u00e0\u202f10\u202fbar rend cette montre polyvalente au quotidien<\/p>\n","protected":false},"excerpt":{"rendered":"<p><img loading=\"lazy\" decoding=\"async\" class=\"alignleft wp-image-8633\" src=\"https:\/\/tempsetor.be\/galerie\/wp-content\/uploads\/2025\/11\/citizen-logo-300x63.png\" alt=\"logo Citizen\" width=\"151\" height=\"32\" srcset=\"https:\/\/tempsetor.be\/galerie\/wp-content\/uploads\/2025\/11\/citizen-logo-300x63.png 300w, https:\/\/tempsetor.be\/galerie\/wp-content\/uploads\/2025\/11\/citizen-logo-150x32.png 150w, https:\/\/tempsetor.be\/galerie\/wp-content\/uploads\/2025\/11\/citizen-logo-480x101.png 480w, https:\/\/tempsetor.be\/galerie\/wp-content\/uploads\/2025\/11\/citizen-logo.png 568w\" sizes=\"auto, (max-width:767px) 151px, 151px\" \/><\/p>\n<p data-start=\"5031\" data-end=\"5635\">La Citizen CA4610\u201185L Super Titanium\u2122 est une montre chronographe pour homme qui combine technologie moderne, mat\u00e9riaux haut de gamme et style quotidien. Son bo\u00eetier de 42,5\u202fmm en Super Titanium\u2122, un titane sp\u00e9cialement trait\u00e9 pour une duret\u00e9 accrue, est assorti d\u2019un bracelet ton titane blanc avec boucle d\u00e9ployante s\u00e9curis\u00e9e, assurant confort et l\u00e9g\u00e8ret\u00e9 toute la journ\u00e9e. Le cadran bleu textur\u00e9 est prot\u00e9g\u00e9 par un verre saphir antirayures et int\u00e8gre trois compteurs chronographes ainsi qu\u2019un guichet date, le tout mis en valeur par des aiguilles et des index luminescents pour une lisibilit\u00e9 parfaite.<\/p>\n<p data-start=\"5637\" data-end=\"6191\">Anim\u00e9e par la technologie <strong data-start=\"5663\" data-end=\"5676\">Eco\u2011Drive<\/strong> de Citizen, cette montre se recharge \u00e0 la lumi\u00e8re, \u00e9liminant le besoin de changer de pile et offrant une autonomie allant jusqu\u2019\u00e0 270\u202fjours apr\u00e8s charge compl\u00e8te. Le mouvement chronographe analogique calibre B620 garantit pr\u00e9cision et fiabilit\u00e9, avec fonctions 24\u202fh, chronographe jusqu\u2019\u00e0 60\u202fminutes et indicateur de charge de batterie. \u00c9tanche jusqu\u2019\u00e0 10\u202fbar (100\u202fm), elle vous accompagne aussi bien au bureau qu\u2019en escapade sportive tout en restant \u00e9l\u00e9gante et performante.<\/p>\n<p><div class=\"alert alert_error\"><div class=\"alert_icon\"><svg viewBox=\"0 0 28 28\"><defs><style>.path{fill:none;stroke:#000;stroke-miterlimit:10;stroke-width:1.5px;}<\/style><\/defs><g><circle cx=\"14\" cy=\"20\" r=\"0.33\" class=\"path\"\/><line x1=\"14\" y1=\"8.72\" x2=\"14\" y2=\"16.72\" class=\"path\"\/><path d=\"M12.6,3.42,1.54,22.58A1.61,1.61,0,0,0,2.93,25H25.07a1.61,1.61,0,0,0,1.39-2.42L15.4,3.42A1.61,1.61,0,0,0,12.6,3.42Z\" class=\"path\"\/><\/g><\/svg><\/div><div class=\"alert_wrapper\">Le montant affich\u00e9 peut \u00eatre modifi\u00e9 par le fournisseur sans que nous en soyons inform\u00e9s. Une diff\u00e9rence entre le prix affich\u00e9 ici et en magasin reste possible.<\/div><a href=\"#\" class=\"close mfn-close-icon\"><span class=\"icon\">\u2715<\/span><\/a><\/div>\n<div class=\"alert alert_info\"><div class=\"alert_icon\"><svg viewBox=\"0 0 28 28\"><defs><style>.path{fill:none;stroke:#000;stroke-miterlimit:10;stroke-width:1.5px;}<\/style><\/defs><g><circle class=\"path\" cx=\"14\" cy=\"14\" r=\"12\"\/><path class=\"path\" d=\"M11.2,9.12a3.4,3.4,0,0,1,3-1.69,2.84,2.84,0,0,1,3,2.76,3.16,3.16,0,0,1-.84,2.23c-.63.74-1.58,1.18-2.19,1.88a1,1,0,0,0-.26.64v2.32\"\/><circle class=\"path\" cx=\"14\" cy=\"20\" r=\"0.33\"\/><\/g><\/svg><\/div><div class=\"alert_wrapper\">Faites vos demandes particuli\u00e8res ou passez votre commande via ce formulaire <\/div><a href=\"#\" class=\"close mfn-close-icon\"><span class=\"icon\">\u2715<\/span><\/a><\/div>\n <a class=\"button  button_size_3\" href=\"https:\/\/tempsetor.be\/galerie\/ma-commande\/\"     target=\"_blank\"    title=\"\"><span class=\"button_label\">&gt; Formulaire<\/span><\/a>\n<\/p>\n","protected":false},"featured_media":8823,"template":"","meta":{"_monsterinsights_skip_tracking":false,"_monsterinsights_sitenote_active":false,"_monsterinsights_sitenote_note":"","_monsterinsights_sitenote_category":0},"product_brand":[],"product_cat":[2616,40,39],"product_tag":[],"class_list":{"0":"post-8822","1":"product","2":"type-product","3":"status-publish","4":"has-post-thumbnail","6":"product_cat-citizen-hommes","7":"product_cat-montres-hommes","8":"product_cat-hommes","10":"first","11":"instock","12":"shipping-taxable","13":"purchasable","14":"product-type-simple"},"_links":{"self":[{"href":"https:\/\/tempsetor.be\/galerie\/wp-json\/wp\/v2\/product\/8822","targetHints":{"allow":["GET"]}}],"collection":[{"href":"https:\/\/tempsetor.be\/galerie\/wp-json\/wp\/v2\/product"}],"about":[{"href":"https:\/\/tempsetor.be\/galerie\/wp-json\/wp\/v2\/types\/product"}],"wp:featuredmedia":[{"embeddable":true,"href":"https:\/\/tempsetor.be\/galerie\/wp-json\/wp\/v2\/media\/8823"}],"wp:attachment":[{"href":"https:\/\/tempsetor.be\/galerie\/wp-json\/wp\/v2\/media?parent=8822"}],"wp:term":[{"taxonomy":"product_brand","embeddable":true,"href":"https:\/\/tempsetor.be\/galerie\/wp-json\/wp\/v2\/product_brand?post=8822"},{"taxonomy":"product_cat","embeddable":true,"href":"https:\/\/tempsetor.be\/galerie\/wp-json\/wp\/v2\/product_cat?post=8822"},{"taxonomy":"product_tag","embeddable":true,"href":"https:\/\/tempsetor.be\/galerie\/wp-json\/wp\/v2\/product_tag?post=8822"}],"curies":[{"name":"wp","href":"https:\/\/api.w.org\/{rel}","templated":true}]}}