{"id":8826,"date":"2026-02-07T19:07:24","date_gmt":"2026-02-07T18:07:24","guid":{"rendered":"https:\/\/tempsetor.be\/galerie\/?post_type=product&#038;p=8826"},"modified":"2026-02-07T19:11:43","modified_gmt":"2026-02-07T18:11:43","slug":"montre-dames-festina-squelette-f20627-1","status":"publish","type":"product","link":"https:\/\/tempsetor.be\/galerie\/produit\/montre-dames-festina-squelette-f20627-1\/","title":{"rendered":"Montre dames &#8211; Festina &#8211; Squelette &#8211; F20627\/1"},"content":{"rendered":"<p>La <strong data-start=\"3162\" data-end=\"3182\">Festina F20627\/1<\/strong> est une montre automatique femme \u00e9l\u00e9gante associant un design squelette raffin\u00e9 \u00e0 un bo\u00eetier acier inoxydable de 35,5\u202fmm et un verre saphir. Dot\u00e9e d\u2019un bracelet milanais argent\u00e9 et d\u2019une \u00e9tanch\u00e9it\u00e9 3\u202fATM, elle incarne une fusion parfaite entre sophistication horlog\u00e8re et style intemporel.<\/p>\n","protected":false},"excerpt":{"rendered":"<p><img loading=\"lazy\" decoding=\"async\" class=\"wp-image-4096 size-full alignleft\" src=\"https:\/\/tempsetor.be\/galerie\/wp-content\/uploads\/2018\/11\/festina.png\" alt=\"logo Festina\" width=\"150\" height=\"92\" srcset=\"https:\/\/tempsetor.be\/galerie\/wp-content\/uploads\/2018\/11\/festina.png 150w, https:\/\/tempsetor.be\/galerie\/wp-content\/uploads\/2018\/11\/festina-50x31.png 50w, https:\/\/tempsetor.be\/galerie\/wp-content\/uploads\/2018\/11\/festina-122x75.png 122w\" sizes=\"auto, (max-width:767px) 150px, 150px\" \/><\/p>\n<p data-start=\"3526\" data-end=\"3950\">La Festina F20627\/1 est une montre automatique pour femme qui se distingue par son design raffin\u00e9 et sa m\u00e9canique apparente. Le bo\u00eetier rond en acier inoxydable 316L de 35,5\u202fmm de diam\u00e8tre abrite un cadran squelette d\u2019o\u00f9 se d\u00e9voile le mouvement automatique, offrant une vision fascinante de la pr\u00e9cision horlog\u00e8re. Prot\u00e9g\u00e9 par un verre saphir r\u00e9sistant aux rayures, le cadran refl\u00e8te la lumi\u00e8re pour une lisibilit\u00e9 optimale.<\/p>\n<p data-start=\"3952\" data-end=\"4420\">Cette montre est \u00e9quip\u00e9e d\u2019un bracelet en maille milanaise en acier inoxydable argent\u00e9 avec fermoir coulissant, assurant un maintien confortable et ajustable. Avec une \u00e9tanch\u00e9it\u00e9 de 3\u202fATM, elle r\u00e9siste aux \u00e9claboussures et convient parfaitement \u00e0 un usage quotidien. Alliant \u00e9l\u00e9gance, fiabilit\u00e9 et savoir\u2011faire m\u00e9canique, la Festina F20627\/1 est un choix sophistiqu\u00e9 pour celles qui appr\u00e9cient une montre de caract\u00e8re et de style.<\/p>\n<p>D\u00e9j\u00e0 garanties 2 ans, la bijouterie <strong>Temps &amp; OR<\/strong> vous apporte une confiance suppl\u00e9mentaire pour ces produits. Selon vos besoins, ces montres peuvent \u00eatre \u00e9galement r\u00e9serv\u00e9es \u00e0 la bijouterie. La mise \u00e0 mesure offerte ainsi qu&#8217;un emballage cadeau vous y seront propos\u00e9s.<\/p>\n<p><div class=\"alert alert_error\"><div class=\"alert_icon\"><svg viewBox=\"0 0 28 28\"><defs><style>.path{fill:none;stroke:#000;stroke-miterlimit:10;stroke-width:1.5px;}<\/style><\/defs><g><circle cx=\"14\" cy=\"20\" r=\"0.33\" class=\"path\"\/><line x1=\"14\" y1=\"8.72\" x2=\"14\" y2=\"16.72\" class=\"path\"\/><path d=\"M12.6,3.42,1.54,22.58A1.61,1.61,0,0,0,2.93,25H25.07a1.61,1.61,0,0,0,1.39-2.42L15.4,3.42A1.61,1.61,0,0,0,12.6,3.42Z\" class=\"path\"\/><\/g><\/svg><\/div><div class=\"alert_wrapper\">Le montant affich\u00e9 peut \u00eatre modifi\u00e9 par le fournisseur sans que nous en soyons inform\u00e9s. Une diff\u00e9rence entre le prix affich\u00e9 ici et en magasin reste possible.<\/div><a href=\"#\" class=\"close mfn-close-icon\"><span class=\"icon\">\u2715<\/span><\/a><\/div>\n<div class=\"alert alert_info\"><div class=\"alert_icon\"><svg viewBox=\"0 0 28 28\"><defs><style>.path{fill:none;stroke:#000;stroke-miterlimit:10;stroke-width:1.5px;}<\/style><\/defs><g><circle class=\"path\" cx=\"14\" cy=\"14\" r=\"12\"\/><path class=\"path\" d=\"M11.2,9.12a3.4,3.4,0,0,1,3-1.69,2.84,2.84,0,0,1,3,2.76,3.16,3.16,0,0,1-.84,2.23c-.63.74-1.58,1.18-2.19,1.88a1,1,0,0,0-.26.64v2.32\"\/><circle class=\"path\" cx=\"14\" cy=\"20\" r=\"0.33\"\/><\/g><\/svg><\/div><div class=\"alert_wrapper\">Faites vos demandes particuli\u00e8res ou passez votre commande via ce formulaire <\/div><a href=\"#\" class=\"close mfn-close-icon\"><span class=\"icon\">\u2715<\/span><\/a><\/div>\n <a class=\"button  button_size_3\" href=\"https:\/\/tempsetor.be\/galerie\/ma-commande\/\"     target=\"_blank\"    title=\"\"><span class=\"button_label\">&gt; Formulaire<\/span><\/a>\n<\/p>\n","protected":false},"featured_media":8827,"template":"","meta":{"_monsterinsights_skip_tracking":false,"_monsterinsights_sitenote_active":false,"_monsterinsights_sitenote_note":"","_monsterinsights_sitenote_category":0},"product_brand":[],"product_cat":[794,28,27],"product_tag":[],"class_list":{"0":"post-8826","1":"product","2":"type-product","3":"status-publish","4":"has-post-thumbnail","6":"product_cat-festina-dames","7":"product_cat-montres-dames","8":"product_cat-dames","10":"first","11":"instock","12":"shipping-taxable","13":"purchasable","14":"product-type-simple"},"_links":{"self":[{"href":"https:\/\/tempsetor.be\/galerie\/wp-json\/wp\/v2\/product\/8826","targetHints":{"allow":["GET"]}}],"collection":[{"href":"https:\/\/tempsetor.be\/galerie\/wp-json\/wp\/v2\/product"}],"about":[{"href":"https:\/\/tempsetor.be\/galerie\/wp-json\/wp\/v2\/types\/product"}],"wp:featuredmedia":[{"embeddable":true,"href":"https:\/\/tempsetor.be\/galerie\/wp-json\/wp\/v2\/media\/8827"}],"wp:attachment":[{"href":"https:\/\/tempsetor.be\/galerie\/wp-json\/wp\/v2\/media?parent=8826"}],"wp:term":[{"taxonomy":"product_brand","embeddable":true,"href":"https:\/\/tempsetor.be\/galerie\/wp-json\/wp\/v2\/product_brand?post=8826"},{"taxonomy":"product_cat","embeddable":true,"href":"https:\/\/tempsetor.be\/galerie\/wp-json\/wp\/v2\/product_cat?post=8826"},{"taxonomy":"product_tag","embeddable":true,"href":"https:\/\/tempsetor.be\/galerie\/wp-json\/wp\/v2\/product_tag?post=8826"}],"curies":[{"name":"wp","href":"https:\/\/api.w.org\/{rel}","templated":true}]}}