{"id":8831,"date":"2026-02-07T19:25:02","date_gmt":"2026-02-07T18:25:02","guid":{"rendered":"https:\/\/tempsetor.be\/galerie\/?post_type=product&#038;p=8831"},"modified":"2026-02-07T19:27:05","modified_gmt":"2026-02-07T18:27:05","slug":"montre-dames-festina-boyfriend-f20753-6","status":"publish","type":"product","link":"https:\/\/tempsetor.be\/galerie\/produit\/montre-dames-festina-boyfriend-f20753-6\/","title":{"rendered":"Montre dames &#8211; Festina &#8211; Boyfriend &#8211; F20753\/6"},"content":{"rendered":"<p>La montre Festina F20753\/6 pour dames de la Boyfriend Collection s\u00e9duit par son design moderne et \u00e9l\u00e9gant. Equip\u00e9e d\u2019un mouvement quartz Miyota JS20 fiable, elle associe un bo\u00eetier acier de 37,5\u202fmm \u00e0 un bracelet acier argent\u00e9 confortable. Son cadran blanc aux accents multicolores cr\u00e9e une esth\u00e9tique unique, tandis que l\u2019\u00e9tanch\u00e9it\u00e9 10 ATM permet une utilisation au quotidien. Une montre chic et polyvalente \u00e0 d\u00e9couvrir.<\/p>\n","protected":false},"excerpt":{"rendered":"<p><img loading=\"lazy\" decoding=\"async\" class=\"wp-image-4096 size-full alignleft\" src=\"https:\/\/tempsetor.be\/galerie\/wp-content\/uploads\/2018\/11\/festina.png\" alt=\"logo Festina\" width=\"150\" height=\"92\" srcset=\"https:\/\/tempsetor.be\/galerie\/wp-content\/uploads\/2018\/11\/festina.png 150w, https:\/\/tempsetor.be\/galerie\/wp-content\/uploads\/2018\/11\/festina-50x31.png 50w, https:\/\/tempsetor.be\/galerie\/wp-content\/uploads\/2018\/11\/festina-122x75.png 122w\" sizes=\"auto, (max-width:767px) 150px, 150px\" \/><\/p>\n<p data-start=\"4067\" data-end=\"4489\">La Festina F20753\/6 est une montre pour dames appartenant \u00e0 la Boyfriend Collection, offrant une esth\u00e9tique contemporaine et f\u00e9minine. Son bo\u00eetier rond de 37,5\u202fmm en acier inoxydable pr\u00e9sente une finition argent\u00e9e \u00e9l\u00e9gante qui s\u2019accorde parfaitement au bracelet en acier assorti. Le cadran blanc, rehauss\u00e9 de subtils accents multicolores, capte la lumi\u00e8re avec raffinement et donne \u00e0 cette montre une personnalit\u00e9 moderne.<\/p>\n<p data-start=\"4491\" data-end=\"4914\">Dot\u00e9e d\u2019un mouvement quartz Miyota JS20, cette montre assure une pr\u00e9cision fiable pour un usage quotidien. Son affichage par index est prot\u00e9g\u00e9 par un verre min\u00e9ral robuste. Gr\u00e2ce \u00e0 une \u00e9tanch\u00e9it\u00e9 de 10\u202fATM, la F20753\/6 r\u00e9siste aux \u00e9claboussures et \u00e0 la vie active de tous les jours. Le bracelet en acier de 19\u202fmm de largeur est \u00e9quip\u00e9 d\u2019une fermeture \u00e0 boucle d\u00e9ployante s\u00e9curis\u00e9e, garantissant confort et maintien optimal.<\/p>\n<p data-start=\"4916\" data-end=\"5114\">Alliant style, confort et performance, la Festina F20753\/6 constitue un choix \u00e9l\u00e9gant pour toutes celles qui recherchent une montre tendance et fonctionnelle.<\/p>\n<p>D\u00e9j\u00e0 garanties 2 ans, la bijouterie <strong>Temps &amp; OR<\/strong> vous apporte une confiance suppl\u00e9mentaire pour ces produits. Selon vos besoins, ces montres peuvent \u00eatre \u00e9galement r\u00e9serv\u00e9es \u00e0 la bijouterie. La mise \u00e0 mesure offerte ainsi qu&#8217;un emballage cadeau vous y seront propos\u00e9s.<\/p>\n<p><div class=\"alert alert_error\"><div class=\"alert_icon\"><svg viewBox=\"0 0 28 28\"><defs><style>.path{fill:none;stroke:#000;stroke-miterlimit:10;stroke-width:1.5px;}<\/style><\/defs><g><circle cx=\"14\" cy=\"20\" r=\"0.33\" class=\"path\"\/><line x1=\"14\" y1=\"8.72\" x2=\"14\" y2=\"16.72\" class=\"path\"\/><path d=\"M12.6,3.42,1.54,22.58A1.61,1.61,0,0,0,2.93,25H25.07a1.61,1.61,0,0,0,1.39-2.42L15.4,3.42A1.61,1.61,0,0,0,12.6,3.42Z\" class=\"path\"\/><\/g><\/svg><\/div><div class=\"alert_wrapper\">Le montant affich\u00e9 peut \u00eatre modifi\u00e9 par le fournisseur sans que nous en soyons inform\u00e9s. Une diff\u00e9rence entre le prix affich\u00e9 ici et en magasin reste possible.<\/div><a href=\"#\" class=\"close mfn-close-icon\"><span class=\"icon\">\u2715<\/span><\/a><\/div>\n<div class=\"alert alert_info\"><div class=\"alert_icon\"><svg viewBox=\"0 0 28 28\"><defs><style>.path{fill:none;stroke:#000;stroke-miterlimit:10;stroke-width:1.5px;}<\/style><\/defs><g><circle class=\"path\" cx=\"14\" cy=\"14\" r=\"12\"\/><path class=\"path\" d=\"M11.2,9.12a3.4,3.4,0,0,1,3-1.69,2.84,2.84,0,0,1,3,2.76,3.16,3.16,0,0,1-.84,2.23c-.63.74-1.58,1.18-2.19,1.88a1,1,0,0,0-.26.64v2.32\"\/><circle class=\"path\" cx=\"14\" cy=\"20\" r=\"0.33\"\/><\/g><\/svg><\/div><div class=\"alert_wrapper\">Faites vos demandes particuli\u00e8res ou passez votre commande via ce formulaire <\/div><a href=\"#\" class=\"close mfn-close-icon\"><span class=\"icon\">\u2715<\/span><\/a><\/div>\n <a class=\"button  button_size_3\" href=\"https:\/\/tempsetor.be\/galerie\/ma-commande\/\"     target=\"_blank\"    title=\"\"><span class=\"button_label\">&gt; Formulaire<\/span><\/a>\n<\/p>\n","protected":false},"featured_media":8832,"template":"","meta":{"_monsterinsights_skip_tracking":false,"_monsterinsights_sitenote_active":false,"_monsterinsights_sitenote_note":"","_monsterinsights_sitenote_category":0},"product_brand":[],"product_cat":[794,28,27],"product_tag":[],"class_list":{"0":"post-8831","1":"product","2":"type-product","3":"status-publish","4":"has-post-thumbnail","6":"product_cat-festina-dames","7":"product_cat-montres-dames","8":"product_cat-dames","10":"first","11":"instock","12":"shipping-taxable","13":"purchasable","14":"product-type-simple"},"_links":{"self":[{"href":"https:\/\/tempsetor.be\/galerie\/wp-json\/wp\/v2\/product\/8831","targetHints":{"allow":["GET"]}}],"collection":[{"href":"https:\/\/tempsetor.be\/galerie\/wp-json\/wp\/v2\/product"}],"about":[{"href":"https:\/\/tempsetor.be\/galerie\/wp-json\/wp\/v2\/types\/product"}],"wp:featuredmedia":[{"embeddable":true,"href":"https:\/\/tempsetor.be\/galerie\/wp-json\/wp\/v2\/media\/8832"}],"wp:attachment":[{"href":"https:\/\/tempsetor.be\/galerie\/wp-json\/wp\/v2\/media?parent=8831"}],"wp:term":[{"taxonomy":"product_brand","embeddable":true,"href":"https:\/\/tempsetor.be\/galerie\/wp-json\/wp\/v2\/product_brand?post=8831"},{"taxonomy":"product_cat","embeddable":true,"href":"https:\/\/tempsetor.be\/galerie\/wp-json\/wp\/v2\/product_cat?post=8831"},{"taxonomy":"product_tag","embeddable":true,"href":"https:\/\/tempsetor.be\/galerie\/wp-json\/wp\/v2\/product_tag?post=8831"}],"curies":[{"name":"wp","href":"https:\/\/api.w.org\/{rel}","templated":true}]}}