{"id":8834,"date":"2026-02-12T19:02:56","date_gmt":"2026-02-12T18:02:56","guid":{"rendered":"https:\/\/tempsetor.be\/galerie\/?post_type=product&#038;p=8834"},"modified":"2026-02-12T23:09:22","modified_gmt":"2026-02-12T22:09:22","slug":"montre-hommes-herbelin-newport-phase-de-lune-12722ap15","status":"publish","type":"product","link":"https:\/\/tempsetor.be\/galerie\/produit\/montre-hommes-herbelin-newport-phase-de-lune-12722ap15\/","title":{"rendered":"Montre hommes &#8211; Herbelin &#8211; Newport phase de lune &#8211; 12722AP15"},"content":{"rendered":"<p>La Herbelin Newport Slim 12722AP15 associe un bo\u00eetier acier 316L de 41,5 mm et un cadran bleu profond soleill\u00e9 avec phase de lune. Sous verre saphir, son mouvement Quartz Ronda 706.1 affiche heures, minutes, jour et date. Bracelet cuir noir fa\u00e7on alligator et \u00e9tanch\u00e9it\u00e9 3 ATM pour un style chic et pr\u00e9cis au quotidien.<\/p>\n","protected":false},"excerpt":{"rendered":"<p><img loading=\"lazy\" decoding=\"async\" class=\" wp-image-8581\" src=\"https:\/\/tempsetor.be\/galerie\/wp-content\/uploads\/2025\/10\/HERBELIN_LOGO-300x40.png\" alt=\"Herbelin logo\" width=\"203\" height=\"27\" srcset=\"https:\/\/tempsetor.be\/galerie\/wp-content\/uploads\/2025\/10\/HERBELIN_LOGO-300x40.png 300w, https:\/\/tempsetor.be\/galerie\/wp-content\/uploads\/2025\/10\/HERBELIN_LOGO-150x20.png 150w, https:\/\/tempsetor.be\/galerie\/wp-content\/uploads\/2025\/10\/HERBELIN_LOGO-480x65.png 480w, https:\/\/tempsetor.be\/galerie\/wp-content\/uploads\/2025\/10\/HERBELIN_LOGO.png 587w\" sizes=\"auto, (max-width:767px) 203px, 203px\" \/><\/p>\n<p data-start=\"4236\" data-end=\"4610\">La Herbelin Newport Slim 12722AP15 incarne l\u2019\u00e9l\u00e9gance contemporaine de la collection Newport, inspir\u00e9e par l\u2019univers marin. Son bo\u00eetier en acier inoxydable 316L de 41,5 mm se distingue par une silhouette fine et \u00e9pur\u00e9e, avec une \u00e9paisseur de 6,95 mm qui offre un port\u00e9 particuli\u00e8rement confortable. La couronne, grav\u00e9e d\u2019une roue marine, rappelle l\u2019ADN nautique de la ligne.<\/p>\n<p data-start=\"4612\" data-end=\"4944\">Le cadran bleu profond soleill\u00e9 capte la lumi\u00e8re avec subtilit\u00e9 et s\u2019habille d\u2019index dor\u00e9s pour une lecture claire et raffin\u00e9e. Une ouverture d\u00e9di\u00e9e accueille l\u2019indicateur de phase de lune, ajoutant une complication aussi \u00e9l\u00e9gante que distinctive. L\u2019ensemble est prot\u00e9g\u00e9 par un verre saphir, appr\u00e9ci\u00e9 pour sa r\u00e9sistance aux rayures.<\/p>\n<p data-start=\"4946\" data-end=\"5324\">Cette Newport Slim est anim\u00e9e par un mouvement Quartz Ronda 706.1 (10 1\/2&#8221;&#8217; ), offrant un affichage pr\u00e9cis des heures et minutes, compl\u00e9t\u00e9 par le jour, la date et la phase de lune. Son bracelet cuir noir fa\u00e7on alligator, ferm\u00e9 par une boucle traditionnelle \u00e0 ardillon, renforce son style habill\u00e9. Avec une \u00e9tanch\u00e9it\u00e9 de 3 ATM, elle accompagne la vie quotidienne avec assurance.<\/p>\n<p data-start=\"3415\" data-end=\"3816\">D\u00e9j\u00e0 garanties 2 ans, la bijouterie <strong>Temps &amp; OR<\/strong> vous apporte une confiance suppl\u00e9mentaire pour ces produits. Selon vos besoins, ces montres peuvent \u00eatre \u00e9galement r\u00e9serv\u00e9es \u00e0 la bijouterie. La mise \u00e0 mesure offerte ainsi qu&#8217;un emballage cadeau vous y seront propos\u00e9s.<\/p>\n<p><div class=\"alert alert_error\"><div class=\"alert_icon\"><svg viewBox=\"0 0 28 28\"><defs><style>.path{fill:none;stroke:#000;stroke-miterlimit:10;stroke-width:1.5px;}<\/style><\/defs><g><circle cx=\"14\" cy=\"20\" r=\"0.33\" class=\"path\"\/><line x1=\"14\" y1=\"8.72\" x2=\"14\" y2=\"16.72\" class=\"path\"\/><path d=\"M12.6,3.42,1.54,22.58A1.61,1.61,0,0,0,2.93,25H25.07a1.61,1.61,0,0,0,1.39-2.42L15.4,3.42A1.61,1.61,0,0,0,12.6,3.42Z\" class=\"path\"\/><\/g><\/svg><\/div><div class=\"alert_wrapper\">Le montant affich\u00e9 peut \u00eatre modifi\u00e9 par le fournisseur sans que nous en soyons inform\u00e9s. Une diff\u00e9rence entre le prix affich\u00e9 ici et en magasin reste possible.<\/div><a href=\"#\" class=\"close mfn-close-icon\"><span class=\"icon\">\u2715<\/span><\/a><\/div>\n<div class=\"alert alert_info\"><div class=\"alert_icon\"><svg viewBox=\"0 0 28 28\"><defs><style>.path{fill:none;stroke:#000;stroke-miterlimit:10;stroke-width:1.5px;}<\/style><\/defs><g><circle class=\"path\" cx=\"14\" cy=\"14\" r=\"12\"\/><path class=\"path\" d=\"M11.2,9.12a3.4,3.4,0,0,1,3-1.69,2.84,2.84,0,0,1,3,2.76,3.16,3.16,0,0,1-.84,2.23c-.63.74-1.58,1.18-2.19,1.88a1,1,0,0,0-.26.64v2.32\"\/><circle class=\"path\" cx=\"14\" cy=\"20\" r=\"0.33\"\/><\/g><\/svg><\/div><div class=\"alert_wrapper\">Faites vos demandes particuli\u00e8res ou passez votre commande via ce formulaire <\/div><a href=\"#\" class=\"close mfn-close-icon\"><span class=\"icon\">\u2715<\/span><\/a><\/div>\n <a class=\"button  button_size_3\" href=\"https:\/\/tempsetor.be\/galerie\/ma-commande\/\"     target=\"_blank\"    title=\"\"><span class=\"button_label\">&gt; Formulaire<\/span><\/a>\n<\/p>\n","protected":false},"featured_media":8835,"template":"","meta":{"_monsterinsights_skip_tracking":false,"_monsterinsights_sitenote_active":false,"_monsterinsights_sitenote_note":"","_monsterinsights_sitenote_category":0},"product_brand":[],"product_cat":[2603,40,39],"product_tag":[],"class_list":{"0":"post-8834","1":"product","2":"type-product","3":"status-publish","4":"has-post-thumbnail","6":"product_cat-herbelin-hommes","7":"product_cat-montres-hommes","8":"product_cat-hommes","10":"first","11":"instock","12":"shipping-taxable","13":"purchasable","14":"product-type-simple"},"_links":{"self":[{"href":"https:\/\/tempsetor.be\/galerie\/wp-json\/wp\/v2\/product\/8834","targetHints":{"allow":["GET"]}}],"collection":[{"href":"https:\/\/tempsetor.be\/galerie\/wp-json\/wp\/v2\/product"}],"about":[{"href":"https:\/\/tempsetor.be\/galerie\/wp-json\/wp\/v2\/types\/product"}],"wp:featuredmedia":[{"embeddable":true,"href":"https:\/\/tempsetor.be\/galerie\/wp-json\/wp\/v2\/media\/8835"}],"wp:attachment":[{"href":"https:\/\/tempsetor.be\/galerie\/wp-json\/wp\/v2\/media?parent=8834"}],"wp:term":[{"taxonomy":"product_brand","embeddable":true,"href":"https:\/\/tempsetor.be\/galerie\/wp-json\/wp\/v2\/product_brand?post=8834"},{"taxonomy":"product_cat","embeddable":true,"href":"https:\/\/tempsetor.be\/galerie\/wp-json\/wp\/v2\/product_cat?post=8834"},{"taxonomy":"product_tag","embeddable":true,"href":"https:\/\/tempsetor.be\/galerie\/wp-json\/wp\/v2\/product_tag?post=8834"}],"curies":[{"name":"wp","href":"https:\/\/api.w.org\/{rel}","templated":true}]}}