{"id":8837,"date":"2026-02-12T19:11:29","date_gmt":"2026-02-12T18:11:29","guid":{"rendered":"https:\/\/tempsetor.be\/galerie\/?post_type=product&#038;p=8837"},"modified":"2026-02-12T23:14:26","modified_gmt":"2026-02-12T22:14:26","slug":"montre-dames-herbelin-newport-slim-16922bt15","status":"publish","type":"product","link":"https:\/\/tempsetor.be\/galerie\/produit\/montre-dames-herbelin-newport-slim-16922bt15\/","title":{"rendered":"Montre dames &#8211; Herbelin &#8211; Newport SLIM &#8211; 16922BT15"},"content":{"rendered":"<p>La Herbelin Newport Slim 16922BT15 est une montre femme au cadran bleu profonde et bo\u00eetier rond de 32 mm en acier inoxydable 316 L avec finition PVD or jaune. Dot\u00e9e d\u2019un mouvement quartz suisse Ronda 774-1 et prot\u00e9g\u00e9e par un verre saphir, elle offre une lecture claire et pr\u00e9cise de l\u2019heure. \u00c9tanche \u00e0 30 m, cette montre allie \u00e9l\u00e9gance et polyvalence.<\/p>\n","protected":false},"excerpt":{"rendered":"<p><img loading=\"lazy\" decoding=\"async\" class=\" wp-image-8581\" src=\"https:\/\/tempsetor.be\/galerie\/wp-content\/uploads\/2025\/10\/HERBELIN_LOGO-300x40.png\" alt=\"Herbelin logo\" width=\"203\" height=\"27\" srcset=\"https:\/\/tempsetor.be\/galerie\/wp-content\/uploads\/2025\/10\/HERBELIN_LOGO-300x40.png 300w, https:\/\/tempsetor.be\/galerie\/wp-content\/uploads\/2025\/10\/HERBELIN_LOGO-150x20.png 150w, https:\/\/tempsetor.be\/galerie\/wp-content\/uploads\/2025\/10\/HERBELIN_LOGO-480x65.png 480w, https:\/\/tempsetor.be\/galerie\/wp-content\/uploads\/2025\/10\/HERBELIN_LOGO.png 587w\" sizes=\"auto, (max-width:767px) 203px, 203px\" \/><\/p>\n<p data-start=\"3447\" data-end=\"3725\">La Herbelin Newport Slim r\u00e9f\u00e9rence 16922BT15 est une montre dame au design \u00e9quilibr\u00e9 et contemporain. Son bo\u00eetier en acier inoxydable de 32 mm met en valeur un cadran bleu profond structur\u00e9 par des index et aiguilles argent\u00e9s, assurant une lecture claire et \u00e9l\u00e9gante de l\u2019heure.<\/p>\n<p data-start=\"3727\" data-end=\"3953\">Prot\u00e9g\u00e9 par un verre saphir, le cadran b\u00e9n\u00e9ficie d\u2019une r\u00e9sistance accrue aux rayures. Son mouvement quartz garantit une pr\u00e9cision fiable au quotidien. La pr\u00e9sence d\u2019un guichet \u00e0 date compl\u00e8te son affichage avec fonctionnalit\u00e9.<\/p>\n<p data-start=\"3955\" data-end=\"4231\">Son bracelet en acier inoxydable prolonge l\u2019esth\u00e9tique du bo\u00eetier pour une allure coh\u00e9rente et raffin\u00e9e. \u00c9tanche \u00e0 10 ATM, cette Newport Slim conjugue finesse, robustesse et \u00e9l\u00e9gance dans une montre parfaitement adapt\u00e9e \u00e0 un usage quotidien comme aux occasions plus habill\u00e9es.<\/p>\n<p data-start=\"3415\" data-end=\"3816\">D\u00e9j\u00e0 garanties 2 ans, la bijouterie <strong>Temps &amp; OR<\/strong> vous apporte une confiance suppl\u00e9mentaire pour ces produits. Selon vos besoins, ces montres peuvent \u00eatre \u00e9galement r\u00e9serv\u00e9es \u00e0 la bijouterie. La mise \u00e0 mesure offerte ainsi qu&#8217;un emballage cadeau vous y seront propos\u00e9s.<\/p>\n<p><div class=\"alert alert_error\"><div class=\"alert_icon\"><svg viewBox=\"0 0 28 28\"><defs><style>.path{fill:none;stroke:#000;stroke-miterlimit:10;stroke-width:1.5px;}<\/style><\/defs><g><circle cx=\"14\" cy=\"20\" r=\"0.33\" class=\"path\"\/><line x1=\"14\" y1=\"8.72\" x2=\"14\" y2=\"16.72\" class=\"path\"\/><path d=\"M12.6,3.42,1.54,22.58A1.61,1.61,0,0,0,2.93,25H25.07a1.61,1.61,0,0,0,1.39-2.42L15.4,3.42A1.61,1.61,0,0,0,12.6,3.42Z\" class=\"path\"\/><\/g><\/svg><\/div><div class=\"alert_wrapper\">Le montant affich\u00e9 peut \u00eatre modifi\u00e9 par le fournisseur sans que nous en soyons inform\u00e9s. Une diff\u00e9rence entre le prix affich\u00e9 ici et en magasin reste possible.<\/div><a href=\"#\" class=\"close mfn-close-icon\"><span class=\"icon\">\u2715<\/span><\/a><\/div>\n<div class=\"alert alert_info\"><div class=\"alert_icon\"><svg viewBox=\"0 0 28 28\"><defs><style>.path{fill:none;stroke:#000;stroke-miterlimit:10;stroke-width:1.5px;}<\/style><\/defs><g><circle class=\"path\" cx=\"14\" cy=\"14\" r=\"12\"\/><path class=\"path\" d=\"M11.2,9.12a3.4,3.4,0,0,1,3-1.69,2.84,2.84,0,0,1,3,2.76,3.16,3.16,0,0,1-.84,2.23c-.63.74-1.58,1.18-2.19,1.88a1,1,0,0,0-.26.64v2.32\"\/><circle class=\"path\" cx=\"14\" cy=\"20\" r=\"0.33\"\/><\/g><\/svg><\/div><div class=\"alert_wrapper\">Faites vos demandes particuli\u00e8res ou passez votre commande via ce formulaire <\/div><a href=\"#\" class=\"close mfn-close-icon\"><span class=\"icon\">\u2715<\/span><\/a><\/div>\n <a class=\"button  button_size_3\" href=\"https:\/\/tempsetor.be\/galerie\/ma-commande\/\"     target=\"_blank\"    title=\"\"><span class=\"button_label\">&gt; Formulaire<\/span><\/a>\n<\/p>\n","protected":false},"featured_media":8839,"template":"","meta":{"_monsterinsights_skip_tracking":false,"_monsterinsights_sitenote_active":false,"_monsterinsights_sitenote_note":"","_monsterinsights_sitenote_category":0},"product_brand":[],"product_cat":[2607,28,27],"product_tag":[],"class_list":{"0":"post-8837","1":"product","2":"type-product","3":"status-publish","4":"has-post-thumbnail","6":"product_cat-herbelin-dames","7":"product_cat-montres-dames","8":"product_cat-dames","10":"first","11":"instock","12":"shipping-taxable","13":"purchasable","14":"product-type-simple"},"_links":{"self":[{"href":"https:\/\/tempsetor.be\/galerie\/wp-json\/wp\/v2\/product\/8837","targetHints":{"allow":["GET"]}}],"collection":[{"href":"https:\/\/tempsetor.be\/galerie\/wp-json\/wp\/v2\/product"}],"about":[{"href":"https:\/\/tempsetor.be\/galerie\/wp-json\/wp\/v2\/types\/product"}],"wp:featuredmedia":[{"embeddable":true,"href":"https:\/\/tempsetor.be\/galerie\/wp-json\/wp\/v2\/media\/8839"}],"wp:attachment":[{"href":"https:\/\/tempsetor.be\/galerie\/wp-json\/wp\/v2\/media?parent=8837"}],"wp:term":[{"taxonomy":"product_brand","embeddable":true,"href":"https:\/\/tempsetor.be\/galerie\/wp-json\/wp\/v2\/product_brand?post=8837"},{"taxonomy":"product_cat","embeddable":true,"href":"https:\/\/tempsetor.be\/galerie\/wp-json\/wp\/v2\/product_cat?post=8837"},{"taxonomy":"product_tag","embeddable":true,"href":"https:\/\/tempsetor.be\/galerie\/wp-json\/wp\/v2\/product_tag?post=8837"}],"curies":[{"name":"wp","href":"https:\/\/api.w.org\/{rel}","templated":true}]}}