{"id":8843,"date":"2026-02-14T15:47:48","date_gmt":"2026-02-14T14:47:48","guid":{"rendered":"https:\/\/tempsetor.be\/galerie\/?post_type=product&#038;p=8843"},"modified":"2026-02-14T15:53:49","modified_gmt":"2026-02-14T14:53:49","slug":"montre-dames-herbelin-lady-h-17312t1n12gd","status":"publish","type":"product","link":"https:\/\/tempsetor.be\/galerie\/produit\/montre-dames-herbelin-lady-h-17312t1n12gd\/","title":{"rendered":"Montre dames &#8211; Herbelin &#8211; Lady H &#8211; 17312T1N12GD"},"content":{"rendered":"<p>La Herbelin Lady H 17312T1N12GD est une montre 22 mm en acier inoxydable 316L avec traitement PVD or jaune. Son cadran argent blanc soleill\u00e9 est prot\u00e9g\u00e9 par un verre saphir et anim\u00e9 par un mouvement quartz suisse Ronda 751 affichant heures et minutes. Bracelet cuir camel avec boucle traditionnelle \u00e0 ardillon.<\/p>\n","protected":false},"excerpt":{"rendered":"<p><img loading=\"lazy\" decoding=\"async\" class=\" wp-image-8581\" src=\"https:\/\/tempsetor.be\/galerie\/wp-content\/uploads\/2025\/10\/HERBELIN_LOGO-300x40.png\" alt=\"Herbelin logo\" width=\"203\" height=\"27\" srcset=\"https:\/\/tempsetor.be\/galerie\/wp-content\/uploads\/2025\/10\/HERBELIN_LOGO-300x40.png 300w, https:\/\/tempsetor.be\/galerie\/wp-content\/uploads\/2025\/10\/HERBELIN_LOGO-150x20.png 150w, https:\/\/tempsetor.be\/galerie\/wp-content\/uploads\/2025\/10\/HERBELIN_LOGO-480x65.png 480w, https:\/\/tempsetor.be\/galerie\/wp-content\/uploads\/2025\/10\/HERBELIN_LOGO.png 587w\" sizes=\"auto, (max-width:767px) 203px, 203px\" \/><\/p>\n<p data-start=\"3964\" data-end=\"4160\">La Herbelin Lady H r\u00e9f. 17312T1N12GD est dot\u00e9e d\u2019un bo\u00eetier rond de 22 mm en acier inoxydable 316L avec traitement PVD or jaune. Son cadran argent blanc soleill\u00e9 est prot\u00e9g\u00e9 par un verre saphir.<\/p>\n<p data-start=\"4162\" data-end=\"4291\">Elle est anim\u00e9e par un mouvement quartz suisse Ronda 751, calibre 751 &#8211; 5 \u00bd&#8221;&#8217;, assurant l\u2019affichage des heures et des minutes.<\/p>\n<p data-start=\"4293\" data-end=\"4383\">Le mod\u00e8le est mont\u00e9 sur un bracelet en cuir camel avec boucle traditionnelle \u00e0 ardillon.<\/p>\n<p data-start=\"3415\" data-end=\"3816\">D\u00e9j\u00e0 garanties 2 ans, la bijouterie <strong>Temps &amp; OR<\/strong> vous apporte une confiance suppl\u00e9mentaire pour ces produits. Selon vos besoins, ces montres peuvent \u00eatre \u00e9galement r\u00e9serv\u00e9es \u00e0 la bijouterie. La mise \u00e0 mesure offerte ainsi qu&#8217;un emballage cadeau vous y seront propos\u00e9s.<\/p>\n<p><div class=\"alert alert_error\"><div class=\"alert_icon\"><svg viewBox=\"0 0 28 28\"><defs><style>.path{fill:none;stroke:#000;stroke-miterlimit:10;stroke-width:1.5px;}<\/style><\/defs><g><circle cx=\"14\" cy=\"20\" r=\"0.33\" class=\"path\"\/><line x1=\"14\" y1=\"8.72\" x2=\"14\" y2=\"16.72\" class=\"path\"\/><path d=\"M12.6,3.42,1.54,22.58A1.61,1.61,0,0,0,2.93,25H25.07a1.61,1.61,0,0,0,1.39-2.42L15.4,3.42A1.61,1.61,0,0,0,12.6,3.42Z\" class=\"path\"\/><\/g><\/svg><\/div><div class=\"alert_wrapper\">Le montant affich\u00e9 peut \u00eatre modifi\u00e9 par le fournisseur sans que nous en soyons inform\u00e9s. Une diff\u00e9rence entre le prix affich\u00e9 ici et en magasin reste possible.<\/div><a href=\"#\" class=\"close mfn-close-icon\"><span class=\"icon\">\u2715<\/span><\/a><\/div>\n<div class=\"alert alert_info\"><div class=\"alert_icon\"><svg viewBox=\"0 0 28 28\"><defs><style>.path{fill:none;stroke:#000;stroke-miterlimit:10;stroke-width:1.5px;}<\/style><\/defs><g><circle class=\"path\" cx=\"14\" cy=\"14\" r=\"12\"\/><path class=\"path\" d=\"M11.2,9.12a3.4,3.4,0,0,1,3-1.69,2.84,2.84,0,0,1,3,2.76,3.16,3.16,0,0,1-.84,2.23c-.63.74-1.58,1.18-2.19,1.88a1,1,0,0,0-.26.64v2.32\"\/><circle class=\"path\" cx=\"14\" cy=\"20\" r=\"0.33\"\/><\/g><\/svg><\/div><div class=\"alert_wrapper\">Faites vos demandes particuli\u00e8res ou passez votre commande via ce formulaire <\/div><a href=\"#\" class=\"close mfn-close-icon\"><span class=\"icon\">\u2715<\/span><\/a><\/div>\n <a class=\"button  button_size_3\" href=\"https:\/\/tempsetor.be\/galerie\/ma-commande\/\"     target=\"_blank\"    title=\"\"><span class=\"button_label\">&gt; Formulaire<\/span><\/a>\n<\/p>\n","protected":false},"featured_media":8844,"template":"","meta":{"_monsterinsights_skip_tracking":false,"_monsterinsights_sitenote_active":false,"_monsterinsights_sitenote_note":"","_monsterinsights_sitenote_category":0},"product_brand":[],"product_cat":[2607,28,27],"product_tag":[],"class_list":{"0":"post-8843","1":"product","2":"type-product","3":"status-publish","4":"has-post-thumbnail","6":"product_cat-herbelin-dames","7":"product_cat-montres-dames","8":"product_cat-dames","10":"first","11":"instock","12":"shipping-taxable","13":"purchasable","14":"product-type-simple"},"_links":{"self":[{"href":"https:\/\/tempsetor.be\/galerie\/wp-json\/wp\/v2\/product\/8843","targetHints":{"allow":["GET"]}}],"collection":[{"href":"https:\/\/tempsetor.be\/galerie\/wp-json\/wp\/v2\/product"}],"about":[{"href":"https:\/\/tempsetor.be\/galerie\/wp-json\/wp\/v2\/types\/product"}],"wp:featuredmedia":[{"embeddable":true,"href":"https:\/\/tempsetor.be\/galerie\/wp-json\/wp\/v2\/media\/8844"}],"wp:attachment":[{"href":"https:\/\/tempsetor.be\/galerie\/wp-json\/wp\/v2\/media?parent=8843"}],"wp:term":[{"taxonomy":"product_brand","embeddable":true,"href":"https:\/\/tempsetor.be\/galerie\/wp-json\/wp\/v2\/product_brand?post=8843"},{"taxonomy":"product_cat","embeddable":true,"href":"https:\/\/tempsetor.be\/galerie\/wp-json\/wp\/v2\/product_cat?post=8843"},{"taxonomy":"product_tag","embeddable":true,"href":"https:\/\/tempsetor.be\/galerie\/wp-json\/wp\/v2\/product_tag?post=8843"}],"curies":[{"name":"wp","href":"https:\/\/api.w.org\/{rel}","templated":true}]}}