{"id":8846,"date":"2026-02-14T16:01:21","date_gmt":"2026-02-14T15:01:21","guid":{"rendered":"https:\/\/tempsetor.be\/galerie\/?post_type=product&#038;p=8846"},"modified":"2026-02-14T16:04:25","modified_gmt":"2026-02-14T15:04:25","slug":"montre-dames-herbelin-perles-mini-17433bp1n89","status":"publish","type":"product","link":"https:\/\/tempsetor.be\/galerie\/produit\/montre-dames-herbelin-perles-mini-17433bp1n89\/","title":{"rendered":"Montre dames &#8211; Herbelin &#8211; perles mini &#8211; 17433BP1N89"},"content":{"rendered":"<p>La Herbelin Perles 17433BP1N89 associe un bo\u00eetier rond 22 mm en acier 316L PVD or jaune \u00e0 un cadran en nacre blanche v\u00e9ritable orn\u00e9 de 4 diamants, prot\u00e9g\u00e9 par verre saphir. Mouvement quartz calibre 751 &#8211; 5 \u00bd&#8221;&#8217;.<\/p>\n","protected":false},"excerpt":{"rendered":"<p><img loading=\"lazy\" decoding=\"async\" class=\" wp-image-8581\" src=\"https:\/\/tempsetor.be\/galerie\/wp-content\/uploads\/2025\/10\/HERBELIN_LOGO-300x40.png\" alt=\"Herbelin logo\" width=\"203\" height=\"27\" srcset=\"https:\/\/tempsetor.be\/galerie\/wp-content\/uploads\/2025\/10\/HERBELIN_LOGO-300x40.png 300w, https:\/\/tempsetor.be\/galerie\/wp-content\/uploads\/2025\/10\/HERBELIN_LOGO-150x20.png 150w, https:\/\/tempsetor.be\/galerie\/wp-content\/uploads\/2025\/10\/HERBELIN_LOGO-480x65.png 480w, https:\/\/tempsetor.be\/galerie\/wp-content\/uploads\/2025\/10\/HERBELIN_LOGO.png 587w\" sizes=\"auto, (max-width:767px) 203px, 203px\" \/><\/p>\n<p data-start=\"6712\" data-end=\"6948\">La Herbelin Perles 17433BP1N89 exprime l\u2019\u00e9l\u00e9gance bijou \u00e0 travers une silhouette raffin\u00e9e et lumineuse. Son bo\u00eetier rond de 22 mm est r\u00e9alis\u00e9 en acier inoxydable 316L avec une finition PVD or jaune, pour un rendu chaleureux et pr\u00e9cieux.<\/p>\n<p data-start=\"6950\" data-end=\"7142\">Le cadran en nacre blanche v\u00e9ritable offre des reflets d\u00e9licats et changeants. Il est agr\u00e9ment\u00e9 de 4 diamants, et prot\u00e9g\u00e9 par un verre saphir, pour pr\u00e9server la clart\u00e9 et la finesse du cadran.<\/p>\n<p data-start=\"7144\" data-end=\"7438\">Cette montre est anim\u00e9e par un mouvement quartz, calibre 751 &#8211; 5 \u00bd&#8221;&#8217;, et affiche les heures et les minutes dans un esprit \u00e9pur\u00e9. Le bracelet en acier 316L PVD or jaune compl\u00e8te harmonieusement l\u2019ensemble, avec un fermoir boucle bijouterie qui renforce l\u2019esth\u00e9tique joailli\u00e8re de la collection.<\/p>\n<p data-start=\"3415\" data-end=\"3816\">D\u00e9j\u00e0 garanties 2 ans, la bijouterie <strong>Temps &amp; OR<\/strong> vous apporte une confiance suppl\u00e9mentaire pour ces produits. Selon vos besoins, ces montres peuvent \u00eatre \u00e9galement r\u00e9serv\u00e9es \u00e0 la bijouterie. La mise \u00e0 mesure offerte ainsi qu&#8217;un emballage cadeau vous y seront propos\u00e9s.<\/p>\n<p><div class=\"alert alert_error\"><div class=\"alert_icon\"><svg viewBox=\"0 0 28 28\"><defs><style>.path{fill:none;stroke:#000;stroke-miterlimit:10;stroke-width:1.5px;}<\/style><\/defs><g><circle cx=\"14\" cy=\"20\" r=\"0.33\" class=\"path\"\/><line x1=\"14\" y1=\"8.72\" x2=\"14\" y2=\"16.72\" class=\"path\"\/><path d=\"M12.6,3.42,1.54,22.58A1.61,1.61,0,0,0,2.93,25H25.07a1.61,1.61,0,0,0,1.39-2.42L15.4,3.42A1.61,1.61,0,0,0,12.6,3.42Z\" class=\"path\"\/><\/g><\/svg><\/div><div class=\"alert_wrapper\">Le montant affich\u00e9 peut \u00eatre modifi\u00e9 par le fournisseur sans que nous en soyons inform\u00e9s. Une diff\u00e9rence entre le prix affich\u00e9 ici et en magasin reste possible.<\/div><a href=\"#\" class=\"close mfn-close-icon\"><span class=\"icon\">\u2715<\/span><\/a><\/div>\n<div class=\"alert alert_info\"><div class=\"alert_icon\"><svg viewBox=\"0 0 28 28\"><defs><style>.path{fill:none;stroke:#000;stroke-miterlimit:10;stroke-width:1.5px;}<\/style><\/defs><g><circle class=\"path\" cx=\"14\" cy=\"14\" r=\"12\"\/><path class=\"path\" d=\"M11.2,9.12a3.4,3.4,0,0,1,3-1.69,2.84,2.84,0,0,1,3,2.76,3.16,3.16,0,0,1-.84,2.23c-.63.74-1.58,1.18-2.19,1.88a1,1,0,0,0-.26.64v2.32\"\/><circle class=\"path\" cx=\"14\" cy=\"20\" r=\"0.33\"\/><\/g><\/svg><\/div><div class=\"alert_wrapper\">Faites vos demandes particuli\u00e8res ou passez votre commande via ce formulaire <\/div><a href=\"#\" class=\"close mfn-close-icon\"><span class=\"icon\">\u2715<\/span><\/a><\/div>\n <a class=\"button  button_size_3\" href=\"https:\/\/tempsetor.be\/galerie\/ma-commande\/\"     target=\"_blank\"    title=\"\"><span class=\"button_label\">&gt; Formulaire<\/span><\/a>\n<\/p>\n","protected":false},"featured_media":8847,"template":"","meta":{"_monsterinsights_skip_tracking":false,"_monsterinsights_sitenote_active":false,"_monsterinsights_sitenote_note":"","_monsterinsights_sitenote_category":0},"product_brand":[],"product_cat":[2607,28,27],"product_tag":[],"class_list":{"0":"post-8846","1":"product","2":"type-product","3":"status-publish","4":"has-post-thumbnail","6":"product_cat-herbelin-dames","7":"product_cat-montres-dames","8":"product_cat-dames","10":"first","11":"instock","12":"shipping-taxable","13":"purchasable","14":"product-type-simple"},"_links":{"self":[{"href":"https:\/\/tempsetor.be\/galerie\/wp-json\/wp\/v2\/product\/8846","targetHints":{"allow":["GET"]}}],"collection":[{"href":"https:\/\/tempsetor.be\/galerie\/wp-json\/wp\/v2\/product"}],"about":[{"href":"https:\/\/tempsetor.be\/galerie\/wp-json\/wp\/v2\/types\/product"}],"wp:featuredmedia":[{"embeddable":true,"href":"https:\/\/tempsetor.be\/galerie\/wp-json\/wp\/v2\/media\/8847"}],"wp:attachment":[{"href":"https:\/\/tempsetor.be\/galerie\/wp-json\/wp\/v2\/media?parent=8846"}],"wp:term":[{"taxonomy":"product_brand","embeddable":true,"href":"https:\/\/tempsetor.be\/galerie\/wp-json\/wp\/v2\/product_brand?post=8846"},{"taxonomy":"product_cat","embeddable":true,"href":"https:\/\/tempsetor.be\/galerie\/wp-json\/wp\/v2\/product_cat?post=8846"},{"taxonomy":"product_tag","embeddable":true,"href":"https:\/\/tempsetor.be\/galerie\/wp-json\/wp\/v2\/product_tag?post=8846"}],"curies":[{"name":"wp","href":"https:\/\/api.w.org\/{rel}","templated":true}]}}