{"id":8878,"date":"2026-03-05T14:00:31","date_gmt":"2026-03-05T13:00:31","guid":{"rendered":"https:\/\/tempsetor.be\/galerie\/?post_type=product&#038;p=8878"},"modified":"2026-03-05T14:17:13","modified_gmt":"2026-03-05T13:17:13","slug":"bougie-baobab-provence","status":"publish","type":"product","link":"https:\/\/tempsetor.be\/galerie\/produit\/bougie-baobab-provence\/","title":{"rendered":"Bougie Baobab &#8211; Provence"},"content":{"rendered":"<p>La bougie parfum\u00e9e Provence de Baobab Collection illumine l\u2019int\u00e9rieur d\u2019un esprit solaire et artistique. Son d\u00e9cor \u00e0 la s\u00e9rigraphie dor\u00e9e et sa fragrance aromatique, entre fenouil, lavandin et ambre, cr\u00e9ent une ambiance chaleureuse, lumineuse et \u00e9l\u00e9gante.<\/p>\n","protected":false},"excerpt":{"rendered":"<p><img loading=\"lazy\" decoding=\"async\" class=\"size-full wp-image-4311 alignleft\" src=\"https:\/\/tempsetor.be\/galerie\/wp-content\/uploads\/2019\/03\/baobab.jpg\" alt=\"logo Baobab\" width=\"128\" height=\"142\" srcset=\"https:\/\/tempsetor.be\/galerie\/wp-content\/uploads\/2019\/03\/baobab.jpg 128w, https:\/\/tempsetor.be\/galerie\/wp-content\/uploads\/2019\/03\/baobab-45x50.jpg 45w, https:\/\/tempsetor.be\/galerie\/wp-content\/uploads\/2019\/03\/baobab-68x75.jpg 68w\" sizes=\"auto, (max-width:767px) 128px, 128px\" \/><\/p>\n<p data-start=\"1096\" data-end=\"1667\">Inspir\u00e9e par l\u2019imagination color\u00e9e de David Hockney, la bougie parfum\u00e9e Provence de Baobab Collection transforme les paysages iconiques du Sud en une cartographie lumineuse et joyeuse. Les Baux de Provence, l\u2019abbaye de S\u00e9nanque, les mas bord\u00e9s de cypr\u00e8s et l\u2019\u00e9l\u00e9gant ch\u00e2teau de Lourmarin s\u2019entrelacent comme les pages d\u2019un carnet de voyage, tandis que des flamants roses ajoutent une touche l\u00e9g\u00e8re et inattendue, comme un clin d\u2019\u0153il \u00e0 la Camargue. La s\u00e9rigraphie en or 24 carats, appliqu\u00e9e \u00e0 la main, donne au verre un \u00e9clat pr\u00e9cieux et un caract\u00e8re r\u00e9solument d\u00e9coratif.<\/p>\n<p data-start=\"1669\" data-end=\"2047\">La fragrance appartient \u00e0 l\u2019univers aromatique. Elle s\u2019ouvre sur la fra\u00eecheur l\u00e9g\u00e8rement anis\u00e9e du fenouil, \u00e9voquant les herbes du Sud et les march\u00e9s ensoleill\u00e9s. Le lavandin rappelle les champs de lavande balay\u00e9s par le vent, puis l\u2019ambre enveloppe l\u2019ensemble d\u2019une chaleur douce, comme une soir\u00e9e d\u2019\u00e9t\u00e9 en Provence. Une composition raffin\u00e9e qui habille l\u2019espace avec \u00e9l\u00e9gance.<\/p>\n<p data-start=\"2049\" data-end=\"2187\">Cette bougie conjugue pr\u00e9sence d\u00e9corative et signature olfactive, pour cr\u00e9er une atmosph\u00e8re chaleureuse et sophistiqu\u00e9e.<\/p>\n<p data-start=\"2779\" data-end=\"2813\"><span style=\"font-size: 21px;\">Tailles disponibles en magasin (en cm)<\/span><\/p>\n<div class=\"icon_box_jmn\">\n<p><div class=\"column one-fourth mobile-one\"><div class=\"mcb-column-inner\"><div class=\"icon_box icon_position_top has_border\"><div class=\"icon_wrapper\"><div class=\"icon\"><i class=\"icon-bitbucket\" aria-hidden=\"true\"><\/i><\/div><\/div><div class=\"desc_wrapper\"><h4 class=\"title \">Max 10<\/h4><div class=\"desc\">117\u20ac<\/div><\/div><\/div>\n<\/div><\/div>\n<div class=\"column one-fourth mobile-one\"><div class=\"mcb-column-inner\"><div class=\"icon_box icon_position_top has_border\"><div class=\"icon_wrapper\"><div class=\"icon\"><i class=\"icon-bitbucket\" aria-hidden=\"true\"><\/i><\/div><\/div><div class=\"desc_wrapper\"><h4 class=\"title \">Max 16<\/h4><div class=\"desc\">168\u20ac<\/div><\/div><\/div>\n<\/div><\/div>\n<div class=\"column one-fourth mobile-one\"><div class=\"mcb-column-inner\"><div class=\"icon_box icon_position_top has_border\"><div class=\"icon_wrapper\"><div class=\"icon\"><i class=\"icon-bitbucket\" aria-hidden=\"true\"><\/i><\/div><\/div><div class=\"desc_wrapper\"><h4 class=\"title \">Max 24<\/h4><div class=\"desc\">330\u20ac<\/div><\/div><\/div>\n<\/div><\/div>\n<div class=\"column one-fourth mobile-one\"><div class=\"mcb-column-inner\"><div class=\"icon_box icon_position_top has_border\"><div class=\"icon_wrapper\"><div class=\"icon\"><i class=\"icon-bitbucket\" aria-hidden=\"true\"><\/i><\/div><\/div><div class=\"desc_wrapper\"><h4 class=\"title \">Maxi Max<\/h4><div class=\"desc\">non<\/div><\/div><\/div>\n<\/div><\/div>\n<\/p>\n<\/div>\n<div class=\"icon_box_jmn\">\n<p><div class=\"alert alert_error\"><div class=\"alert_icon\"><svg viewBox=\"0 0 28 28\"><defs><style>.path{fill:none;stroke:#000;stroke-miterlimit:10;stroke-width:1.5px;}<\/style><\/defs><g><circle cx=\"14\" cy=\"20\" r=\"0.33\" class=\"path\"\/><line x1=\"14\" y1=\"8.72\" x2=\"14\" y2=\"16.72\" class=\"path\"\/><path d=\"M12.6,3.42,1.54,22.58A1.61,1.61,0,0,0,2.93,25H25.07a1.61,1.61,0,0,0,1.39-2.42L15.4,3.42A1.61,1.61,0,0,0,12.6,3.42Z\" class=\"path\"\/><\/g><\/svg><\/div><div class=\"alert_wrapper\">Le montant affich\u00e9 peut \u00eatre modifi\u00e9 par le fournisseur sans que nous en soyons inform\u00e9s. Une diff\u00e9rence entre le prix affich\u00e9 ici et en magasin reste possible.<\/div><a href=\"#\" class=\"close mfn-close-icon\"><span class=\"icon\">\u2715<\/span><\/a><\/div>\n<div class=\"alert alert_info\"><div class=\"alert_icon\"><svg viewBox=\"0 0 28 28\"><defs><style>.path{fill:none;stroke:#000;stroke-miterlimit:10;stroke-width:1.5px;}<\/style><\/defs><g><circle class=\"path\" cx=\"14\" cy=\"14\" r=\"12\"\/><path class=\"path\" d=\"M11.2,9.12a3.4,3.4,0,0,1,3-1.69,2.84,2.84,0,0,1,3,2.76,3.16,3.16,0,0,1-.84,2.23c-.63.74-1.58,1.18-2.19,1.88a1,1,0,0,0-.26.64v2.32\"\/><circle class=\"path\" cx=\"14\" cy=\"20\" r=\"0.33\"\/><\/g><\/svg><\/div><div class=\"alert_wrapper\">Faites vos demandes particuli\u00e8res ou passez votre commande via ce formulaire <\/div><a href=\"#\" class=\"close mfn-close-icon\"><span class=\"icon\">\u2715<\/span><\/a><\/div>\n <a class=\"button  button_size_3\" href=\"https:\/\/tempsetor.be\/galerie\/ma-commande\/\"     target=\"_blank\"    title=\"\"><span class=\"button_label\">&gt; Formulaire<\/span><\/a>\n<\/p>\n<\/div>\n","protected":false},"featured_media":8880,"template":"","meta":{"_monsterinsights_skip_tracking":false,"_monsterinsights_sitenote_active":false,"_monsterinsights_sitenote_note":"","_monsterinsights_sitenote_category":0},"product_brand":[],"product_cat":[1070,903,1005],"product_tag":[],"class_list":{"0":"post-8878","1":"product","2":"type-product","3":"status-publish","4":"has-post-thumbnail","6":"product_cat-accessoirelifestyle","7":"product_cat-baobab","8":"product_cat-baobab-bougies","10":"first","11":"instock","12":"shipping-taxable","13":"purchasable","14":"product-type-simple"},"_links":{"self":[{"href":"https:\/\/tempsetor.be\/galerie\/wp-json\/wp\/v2\/product\/8878","targetHints":{"allow":["GET"]}}],"collection":[{"href":"https:\/\/tempsetor.be\/galerie\/wp-json\/wp\/v2\/product"}],"about":[{"href":"https:\/\/tempsetor.be\/galerie\/wp-json\/wp\/v2\/types\/product"}],"wp:featuredmedia":[{"embeddable":true,"href":"https:\/\/tempsetor.be\/galerie\/wp-json\/wp\/v2\/media\/8880"}],"wp:attachment":[{"href":"https:\/\/tempsetor.be\/galerie\/wp-json\/wp\/v2\/media?parent=8878"}],"wp:term":[{"taxonomy":"product_brand","embeddable":true,"href":"https:\/\/tempsetor.be\/galerie\/wp-json\/wp\/v2\/product_brand?post=8878"},{"taxonomy":"product_cat","embeddable":true,"href":"https:\/\/tempsetor.be\/galerie\/wp-json\/wp\/v2\/product_cat?post=8878"},{"taxonomy":"product_tag","embeddable":true,"href":"https:\/\/tempsetor.be\/galerie\/wp-json\/wp\/v2\/product_tag?post=8878"}],"curies":[{"name":"wp","href":"https:\/\/api.w.org\/{rel}","templated":true}]}}