{"id":8942,"date":"2026-03-17T21:20:28","date_gmt":"2026-03-17T20:20:28","guid":{"rendered":"https:\/\/tempsetor.be\/galerie\/?post_type=product&#038;p=8942"},"modified":"2026-03-17T21:24:15","modified_gmt":"2026-03-17T20:24:15","slug":"montre-hommes-depancel-allure-mono-eye-mint-green-wa10aadr-mcann1a","status":"publish","type":"product","link":"https:\/\/tempsetor.be\/galerie\/produit\/montre-hommes-depancel-allure-mono-eye-mint-green-wa10aadr-mcann1a\/","title":{"rendered":"Montre hommes &#8211; Depancel &#8211; Allure Mono Eye &#8211; Mint Green &#8211; WA10AADR.MCANN1A"},"content":{"rendered":"<p>La Depancel Allure Chronograph Green WA10AADR.MCANN1A associe un bo\u00eetier en acier 316L de 43 mm, un cadran vert avec trois sous cadrans de chronographe et un verre saphir. Anim\u00e9e par le mouvement Seiko VK64 meca quartz, elle dispose \u00e9galement d\u2019un guichet \u00e0 date et d\u2019une \u00e9tanch\u00e9it\u00e9 de 5 ATM, compl\u00e9t\u00e9e par un bracelet cuir noir.<\/p>\n","protected":false},"excerpt":{"rendered":"<p><img loading=\"lazy\" decoding=\"async\" class=\"size-full wp-image-8903\" src=\"https:\/\/tempsetor.be\/galerie\/wp-content\/uploads\/2026\/03\/Depancel_Montre_francaise_automa.png\" alt=\"Depancel logo\" width=\"260\" height=\"74\" srcset=\"https:\/\/tempsetor.be\/galerie\/wp-content\/uploads\/2026\/03\/Depancel_Montre_francaise_automa.png 260w, https:\/\/tempsetor.be\/galerie\/wp-content\/uploads\/2026\/03\/Depancel_Montre_francaise_automa-150x43.png 150w\" sizes=\"auto, (max-width:767px) 260px, 260px\" \/><\/p>\n<div class=\"text-base my-auto mx-auto [--thread-content-margin:var(--thread-content-margin-xs,calc(var(--spacing)*4))] @w-sm\/main:[--thread-content-margin:var(--thread-content-margin-sm,calc(var(--spacing)*6))] @w-lg\/main:[--thread-content-margin:var(--thread-content-margin-lg,calc(var(--spacing)*16))] px-(--thread-content-margin)\">\n<div class=\"[--thread-content-max-width:40rem] @w-lg\/main:[--thread-content-max-width:48rem] mx-auto max-w-(--thread-content-max-width) flex-1 group\/turn-messages focus-visible:outline-hidden relative flex w-full min-w-0 flex-col agent-turn\" tabindex=\"-1\">\n<div class=\"flex max-w-full flex-col gap-4 grow\">\n<div class=\"min-h-8 text-message relative flex w-full flex-col items-end gap-2 text-start break-words whitespace-normal [.text-message+&amp;]:mt-1\" dir=\"auto\" data-message-author-role=\"assistant\" data-message-id=\"b00f1e4c-e648-4f7f-a7ef-b420de3e5f10\" data-message-model-slug=\"gpt-5-4-thinking\">\n<div class=\"flex w-full flex-col gap-1 empty:hidden\">\n<div class=\"markdown prose dark:prose-invert w-full wrap-break-word light markdown-new-styling\">\n<p data-start=\"1604\" data-end=\"2019\">La Depancel Allure Chronograph Green WA10AADR.MCANN1A appartient \u00e0 la collection Allure et se distingue par un bo\u00eetier en acier inoxydable 316L de 43 mm avec une entrecorne de 22 mm. Son cadran vert est prot\u00e9g\u00e9 par un verre saphir et pr\u00e9sente trois sous cadrans d\u00e9di\u00e9s \u00e0 la fonction chronographe. Les aiguilles et index sont dot\u00e9s d\u2019un rev\u00eatement luminescent Super-LumiNova permettant une lecture claire de l\u2019heure.<\/p>\n<p data-start=\"2021\" data-end=\"2238\">Cette montre est anim\u00e9e par un mouvement Seiko VK64 meca quartz. Elle affiche les heures, les minutes, les petites secondes ainsi que la fonction chronographe et un guichet \u00e0 date. Son \u00e9tanch\u00e9it\u00e9 est annonc\u00e9e \u00e0 5 ATM.<\/p>\n<p data-start=\"2240\" data-end=\"2391\">Elle est \u00e9quip\u00e9e d\u2019un bracelet cuir noir avec boucle ardillon qui renforce l\u2019esth\u00e9tique sportive et automobile caract\u00e9ristique de la collection Allure.<\/p>\n<\/div>\n<\/div>\n<\/div>\n<\/div>\n<div class=\"z-0 flex min-h-[46px] justify-start\"><div class=\"alert alert_error\"><div class=\"alert_icon\"><svg viewBox=\"0 0 28 28\"><defs><style>.path{fill:none;stroke:#000;stroke-miterlimit:10;stroke-width:1.5px;}<\/style><\/defs><g><circle cx=\"14\" cy=\"20\" r=\"0.33\" class=\"path\"\/><line x1=\"14\" y1=\"8.72\" x2=\"14\" y2=\"16.72\" class=\"path\"\/><path d=\"M12.6,3.42,1.54,22.58A1.61,1.61,0,0,0,2.93,25H25.07a1.61,1.61,0,0,0,1.39-2.42L15.4,3.42A1.61,1.61,0,0,0,12.6,3.42Z\" class=\"path\"\/><\/g><\/svg><\/div><div class=\"alert_wrapper\">Le montant affich\u00e9 peut \u00eatre modifi\u00e9 par le fournisseur sans que nous en soyons inform\u00e9s. Une diff\u00e9rence entre le prix affich\u00e9 ici et en magasin reste possible.<\/div><a href=\"#\" class=\"close mfn-close-icon\"><span class=\"icon\">\u2715<\/span><\/a><\/div>\n<div class=\"alert alert_info\"><div class=\"alert_icon\"><svg viewBox=\"0 0 28 28\"><defs><style>.path{fill:none;stroke:#000;stroke-miterlimit:10;stroke-width:1.5px;}<\/style><\/defs><g><circle class=\"path\" cx=\"14\" cy=\"14\" r=\"12\"\/><path class=\"path\" d=\"M11.2,9.12a3.4,3.4,0,0,1,3-1.69,2.84,2.84,0,0,1,3,2.76,3.16,3.16,0,0,1-.84,2.23c-.63.74-1.58,1.18-2.19,1.88a1,1,0,0,0-.26.64v2.32\"\/><circle class=\"path\" cx=\"14\" cy=\"20\" r=\"0.33\"\/><\/g><\/svg><\/div><div class=\"alert_wrapper\">Faites vos demandes particuli\u00e8res ou passez votre commande via ce formulaire <\/div><a href=\"#\" class=\"close mfn-close-icon\"><span class=\"icon\">\u2715<\/span><\/a><\/div>\n <a class=\"button  button_size_3\" href=\"https:\/\/tempsetor.be\/galerie\/ma-commande\/\"     target=\"_blank\"    title=\"\"><span class=\"button_label\">&gt; Formulaire<\/span><\/a>\n<\/div>\n<\/div>\n<\/div>\n","protected":false},"featured_media":8943,"template":"","meta":{"_monsterinsights_skip_tracking":false,"_monsterinsights_sitenote_active":false,"_monsterinsights_sitenote_note":"","_monsterinsights_sitenote_category":0},"product_brand":[],"product_cat":[2710,40,39],"product_tag":[],"class_list":{"0":"post-8942","1":"product","2":"type-product","3":"status-publish","4":"has-post-thumbnail","6":"product_cat-depancel-hommes","7":"product_cat-montres-hommes","8":"product_cat-hommes","10":"first","11":"instock","12":"shipping-taxable","13":"purchasable","14":"product-type-simple"},"_links":{"self":[{"href":"https:\/\/tempsetor.be\/galerie\/wp-json\/wp\/v2\/product\/8942","targetHints":{"allow":["GET"]}}],"collection":[{"href":"https:\/\/tempsetor.be\/galerie\/wp-json\/wp\/v2\/product"}],"about":[{"href":"https:\/\/tempsetor.be\/galerie\/wp-json\/wp\/v2\/types\/product"}],"wp:featuredmedia":[{"embeddable":true,"href":"https:\/\/tempsetor.be\/galerie\/wp-json\/wp\/v2\/media\/8943"}],"wp:attachment":[{"href":"https:\/\/tempsetor.be\/galerie\/wp-json\/wp\/v2\/media?parent=8942"}],"wp:term":[{"taxonomy":"product_brand","embeddable":true,"href":"https:\/\/tempsetor.be\/galerie\/wp-json\/wp\/v2\/product_brand?post=8942"},{"taxonomy":"product_cat","embeddable":true,"href":"https:\/\/tempsetor.be\/galerie\/wp-json\/wp\/v2\/product_cat?post=8942"},{"taxonomy":"product_tag","embeddable":true,"href":"https:\/\/tempsetor.be\/galerie\/wp-json\/wp\/v2\/product_tag?post=8942"}],"curies":[{"name":"wp","href":"https:\/\/api.w.org\/{rel}","templated":true}]}}