{"id":8950,"date":"2026-03-18T15:24:46","date_gmt":"2026-03-18T14:24:46","guid":{"rendered":"https:\/\/tempsetor.be\/galerie\/?post_type=product&#038;p=8950"},"modified":"2026-03-18T15:33:58","modified_gmt":"2026-03-18T14:33:58","slug":"montre-hommes-citizen-tsuyosa-coral-red-nj0234-58x","status":"publish","type":"product","link":"https:\/\/tempsetor.be\/galerie\/produit\/montre-hommes-citizen-tsuyosa-coral-red-nj0234-58x\/","title":{"rendered":"Montre hommes &#8211; Citizen &#8211; TSUYOSA &#8211; Coral Red &#8211; NJ0234-58X"},"content":{"rendered":"<p>La Citizen TSUYOSA Shore NJ0234-58X adopte un style sport chic affirm\u00e9 avec son cadran rouge, son bo\u00eetier en acier inoxydable bicolore et son mouvement m\u00e9canique Citizen 8210-CB0. Prot\u00e9g\u00e9e par un verre saphir avec traitement anti reflets, cette montre de 40 mm offre 42 heures de r\u00e9serve de marche et une \u00e9tanch\u00e9it\u00e9 de 10 ATM.<\/p>\n","protected":false},"excerpt":{"rendered":"<p><img loading=\"lazy\" decoding=\"async\" class=\"alignleft wp-image-8633\" src=\"https:\/\/tempsetor.be\/galerie\/wp-content\/uploads\/2025\/11\/citizen-logo-300x63.png\" alt=\"logo Citizen\" width=\"151\" height=\"32\" srcset=\"https:\/\/tempsetor.be\/galerie\/wp-content\/uploads\/2025\/11\/citizen-logo-300x63.png 300w, https:\/\/tempsetor.be\/galerie\/wp-content\/uploads\/2025\/11\/citizen-logo-150x32.png 150w, https:\/\/tempsetor.be\/galerie\/wp-content\/uploads\/2025\/11\/citizen-logo-480x101.png 480w, https:\/\/tempsetor.be\/galerie\/wp-content\/uploads\/2025\/11\/citizen-logo.png 568w\" sizes=\"auto, (max-width:767px) 151px, 151px\" \/><\/p>\n<p data-start=\"3012\" data-end=\"3309\">La Citizen TSUYOSA Shore NJ0234-58X affirme une personnalit\u00e9 visuelle forte avec son cadran rouge associ\u00e9 \u00e0 un bo\u00eetier en acier inoxydable bicolore. Son diam\u00e8tre de 40 mm et son \u00e9paisseur de 12,5 mm lui donnent une pr\u00e9sence \u00e9quilibr\u00e9e au poignet, entre allure urbaine et inspiration plus sportive.<\/p>\n<p data-start=\"3311\" data-end=\"3662\">Cette montre est anim\u00e9e par le mouvement m\u00e9canique Citizen calibre 8210-CB0, avec une r\u00e9serve de marche de 42 heures. Le verre saphir avec traitement anti reflets prot\u00e8ge efficacement le cadran tout en am\u00e9liorant la lisibilit\u00e9. Le fond transparent permet d\u2019observer le mouvement, tandis que le fond viss\u00e9 participe \u00e0 la conception technique du mod\u00e8le.<\/p>\n<p data-start=\"3664\" data-end=\"3963\">Le bracelet en acier inoxydable argent\u00e9 et dor\u00e9 prolonge l\u2019esth\u00e9tique bicolore de la montre et se compl\u00e8te d\u2019une boucle d\u00e9ployante de s\u00e9curit\u00e9. Avec sa lunette rotative et son \u00e9tanch\u00e9it\u00e9 de 10 ATM, la Citizen TSUYOSA Shore NJ0234-58X se distingue par une ex\u00e9cution contemporaine, robuste et soign\u00e9e.<\/p>\n<p><div class=\"alert alert_error\"><div class=\"alert_icon\"><svg viewBox=\"0 0 28 28\"><defs><style>.path{fill:none;stroke:#000;stroke-miterlimit:10;stroke-width:1.5px;}<\/style><\/defs><g><circle cx=\"14\" cy=\"20\" r=\"0.33\" class=\"path\"\/><line x1=\"14\" y1=\"8.72\" x2=\"14\" y2=\"16.72\" class=\"path\"\/><path d=\"M12.6,3.42,1.54,22.58A1.61,1.61,0,0,0,2.93,25H25.07a1.61,1.61,0,0,0,1.39-2.42L15.4,3.42A1.61,1.61,0,0,0,12.6,3.42Z\" class=\"path\"\/><\/g><\/svg><\/div><div class=\"alert_wrapper\">Le montant affich\u00e9 peut \u00eatre modifi\u00e9 par le fournisseur sans que nous en soyons inform\u00e9s. Une diff\u00e9rence entre le prix affich\u00e9 ici et en magasin reste possible.<\/div><a href=\"#\" class=\"close mfn-close-icon\"><span class=\"icon\">\u2715<\/span><\/a><\/div>\n<div class=\"alert alert_info\"><div class=\"alert_icon\"><svg viewBox=\"0 0 28 28\"><defs><style>.path{fill:none;stroke:#000;stroke-miterlimit:10;stroke-width:1.5px;}<\/style><\/defs><g><circle class=\"path\" cx=\"14\" cy=\"14\" r=\"12\"\/><path class=\"path\" d=\"M11.2,9.12a3.4,3.4,0,0,1,3-1.69,2.84,2.84,0,0,1,3,2.76,3.16,3.16,0,0,1-.84,2.23c-.63.74-1.58,1.18-2.19,1.88a1,1,0,0,0-.26.64v2.32\"\/><circle class=\"path\" cx=\"14\" cy=\"20\" r=\"0.33\"\/><\/g><\/svg><\/div><div class=\"alert_wrapper\">Faites vos demandes particuli\u00e8res ou passez votre commande via ce formulaire <\/div><a href=\"#\" class=\"close mfn-close-icon\"><span class=\"icon\">\u2715<\/span><\/a><\/div>\n <a class=\"button  button_size_3\" href=\"https:\/\/tempsetor.be\/galerie\/ma-commande\/\"     target=\"_blank\"    title=\"\"><span class=\"button_label\">&gt; Formulaire<\/span><\/a>\n<\/p>\n","protected":false},"featured_media":8951,"template":"","meta":{"_monsterinsights_skip_tracking":false,"_monsterinsights_sitenote_active":false,"_monsterinsights_sitenote_note":"","_monsterinsights_sitenote_category":0},"product_brand":[],"product_cat":[2616,40,39],"product_tag":[],"class_list":{"0":"post-8950","1":"product","2":"type-product","3":"status-publish","4":"has-post-thumbnail","6":"product_cat-citizen-hommes","7":"product_cat-montres-hommes","8":"product_cat-hommes","10":"first","11":"instock","12":"shipping-taxable","13":"purchasable","14":"product-type-simple"},"_links":{"self":[{"href":"https:\/\/tempsetor.be\/galerie\/wp-json\/wp\/v2\/product\/8950","targetHints":{"allow":["GET"]}}],"collection":[{"href":"https:\/\/tempsetor.be\/galerie\/wp-json\/wp\/v2\/product"}],"about":[{"href":"https:\/\/tempsetor.be\/galerie\/wp-json\/wp\/v2\/types\/product"}],"wp:featuredmedia":[{"embeddable":true,"href":"https:\/\/tempsetor.be\/galerie\/wp-json\/wp\/v2\/media\/8951"}],"wp:attachment":[{"href":"https:\/\/tempsetor.be\/galerie\/wp-json\/wp\/v2\/media?parent=8950"}],"wp:term":[{"taxonomy":"product_brand","embeddable":true,"href":"https:\/\/tempsetor.be\/galerie\/wp-json\/wp\/v2\/product_brand?post=8950"},{"taxonomy":"product_cat","embeddable":true,"href":"https:\/\/tempsetor.be\/galerie\/wp-json\/wp\/v2\/product_cat?post=8950"},{"taxonomy":"product_tag","embeddable":true,"href":"https:\/\/tempsetor.be\/galerie\/wp-json\/wp\/v2\/product_tag?post=8950"}],"curies":[{"name":"wp","href":"https:\/\/api.w.org\/{rel}","templated":true}]}}